{"id":1005,"date":"2025-08-28T17:55:00","date_gmt":"2025-08-28T17:55:00","guid":{"rendered":"https:\/\/www.fsyougel.com\/"},"modified":"2025-08-28T17:55:06","modified_gmt":"2025-08-28T17:55:06","slug":"wholesale-cuticle-oil-15ml","status":"publish","type":"product","link":"https:\/\/www.fsyougel.com\/de\/produkt\/wholesale-cuticle-oil-15ml\/","title":{"rendered":"Gro\u00dfhandel Nagelhaut \u00d6l 15ml Bio-Nagelpflege Ern\u00e4hrung \u00d6l Lieferant"},"content":{"rendered":"<div class=\"wp-block-columns is-layout-flex wp-container-core-columns-is-layout-9d6595d7 wp-block-columns-is-layout-flex\">\n<div class=\"wp-block-column is-layout-flow wp-block-column-is-layout-flow\">\n<h2 class=\"wp-block-heading\">Gro\u00dfhandel Nagelhaut\u00f6l Eigenschaften:<\/h2>\n\n\n\n<ul class=\"wp-block-list\">\n<li><strong>Nat\u00fcrliche n\u00e4hrende Inhaltsstoffe<\/strong>: Formuliert mit Bio-Pflanzenextrakten, es tief befeuchtet die Nagelhaut Schicht, F\u00f6rderung gesunder, gl\u00e4nzender N\u00e4gel. Gro\u00dfhandel Nagelhaut\u00f6l ist ideal f\u00fcr professionelle Nagelstudios und die t\u00e4gliche Pflege.<\/li>\n\n\n\n<li><strong>Reparatur und Schutz<\/strong>: Das Nagelpflege\u00f6l der Eigenmarke enth\u00e4lt mehrere n\u00e4hrende Inhaltsstoffe, die trockene, rissige Nagelhaut wirksam reparieren, Sch\u00e4den an der Nageloberfl\u00e4che verhindern und f\u00fcr gepflegte, sch\u00f6ne H\u00e4nde sorgen.<\/li>\n\n\n\n<li><strong>Unterst\u00fctzung bei der Anpassung:<\/strong> Wir bieten OEM\/ODM-Dienstleistungen f\u00fcr den Gro\u00dfhandel mit Nagelhaut\u00f6l an, die eine individuelle Anpassung von Flaschendesign, Volumen, Duft und Logo erm\u00f6glichen, um Marken eine einzigartige Identit\u00e4t zu verleihen.<\/li>\n\n\n\n<li><strong>Sicher und zuverl\u00e4ssig<\/strong>: Unser durch mehrere Qualit\u00e4tsstandards zertifiziertes Eigenmarken-Nagelpflege\u00f6l ist frei von sch\u00e4dlichen Inhaltsstoffen, sanft und sicher f\u00fcr den langfristigen Gebrauch.<\/li>\n\n\n\n<li><strong>Globale Lieferf\u00e4higkeit:<\/strong> Starke Lieferkapazit\u00e4ten f\u00fcr gro\u00dfe Mengen mit schneller Lieferunterst\u00fctzung zur Deckung des Gro\u00dfhandelsbedarfs auf verschiedenen M\u00e4rkten.<\/li>\n<\/ul>\n<\/div>\n\n\n\n<div class=\"wp-block-column is-layout-flow wp-block-column-is-layout-flow\">\n<figure class=\"wp-block-image size-full\"><img decoding=\"async\" width=\"1500\" height=\"1500\" src=\"https:\/\/www.fsyougel.com\/wp-content\/uploads\/2025\/08\/Wholesale-Cuticle-Oil-15ml-Organic-Nail-Care.webp\" alt=\"Gro\u00dfhandel Nagelhaut\u00f6l 15ml Bio-Nagelpflege\" class=\"wp-image-1007\" srcset=\"https:\/\/www.fsyougel.com\/wp-content\/uploads\/2025\/08\/Wholesale-Cuticle-Oil-15ml-Organic-Nail-Care.webp 1500w, https:\/\/www.fsyougel.com\/wp-content\/uploads\/2025\/08\/Wholesale-Cuticle-Oil-15ml-Organic-Nail-Care-300x300.webp 300w, https:\/\/www.fsyougel.com\/wp-content\/uploads\/2025\/08\/Wholesale-Cuticle-Oil-15ml-Organic-Nail-Care-150x150.webp 150w, https:\/\/www.fsyougel.com\/wp-content\/uploads\/2025\/08\/Wholesale-Cuticle-Oil-15ml-Organic-Nail-Care-768x768.webp 768w, https:\/\/www.fsyougel.com\/wp-content\/uploads\/2025\/08\/Wholesale-Cuticle-Oil-15ml-Organic-Nail-Care-12x12.webp 12w, https:\/\/www.fsyougel.com\/wp-content\/uploads\/2025\/08\/Wholesale-Cuticle-Oil-15ml-Organic-Nail-Care-1200x1200.webp 1200w, https:\/\/www.fsyougel.com\/wp-content\/uploads\/2025\/08\/Wholesale-Cuticle-Oil-15ml-Organic-Nail-Care-600x600.webp 600w, https:\/\/www.fsyougel.com\/wp-content\/uploads\/2025\/08\/Wholesale-Cuticle-Oil-15ml-Organic-Nail-Care-100x100.webp 100w\" sizes=\"(max-width: 1500px) 100vw, 1500px\" \/><\/figure>\n<\/div>\n<\/div>\n\n\n\n<div class=\"wp-block-columns is-layout-flex wp-container-core-columns-is-layout-9d6595d7 wp-block-columns-is-layout-flex\">\n<div class=\"wp-block-column is-layout-flow wp-block-column-is-layout-flow\">\n<figure class=\"wp-block-image size-full\"><img decoding=\"async\" width=\"1500\" height=\"1500\" src=\"https:\/\/www.fsyougel.com\/wp-content\/uploads\/2025\/08\/Wholesale-Cuticle-Oil-15ml-Organic-Nail-Care-2.webp\" alt=\"Gro\u00dfhandel Nagelhaut\u00f6l 15ml Bio-Nagelpflege (2)\" class=\"wp-image-1006\" srcset=\"https:\/\/www.fsyougel.com\/wp-content\/uploads\/2025\/08\/Wholesale-Cuticle-Oil-15ml-Organic-Nail-Care-2.webp 1500w, https:\/\/www.fsyougel.com\/wp-content\/uploads\/2025\/08\/Wholesale-Cuticle-Oil-15ml-Organic-Nail-Care-2-300x300.webp 300w, https:\/\/www.fsyougel.com\/wp-content\/uploads\/2025\/08\/Wholesale-Cuticle-Oil-15ml-Organic-Nail-Care-2-150x150.webp 150w, https:\/\/www.fsyougel.com\/wp-content\/uploads\/2025\/08\/Wholesale-Cuticle-Oil-15ml-Organic-Nail-Care-2-768x768.webp 768w, https:\/\/www.fsyougel.com\/wp-content\/uploads\/2025\/08\/Wholesale-Cuticle-Oil-15ml-Organic-Nail-Care-2-12x12.webp 12w, https:\/\/www.fsyougel.com\/wp-content\/uploads\/2025\/08\/Wholesale-Cuticle-Oil-15ml-Organic-Nail-Care-2-1200x1200.webp 1200w, https:\/\/www.fsyougel.com\/wp-content\/uploads\/2025\/08\/Wholesale-Cuticle-Oil-15ml-Organic-Nail-Care-2-600x600.webp 600w, https:\/\/www.fsyougel.com\/wp-content\/uploads\/2025\/08\/Wholesale-Cuticle-Oil-15ml-Organic-Nail-Care-2-100x100.webp 100w\" sizes=\"(max-width: 1500px) 100vw, 1500px\" \/><\/figure>\n<\/div>\n\n\n\n<div class=\"wp-block-column is-layout-flow wp-block-column-is-layout-flow\">\n<figure class=\"wp-block-image size-full\"><img decoding=\"async\" width=\"1000\" height=\"1000\" src=\"https:\/\/www.fsyougel.com\/wp-content\/uploads\/2025\/08\/Wholesale-Cuticle-Oil.webp\" alt=\"Gro\u00dfhandel Nagelhaut\u00f6l\" class=\"wp-image-1012\" srcset=\"https:\/\/www.fsyougel.com\/wp-content\/uploads\/2025\/08\/Wholesale-Cuticle-Oil.webp 1000w, https:\/\/www.fsyougel.com\/wp-content\/uploads\/2025\/08\/Wholesale-Cuticle-Oil-300x300.webp 300w, https:\/\/www.fsyougel.com\/wp-content\/uploads\/2025\/08\/Wholesale-Cuticle-Oil-150x150.webp 150w, https:\/\/www.fsyougel.com\/wp-content\/uploads\/2025\/08\/Wholesale-Cuticle-Oil-768x768.webp 768w, https:\/\/www.fsyougel.com\/wp-content\/uploads\/2025\/08\/Wholesale-Cuticle-Oil-12x12.webp 12w, https:\/\/www.fsyougel.com\/wp-content\/uploads\/2025\/08\/Wholesale-Cuticle-Oil-600x600.webp 600w, https:\/\/www.fsyougel.com\/wp-content\/uploads\/2025\/08\/Wholesale-Cuticle-Oil-100x100.webp 100w\" sizes=\"(max-width: 1000px) 100vw, 1000px\" \/><\/figure>\n<\/div>\n<\/div>","protected":false},"excerpt":{"rendered":"<p>Willkommen zum Kauf, unser Gro\u00dfhandel Nagelhaut\u00f6l n\u00e4hrt und sch\u00fctzt die N\u00e4gel mit nat\u00fcrlichen Extrakten. Private Label Nagelpflege Ern\u00e4hrung \u00d6l f\u00fcr OEM \/ ODM zur Verf\u00fcgung. Unterst\u00fctzen Sie kostenlose Proben, kundenspezifische Verpackung und globale Versorgung f\u00fcr Ihre Marke.<\/p>\n<table border=\"0\" width=\"854\" cellspacing=\"0\" cellpadding=\"0\">\n<tbody>\n<tr>\n<td width=\"257\" height=\"44\">Marke<\/td>\n<td width=\"597\">YouGel<\/td>\n<\/tr>\n<tr>\n<td width=\"257\" height=\"44\">Modellnummer<\/td>\n<td width=\"597\">FP01<\/td>\n<\/tr>\n<tr>\n<td width=\"257\" height=\"44\">Produkttyp<\/td>\n<td width=\"597\">Lufttrocken<\/td>\n<\/tr>\n<tr>\n<td width=\"257\" height=\"44\">Material<\/td>\n<td width=\"597\">Vitamin E, Fruchtsamen\u00f6l<\/td>\n<\/tr>\n<tr>\n<td width=\"257\" height=\"44\">Farbe<\/td>\n<td width=\"597\">Klar<\/td>\n<\/tr>\n<tr>\n<td width=\"257\" height=\"44\">Band<\/td>\n<td width=\"597\">15ml\/Kunde<\/td>\n<\/tr>\n<tr>\n<td width=\"257\" height=\"44\">Sicherheit<\/td>\n<td width=\"597\">HEMA-frei, ungiftig, MSDS verf\u00fcgbar<\/td>\n<\/tr>\n<tr>\n<td width=\"257\" height=\"44\">MOQ<\/td>\n<td width=\"597\">Niedriges MOQ<\/td>\n<\/tr>\n<tr>\n<td width=\"257\" height=\"44\">Kostenlose Probe<\/td>\n<td width=\"597\">Verf\u00fcgbar<\/td>\n<\/tr>\n<tr>\n<td width=\"257\" height=\"82\">Kundenspezifische Option<\/td>\n<td width=\"597\">OEM\/ODM-Dienste, kundenspezifische Logos, Etiketten und Verpackungen werden unterst\u00fctzt<\/td>\n<\/tr>\n<\/tbody>\n<\/table>\n<h3 class=\"brxe-heading\">Vom Nagellackhersteller<\/h3>\n<p><a href=\"https:\/\/www.fsyougel.com\/de\/\"><strong>YouGel<\/strong><\/a>\u00a0ist ein Hightech-Nagellackhersteller, der Gro\u00dfhandel, Eigenmarken und OEM\/ODM-Dienstleistungen anbietet. Mehr als 10.000 HEMA-freie, vegane und tierversuchsfreie Farben, die sich leicht auftragen lassen, lange halten und leicht abwischen.<\/p>","protected":false},"featured_media":1011,"comment_status":"closed","ping_status":"closed","template":"","meta":{"_acf_changed":false},"product_brand":[],"product_cat":[26],"product_tag":[],"class_list":{"0":"post-1005","1":"product","2":"type-product","3":"status-publish","4":"has-post-thumbnail","6":"product_cat-wholesale-nail-care-treatment","8":"first","9":"instock","10":"shipping-taxable","11":"product-type-simple"},"acf":[],"_links":{"self":[{"href":"https:\/\/www.fsyougel.com\/de\/wp-json\/wp\/v2\/product\/1005","targetHints":{"allow":["GET"]}}],"collection":[{"href":"https:\/\/www.fsyougel.com\/de\/wp-json\/wp\/v2\/product"}],"about":[{"href":"https:\/\/www.fsyougel.com\/de\/wp-json\/wp\/v2\/types\/product"}],"replies":[{"embeddable":true,"href":"https:\/\/www.fsyougel.com\/de\/wp-json\/wp\/v2\/comments?post=1005"}],"wp:featuredmedia":[{"embeddable":true,"href":"https:\/\/www.fsyougel.com\/de\/wp-json\/wp\/v2\/media\/1011"}],"wp:attachment":[{"href":"https:\/\/www.fsyougel.com\/de\/wp-json\/wp\/v2\/media?parent=1005"}],"wp:term":[{"taxonomy":"product_brand","embeddable":true,"href":"https:\/\/www.fsyougel.com\/de\/wp-json\/wp\/v2\/product_brand?post=1005"},{"taxonomy":"product_cat","embeddable":true,"href":"https:\/\/www.fsyougel.com\/de\/wp-json\/wp\/v2\/product_cat?post=1005"},{"taxonomy":"product_tag","embeddable":true,"href":"https:\/\/www.fsyougel.com\/de\/wp-json\/wp\/v2\/product_tag?post=1005"}],"curies":[{"name":"wp","href":"https:\/\/api.w.org\/{rel}","templated":true}]}}