{"id":1013,"date":"2025-08-29T01:35:47","date_gmt":"2025-08-29T01:35:47","guid":{"rendered":"https:\/\/www.fsyougel.com\/"},"modified":"2025-10-24T09:12:44","modified_gmt":"2025-10-24T09:12:44","slug":"oem-self-leveling-gel-polish-wholesale","status":"publish","type":"product","link":"https:\/\/www.fsyougel.com\/de\/produkt\/oem-self-leveling-gel-polish-wholesale\/","title":{"rendered":"OEM Self Leveling Gel Polish Gro\u00dfhandel, 6 in 1 Builder Gel Base Coat"},"content":{"rendered":"<div class=\"wp-block-columns is-layout-flex wp-container-core-columns-is-layout-9d6595d7 wp-block-columns-is-layout-flex\">\n<div class=\"wp-block-column is-layout-flow wp-block-column-is-layout-flow\">\n<h2 class=\"wp-block-heading\">OEM Selbstnivellierende Gelpolitur Merkmale:<\/h2>\n\n\n\n<ul class=\"wp-block-list\">\n<li><strong>Selbstnivellierende glatte Oberfl\u00e4che<\/strong>: Dieser selbstgl\u00e4ttende Gel-Lack verf\u00fcgt \u00fcber unglaubliche selbstgl\u00e4ttende Eigenschaften, die die Nageloberfl\u00e4che beim Auftragen schnell gl\u00e4tten, um Pinselstriche zu minimieren und ein glattes, gl\u00e4nzendes Finish zu erzielen.<\/li>\n\n\n\n<li><strong>Nat\u00fcrliche Inhaltsstoffe<\/strong>: Mit erstklassigen nat\u00fcrlichen Inhaltsstoffen formuliert, sicher und sanft, besch\u00e4digen sie die Nageloberfl\u00e4che nicht und sorgen f\u00fcr eine ges\u00fcndere Manik\u00fcre.<\/li>\n\n\n\n<li><strong>Geringer Geruch:<\/strong> Die verbesserte Formel reduziert stechende Ger\u00fcche erheblich und macht die Manik\u00fcre angenehmer.<\/li>\n\n\n\n<li><strong>Unsch\u00e4dlich f\u00fcr N\u00e4gel<\/strong>: Die sanfte Formulierung schadet den Naturn\u00e4geln auch bei l\u00e4ngerem Gebrauch nicht und erh\u00e4lt die Gesundheit der N\u00e4gel.<\/li>\n\n\n\n<li><strong>6-in-1-Design<\/strong>: Dieser 6-in-1-Builder-Gel-Basecoat spart Nageltechnikern Zeit und Geld, da er Grundierung, L\u00e4nge, Verst\u00e4rkung, Reparatur, Gl\u00e4ttung und Schutz in einem ist.<\/li>\n\n\n\n<li><strong>Langlebige Haltbarkeit:<\/strong> Die leistungsstarke Formel baut die H\u00e4rte und Flexibilit\u00e4t der Nageloberfl\u00e4che auf, um Br\u00fcchen und Abnutzungserscheinungen langfristig zu widerstehen.<\/li>\n\n\n\n<li><strong>Mehrzwecknutzung<\/strong>: F\u00fcr den Salongebrauch und den pers\u00f6nlichen Gebrauch ist diese selbstnivellierende Gelpolitur f\u00fcr den Gro\u00dfhandel einfach, um professionelle Ergebnisse zu erzielen.<\/li>\n\n\n\n<li><strong>Sicherer und umweltfreundlicher<\/strong>: Mit hochwertigen Inhaltsstoffen, die keine starken Chemikalien enthalten und mit sanften, nagelsicheren Formeln Sicherheit bieten.<\/li>\n\n\n\n<li><strong>Globale Lieferf\u00e4higkeit<\/strong>: Schnelle Lieferung und Massenproduktion werden mit den Anforderungen des Gro\u00dfhandels f\u00fcr mehrere M\u00e4rkte kombiniert, um Marken bei ihrer weltweiten Expansion zu unterst\u00fctzen.<\/li>\n<\/ul>\n<\/div>\n\n\n\n<div class=\"wp-block-column is-layout-flow wp-block-column-is-layout-flow\">\n<figure class=\"wp-block-image size-full\"><img decoding=\"async\" width=\"1500\" height=\"1500\" src=\"https:\/\/www.fsyougel.com\/wp-content\/uploads\/2025\/08\/OEM-Self-Leveling-Gel-Polish-Wholesale.webp\" alt=\"OEM selbstnivellierende Gel-Politur Gro\u00dfhandel\" class=\"wp-image-1017\" srcset=\"https:\/\/www.fsyougel.com\/wp-content\/uploads\/2025\/08\/OEM-Self-Leveling-Gel-Polish-Wholesale.webp 1500w, https:\/\/www.fsyougel.com\/wp-content\/uploads\/2025\/08\/OEM-Self-Leveling-Gel-Polish-Wholesale-300x300.webp 300w, https:\/\/www.fsyougel.com\/wp-content\/uploads\/2025\/08\/OEM-Self-Leveling-Gel-Polish-Wholesale-150x150.webp 150w, https:\/\/www.fsyougel.com\/wp-content\/uploads\/2025\/08\/OEM-Self-Leveling-Gel-Polish-Wholesale-768x768.webp 768w, https:\/\/www.fsyougel.com\/wp-content\/uploads\/2025\/08\/OEM-Self-Leveling-Gel-Polish-Wholesale-12x12.webp 12w, https:\/\/www.fsyougel.com\/wp-content\/uploads\/2025\/08\/OEM-Self-Leveling-Gel-Polish-Wholesale-1200x1200.webp 1200w, https:\/\/www.fsyougel.com\/wp-content\/uploads\/2025\/08\/OEM-Self-Leveling-Gel-Polish-Wholesale-600x600.webp 600w, https:\/\/www.fsyougel.com\/wp-content\/uploads\/2025\/08\/OEM-Self-Leveling-Gel-Polish-Wholesale-100x100.webp 100w\" sizes=\"(max-width: 1500px) 100vw, 1500px\" \/><\/figure>\n<\/div>\n<\/div>\n\n\n\n<div class=\"wp-block-columns is-layout-flex wp-container-core-columns-is-layout-9d6595d7 wp-block-columns-is-layout-flex\">\n<div class=\"wp-block-column is-layout-flow wp-block-column-is-layout-flow\">\n<figure class=\"wp-block-image size-full\"><img decoding=\"async\" width=\"3125\" height=\"3125\" src=\"https:\/\/www.fsyougel.com\/wp-content\/uploads\/2025\/08\/Custom-Self-Leveling-Gel-Polish-6-in-1-Builder-Gel-Base-Coat-2.webp\" alt=\"Custom Self Leveling Gel Polish 6 in 1 Builder Gel Base Coat (2)\" class=\"wp-image-1014\" srcset=\"https:\/\/www.fsyougel.com\/wp-content\/uploads\/2025\/08\/Custom-Self-Leveling-Gel-Polish-6-in-1-Builder-Gel-Base-Coat-2.webp 3125w, https:\/\/www.fsyougel.com\/wp-content\/uploads\/2025\/08\/Custom-Self-Leveling-Gel-Polish-6-in-1-Builder-Gel-Base-Coat-2-300x300.webp 300w, https:\/\/www.fsyougel.com\/wp-content\/uploads\/2025\/08\/Custom-Self-Leveling-Gel-Polish-6-in-1-Builder-Gel-Base-Coat-2-150x150.webp 150w, https:\/\/www.fsyougel.com\/wp-content\/uploads\/2025\/08\/Custom-Self-Leveling-Gel-Polish-6-in-1-Builder-Gel-Base-Coat-2-768x768.webp 768w, https:\/\/www.fsyougel.com\/wp-content\/uploads\/2025\/08\/Custom-Self-Leveling-Gel-Polish-6-in-1-Builder-Gel-Base-Coat-2-12x12.webp 12w, https:\/\/www.fsyougel.com\/wp-content\/uploads\/2025\/08\/Custom-Self-Leveling-Gel-Polish-6-in-1-Builder-Gel-Base-Coat-2-1200x1200.webp 1200w, https:\/\/www.fsyougel.com\/wp-content\/uploads\/2025\/08\/Custom-Self-Leveling-Gel-Polish-6-in-1-Builder-Gel-Base-Coat-2-600x600.webp 600w, https:\/\/www.fsyougel.com\/wp-content\/uploads\/2025\/08\/Custom-Self-Leveling-Gel-Polish-6-in-1-Builder-Gel-Base-Coat-2-100x100.webp 100w\" sizes=\"(max-width: 3125px) 100vw, 3125px\" \/><\/figure>\n<\/div>\n\n\n\n<div class=\"wp-block-column is-layout-flow wp-block-column-is-layout-flow\">\n<figure class=\"wp-block-image size-full\"><img decoding=\"async\" width=\"3125\" height=\"3125\" src=\"https:\/\/www.fsyougel.com\/wp-content\/uploads\/2025\/08\/Custom-Self-Leveling-Gel-Polish.webp\" alt=\"Selbstgl\u00e4ttende Gel-Politur nach Ma\u00df\" class=\"wp-image-1015\" srcset=\"https:\/\/www.fsyougel.com\/wp-content\/uploads\/2025\/08\/Custom-Self-Leveling-Gel-Polish.webp 3125w, https:\/\/www.fsyougel.com\/wp-content\/uploads\/2025\/08\/Custom-Self-Leveling-Gel-Polish-300x300.webp 300w, https:\/\/www.fsyougel.com\/wp-content\/uploads\/2025\/08\/Custom-Self-Leveling-Gel-Polish-150x150.webp 150w, https:\/\/www.fsyougel.com\/wp-content\/uploads\/2025\/08\/Custom-Self-Leveling-Gel-Polish-768x768.webp 768w, https:\/\/www.fsyougel.com\/wp-content\/uploads\/2025\/08\/Custom-Self-Leveling-Gel-Polish-12x12.webp 12w, https:\/\/www.fsyougel.com\/wp-content\/uploads\/2025\/08\/Custom-Self-Leveling-Gel-Polish-1200x1200.webp 1200w, https:\/\/www.fsyougel.com\/wp-content\/uploads\/2025\/08\/Custom-Self-Leveling-Gel-Polish-600x600.webp 600w, https:\/\/www.fsyougel.com\/wp-content\/uploads\/2025\/08\/Custom-Self-Leveling-Gel-Polish-100x100.webp 100w\" sizes=\"(max-width: 3125px) 100vw, 3125px\" \/><\/figure>\n<\/div>\n<\/div>","protected":false},"excerpt":{"rendered":"<p data-start=\"339\" data-end=\"623\">Willkommen zum Kauf, OEM Gro\u00dfhandel selbst Nivellierung Gelpolitur mit 6 in 1 Builder Gel Grundierung, nat\u00fcrliche Inhaltsstoffe, geringer Geruch und harmlos Nagelpflege. Perfekt f\u00fcr Salons und private Marken, Gro\u00dfhandel selbst Nivellierung Gelpolitur sorgt f\u00fcr glatte Nivellierung, Haltbarkeit und sichere Anwendung.<\/p>\n<table border=\"0\" width=\"854\" cellspacing=\"0\" cellpadding=\"0\">\n<tbody>\n<tr>\n<td width=\"257\" height=\"44\">Marke<\/td>\n<td width=\"597\">YouGel<\/td>\n<\/tr>\n<tr>\n<td width=\"257\" height=\"44\">Modellnummer<\/td>\n<td width=\"597\">LP01<\/td>\n<\/tr>\n<tr>\n<td width=\"257\" height=\"44\">Produkttyp<\/td>\n<td width=\"597\">UV\/LED-Gel-Politur zum Einweichen<\/td>\n<\/tr>\n<tr>\n<td width=\"257\" height=\"44\">Material<\/td>\n<td width=\"597\">Harz<\/td>\n<\/tr>\n<tr>\n<td width=\"257\" height=\"44\">Farbe<\/td>\n<td width=\"597\">Klar<\/td>\n<\/tr>\n<tr>\n<td width=\"257\" height=\"44\">Band<\/td>\n<td width=\"597\">15ml<\/td>\n<\/tr>\n<tr>\n<td width=\"257\" height=\"44\">Sicherheit<\/td>\n<td width=\"597\">HEMA-frei, TPO-frei, ungiftig, MSDS verf\u00fcgbar<\/td>\n<\/tr>\n<tr>\n<td width=\"257\" height=\"44\">MOQ<\/td>\n<td width=\"597\">Niedriges MOQ<\/td>\n<\/tr>\n<tr>\n<td width=\"257\" height=\"44\">Kostenlose Probe<\/td>\n<td width=\"597\">Verf\u00fcgbar<\/td>\n<\/tr>\n<tr>\n<td width=\"257\" height=\"82\">Kundenspezifische Option<\/td>\n<td width=\"597\">OEM\/ODM-Dienste, kundenspezifische Logos, Etiketten und Verpackungen werden unterst\u00fctzt<\/td>\n<\/tr>\n<\/tbody>\n<\/table>\n<h3 class=\"brxe-heading\">Vom Nagellackhersteller<\/h3>\n<p><a href=\"https:\/\/www.fsyougel.com\/de\/\"><strong>YouGel<\/strong><\/a>\u00a0ist ein Hightech-Nagellackhersteller, der Gro\u00dfhandel, Eigenmarken und OEM\/ODM-Dienstleistungen anbietet. Mehr als 10.000 HEMA-freie, vegane und tierversuchsfreie Farben, die sich leicht auftragen lassen, lange halten und leicht abwischen.<\/p>","protected":false},"featured_media":1021,"comment_status":"closed","ping_status":"closed","template":"","meta":{"_acf_changed":false},"product_brand":[],"product_cat":[25],"product_tag":[],"class_list":{"0":"post-1013","1":"product","2":"type-product","3":"status-publish","4":"has-post-thumbnail","6":"product_cat-wholesale-function-gel","8":"first","9":"instock","10":"shipping-taxable","11":"product-type-simple"},"acf":[],"_links":{"self":[{"href":"https:\/\/www.fsyougel.com\/de\/wp-json\/wp\/v2\/product\/1013","targetHints":{"allow":["GET"]}}],"collection":[{"href":"https:\/\/www.fsyougel.com\/de\/wp-json\/wp\/v2\/product"}],"about":[{"href":"https:\/\/www.fsyougel.com\/de\/wp-json\/wp\/v2\/types\/product"}],"replies":[{"embeddable":true,"href":"https:\/\/www.fsyougel.com\/de\/wp-json\/wp\/v2\/comments?post=1013"}],"wp:featuredmedia":[{"embeddable":true,"href":"https:\/\/www.fsyougel.com\/de\/wp-json\/wp\/v2\/media\/1021"}],"wp:attachment":[{"href":"https:\/\/www.fsyougel.com\/de\/wp-json\/wp\/v2\/media?parent=1013"}],"wp:term":[{"taxonomy":"product_brand","embeddable":true,"href":"https:\/\/www.fsyougel.com\/de\/wp-json\/wp\/v2\/product_brand?post=1013"},{"taxonomy":"product_cat","embeddable":true,"href":"https:\/\/www.fsyougel.com\/de\/wp-json\/wp\/v2\/product_cat?post=1013"},{"taxonomy":"product_tag","embeddable":true,"href":"https:\/\/www.fsyougel.com\/de\/wp-json\/wp\/v2\/product_tag?post=1013"}],"curies":[{"name":"wp","href":"https:\/\/api.w.org\/{rel}","templated":true}]}}