{"id":1024,"date":"2025-08-29T02:37:39","date_gmt":"2025-08-29T02:37:39","guid":{"rendered":"https:\/\/www.fsyougel.com\/"},"modified":"2025-12-31T09:18:11","modified_gmt":"2025-12-31T09:18:11","slug":"fruit-cat-eye-gel-polish-wholesale","status":"publish","type":"product","link":"https:\/\/www.fsyougel.com\/de\/produkt\/fruit-cat-eye-gel-polish-wholesale\/","title":{"rendered":"Fruit Cat Eye Gel Polish Gro\u00dfhandel Magnetic Nagellack Lieferant"},"content":{"rendered":"<div class=\"wp-block-columns is-layout-flex wp-container-core-columns-is-layout-9d6595d7 wp-block-columns-is-layout-flex\">\n<div class=\"wp-block-column is-layout-flow wp-block-column-is-layout-flow\">\n<h2 class=\"wp-block-heading\">Gro\u00dfhandel Obst Katze Auge Gel Polnisch Features:<\/h2>\n\n\n\n<ul class=\"wp-block-list\">\n<li><strong>Obst-inspirierte Farben<\/strong>: Wholesale Fruit Cat Eye Gel Polish bietet leuchtende Farben, die von einer Obstkollektion inspiriert sind, einschlie\u00dflich tropischer Farbt\u00f6ne wie Guave-Nagellack, die eine energiegeladene und erfrischende Nagel\u00e4sthetik schaffen.<\/li>\n\n\n\n<li><strong>Magnetischer Schimmereffekt<\/strong>: Mit einer fortschrittlichen Magnetpulverformel wird m\u00fchelos ein dimensionaler Lichteffekt mit magnetischem Nagellack erzielt. Ihre Fingerspitzen verwandeln sich im Licht und enth\u00fcllen einen einzigartigen Katzenaugen-Charme.<\/li>\n\n\n\n<li><strong>Sechs Vorteile in einem<\/strong>: Fruit Fantasia Cat Eye Gel Polish - A Juicy Twist on Nail Art polish liefert eine satte Farbe und verl\u00e4ngert, st\u00e4rkt, repariert und verleiht Glanz - perfekt f\u00fcr Salons und den pers\u00f6nlichen Gebrauch.<\/li>\n\n\n\n<li><strong>Sicher und umweltschonend<\/strong>: Die HEMA- und TPO-freie Formel ist sanft zu den N\u00e4geln und gew\u00e4hrleistet eine sorgenfreie Anwendung f\u00fcr eine langfristige Nagelpflege.<\/li>\n\n\n\n<li><strong>Langlebig und kratzfest:<\/strong> Dieser Gro\u00dfhandels-Gelpolitur f\u00fcr Katzenaugen zeichnet sich durch eine widerstandsf\u00e4hige Textur mit starker Haftung aus, die f\u00fcr lang anhaltenden Glanz sorgt und nicht abplatzt.<\/li>\n\n\n\n<li><strong>OEM\/ODM-Anpassung<\/strong>: Unterst\u00fctzt Private Labeling und kundenspezifische Verpackungen und gibt Marken die M\u00f6glichkeit, differenzierte Produktlinien zu entwickeln und die Anforderungen des internationalen Gro\u00dfhandels zu erf\u00fcllen.<\/li>\n\n\n\n<li><strong>Globale Lieferf\u00e4higkeit<\/strong>: Die Massenproduktion und die schnelle Lieferung erf\u00fcllen die verschiedenen Bed\u00fcrfnisse des Nagelgro\u00dfhandelsmarktes.<\/li>\n<\/ul>\n<\/div>\n\n\n\n<div class=\"wp-block-column is-layout-flow wp-block-column-is-layout-flow\">\n<figure class=\"wp-block-image size-full\"><img decoding=\"async\" width=\"1500\" height=\"1500\" src=\"https:\/\/www.fsyougel.com\/wp-content\/uploads\/2025\/08\/Fruit-Cat-Eye-Gel-Polish-Wholesale-2.webp\" alt=\"Fruit Cat Eye Gel Polish Gro\u00dfhandel (2)\" class=\"wp-image-1029\" srcset=\"https:\/\/www.fsyougel.com\/wp-content\/uploads\/2025\/08\/Fruit-Cat-Eye-Gel-Polish-Wholesale-2.webp 1500w, https:\/\/www.fsyougel.com\/wp-content\/uploads\/2025\/08\/Fruit-Cat-Eye-Gel-Polish-Wholesale-2-300x300.webp 300w, https:\/\/www.fsyougel.com\/wp-content\/uploads\/2025\/08\/Fruit-Cat-Eye-Gel-Polish-Wholesale-2-150x150.webp 150w, https:\/\/www.fsyougel.com\/wp-content\/uploads\/2025\/08\/Fruit-Cat-Eye-Gel-Polish-Wholesale-2-768x768.webp 768w, https:\/\/www.fsyougel.com\/wp-content\/uploads\/2025\/08\/Fruit-Cat-Eye-Gel-Polish-Wholesale-2-12x12.webp 12w, https:\/\/www.fsyougel.com\/wp-content\/uploads\/2025\/08\/Fruit-Cat-Eye-Gel-Polish-Wholesale-2-1200x1200.webp 1200w, https:\/\/www.fsyougel.com\/wp-content\/uploads\/2025\/08\/Fruit-Cat-Eye-Gel-Polish-Wholesale-2-600x600.webp 600w, https:\/\/www.fsyougel.com\/wp-content\/uploads\/2025\/08\/Fruit-Cat-Eye-Gel-Polish-Wholesale-2-100x100.webp 100w\" sizes=\"(max-width: 1500px) 100vw, 1500px\" \/><\/figure>\n<\/div>\n<\/div>\n\n\n\n<div class=\"wp-block-columns is-layout-flex wp-container-core-columns-is-layout-9d6595d7 wp-block-columns-is-layout-flex\">\n<div class=\"wp-block-column is-layout-flow wp-block-column-is-layout-flow\">\n<figure class=\"wp-block-image size-full\"><img decoding=\"async\" width=\"1500\" height=\"1789\" src=\"https:\/\/www.fsyougel.com\/wp-content\/uploads\/2025\/08\/Fruit-Fantasia-Cat-Eye-Gel-Polish.webp\" alt=\"Fruit Fantasia Katzenaugen-Gel Polish\" class=\"wp-image-1036\" srcset=\"https:\/\/www.fsyougel.com\/wp-content\/uploads\/2025\/08\/Fruit-Fantasia-Cat-Eye-Gel-Polish.webp 1500w, https:\/\/www.fsyougel.com\/wp-content\/uploads\/2025\/08\/Fruit-Fantasia-Cat-Eye-Gel-Polish-252x300.webp 252w, https:\/\/www.fsyougel.com\/wp-content\/uploads\/2025\/08\/Fruit-Fantasia-Cat-Eye-Gel-Polish-768x916.webp 768w, https:\/\/www.fsyougel.com\/wp-content\/uploads\/2025\/08\/Fruit-Fantasia-Cat-Eye-Gel-Polish-10x12.webp 10w, https:\/\/www.fsyougel.com\/wp-content\/uploads\/2025\/08\/Fruit-Fantasia-Cat-Eye-Gel-Polish-1200x1431.webp 1200w, https:\/\/www.fsyougel.com\/wp-content\/uploads\/2025\/08\/Fruit-Fantasia-Cat-Eye-Gel-Polish-600x716.webp 600w\" sizes=\"(max-width: 1500px) 100vw, 1500px\" \/><\/figure>\n<\/div>\n\n\n\n<div class=\"wp-block-column is-layout-flow wp-block-column-is-layout-flow\">\n<figure class=\"wp-block-image size-full\"><img decoding=\"async\" width=\"1500\" height=\"1789\" src=\"https:\/\/www.fsyougel.com\/wp-content\/uploads\/2025\/08\/Fruit-Cat-Eye-Gel-Polish-Color.webp\" alt=\"Fruit Cat Eye Gel Polish Farbe\" class=\"wp-image-1035\" srcset=\"https:\/\/www.fsyougel.com\/wp-content\/uploads\/2025\/08\/Fruit-Cat-Eye-Gel-Polish-Color.webp 1500w, https:\/\/www.fsyougel.com\/wp-content\/uploads\/2025\/08\/Fruit-Cat-Eye-Gel-Polish-Color-252x300.webp 252w, https:\/\/www.fsyougel.com\/wp-content\/uploads\/2025\/08\/Fruit-Cat-Eye-Gel-Polish-Color-768x916.webp 768w, https:\/\/www.fsyougel.com\/wp-content\/uploads\/2025\/08\/Fruit-Cat-Eye-Gel-Polish-Color-10x12.webp 10w, https:\/\/www.fsyougel.com\/wp-content\/uploads\/2025\/08\/Fruit-Cat-Eye-Gel-Polish-Color-1200x1431.webp 1200w, https:\/\/www.fsyougel.com\/wp-content\/uploads\/2025\/08\/Fruit-Cat-Eye-Gel-Polish-Color-600x716.webp 600w\" sizes=\"(max-width: 1500px) 100vw, 1500px\" \/><\/figure>\n<\/div>\n<\/div>","protected":false},"excerpt":{"rendered":"<p>Willkommen zum Kauf professioneller Gro\u00dfhandel Obst Katze Auge Gel-Lack mit lebendigen Obst-inspirierten Schattierungen, magnetische Nagellack-Effekt, und OEM \/ ODM Private Label Service.<\/p>\n<table border=\"0\" width=\"854\" cellspacing=\"0\" cellpadding=\"0\">\n<tbody>\n<tr>\n<td class=\"et3\" width=\"257\" height=\"44\">Marke<\/td>\n<td class=\"et3\" width=\"597\">YouGel<\/td>\n<\/tr>\n<tr>\n<td class=\"et4\" width=\"257\" height=\"44\">Modellnummer<\/td>\n<td class=\"et4\" width=\"597\">25CG01<\/td>\n<\/tr>\n<tr>\n<td class=\"et4\" width=\"257\" height=\"44\">Produkttyp<\/td>\n<td class=\"et4\" width=\"597\">UV\/LED-Gel-Politur zum Einweichen<\/td>\n<\/tr>\n<tr>\n<td class=\"et4\" width=\"257\" height=\"44\">Material<\/td>\n<td class=\"et4\" width=\"597\">Harz<\/td>\n<\/tr>\n<tr>\n<td class=\"et4\" width=\"257\" height=\"44\">Farbe<\/td>\n<td class=\"et4\" width=\"597\">16 Farben<\/td>\n<\/tr>\n<tr>\n<td class=\"et4\" width=\"257\" height=\"44\">Band<\/td>\n<td class=\"et4\" width=\"597\">8 ml<\/td>\n<\/tr>\n<tr>\n<td class=\"et4\" width=\"257\" height=\"44\">Sicherheit<\/td>\n<td class=\"et4\" width=\"597\">HEMA-frei, TPO-frei, ungiftig, MSDS verf\u00fcgbar<\/td>\n<\/tr>\n<tr>\n<td class=\"et4\" width=\"257\" height=\"44\">MOQ<\/td>\n<td class=\"et4\" width=\"597\">Niedriges MOQ<\/td>\n<\/tr>\n<tr>\n<td class=\"et4\" width=\"257\" height=\"44\">Kostenlose Probe<\/td>\n<td class=\"et4\" width=\"597\">Verf\u00fcgbar<\/td>\n<\/tr>\n<tr>\n<td class=\"et4\" width=\"257\" height=\"82\">Kundenspezifische Option<\/td>\n<td class=\"et4\" width=\"597\">OEM\/ODM-Dienste, kundenspezifische Logos, Etiketten und Verpackungen werden unterst\u00fctzt<\/td>\n<\/tr>\n<\/tbody>\n<\/table>\n<h2 class=\"brxe-heading\">Vom Gel Polish Hersteller<\/h2>\n<p><a href=\"https:\/\/www.fsyougel.com\/de\/\"><strong>YouGel<\/strong><\/a> ist ein vertrauensw\u00fcrdiger Hersteller von Gellacken, der hochwertige Gel-Basislacke anbietet, die f\u00fcr UV\/LED-N\u00e4gel geeignet sind. Unsere Produkte sind so konzipiert, dass sie sich problemlos auftragen lassen, lange halten und leicht einziehen.<\/p>","protected":false},"featured_media":1033,"comment_status":"closed","ping_status":"closed","template":"","meta":{"_acf_changed":false},"product_brand":[],"product_cat":[19,28],"product_tag":[],"class_list":{"0":"post-1024","1":"product","2":"type-product","3":"status-publish","4":"has-post-thumbnail","6":"product_cat-gel-polish-color-wholesale","7":"product_cat-cat-eye-gel-supplier","9":"first","10":"instock","11":"shipping-taxable","12":"product-type-simple"},"acf":[],"_links":{"self":[{"href":"https:\/\/www.fsyougel.com\/de\/wp-json\/wp\/v2\/product\/1024","targetHints":{"allow":["GET"]}}],"collection":[{"href":"https:\/\/www.fsyougel.com\/de\/wp-json\/wp\/v2\/product"}],"about":[{"href":"https:\/\/www.fsyougel.com\/de\/wp-json\/wp\/v2\/types\/product"}],"replies":[{"embeddable":true,"href":"https:\/\/www.fsyougel.com\/de\/wp-json\/wp\/v2\/comments?post=1024"}],"wp:featuredmedia":[{"embeddable":true,"href":"https:\/\/www.fsyougel.com\/de\/wp-json\/wp\/v2\/media\/1033"}],"wp:attachment":[{"href":"https:\/\/www.fsyougel.com\/de\/wp-json\/wp\/v2\/media?parent=1024"}],"wp:term":[{"taxonomy":"product_brand","embeddable":true,"href":"https:\/\/www.fsyougel.com\/de\/wp-json\/wp\/v2\/product_brand?post=1024"},{"taxonomy":"product_cat","embeddable":true,"href":"https:\/\/www.fsyougel.com\/de\/wp-json\/wp\/v2\/product_cat?post=1024"},{"taxonomy":"product_tag","embeddable":true,"href":"https:\/\/www.fsyougel.com\/de\/wp-json\/wp\/v2\/product_tag?post=1024"}],"curies":[{"name":"wp","href":"https:\/\/api.w.org\/{rel}","templated":true}]}}