{"id":1037,"date":"2025-08-29T07:24:18","date_gmt":"2025-08-29T07:24:18","guid":{"rendered":"https:\/\/www.fsyougel.com\/"},"modified":"2025-10-24T08:48:51","modified_gmt":"2025-10-24T08:48:51","slug":"wholesale-crack-gel-polish-8-colors","status":"publish","type":"product","link":"https:\/\/www.fsyougel.com\/de\/produkt\/wholesale-crack-gel-polish-8-colors\/","title":{"rendered":"Gro\u00dfhandel Crack Gel Polish 8 Farben, benutzerdefinierte Gel-Nagellack f\u00fcr N\u00e4gel Kunst Salon"},"content":{"rendered":"<div class=\"wp-block-columns is-layout-flex wp-container-core-columns-is-layout-9d6595d7 wp-block-columns-is-layout-flex\">\n<div class=\"wp-block-column is-layout-flow wp-block-column-is-layout-flow\">\n<h2 class=\"wp-block-heading\">Gro\u00dfhandel Crack Gel Polish Eigenschaften:<\/h2>\n\n\n\n<ul class=\"wp-block-list\">\n<li><strong>Einzigartiger Crackle-Effekt:<\/strong> Gro\u00dfhandel 8-Farben-Crack-Gel-Lack gibt einen einzigartigen Crackle-Art-Effekt, erreichen personalisierte Nagelkunst Designs leicht. Es ist sehr begehrt von Fashionistas und Salons.<\/li>\n\n\n\n<li><strong>Auswahl an Farboptionen:<\/strong> In 8 verschiedenen Farben, um die unterschiedlichsten Anforderungen an das Nageldesign zu erf\u00fcllen. Das Mischen mit weiteren Farbt\u00f6nen sorgt f\u00fcr Tiefe und Schichteffekte.<\/li>\n\n\n\n<li><strong>Langlebig und verschlei\u00dffest:<\/strong> Die stark haftende Formel l\u00e4sst weder abplatzen noch verblassen und sorgt f\u00fcr lang anhaltende, kr\u00e4ftige Crackle-Effekte.<\/li>\n\n\n\n<li><strong>Sicher und umweltschonend: <\/strong>Hergestellt mit sanften, ungiftigen Chemikalien, die die nat\u00fcrlichen N\u00e4gel nicht angreifen, f\u00fcr eine sichere Langzeitanwendung.<\/li>\n\n\n\n<li><strong>Kreative Nagelkunst Unverzichtbar<\/strong>: Ideal f\u00fcr professionelle Salons und Hobbyisten, die mit Leichtigkeit professionelle Crack-Effekte erzielen k\u00f6nnen.<\/li>\n\n\n\n<li><strong>OEM\/ODM-Anpassung<\/strong>: Personalisieren Sie Flaschenformen, Logos, Verpackungen und Rezepturen auf Kundenbestellung und erm\u00f6glichen Sie so eine eindeutige Identifizierung der Marke.<\/li>\n\n\n\n<li><strong>Gro\u00dfhandel und globale Versorgung:<\/strong> Bietet die M\u00f6glichkeit der Massenproduktion mit schnellem Versand zur Erf\u00fcllung internationaler Beschaffungsanforderungen.<\/li>\n<\/ul>\n<\/div>\n\n\n\n<div class=\"wp-block-column is-layout-flow wp-block-column-is-layout-flow\">\n<figure class=\"wp-block-image size-full\"><img decoding=\"async\" width=\"1500\" height=\"1500\" src=\"https:\/\/www.fsyougel.com\/wp-content\/uploads\/2025\/08\/8-Colors-Crack-Gel-Polish-Wholeslaer.webp\" alt=\"8 Farben Crack Gel Polish Wholeslaer\" class=\"wp-image-1039\" srcset=\"https:\/\/www.fsyougel.com\/wp-content\/uploads\/2025\/08\/8-Colors-Crack-Gel-Polish-Wholeslaer.webp 1500w, https:\/\/www.fsyougel.com\/wp-content\/uploads\/2025\/08\/8-Colors-Crack-Gel-Polish-Wholeslaer-300x300.webp 300w, https:\/\/www.fsyougel.com\/wp-content\/uploads\/2025\/08\/8-Colors-Crack-Gel-Polish-Wholeslaer-150x150.webp 150w, https:\/\/www.fsyougel.com\/wp-content\/uploads\/2025\/08\/8-Colors-Crack-Gel-Polish-Wholeslaer-768x768.webp 768w, https:\/\/www.fsyougel.com\/wp-content\/uploads\/2025\/08\/8-Colors-Crack-Gel-Polish-Wholeslaer-12x12.webp 12w, https:\/\/www.fsyougel.com\/wp-content\/uploads\/2025\/08\/8-Colors-Crack-Gel-Polish-Wholeslaer-1200x1200.webp 1200w, https:\/\/www.fsyougel.com\/wp-content\/uploads\/2025\/08\/8-Colors-Crack-Gel-Polish-Wholeslaer-600x600.webp 600w, https:\/\/www.fsyougel.com\/wp-content\/uploads\/2025\/08\/8-Colors-Crack-Gel-Polish-Wholeslaer-100x100.webp 100w\" sizes=\"(max-width: 1500px) 100vw, 1500px\" \/><\/figure>\n<\/div>\n<\/div>\n\n\n\n<div class=\"wp-block-columns is-layout-flex wp-container-core-columns-is-layout-9d6595d7 wp-block-columns-is-layout-flex\">\n<div class=\"wp-block-column is-layout-flow wp-block-column-is-layout-flow\">\n<figure class=\"wp-block-image size-full\"><img decoding=\"async\" width=\"1500\" height=\"1500\" src=\"https:\/\/www.fsyougel.com\/wp-content\/uploads\/2025\/08\/Wholesale-Crack-Gel-Polish-8-Colors-3.webp\" alt=\"Gro\u00dfhandel Crack Gel Polish 8 Farben (3)\" class=\"wp-image-1047\" srcset=\"https:\/\/www.fsyougel.com\/wp-content\/uploads\/2025\/08\/Wholesale-Crack-Gel-Polish-8-Colors-3.webp 1500w, https:\/\/www.fsyougel.com\/wp-content\/uploads\/2025\/08\/Wholesale-Crack-Gel-Polish-8-Colors-3-300x300.webp 300w, https:\/\/www.fsyougel.com\/wp-content\/uploads\/2025\/08\/Wholesale-Crack-Gel-Polish-8-Colors-3-150x150.webp 150w, https:\/\/www.fsyougel.com\/wp-content\/uploads\/2025\/08\/Wholesale-Crack-Gel-Polish-8-Colors-3-768x768.webp 768w, https:\/\/www.fsyougel.com\/wp-content\/uploads\/2025\/08\/Wholesale-Crack-Gel-Polish-8-Colors-3-12x12.webp 12w, https:\/\/www.fsyougel.com\/wp-content\/uploads\/2025\/08\/Wholesale-Crack-Gel-Polish-8-Colors-3-1200x1200.webp 1200w, https:\/\/www.fsyougel.com\/wp-content\/uploads\/2025\/08\/Wholesale-Crack-Gel-Polish-8-Colors-3-600x600.webp 600w, https:\/\/www.fsyougel.com\/wp-content\/uploads\/2025\/08\/Wholesale-Crack-Gel-Polish-8-Colors-3-100x100.webp 100w\" sizes=\"(max-width: 1500px) 100vw, 1500px\" \/><\/figure>\n<\/div>\n\n\n\n<div class=\"wp-block-column is-layout-flow wp-block-column-is-layout-flow\">\n<figure class=\"wp-block-image size-full\"><img decoding=\"async\" width=\"1500\" height=\"1500\" src=\"https:\/\/www.fsyougel.com\/wp-content\/uploads\/2025\/08\/Crack-Gel-Polish-Operation-steps.webp\" alt=\"Crack Gel Polish Arbeitsschritte\" class=\"wp-image-1041\" srcset=\"https:\/\/www.fsyougel.com\/wp-content\/uploads\/2025\/08\/Crack-Gel-Polish-Operation-steps.webp 1500w, https:\/\/www.fsyougel.com\/wp-content\/uploads\/2025\/08\/Crack-Gel-Polish-Operation-steps-300x300.webp 300w, https:\/\/www.fsyougel.com\/wp-content\/uploads\/2025\/08\/Crack-Gel-Polish-Operation-steps-150x150.webp 150w, https:\/\/www.fsyougel.com\/wp-content\/uploads\/2025\/08\/Crack-Gel-Polish-Operation-steps-768x768.webp 768w, https:\/\/www.fsyougel.com\/wp-content\/uploads\/2025\/08\/Crack-Gel-Polish-Operation-steps-12x12.webp 12w, https:\/\/www.fsyougel.com\/wp-content\/uploads\/2025\/08\/Crack-Gel-Polish-Operation-steps-1200x1200.webp 1200w, https:\/\/www.fsyougel.com\/wp-content\/uploads\/2025\/08\/Crack-Gel-Polish-Operation-steps-600x600.webp 600w, https:\/\/www.fsyougel.com\/wp-content\/uploads\/2025\/08\/Crack-Gel-Polish-Operation-steps-100x100.webp 100w\" sizes=\"(max-width: 1500px) 100vw, 1500px\" \/><\/figure>\n<\/div>\n<\/div>\n\n\n\n<figure class=\"wp-block-image size-full\"><img decoding=\"async\" width=\"1500\" height=\"1002\" src=\"https:\/\/www.fsyougel.com\/wp-content\/uploads\/2025\/08\/Crack-Gel-Polish-8-Colors-Wholesale.webp\" alt=\"Crack Gel Polish 8 Farben Gro\u00dfhandel\" class=\"wp-image-1040\" srcset=\"https:\/\/www.fsyougel.com\/wp-content\/uploads\/2025\/08\/Crack-Gel-Polish-8-Colors-Wholesale.webp 1500w, https:\/\/www.fsyougel.com\/wp-content\/uploads\/2025\/08\/Crack-Gel-Polish-8-Colors-Wholesale-300x200.webp 300w, https:\/\/www.fsyougel.com\/wp-content\/uploads\/2025\/08\/Crack-Gel-Polish-8-Colors-Wholesale-768x513.webp 768w, https:\/\/www.fsyougel.com\/wp-content\/uploads\/2025\/08\/Crack-Gel-Polish-8-Colors-Wholesale-18x12.webp 18w, https:\/\/www.fsyougel.com\/wp-content\/uploads\/2025\/08\/Crack-Gel-Polish-8-Colors-Wholesale-1200x802.webp 1200w, https:\/\/www.fsyougel.com\/wp-content\/uploads\/2025\/08\/Crack-Gel-Polish-8-Colors-Wholesale-600x401.webp 600w\" sizes=\"(max-width: 1500px) 100vw, 1500px\" \/><\/figure>\n\n\n\n<p><\/p>","protected":false},"excerpt":{"rendered":"<p>Willkommen zum Kauf professioneller Gro\u00dfhandel knacken Gelpolitur 8 Farben mit kreativen geknackt Nagelkunst Wirkung, sichere Zutaten, und OEM \/ ODM Anpassung.<\/p>\n<table border=\"0\" width=\"854\" cellspacing=\"0\" cellpadding=\"0\">\n<tbody>\n<tr>\n<td width=\"257\" height=\"44\">Marke<\/td>\n<td width=\"597\">YouGel<\/td>\n<\/tr>\n<tr>\n<td width=\"257\" height=\"44\">Modellnummer<\/td>\n<td width=\"597\">24CG01<\/td>\n<\/tr>\n<tr>\n<td width=\"257\" height=\"44\">Produkttyp<\/td>\n<td width=\"597\">Lufttrocken<\/td>\n<\/tr>\n<tr>\n<td width=\"257\" height=\"44\">Material<\/td>\n<td width=\"597\">Harz<\/td>\n<\/tr>\n<tr>\n<td width=\"257\" height=\"44\">Farbe<\/td>\n<td width=\"597\">8 Farben<\/td>\n<\/tr>\n<tr>\n<td width=\"257\" height=\"44\">Band<\/td>\n<td width=\"597\">8ml<\/td>\n<\/tr>\n<tr>\n<td width=\"257\" height=\"44\">Sicherheit<\/td>\n<td width=\"597\">HEMA-frei, TPO-frei, ungiftig, MSDS verf\u00fcgbar<\/td>\n<\/tr>\n<tr>\n<td width=\"257\" height=\"44\">MOQ<\/td>\n<td width=\"597\">Niedriges MOQ<\/td>\n<\/tr>\n<tr>\n<td width=\"257\" height=\"44\">Kostenlose Probe<\/td>\n<td width=\"597\">Verf\u00fcgbar<\/td>\n<\/tr>\n<tr>\n<td width=\"257\" height=\"82\">Kundenspezifische Option<\/td>\n<td width=\"597\">OEM\/ODM-Dienste, kundenspezifische Logos, Etiketten und Verpackungen werden unterst\u00fctzt<\/td>\n<\/tr>\n<\/tbody>\n<\/table>\n<h3 class=\"brxe-heading\">Vom Nagellackhersteller<\/h3>\n<p><a href=\"https:\/\/www.fsyougel.com\/de\/\"><strong>YouGel<\/strong><\/a>\u00a0ist ein Hightech-Nagellackhersteller, der Gro\u00dfhandel, Eigenmarken und OEM\/ODM-Dienstleistungen anbietet. Mehr als 10.000 HEMA-freie, vegane und tierversuchsfreie Farben, die sich leicht auftragen lassen, lange halten und leicht abwischen.<\/p>","protected":false},"featured_media":1038,"comment_status":"closed","ping_status":"closed","template":"","meta":{"_acf_changed":false},"product_brand":[],"product_cat":[19],"product_tag":[],"class_list":{"0":"post-1037","1":"product","2":"type-product","3":"status-publish","4":"has-post-thumbnail","6":"product_cat-gel-polish-color-wholesale","8":"first","9":"instock","10":"shipping-taxable","11":"product-type-simple"},"acf":[],"_links":{"self":[{"href":"https:\/\/www.fsyougel.com\/de\/wp-json\/wp\/v2\/product\/1037","targetHints":{"allow":["GET"]}}],"collection":[{"href":"https:\/\/www.fsyougel.com\/de\/wp-json\/wp\/v2\/product"}],"about":[{"href":"https:\/\/www.fsyougel.com\/de\/wp-json\/wp\/v2\/types\/product"}],"replies":[{"embeddable":true,"href":"https:\/\/www.fsyougel.com\/de\/wp-json\/wp\/v2\/comments?post=1037"}],"wp:featuredmedia":[{"embeddable":true,"href":"https:\/\/www.fsyougel.com\/de\/wp-json\/wp\/v2\/media\/1038"}],"wp:attachment":[{"href":"https:\/\/www.fsyougel.com\/de\/wp-json\/wp\/v2\/media?parent=1037"}],"wp:term":[{"taxonomy":"product_brand","embeddable":true,"href":"https:\/\/www.fsyougel.com\/de\/wp-json\/wp\/v2\/product_brand?post=1037"},{"taxonomy":"product_cat","embeddable":true,"href":"https:\/\/www.fsyougel.com\/de\/wp-json\/wp\/v2\/product_cat?post=1037"},{"taxonomy":"product_tag","embeddable":true,"href":"https:\/\/www.fsyougel.com\/de\/wp-json\/wp\/v2\/product_tag?post=1037"}],"curies":[{"name":"wp","href":"https:\/\/api.w.org\/{rel}","templated":true}]}}