{"id":1083,"date":"2025-09-12T08:40:10","date_gmt":"2025-09-12T08:40:10","guid":{"rendered":"https:\/\/www.fsyougel.com\/"},"modified":"2025-10-24T08:51:13","modified_gmt":"2025-10-24T08:51:13","slug":"galaxy-flash-gel-polish-manufacturer","status":"publish","type":"product","link":"https:\/\/www.fsyougel.com\/de\/produkt\/galaxy-flash-gel-polish-manufacturer\/","title":{"rendered":"China Galaxy Flash Gel Polish Hersteller, Diamond Disco Flash UV Gel Nagellack Private Label"},"content":{"rendered":"<div class=\"wp-block-columns is-layout-flex wp-container-core-columns-is-layout-9d6595d7 wp-block-columns-is-layout-flex\">\n<div class=\"wp-block-column is-layout-flow wp-block-column-is-layout-flow\">\n<h2 class=\"wp-block-heading\">Gro\u00dfhandel Galaxy Flash Gel Polish Eigenschaften:<\/h2>\n\n\n\n<ul class=\"wp-block-list\">\n<li><strong>Schimmernder Diamanteffekt: <\/strong>Wholesale Galaxy Flash Gel Polish enth\u00e4lt Diamantpartikel, die beim Auftragen einen einzigartigen Sternenschimmer und einen fantastischen Look f\u00fcr n\u00e4chtliche Partys und Feiern verleihen.<\/li>\n\n\n\n<li><strong>Glatte Oberfl\u00e4che:<\/strong> Das Produkt bietet eine seidig glatte Anwendung Erfahrung, Abdeckung N\u00e4gel sofort eine tadellose gl\u00e4nzende Oberfl\u00e4che zu bieten. Gro\u00dfhandel Galaxy Flash Flash Gel Polish ist am besten f\u00fcr verschiedene Nail Art Designs.<\/li>\n\n\n\n<li><strong>UV-H\u00e4rtungseffekt:<\/strong> Dank der UV-Lichttechnologie h\u00e4rtet er zu einem brillanten, lang anhaltenden Finish aus, das nie verblasst und die Fingerspitzen strahlen l\u00e4sst.<\/li>\n\n\n\n<li><strong>Private Label-Anpassung:<\/strong> Durch das Angebot von Private-Labeling-M\u00f6glichkeiten kann der Galaxy Flash-Gelpolitur-Gro\u00dfhandel verpackt, formuliert und eingef\u00e4rbt werden, um die Bed\u00fcrfnisse der Kunden zu erf\u00fcllen und Ihre Marke zu individualisieren.<\/li>\n\n\n\n<li><strong>Sichere und umweltfreundliche Formel: <\/strong>Diese sanfte, nicht reizende Formel ist frei von aggressiven Chemikalien und kann \u00fcber einen l\u00e4ngeren Zeitraum verwendet werden, um die Gesundheit der N\u00e4gel zu erhalten.<\/li>\n\n\n\n<li><strong>Salon-Level-Auswahl<\/strong>: Hervorragender Glanz und Haltbarkeit machen diesen 14-farbigen Galaxy Flash-Gel-Lack zu einer idealen Wahl f\u00fcr den Salon, der seinen Kunden ein einzigartiges Sternenlicht-Erlebnis bietet.<\/li>\n\n\n\n<li><strong>Gro\u00dfhandel Global Supply:<\/strong> Als vertrauensw\u00fcrdiger Hersteller von Galaxy-Flash-Gelpolitur im Gro\u00dfhandel bieten wir Gro\u00dfeink\u00e4ufe \u00fcber ein globales Liefernetzwerk an, um den unterschiedlichen Marktanforderungen gerecht zu werden.<\/li>\n<\/ul>\n<\/div>\n\n\n\n<div class=\"wp-block-column is-layout-flow wp-block-column-is-layout-flow\">\n<figure class=\"wp-block-image size-full\"><img decoding=\"async\" width=\"1500\" height=\"1500\" src=\"https:\/\/www.fsyougel.com\/wp-content\/uploads\/2025\/09\/Galaxy-Flash-Gel-Polish-Manufacturer-3.webp\" alt=\"Galaxy Flash Gel Polish Hersteller (3)\" class=\"wp-image-1089\" srcset=\"https:\/\/www.fsyougel.com\/wp-content\/uploads\/2025\/09\/Galaxy-Flash-Gel-Polish-Manufacturer-3.webp 1500w, https:\/\/www.fsyougel.com\/wp-content\/uploads\/2025\/09\/Galaxy-Flash-Gel-Polish-Manufacturer-3-300x300.webp 300w, https:\/\/www.fsyougel.com\/wp-content\/uploads\/2025\/09\/Galaxy-Flash-Gel-Polish-Manufacturer-3-150x150.webp 150w, https:\/\/www.fsyougel.com\/wp-content\/uploads\/2025\/09\/Galaxy-Flash-Gel-Polish-Manufacturer-3-768x768.webp 768w, https:\/\/www.fsyougel.com\/wp-content\/uploads\/2025\/09\/Galaxy-Flash-Gel-Polish-Manufacturer-3-12x12.webp 12w, https:\/\/www.fsyougel.com\/wp-content\/uploads\/2025\/09\/Galaxy-Flash-Gel-Polish-Manufacturer-3-1200x1200.webp 1200w, https:\/\/www.fsyougel.com\/wp-content\/uploads\/2025\/09\/Galaxy-Flash-Gel-Polish-Manufacturer-3-600x600.webp 600w, https:\/\/www.fsyougel.com\/wp-content\/uploads\/2025\/09\/Galaxy-Flash-Gel-Polish-Manufacturer-3-100x100.webp 100w\" sizes=\"(max-width: 1500px) 100vw, 1500px\" \/><\/figure>\n<\/div>\n<\/div>\n\n\n\n<div class=\"wp-block-columns is-layout-flex wp-container-core-columns-is-layout-9d6595d7 wp-block-columns-is-layout-flex\">\n<div class=\"wp-block-column is-layout-flow wp-block-column-is-layout-flow\">\n<figure class=\"wp-block-image size-full\"><img decoding=\"async\" width=\"1500\" height=\"625\" src=\"https:\/\/www.fsyougel.com\/wp-content\/uploads\/2025\/09\/Galaxy-Flash-Gel-Polish-Wholesale-Supplier-3.webp\" alt=\"Galaxy Flash Gel Polish Gro\u00dfhandel Lieferant (3)\" class=\"wp-image-1093\" srcset=\"https:\/\/www.fsyougel.com\/wp-content\/uploads\/2025\/09\/Galaxy-Flash-Gel-Polish-Wholesale-Supplier-3.webp 1500w, https:\/\/www.fsyougel.com\/wp-content\/uploads\/2025\/09\/Galaxy-Flash-Gel-Polish-Wholesale-Supplier-3-300x125.webp 300w, https:\/\/www.fsyougel.com\/wp-content\/uploads\/2025\/09\/Galaxy-Flash-Gel-Polish-Wholesale-Supplier-3-768x320.webp 768w, https:\/\/www.fsyougel.com\/wp-content\/uploads\/2025\/09\/Galaxy-Flash-Gel-Polish-Wholesale-Supplier-3-18x8.webp 18w, https:\/\/www.fsyougel.com\/wp-content\/uploads\/2025\/09\/Galaxy-Flash-Gel-Polish-Wholesale-Supplier-3-1200x500.webp 1200w, https:\/\/www.fsyougel.com\/wp-content\/uploads\/2025\/09\/Galaxy-Flash-Gel-Polish-Wholesale-Supplier-3-600x250.webp 600w\" sizes=\"(max-width: 1500px) 100vw, 1500px\" \/><\/figure>\n<\/div>\n<\/div>\n\n\n\n<figure class=\"wp-block-image size-full\"><img decoding=\"async\" width=\"1500\" height=\"500\" src=\"https:\/\/www.fsyougel.com\/wp-content\/uploads\/2025\/09\/Galaxy-Flash-Gel-Polish-Wholesale-Supplier-2.webp\" alt=\"Galaxy Flash Gel Polish Gro\u00dfhandel Lieferant (2)\" class=\"wp-image-1092\" srcset=\"https:\/\/www.fsyougel.com\/wp-content\/uploads\/2025\/09\/Galaxy-Flash-Gel-Polish-Wholesale-Supplier-2.webp 1500w, https:\/\/www.fsyougel.com\/wp-content\/uploads\/2025\/09\/Galaxy-Flash-Gel-Polish-Wholesale-Supplier-2-300x100.webp 300w, https:\/\/www.fsyougel.com\/wp-content\/uploads\/2025\/09\/Galaxy-Flash-Gel-Polish-Wholesale-Supplier-2-768x256.webp 768w, https:\/\/www.fsyougel.com\/wp-content\/uploads\/2025\/09\/Galaxy-Flash-Gel-Polish-Wholesale-Supplier-2-18x6.webp 18w, https:\/\/www.fsyougel.com\/wp-content\/uploads\/2025\/09\/Galaxy-Flash-Gel-Polish-Wholesale-Supplier-2-1200x400.webp 1200w, https:\/\/www.fsyougel.com\/wp-content\/uploads\/2025\/09\/Galaxy-Flash-Gel-Polish-Wholesale-Supplier-2-600x200.webp 600w\" sizes=\"(max-width: 1500px) 100vw, 1500px\" \/><\/figure>\n\n\n\n<p><\/p>","protected":false},"excerpt":{"rendered":"<p>Willkommen in unserem Kauf und Gro\u00dfhandel Galaxie Flash-Gel-Lack-Hersteller, bietet Diamant Disco Flash UV-Gel-Nagellack. Perfekt f\u00fcr Nagelstudios und Marken, mit Private Label Optionen. Gro\u00dfhandel Galaxie Flash-Gel-Politur mit Premium-Qualit\u00e4t und lang anhaltenden Glanz.<\/p>\n<table border=\"0\" width=\"854\" cellspacing=\"0\" cellpadding=\"0\">\n<tbody>\n<tr>\n<td class=\"et3\" width=\"257\" height=\"44\">Marke<\/td>\n<td class=\"et3\" width=\"597\">YouGel<\/td>\n<\/tr>\n<tr>\n<td class=\"et4\" width=\"257\" height=\"44\">Modellnummer<\/td>\n<td class=\"et4\" width=\"597\">CG01<\/td>\n<\/tr>\n<tr>\n<td class=\"et4\" width=\"257\" height=\"44\">Produkttyp<\/td>\n<td class=\"et4\" width=\"597\">UV\/LED-Gel-Politur zum Einweichen<\/td>\n<\/tr>\n<tr>\n<td class=\"et4\" width=\"257\" height=\"44\">Material<\/td>\n<td class=\"et4\" width=\"597\">Harz<\/td>\n<\/tr>\n<tr>\n<td class=\"et4\" width=\"257\" height=\"44\">Farbe<\/td>\n<td class=\"et4\" width=\"597\">14 Farben<\/td>\n<\/tr>\n<tr>\n<td class=\"et4\" width=\"257\" height=\"44\">Band<\/td>\n<td class=\"et4\" width=\"597\">15 ml<\/td>\n<\/tr>\n<tr>\n<td class=\"et4\" width=\"257\" height=\"44\">Sicherheit<\/td>\n<td class=\"et4\" width=\"597\">HEMA-frei, TPO-frei, ungiftig, MSDS verf\u00fcgbar<\/td>\n<\/tr>\n<tr>\n<td class=\"et4\" width=\"257\" height=\"44\">MOQ<\/td>\n<td class=\"et4\" width=\"597\">Niedriges MOQ<\/td>\n<\/tr>\n<tr>\n<td class=\"et4\" width=\"257\" height=\"44\">Kostenlose Probe<\/td>\n<td class=\"et4\" width=\"597\">Verf\u00fcgbar<\/td>\n<\/tr>\n<tr>\n<td class=\"et4\" width=\"257\" height=\"82\">Kundenspezifische Option<\/td>\n<td class=\"et4\" width=\"597\">OEM\/ODM-Dienste, kundenspezifische Logos, Etiketten und Verpackungen werden unterst\u00fctzt<\/td>\n<\/tr>\n<\/tbody>\n<\/table>\n<h2 class=\"brxe-heading\">Vom Gel Polish Hersteller<\/h2>\n<p><a href=\"https:\/\/www.fsyougel.com\/de\/\"><strong>YouGel<\/strong><\/a> ist ein vertrauensw\u00fcrdiger Hersteller von Gellacken, der hochwertige Gel-Basislacke anbietet, die f\u00fcr UV\/LED-N\u00e4gel geeignet sind. Unsere Produkte sind so konzipiert, dass sie sich problemlos auftragen lassen, lange halten und leicht einziehen.<\/p>","protected":false},"featured_media":1088,"comment_status":"closed","ping_status":"closed","template":"","meta":{"_acf_changed":false},"product_brand":[],"product_cat":[19],"product_tag":[],"class_list":{"0":"post-1083","1":"product","2":"type-product","3":"status-publish","4":"has-post-thumbnail","6":"product_cat-gel-polish-color-wholesale","8":"first","9":"instock","10":"shipping-taxable","11":"product-type-simple"},"acf":[],"_links":{"self":[{"href":"https:\/\/www.fsyougel.com\/de\/wp-json\/wp\/v2\/product\/1083","targetHints":{"allow":["GET"]}}],"collection":[{"href":"https:\/\/www.fsyougel.com\/de\/wp-json\/wp\/v2\/product"}],"about":[{"href":"https:\/\/www.fsyougel.com\/de\/wp-json\/wp\/v2\/types\/product"}],"replies":[{"embeddable":true,"href":"https:\/\/www.fsyougel.com\/de\/wp-json\/wp\/v2\/comments?post=1083"}],"wp:featuredmedia":[{"embeddable":true,"href":"https:\/\/www.fsyougel.com\/de\/wp-json\/wp\/v2\/media\/1088"}],"wp:attachment":[{"href":"https:\/\/www.fsyougel.com\/de\/wp-json\/wp\/v2\/media?parent=1083"}],"wp:term":[{"taxonomy":"product_brand","embeddable":true,"href":"https:\/\/www.fsyougel.com\/de\/wp-json\/wp\/v2\/product_brand?post=1083"},{"taxonomy":"product_cat","embeddable":true,"href":"https:\/\/www.fsyougel.com\/de\/wp-json\/wp\/v2\/product_cat?post=1083"},{"taxonomy":"product_tag","embeddable":true,"href":"https:\/\/www.fsyougel.com\/de\/wp-json\/wp\/v2\/product_tag?post=1083"}],"curies":[{"name":"wp","href":"https:\/\/api.w.org\/{rel}","templated":true}]}}