{"id":1096,"date":"2025-09-12T09:34:32","date_gmt":"2025-09-12T09:34:32","guid":{"rendered":"https:\/\/www.fsyougel.com\/"},"modified":"2025-10-24T08:50:22","modified_gmt":"2025-10-24T08:50:22","slug":"disco-diamond-gel-polish-supplier","status":"publish","type":"product","link":"https:\/\/www.fsyougel.com\/de\/produkt\/disco-diamond-gel-polish-supplier\/","title":{"rendered":"Disco Diamond Gel Polish Lieferant, 29 Flash-Farben wie gebrochene Diamanten auf den N\u00e4geln"},"content":{"rendered":"<div class=\"wp-block-columns is-layout-flex wp-container-core-columns-is-layout-9d6595d7 wp-block-columns-is-layout-flex\">\n<div class=\"wp-block-column is-layout-flow wp-block-column-is-layout-flow\">\n<h2 class=\"wp-block-heading\">Gro\u00dfhandel Disco Diamond Gel Polish Eigenschaften:<\/h2>\n\n\n\n<ul class=\"wp-block-list\">\n<li><strong>Disco-Diamant-Effekt:<\/strong> Disco Diamond Gel Polish ist in 29 schimmernden Farben erh\u00e4ltlich, die wie zerbrochene Diamanten auf Ihren Fingerspitzen glitzern und f\u00fcr einen atemberaubenden Look sorgen - perfekt f\u00fcr Partys und Veranstaltungen.<\/li>\n\n\n\n<li><strong>Glatt und gl\u00e4nzend:<\/strong> Jeder Disco Diamond Gel-Polish l\u00e4sst sich geschmeidig auftragen und sorgt f\u00fcr ein glattes Finish, das lange h\u00e4lt und einen dauerhaften diamant\u00e4hnlichen Glanz bietet.<\/li>\n\n\n\n<li><strong>Einzigartiges Funkeln:<\/strong> Der zersplitterte Diamant-Look und die funkelnden Farben verleihen der Manik\u00fcre einen dramatischen visuellen Reiz, der bei jungen Fashionistas gut ankommt.<\/li>\n\n\n\n<li><strong>Private Label-Anpassung<\/strong>: Gro\u00dfhandel Disco Diamond Gel Polish ist f\u00fcr OEM \/ ODM Anpassung, wo kundenspezifische Verpackung und Branding nach Kundenwunsch m\u00f6glich sind.<\/li>\n\n\n\n<li><strong>Sichere und harmlose Formel:<\/strong> Mit umweltfreundlichen, ungiftigen Inhaltsstoffen formuliert, so dass die Nageloberfl\u00e4chen beim Auftragen nicht besch\u00e4digt werden und es sicher ist, sie lange zu tragen.<\/li>\n\n\n\n<li><strong>Vielseitige Anwendung:<\/strong> Ideal f\u00fcr professionelle Nagelstudios und auch f\u00fcr Heimwerker, die atemberaubende Effekte erzielen m\u00f6chten.<\/li>\n\n\n\n<li>Bulk Supply &amp; Global Shipping: Als Gro\u00dfhandelshersteller von Disco-Diamant-Gelpolitur bieten wir eine gro\u00dfe Produktionskapazit\u00e4t mit schnellem Versand, um globale Kundenauftr\u00e4ge zu erf\u00fcllen.<\/li>\n<\/ul>\n<\/div>\n\n\n\n<div class=\"wp-block-column is-layout-flow wp-block-column-is-layout-flow\">\n<figure class=\"wp-block-image size-full\"><img decoding=\"async\" width=\"1500\" height=\"1500\" src=\"https:\/\/www.fsyougel.com\/wp-content\/uploads\/2025\/09\/Disco-Diamond-Gel-Polish-Supplier-4.webp\" alt=\"Disco Diamond Gel Polish Lieferant (4)\" class=\"wp-image-1105\" srcset=\"https:\/\/www.fsyougel.com\/wp-content\/uploads\/2025\/09\/Disco-Diamond-Gel-Polish-Supplier-4.webp 1500w, https:\/\/www.fsyougel.com\/wp-content\/uploads\/2025\/09\/Disco-Diamond-Gel-Polish-Supplier-4-300x300.webp 300w, https:\/\/www.fsyougel.com\/wp-content\/uploads\/2025\/09\/Disco-Diamond-Gel-Polish-Supplier-4-150x150.webp 150w, https:\/\/www.fsyougel.com\/wp-content\/uploads\/2025\/09\/Disco-Diamond-Gel-Polish-Supplier-4-768x768.webp 768w, https:\/\/www.fsyougel.com\/wp-content\/uploads\/2025\/09\/Disco-Diamond-Gel-Polish-Supplier-4-12x12.webp 12w, https:\/\/www.fsyougel.com\/wp-content\/uploads\/2025\/09\/Disco-Diamond-Gel-Polish-Supplier-4-1200x1200.webp 1200w, https:\/\/www.fsyougel.com\/wp-content\/uploads\/2025\/09\/Disco-Diamond-Gel-Polish-Supplier-4-600x600.webp 600w, https:\/\/www.fsyougel.com\/wp-content\/uploads\/2025\/09\/Disco-Diamond-Gel-Polish-Supplier-4-100x100.webp 100w\" sizes=\"(max-width: 1500px) 100vw, 1500px\" \/><\/figure>\n<\/div>\n<\/div>\n\n\n\n<div class=\"wp-block-columns is-layout-flex wp-container-core-columns-is-layout-9d6595d7 wp-block-columns-is-layout-flex\">\n<div class=\"wp-block-column is-layout-flow wp-block-column-is-layout-flow\">\n<figure class=\"wp-block-image size-full\"><img decoding=\"async\" width=\"1500\" height=\"900\" src=\"https:\/\/www.fsyougel.com\/wp-content\/uploads\/2025\/09\/Wholesale-Disco-Diamond-Gel-Polish-2.webp\" alt=\"Gro\u00dfhandel Disco Diamond Gel Polish (2)\" class=\"wp-image-1107\" srcset=\"https:\/\/www.fsyougel.com\/wp-content\/uploads\/2025\/09\/Wholesale-Disco-Diamond-Gel-Polish-2.webp 1500w, https:\/\/www.fsyougel.com\/wp-content\/uploads\/2025\/09\/Wholesale-Disco-Diamond-Gel-Polish-2-300x180.webp 300w, https:\/\/www.fsyougel.com\/wp-content\/uploads\/2025\/09\/Wholesale-Disco-Diamond-Gel-Polish-2-768x461.webp 768w, https:\/\/www.fsyougel.com\/wp-content\/uploads\/2025\/09\/Wholesale-Disco-Diamond-Gel-Polish-2-18x12.webp 18w, https:\/\/www.fsyougel.com\/wp-content\/uploads\/2025\/09\/Wholesale-Disco-Diamond-Gel-Polish-2-1200x720.webp 1200w, https:\/\/www.fsyougel.com\/wp-content\/uploads\/2025\/09\/Wholesale-Disco-Diamond-Gel-Polish-2-600x360.webp 600w\" sizes=\"(max-width: 1500px) 100vw, 1500px\" \/><\/figure>\n<\/div>\n<\/div>\n\n\n\n<figure class=\"wp-block-image size-full\"><img decoding=\"async\" width=\"1500\" height=\"540\" src=\"https:\/\/www.fsyougel.com\/wp-content\/uploads\/2025\/09\/Wholesale-Disco-Diamond-Gel-Polish-1.webp\" alt=\"Gro\u00dfhandel Disco Diamond Gel Polish (1)\" class=\"wp-image-1106\" srcset=\"https:\/\/www.fsyougel.com\/wp-content\/uploads\/2025\/09\/Wholesale-Disco-Diamond-Gel-Polish-1.webp 1500w, https:\/\/www.fsyougel.com\/wp-content\/uploads\/2025\/09\/Wholesale-Disco-Diamond-Gel-Polish-1-300x108.webp 300w, https:\/\/www.fsyougel.com\/wp-content\/uploads\/2025\/09\/Wholesale-Disco-Diamond-Gel-Polish-1-768x276.webp 768w, https:\/\/www.fsyougel.com\/wp-content\/uploads\/2025\/09\/Wholesale-Disco-Diamond-Gel-Polish-1-18x6.webp 18w, https:\/\/www.fsyougel.com\/wp-content\/uploads\/2025\/09\/Wholesale-Disco-Diamond-Gel-Polish-1-1200x432.webp 1200w, https:\/\/www.fsyougel.com\/wp-content\/uploads\/2025\/09\/Wholesale-Disco-Diamond-Gel-Polish-1-600x216.webp 600w\" sizes=\"(max-width: 1500px) 100vw, 1500px\" \/><\/figure>\n\n\n\n<p><\/p>","protected":false},"excerpt":{"rendered":"<p data-start=\"398\" data-end=\"682\">Willkommen zum Kauf, Gro\u00dfhandel Disco Diamant Gelpolitur Hersteller bietet 29 Flash-Farben, die wie gebrochene Diamanten auf N\u00e4geln aussehen. Funkelnd und auff\u00e4llig. Perfekt f\u00fcr Salons und kundenspezifische Branding. Gro\u00dfhandel Disco Diamant Gelpolitur mit lang anhaltenden Glanz und Premium-Qualit\u00e4t.<\/p>\n<table border=\"0\" width=\"854\" cellspacing=\"0\" cellpadding=\"0\">\n<tbody>\n<tr>\n<td class=\"et3\" width=\"257\" height=\"44\">Marke<\/td>\n<td class=\"et3\" width=\"597\">YouGel<\/td>\n<\/tr>\n<tr>\n<td class=\"et4\" width=\"257\" height=\"44\">Modellnummer<\/td>\n<td class=\"et4\" width=\"597\">DG01<\/td>\n<\/tr>\n<tr>\n<td class=\"et4\" width=\"257\" height=\"44\">Produkttyp<\/td>\n<td class=\"et4\" width=\"597\">UV\/LED-Gel-Politur zum Einweichen<\/td>\n<\/tr>\n<tr>\n<td class=\"et4\" width=\"257\" height=\"44\">Material<\/td>\n<td class=\"et4\" width=\"597\">Harz<\/td>\n<\/tr>\n<tr>\n<td class=\"et4\" width=\"257\" height=\"44\">Farbe<\/td>\n<td class=\"et4\" width=\"597\">29 Farben<\/td>\n<\/tr>\n<tr>\n<td class=\"et4\" width=\"257\" height=\"44\">Band<\/td>\n<td class=\"et4\" width=\"597\">15 ml<\/td>\n<\/tr>\n<tr>\n<td class=\"et4\" width=\"257\" height=\"44\">Sicherheit<\/td>\n<td class=\"et4\" width=\"597\">HEMA-frei, TPO-frei, ungiftig, MSDS verf\u00fcgbar<\/td>\n<\/tr>\n<tr>\n<td class=\"et4\" width=\"257\" height=\"44\">MOQ<\/td>\n<td class=\"et4\" width=\"597\">Niedriges MOQ<\/td>\n<\/tr>\n<tr>\n<td class=\"et4\" width=\"257\" height=\"44\">Kostenlose Probe<\/td>\n<td class=\"et4\" width=\"597\">Verf\u00fcgbar<\/td>\n<\/tr>\n<tr>\n<td class=\"et4\" width=\"257\" height=\"82\">Kundenspezifische Option<\/td>\n<td class=\"et4\" width=\"597\">OEM\/ODM-Dienste, kundenspezifische Logos, Etiketten und Verpackungen werden unterst\u00fctzt<\/td>\n<\/tr>\n<\/tbody>\n<\/table>\n<h2 class=\"brxe-heading\">Vom Gel Polish Hersteller<\/h2>\n<p><a href=\"https:\/\/www.fsyougel.com\/de\/\"><strong>YouGel<\/strong><\/a> ist ein vertrauensw\u00fcrdiger Hersteller von Gellacken, der hochwertige Gel-Basislacke anbietet, die f\u00fcr UV\/LED-N\u00e4gel geeignet sind. Unsere Produkte sind so konzipiert, dass sie sich problemlos auftragen lassen, lange halten und leicht einziehen.<\/p>","protected":false},"featured_media":1104,"comment_status":"closed","ping_status":"closed","template":"","meta":{"_acf_changed":false},"product_brand":[],"product_cat":[19],"product_tag":[],"class_list":{"0":"post-1096","1":"product","2":"type-product","3":"status-publish","4":"has-post-thumbnail","6":"product_cat-gel-polish-color-wholesale","8":"first","9":"instock","10":"shipping-taxable","11":"product-type-simple"},"acf":[],"_links":{"self":[{"href":"https:\/\/www.fsyougel.com\/de\/wp-json\/wp\/v2\/product\/1096","targetHints":{"allow":["GET"]}}],"collection":[{"href":"https:\/\/www.fsyougel.com\/de\/wp-json\/wp\/v2\/product"}],"about":[{"href":"https:\/\/www.fsyougel.com\/de\/wp-json\/wp\/v2\/types\/product"}],"replies":[{"embeddable":true,"href":"https:\/\/www.fsyougel.com\/de\/wp-json\/wp\/v2\/comments?post=1096"}],"wp:featuredmedia":[{"embeddable":true,"href":"https:\/\/www.fsyougel.com\/de\/wp-json\/wp\/v2\/media\/1104"}],"wp:attachment":[{"href":"https:\/\/www.fsyougel.com\/de\/wp-json\/wp\/v2\/media?parent=1096"}],"wp:term":[{"taxonomy":"product_brand","embeddable":true,"href":"https:\/\/www.fsyougel.com\/de\/wp-json\/wp\/v2\/product_brand?post=1096"},{"taxonomy":"product_cat","embeddable":true,"href":"https:\/\/www.fsyougel.com\/de\/wp-json\/wp\/v2\/product_cat?post=1096"},{"taxonomy":"product_tag","embeddable":true,"href":"https:\/\/www.fsyougel.com\/de\/wp-json\/wp\/v2\/product_tag?post=1096"}],"curies":[{"name":"wp","href":"https:\/\/api.w.org\/{rel}","templated":true}]}}