{"id":1144,"date":"2025-09-26T11:51:54","date_gmt":"2025-09-26T11:29:37","guid":{"rendered":"https:\/\/www.fsyougel.com\/?post_type=product&#038;p=1144"},"modified":"2025-10-16T04:00:24","modified_gmt":"2025-10-16T04:00:24","slug":"wholesale-abstract-gel-polish","status":"publish","type":"product","link":"https:\/\/www.fsyougel.com\/de\/produkt\/wholesale-abstract-gel-polish\/","title":{"rendered":"Gro\u00dfhandel abstrakte Gel-Lack Lieferanten | benutzerdefinierte Gel-Lack f\u00fcr Nagelkunst"},"content":{"rendered":"<div class=\"wp-block-columns is-layout-flex wp-container-core-columns-is-layout-9d6595d7 wp-block-columns-is-layout-flex\">\n<div class=\"wp-block-column is-layout-flow wp-block-column-is-layout-flow\">\n<h2 class=\"wp-block-heading\">Gro\u00dfhandel Abstrakt Gel Polnisch Features:<\/h2>\n\n\n\n<ul class=\"wp-block-list\">\n<li><strong>Mehrere Basisoptionen<\/strong>: Verf\u00fcgbar in <strong>Basis \/ Schwarz \/ Wei\u00df<\/strong>und bietet vielseitige Hintergr\u00fcnde f\u00fcr jede abstrakte Nailart.<\/li>\n\n\n\n<li><strong>Leicht aufzutragen<\/strong>: Tragen Sie das abstrakte Gel auf und zeichnen Sie dann die gew\u00fcnschten Buchstaben oder Motive - keine Sorge, wenn es nicht perfekt ist, das Gel verteilt sich ganz nat\u00fcrlich und sorgt f\u00fcr makellose Effekte.<\/li>\n\n\n\n<li><strong>Sicher und sanft<\/strong>: Unser <strong>Gro\u00dfhandel abstrakte Gelpolitur<\/strong> ist <strong>TPO-frei und HEMA-frei<\/strong>f\u00fcr empfindliche N\u00e4gel geeignet.<\/li>\n\n\n\n<li><strong>Strapazierf\u00e4hig &amp; Langlebig<\/strong>: Chip-resistente Formel mit lebhaftem Glanz sorgt f\u00fcr Ergebnisse in professioneller Qualit\u00e4t.<\/li>\n\n\n\n<li><strong>Kreative Nagelkunst<\/strong>: Perfekt f\u00fcr einzigartige abstrakte Nageldesigns, ideal f\u00fcr Salons, K\u00fcnstler und kundenspezifische Gro\u00dfauftr\u00e4ge.<\/li>\n\n\n\n<li><strong>OEM\/ODM-Dienstleistung<\/strong>: Kundenspezifisches Logo, Verpackung und Farbentwicklung f\u00fcr Gro\u00dfhandelskunden m\u00f6glich.<\/li>\n<\/ul>\n<\/div>\n\n\n\n<div class=\"wp-block-column is-layout-flow wp-block-column-is-layout-flow\">\n<figure class=\"wp-block-image size-full\"><img decoding=\"async\" width=\"1500\" height=\"1500\" src=\"https:\/\/www.fsyougel.com\/wp-content\/uploads\/2025\/09\/Wholesale-Abstract-Gel-Polish-Supplier-4.webp\" alt=\"Gro\u00dfhandel Abstraktes Gel Polish Lieferant (4)\" class=\"wp-image-1148\" srcset=\"https:\/\/www.fsyougel.com\/wp-content\/uploads\/2025\/09\/Wholesale-Abstract-Gel-Polish-Supplier-4.webp 1500w, https:\/\/www.fsyougel.com\/wp-content\/uploads\/2025\/09\/Wholesale-Abstract-Gel-Polish-Supplier-4-300x300.webp 300w, https:\/\/www.fsyougel.com\/wp-content\/uploads\/2025\/09\/Wholesale-Abstract-Gel-Polish-Supplier-4-150x150.webp 150w, https:\/\/www.fsyougel.com\/wp-content\/uploads\/2025\/09\/Wholesale-Abstract-Gel-Polish-Supplier-4-768x768.webp 768w, https:\/\/www.fsyougel.com\/wp-content\/uploads\/2025\/09\/Wholesale-Abstract-Gel-Polish-Supplier-4-12x12.webp 12w, https:\/\/www.fsyougel.com\/wp-content\/uploads\/2025\/09\/Wholesale-Abstract-Gel-Polish-Supplier-4-1200x1200.webp 1200w, https:\/\/www.fsyougel.com\/wp-content\/uploads\/2025\/09\/Wholesale-Abstract-Gel-Polish-Supplier-4-600x600.webp 600w, https:\/\/www.fsyougel.com\/wp-content\/uploads\/2025\/09\/Wholesale-Abstract-Gel-Polish-Supplier-4-100x100.webp 100w\" sizes=\"(max-width: 1500px) 100vw, 1500px\" \/><\/figure>\n<\/div>\n<\/div>\n\n\n\n<div class=\"wp-block-columns is-layout-flex wp-container-core-columns-is-layout-9d6595d7 wp-block-columns-is-layout-flex\">\n<div class=\"wp-block-column is-layout-flow wp-block-column-is-layout-flow\">\n<figure class=\"wp-block-image size-full\"><img decoding=\"async\" width=\"1500\" height=\"1500\" src=\"https:\/\/www.fsyougel.com\/wp-content\/uploads\/2025\/09\/Wholesale-Abstract-Gel-Polish-Supplier-6.webp\" alt=\"Gro\u00dfhandel Abstraktes Gel Polish Lieferant (6)\" class=\"wp-image-1150\" srcset=\"https:\/\/www.fsyougel.com\/wp-content\/uploads\/2025\/09\/Wholesale-Abstract-Gel-Polish-Supplier-6.webp 1500w, https:\/\/www.fsyougel.com\/wp-content\/uploads\/2025\/09\/Wholesale-Abstract-Gel-Polish-Supplier-6-300x300.webp 300w, https:\/\/www.fsyougel.com\/wp-content\/uploads\/2025\/09\/Wholesale-Abstract-Gel-Polish-Supplier-6-150x150.webp 150w, https:\/\/www.fsyougel.com\/wp-content\/uploads\/2025\/09\/Wholesale-Abstract-Gel-Polish-Supplier-6-768x768.webp 768w, https:\/\/www.fsyougel.com\/wp-content\/uploads\/2025\/09\/Wholesale-Abstract-Gel-Polish-Supplier-6-12x12.webp 12w, https:\/\/www.fsyougel.com\/wp-content\/uploads\/2025\/09\/Wholesale-Abstract-Gel-Polish-Supplier-6-1200x1200.webp 1200w, https:\/\/www.fsyougel.com\/wp-content\/uploads\/2025\/09\/Wholesale-Abstract-Gel-Polish-Supplier-6-600x600.webp 600w, https:\/\/www.fsyougel.com\/wp-content\/uploads\/2025\/09\/Wholesale-Abstract-Gel-Polish-Supplier-6-100x100.webp 100w\" sizes=\"(max-width: 1500px) 100vw, 1500px\" \/><\/figure>\n<\/div>\n\n\n\n<div class=\"wp-block-column is-layout-flow wp-block-column-is-layout-flow\">\n<figure class=\"wp-block-image size-full\"><img decoding=\"async\" width=\"1500\" height=\"1500\" src=\"https:\/\/www.fsyougel.com\/wp-content\/uploads\/2025\/09\/Wholesale-Abstract-Gel-Polish-Supplier-5.webp\" alt=\"Gro\u00dfhandel Abstraktes Gel Polish Lieferant (5)\" class=\"wp-image-1149\" srcset=\"https:\/\/www.fsyougel.com\/wp-content\/uploads\/2025\/09\/Wholesale-Abstract-Gel-Polish-Supplier-5.webp 1500w, https:\/\/www.fsyougel.com\/wp-content\/uploads\/2025\/09\/Wholesale-Abstract-Gel-Polish-Supplier-5-300x300.webp 300w, https:\/\/www.fsyougel.com\/wp-content\/uploads\/2025\/09\/Wholesale-Abstract-Gel-Polish-Supplier-5-150x150.webp 150w, https:\/\/www.fsyougel.com\/wp-content\/uploads\/2025\/09\/Wholesale-Abstract-Gel-Polish-Supplier-5-768x768.webp 768w, https:\/\/www.fsyougel.com\/wp-content\/uploads\/2025\/09\/Wholesale-Abstract-Gel-Polish-Supplier-5-12x12.webp 12w, https:\/\/www.fsyougel.com\/wp-content\/uploads\/2025\/09\/Wholesale-Abstract-Gel-Polish-Supplier-5-1200x1200.webp 1200w, https:\/\/www.fsyougel.com\/wp-content\/uploads\/2025\/09\/Wholesale-Abstract-Gel-Polish-Supplier-5-600x600.webp 600w, https:\/\/www.fsyougel.com\/wp-content\/uploads\/2025\/09\/Wholesale-Abstract-Gel-Polish-Supplier-5-100x100.webp 100w\" sizes=\"(max-width: 1500px) 100vw, 1500px\" \/><\/figure>\n<\/div>\n<\/div>\n\n\n\n<p><\/p>","protected":false},"excerpt":{"rendered":"<p>Willkommen in unserer abstrakten Gelpoliermittel-Kollektion f\u00fcr den Gro\u00dfhandel mit Optionen f\u00fcr Base, Schwarz und Wei\u00df. Einfach auftragen und zeichnen - Ihre Entw\u00fcrfe verbreiten sich auf nat\u00fcrliche Weise zu atemberaubenden Effekten. Sichere TPO- und HEMA-freie Formel, perfekt f\u00fcr Salons, Gro\u00dfbestellungen und individuelles Branding.<\/p>\n<table border=\"0\" width=\"854\" cellspacing=\"0\" cellpadding=\"0\">\n<tbody>\n<tr>\n<td width=\"257\" height=\"44\">Marke<\/td>\n<td width=\"597\">YouGel<\/td>\n<\/tr>\n<tr>\n<td width=\"257\" height=\"44\">Produkttyp<\/td>\n<td width=\"597\">Eintauchende UV\/LED<\/td>\n<\/tr>\n<tr>\n<td width=\"257\" height=\"44\">Material<\/td>\n<td width=\"597\">Harz<\/td>\n<\/tr>\n<tr>\n<td width=\"257\" height=\"44\">Farbe<\/td>\n<td width=\"597\">Basis, Schwarz und Wei\u00df<\/td>\n<\/tr>\n<tr>\n<td width=\"257\" height=\"44\">Band<\/td>\n<td width=\"597\">15ml<\/td>\n<\/tr>\n<tr>\n<td width=\"257\" height=\"44\">Sicherheit<\/td>\n<td width=\"597\"><strong>HEMA-frei<\/strong>, <strong>TPO-frei, <\/strong>Ungiftig, MSDS verf\u00fcgbar<\/td>\n<\/tr>\n<tr>\n<td width=\"257\" height=\"44\">MOQ<\/td>\n<td width=\"597\">Niedriges MOQ<\/td>\n<\/tr>\n<tr>\n<td width=\"257\" height=\"44\">Kostenlose Probe<\/td>\n<td width=\"597\">Verf\u00fcgbar<\/td>\n<\/tr>\n<tr>\n<td width=\"257\" height=\"82\">Kundenspezifische Option<\/td>\n<td width=\"597\">OEM\/ODM-Dienste, kundenspezifische Logos, Etiketten und Verpackungen werden unterst\u00fctzt<\/td>\n<\/tr>\n<\/tbody>\n<\/table>\n<h3 class=\"brxe-heading\">Vom Nagellackhersteller<\/h3>\n<p><a href=\"https:\/\/www.fsyougel.com\/de\/\"><strong>YouGel<\/strong><\/a> ist ein High-Tech-Nagellackhersteller, der <a href=\"https:\/\/www.fsyougel.com\/de\/wholesale-gel-polish\/\"><strong>Gro\u00dfhandel<\/strong><\/a>, <a href=\"https:\/\/www.fsyougel.com\/de\/private-label-gel-polish\/\"><strong>Eigenmarke<\/strong><\/a>und<a href=\"https:\/\/www.fsyougel.com\/de\/custom-gel-polish\/\"><strong> OEM\/ODM-Dienstleistungen<\/strong><\/a>. W\u00e4hlen Sie aus <strong>10.000+ HEMA-freie, TPO-freie, vegane und grausamkeitsfreie Farben<\/strong> Entwickelt f\u00fcr reibungsloses Auftragen, lange Haltbarkeit und leichtes Einweichen.<\/p>","protected":false},"featured_media":1147,"comment_status":"closed","ping_status":"closed","template":"","meta":{"_acf_changed":false},"product_brand":[],"product_cat":[24,27],"product_tag":[],"class_list":{"0":"post-1144","1":"product","2":"type-product","3":"status-publish","4":"has-post-thumbnail","6":"product_cat-wholesale-nail-art-gel","7":"product_cat-new-gel-polish-collection","9":"first","10":"instock","11":"shipping-taxable","12":"product-type-simple"},"acf":[],"_links":{"self":[{"href":"https:\/\/www.fsyougel.com\/de\/wp-json\/wp\/v2\/product\/1144","targetHints":{"allow":["GET"]}}],"collection":[{"href":"https:\/\/www.fsyougel.com\/de\/wp-json\/wp\/v2\/product"}],"about":[{"href":"https:\/\/www.fsyougel.com\/de\/wp-json\/wp\/v2\/types\/product"}],"replies":[{"embeddable":true,"href":"https:\/\/www.fsyougel.com\/de\/wp-json\/wp\/v2\/comments?post=1144"}],"wp:featuredmedia":[{"embeddable":true,"href":"https:\/\/www.fsyougel.com\/de\/wp-json\/wp\/v2\/media\/1147"}],"wp:attachment":[{"href":"https:\/\/www.fsyougel.com\/de\/wp-json\/wp\/v2\/media?parent=1144"}],"wp:term":[{"taxonomy":"product_brand","embeddable":true,"href":"https:\/\/www.fsyougel.com\/de\/wp-json\/wp\/v2\/product_brand?post=1144"},{"taxonomy":"product_cat","embeddable":true,"href":"https:\/\/www.fsyougel.com\/de\/wp-json\/wp\/v2\/product_cat?post=1144"},{"taxonomy":"product_tag","embeddable":true,"href":"https:\/\/www.fsyougel.com\/de\/wp-json\/wp\/v2\/product_tag?post=1144"}],"curies":[{"name":"wp","href":"https:\/\/api.w.org\/{rel}","templated":true}]}}