{"id":1155,"date":"2025-09-26T02:47:48","date_gmt":"2025-09-26T02:47:48","guid":{"rendered":"https:\/\/www.fsyougel.com\/?post_type=product&#038;p=1155"},"modified":"2025-10-24T08:49:50","modified_gmt":"2025-10-24T08:49:50","slug":"wholesale-gel-nail-polish-colors-2025","status":"publish","type":"product","link":"https:\/\/www.fsyougel.com\/de\/produkt\/wholesale-gel-nail-polish-colors-2025\/","title":{"rendered":"Gro\u00dfhandel Gel-Nagellack Farben 2025, neue Herbst-Serie Gel-Lack Hersteller"},"content":{"rendered":"<div class=\"wp-block-columns is-layout-flex wp-container-core-columns-is-layout-9d6595d7 wp-block-columns-is-layout-flex\">\n<div class=\"wp-block-column is-layout-flow wp-block-column-is-layout-flow\">\n<h2 class=\"wp-block-heading\">Gro\u00dfhandel Gel-Nagellack Farben Eigenschaften:<\/h2>\n\n\n\n<ul class=\"wp-block-list\">\n<li><strong>Neueste Trendy 2025 Herbst Kollektion:<\/strong> Seien Sie auf dem Laufenden mit unseren Gro\u00dfhandels-Gel-Nagellack-Farben 2025, die den neuesten Trends bei Gel-Lacken f\u00fcr den Herbst entsprechen. Die Kollektion umfasst die elegante Caramel Latte, die verspielte Lavender Series und die satte Indigo Series, die entsprechend der saisonalen Nachfrage entwickelt wurden.<\/li>\n\n\n\n<li><strong>Auswahl an Oberfl\u00e4chen:<\/strong> Gro\u00dfhandels-Gelpolitur ist in einer Auswahl gl\u00e4nzender und glatter Oberfl\u00e4chen erh\u00e4ltlich, um Salons und H\u00e4ndlern die M\u00f6glichkeit zu geben, auf unterschiedliche Kundenw\u00fcnsche einzugehen und ihre Produktpalette zu erg\u00e4nzen.<\/li>\n\n\n\n<li><strong>Professionelle Formulierung<\/strong>: Gemischt f\u00fcr einfaches Auftragen und langanhaltende Haltbarkeit, mit der Sicherheit von Salonqualit\u00e4t durch hohe Farb- und Abriebfestigkeit.<\/li>\n\n\n\n<li><strong>Sicher und umweltfreundlich: HEMA &amp; TPO FREI<\/strong> Formulierung, die das Auftreten von allergischen Reaktionen und Reizungen reduziert. Am besten geeignet f\u00fcr die Verwendung in M\u00e4rkten mit strengen Sicherheitsvorschriften und umweltfreundlichen Nagelprodukten als oberste Priorit\u00e4t.<\/li>\n\n\n\n<li><strong>OEM\/ODM-Anpassung: <\/strong>Kostenlose Unterst\u00fctzung f\u00fcr Private Labeling, personalisierte Verpackungen und ma\u00dfgeschneiderte Farbentwicklung, um Ihr Unternehmen in der hart umk\u00e4mpften Nagelpflegebranche hervorzuheben.<\/li>\n\n\n\n<li><strong>Bulk &amp; Gro\u00dfhandel Vorteil: <\/strong>Die Massenproduktion garantiert eine einheitliche Qualit\u00e4t, eine gesicherte Versorgung und wettbewerbsf\u00e4hige Preise - die ideale Wahl f\u00fcr globale Distributoren, Gro\u00dfh\u00e4ndler und professionelle Friseurketten.<\/li>\n<\/ul>\n<\/div>\n\n\n\n<div class=\"wp-block-column is-layout-flow wp-block-column-is-layout-flow\">\n<figure class=\"wp-block-image size-full\"><img decoding=\"async\" width=\"1500\" height=\"1500\" src=\"https:\/\/www.fsyougel.com\/wp-content\/uploads\/2025\/09\/Wholesale-Gel-Nail-Polish-Colors-2025-2.webp\" alt=\"Gro\u00dfhandel Gel-Nagellack Farben 2025 (2)\" class=\"wp-image-1157\" srcset=\"https:\/\/www.fsyougel.com\/wp-content\/uploads\/2025\/09\/Wholesale-Gel-Nail-Polish-Colors-2025-2.webp 1500w, https:\/\/www.fsyougel.com\/wp-content\/uploads\/2025\/09\/Wholesale-Gel-Nail-Polish-Colors-2025-2-300x300.webp 300w, https:\/\/www.fsyougel.com\/wp-content\/uploads\/2025\/09\/Wholesale-Gel-Nail-Polish-Colors-2025-2-150x150.webp 150w, https:\/\/www.fsyougel.com\/wp-content\/uploads\/2025\/09\/Wholesale-Gel-Nail-Polish-Colors-2025-2-768x768.webp 768w, https:\/\/www.fsyougel.com\/wp-content\/uploads\/2025\/09\/Wholesale-Gel-Nail-Polish-Colors-2025-2-12x12.webp 12w, https:\/\/www.fsyougel.com\/wp-content\/uploads\/2025\/09\/Wholesale-Gel-Nail-Polish-Colors-2025-2-1200x1200.webp 1200w, https:\/\/www.fsyougel.com\/wp-content\/uploads\/2025\/09\/Wholesale-Gel-Nail-Polish-Colors-2025-2-600x600.webp 600w, https:\/\/www.fsyougel.com\/wp-content\/uploads\/2025\/09\/Wholesale-Gel-Nail-Polish-Colors-2025-2-100x100.webp 100w\" sizes=\"(max-width: 1500px) 100vw, 1500px\" \/><\/figure>\n<\/div>\n<\/div>","protected":false},"excerpt":{"rendered":"<p>Entdecken Sie unsere Gro\u00dfhandels-Gel-Nagellack-Farben 2025 in den neuesten Herbst-Gel-Lack-Farben-Caramel Latte, Lavender und Indigo Series. Erh\u00e4ltlich in gl\u00e4nzenden oder matten Effekt, HEMA &amp; TPO FREE Formel gew\u00e4hrleistet eine sichere Anwendung. Kontaktieren Sie uns jetzt f\u00fcr OEM\/ODM und kostenlose Muster!<\/p>\n<table border=\"0\" width=\"854\" cellspacing=\"0\" cellpadding=\"0\">\n<tbody>\n<tr>\n<td width=\"257\" height=\"44\">Marke<\/td>\n<td width=\"597\">YouGel<\/td>\n<\/tr>\n<tr>\n<td width=\"257\" height=\"44\">Produkttyp<\/td>\n<td width=\"597\">Eintauchende UV\/LED<\/td>\n<\/tr>\n<tr>\n<td width=\"257\" height=\"44\">Material<\/td>\n<td width=\"597\">Harz<\/td>\n<\/tr>\n<tr>\n<td width=\"257\" height=\"44\">Farbe<\/td>\n<td width=\"597\">Karamell-Latte\/Lavendel-Serie\/Indigo-Serie<\/td>\n<\/tr>\n<tr>\n<td width=\"257\" height=\"44\">Band<\/td>\n<td width=\"597\">15ml, 1kg<\/td>\n<\/tr>\n<tr>\n<td width=\"257\" height=\"44\">Sicherheit<\/td>\n<td width=\"597\">HEMA-frei, TPO-frei, ungiftig, MSDS verf\u00fcgbar<\/td>\n<\/tr>\n<tr>\n<td width=\"257\" height=\"44\">MOQ<\/td>\n<td width=\"597\">Niedriges MOQ<\/td>\n<\/tr>\n<tr>\n<td width=\"257\" height=\"44\">Kostenlose Probe<\/td>\n<td width=\"597\">Verf\u00fcgbar<\/td>\n<\/tr>\n<tr>\n<td width=\"257\" height=\"82\">Kundenspezifische Option<\/td>\n<td width=\"597\">OEM\/ODM-Dienste, kundenspezifische Logos, Etiketten und Verpackungen werden unterst\u00fctzt<\/td>\n<\/tr>\n<\/tbody>\n<\/table>\n<h2 class=\"brxe-heading\">Vom Gel Polish Hersteller<\/h2>\n<p><a href=\"https:\/\/www.fsyougel.com\/de\/\"><strong>YouGel<\/strong><\/a> ist ein vertrauensw\u00fcrdiger Hersteller von Gellacken, der hochwertige Gel-Basislacke anbietet, die f\u00fcr UV\/LED-N\u00e4gel geeignet sind. Unsere Produkte sind so konzipiert, dass sie sich problemlos auftragen lassen, lange halten und leicht einziehen.<\/p>","protected":false},"featured_media":1158,"comment_status":"closed","ping_status":"closed","template":"","meta":{"_acf_changed":false},"product_brand":[],"product_cat":[19,27],"product_tag":[],"class_list":{"0":"post-1155","1":"product","2":"type-product","3":"status-publish","4":"has-post-thumbnail","6":"product_cat-gel-polish-color-wholesale","7":"product_cat-new-gel-polish-collection","9":"first","10":"instock","11":"shipping-taxable","12":"product-type-simple"},"acf":[],"_links":{"self":[{"href":"https:\/\/www.fsyougel.com\/de\/wp-json\/wp\/v2\/product\/1155","targetHints":{"allow":["GET"]}}],"collection":[{"href":"https:\/\/www.fsyougel.com\/de\/wp-json\/wp\/v2\/product"}],"about":[{"href":"https:\/\/www.fsyougel.com\/de\/wp-json\/wp\/v2\/types\/product"}],"replies":[{"embeddable":true,"href":"https:\/\/www.fsyougel.com\/de\/wp-json\/wp\/v2\/comments?post=1155"}],"wp:featuredmedia":[{"embeddable":true,"href":"https:\/\/www.fsyougel.com\/de\/wp-json\/wp\/v2\/media\/1158"}],"wp:attachment":[{"href":"https:\/\/www.fsyougel.com\/de\/wp-json\/wp\/v2\/media?parent=1155"}],"wp:term":[{"taxonomy":"product_brand","embeddable":true,"href":"https:\/\/www.fsyougel.com\/de\/wp-json\/wp\/v2\/product_brand?post=1155"},{"taxonomy":"product_cat","embeddable":true,"href":"https:\/\/www.fsyougel.com\/de\/wp-json\/wp\/v2\/product_cat?post=1155"},{"taxonomy":"product_tag","embeddable":true,"href":"https:\/\/www.fsyougel.com\/de\/wp-json\/wp\/v2\/product_tag?post=1155"}],"curies":[{"name":"wp","href":"https:\/\/api.w.org\/{rel}","templated":true}]}}