{"id":1161,"date":"2025-09-26T06:23:54","date_gmt":"2025-09-26T06:23:54","guid":{"rendered":"https:\/\/www.fsyougel.com\/?post_type=product&#038;p=1161"},"modified":"2025-09-27T06:27:12","modified_gmt":"2025-09-27T06:27:12","slug":"platinum-diamond-gel-nail-polish-bulk","status":"publish","type":"product","link":"https:\/\/www.fsyougel.com\/de\/produkt\/platinum-diamond-gel-nail-polish-bulk\/","title":{"rendered":"Platinum Diamond Gel-Nagellack Bulk, 24 Farben TPO-Free Gel-Lack f\u00fcr Weihnachten Sammlung"},"content":{"rendered":"<div class=\"wp-block-columns is-layout-flex wp-container-core-columns-is-layout-9d6595d7 wp-block-columns-is-layout-flex\">\n<div class=\"wp-block-column is-layout-flow wp-block-column-is-layout-flow\">\n<h2 class=\"wp-block-heading\">Platinum Diamond Gel-Nagellack Eigenschaften:<\/h2>\n\n\n\n<ul class=\"wp-block-list\">\n<li><strong>Platinum Diamond Gel-Nagellack Bulk:<\/strong> Dieses Set mit 24 sch\u00f6nen Farben ist ideal f\u00fcr professionelle Salons und Gro\u00dfh\u00e4ndler.<\/li>\n\n\n\n<li><strong>Festliche weihnachtliche Eleganz:<\/strong> Verleihen Sie Ihren Fingerspitzen Weihnachtsstimmung! In dieser Saison ist unser Platin-Diamant-Gel-Nagellack in klassischen Weihnachtsglamour geh\u00fcllt - schimmernde Rott\u00f6ne, tiefes Waldgr\u00fcn und ein Hauch von goldenem Glitter.<\/li>\n\n\n\n<li><strong>Mehrzwecknutzung:<\/strong> Perfekt, um Ihre Party-Looks zu vervollst\u00e4ndigen, Manik\u00fcren in Salonqualit\u00e4t zu kreieren oder einen Hauch von Urlaubsglamour zu verleihen.<\/li>\n\n\n\n<li><strong>Sanfte und sichere Formel: <\/strong>Platin-Diamantgel mit HEMA- und TPO-freier Formulierung, die eine sicherere Anwendung mit weniger Reizungen erm\u00f6glicht - ideal f\u00fcr empfindliche N\u00e4gel.<\/li>\n\n\n\n<li><strong>Massenware und OEM\/ODM-Service:<\/strong> Yougel ist in Gro\u00dfpackungen mit eigenem Branding und saisonaler Anpassung der Kollektion erh\u00e4ltlich.<\/li>\n\n\n\n<li><strong>Professionelles Finish<\/strong>: Langanhaltender Glanz, seidenweicher Auftrag und Widerstandsf\u00e4higkeit gegen Absplittern machen ihn zur perfekten Wahl f\u00fcr Weihnachtsgeschenke.<\/li>\n<\/ul>\n<\/div>\n\n\n\n<div class=\"wp-block-column is-layout-flow wp-block-column-is-layout-flow\">\n<figure class=\"wp-block-image size-full\"><img decoding=\"async\" width=\"5500\" height=\"4640\" src=\"https:\/\/www.fsyougel.com\/wp-content\/uploads\/2025\/09\/Platinum-Diamond-Gel-Nail-Polish-Bulk-1.webp\" alt=\"Platinum Diamond Gel Nagellack Bulk (1)\" class=\"wp-image-1162\" srcset=\"https:\/\/www.fsyougel.com\/wp-content\/uploads\/2025\/09\/Platinum-Diamond-Gel-Nail-Polish-Bulk-1.webp 5500w, https:\/\/www.fsyougel.com\/wp-content\/uploads\/2025\/09\/Platinum-Diamond-Gel-Nail-Polish-Bulk-1-300x253.webp 300w, https:\/\/www.fsyougel.com\/wp-content\/uploads\/2025\/09\/Platinum-Diamond-Gel-Nail-Polish-Bulk-1-768x648.webp 768w, https:\/\/www.fsyougel.com\/wp-content\/uploads\/2025\/09\/Platinum-Diamond-Gel-Nail-Polish-Bulk-1-14x12.webp 14w, https:\/\/www.fsyougel.com\/wp-content\/uploads\/2025\/09\/Platinum-Diamond-Gel-Nail-Polish-Bulk-1-1200x1012.webp 1200w, https:\/\/www.fsyougel.com\/wp-content\/uploads\/2025\/09\/Platinum-Diamond-Gel-Nail-Polish-Bulk-1-600x506.webp 600w\" sizes=\"(max-width: 5500px) 100vw, 5500px\" \/><\/figure>\n<\/div>\n<\/div>\n\n\n\n<div class=\"wp-block-columns is-layout-flex wp-container-core-columns-is-layout-9d6595d7 wp-block-columns-is-layout-flex\">\n<div class=\"wp-block-column is-layout-flow wp-block-column-is-layout-flow\"><\/div>\n<\/div>\n\n\n\n<figure class=\"wp-block-image size-full\"><img decoding=\"async\" width=\"5500\" height=\"4640\" src=\"https:\/\/www.fsyougel.com\/wp-content\/uploads\/2025\/09\/Platinum-Diamond-Gel-Nail-Polish-Bulk-3.webp\" alt=\"Platin Diamant-Gel-Nagellack Bulk (3)\" class=\"wp-image-1164\" srcset=\"https:\/\/www.fsyougel.com\/wp-content\/uploads\/2025\/09\/Platinum-Diamond-Gel-Nail-Polish-Bulk-3.webp 5500w, https:\/\/www.fsyougel.com\/wp-content\/uploads\/2025\/09\/Platinum-Diamond-Gel-Nail-Polish-Bulk-3-300x253.webp 300w, https:\/\/www.fsyougel.com\/wp-content\/uploads\/2025\/09\/Platinum-Diamond-Gel-Nail-Polish-Bulk-3-768x648.webp 768w, https:\/\/www.fsyougel.com\/wp-content\/uploads\/2025\/09\/Platinum-Diamond-Gel-Nail-Polish-Bulk-3-14x12.webp 14w, https:\/\/www.fsyougel.com\/wp-content\/uploads\/2025\/09\/Platinum-Diamond-Gel-Nail-Polish-Bulk-3-1200x1012.webp 1200w, https:\/\/www.fsyougel.com\/wp-content\/uploads\/2025\/09\/Platinum-Diamond-Gel-Nail-Polish-Bulk-3-600x506.webp 600w\" sizes=\"(max-width: 5500px) 100vw, 5500px\" \/><\/figure>","protected":false},"excerpt":{"rendered":"<p data-start=\"398\" data-end=\"682\">Feiern Sie Weihnachten mit unserem Platin-Diamant-Gel-Nagellack mit 24 festlichen Farben - funkelnde Rott\u00f6ne, Gr\u00fcnt\u00f6ne und Goldglitter. HEMA- und TPO-freie, sichere Formel. Kontaktieren Sie uns noch heute f\u00fcr OEM\/ODM-Service und fordern Sie Ihre kostenlosen Muster an!<\/p>\n<table border=\"0\" width=\"854\" cellspacing=\"0\" cellpadding=\"0\">\n<tbody>\n<tr>\n<td width=\"257\" height=\"44\">Marke<\/td>\n<td width=\"597\">YouGel<\/td>\n<\/tr>\n<tr>\n<td width=\"257\" height=\"44\">Produkttyp<\/td>\n<td width=\"597\">Eintauchende UV\/LED<\/td>\n<\/tr>\n<tr>\n<td width=\"257\" height=\"44\">Material<\/td>\n<td width=\"597\">Harz<\/td>\n<\/tr>\n<tr>\n<td width=\"257\" height=\"44\">Farbe<\/td>\n<td width=\"597\">24 Farben<\/td>\n<\/tr>\n<tr>\n<td width=\"257\" height=\"44\">Band<\/td>\n<td width=\"597\">15ml, 1kg<\/td>\n<\/tr>\n<tr>\n<td width=\"257\" height=\"44\">Sicherheit<\/td>\n<td width=\"597\">TPO-frei, HEMA-frei, ungiftig, MSDS verf\u00fcgbar<\/td>\n<\/tr>\n<tr>\n<td width=\"257\" height=\"44\">MOQ<\/td>\n<td width=\"597\">Niedriges MOQ<\/td>\n<\/tr>\n<tr>\n<td width=\"257\" height=\"44\">Kostenlose Probe<\/td>\n<td width=\"597\">Verf\u00fcgbar<\/td>\n<\/tr>\n<tr>\n<td width=\"257\" height=\"82\">Kundenspezifische Option<\/td>\n<td width=\"597\">OEM\/ODM-Dienste, kundenspezifische Logos, Etiketten und Verpackungen werden unterst\u00fctzt<\/td>\n<\/tr>\n<\/tbody>\n<\/table>\n<h2 class=\"brxe-heading\">Vom Gel Polish Hersteller<\/h2>\n<p><a href=\"https:\/\/www.fsyougel.com\/de\/\"><strong>YouGel<\/strong><\/a> ist ein vertrauensw\u00fcrdiger Hersteller von Gellacken, der hochwertige Gel-Basislacke anbietet, die f\u00fcr UV\/LED-N\u00e4gel geeignet sind. Unsere Produkte sind so konzipiert, dass sie sich problemlos auftragen lassen, lange halten und leicht einziehen.<\/p>","protected":false},"featured_media":1163,"comment_status":"closed","ping_status":"closed","template":"","meta":{"_acf_changed":false},"product_brand":[],"product_cat":[19,27],"product_tag":[],"class_list":{"0":"post-1161","1":"product","2":"type-product","3":"status-publish","4":"has-post-thumbnail","6":"product_cat-gel-polish-color-wholesale","7":"product_cat-new-gel-polish-collection","9":"first","10":"instock","11":"shipping-taxable","12":"product-type-simple"},"acf":[],"_links":{"self":[{"href":"https:\/\/www.fsyougel.com\/de\/wp-json\/wp\/v2\/product\/1161","targetHints":{"allow":["GET"]}}],"collection":[{"href":"https:\/\/www.fsyougel.com\/de\/wp-json\/wp\/v2\/product"}],"about":[{"href":"https:\/\/www.fsyougel.com\/de\/wp-json\/wp\/v2\/types\/product"}],"replies":[{"embeddable":true,"href":"https:\/\/www.fsyougel.com\/de\/wp-json\/wp\/v2\/comments?post=1161"}],"wp:featuredmedia":[{"embeddable":true,"href":"https:\/\/www.fsyougel.com\/de\/wp-json\/wp\/v2\/media\/1163"}],"wp:attachment":[{"href":"https:\/\/www.fsyougel.com\/de\/wp-json\/wp\/v2\/media?parent=1161"}],"wp:term":[{"taxonomy":"product_brand","embeddable":true,"href":"https:\/\/www.fsyougel.com\/de\/wp-json\/wp\/v2\/product_brand?post=1161"},{"taxonomy":"product_cat","embeddable":true,"href":"https:\/\/www.fsyougel.com\/de\/wp-json\/wp\/v2\/product_cat?post=1161"},{"taxonomy":"product_tag","embeddable":true,"href":"https:\/\/www.fsyougel.com\/de\/wp-json\/wp\/v2\/product_tag?post=1161"}],"curies":[{"name":"wp","href":"https:\/\/api.w.org\/{rel}","templated":true}]}}