{"id":1217,"date":"2025-10-24T08:26:09","date_gmt":"2025-10-24T08:26:09","guid":{"rendered":"https:\/\/www.fsyougel.com\/?post_type=product&#038;p=1217"},"modified":"2025-10-24T08:46:42","modified_gmt":"2025-10-24T08:46:42","slug":"seashell-top-coat-nail-supply","status":"publish","type":"product","link":"https:\/\/www.fsyougel.com\/de\/produkt\/seashell-top-coat-nail-supply\/","title":{"rendered":"Seashell Top Coat Nail Supply, HEMA-frei, TPO-frei Gel Top Coat Factory"},"content":{"rendered":"<div class=\"wp-block-columns is-layout-flex wp-container-core-columns-is-layout-9d6595d7 wp-block-columns-is-layout-flex\">\n<div class=\"wp-block-column is-layout-flow wp-block-column-is-layout-flow\">\n<h2 class=\"wp-block-heading\">Seashell Top Coat Nail Supply Eigenschaften:<\/h2>\n\n\n\n<ul class=\"wp-block-list\">\n<li><strong>Muschelschillernde Oberfl\u00e4che:<\/strong> Erzeugt einen einzigartigen, perlmuttartigen Schimmer, der jede Gellackfarbe aufwertet und einen luxuri\u00f6sen und trendigen Look f\u00fcr hochwertige Manik\u00fcren bietet.<\/li>\n\n\n\n<li><strong>HEMA- und TPO-freie Formel:<\/strong> Diese auf Sicherheit und Komfort ausgelegte Formulierung minimiert allergische Reaktionen und ist selbst bei empfindlicher Haut sanft.<\/li>\n\n\n\n<li><strong>Hochglanz und Kratzfestigkeit:<\/strong> Sorgt f\u00fcr einen glas\u00e4hnlichen Glanz, der wochenlang anh\u00e4lt und Kratzern, Verblassen und Vergilben widersteht.<\/li>\n\n\n\n<li><strong>Schnelle Aush\u00e4rtung und reibungslose Anwendung:<\/strong> Funktioniert nahtlos mit allen LED\/UV-Systemen und bietet eine glatte, selbstnivellierende Textur f\u00fcr schnelle professionelle Ergebnisse.<\/li>\n\n\n\n<li><strong>Dauerhafte Schutzschicht:<\/strong> Versiegelt die Farbe, verhindert das Absplittern und verl\u00e4ngert die Lebensdauer der Manik\u00fcre, wodurch es ideal f\u00fcr den Einsatz im Salon und im Einzelhandel ist.<\/li>\n\n\n\n<li><strong>OEM\/ODM-Unterst\u00fctzung:<\/strong> Als Fachmann <strong>Muschel-Decklack Nagelzubeh\u00f6r<\/strong> Hersteller bieten wir die Anpassung von Eigenmarken, einen kostenlosen Designservice und flexible Mindestabnahmemengen, damit sich Ihre Marke von anderen abheben kann.<\/li>\n<\/ul>\n<\/div>\n\n\n\n<div class=\"wp-block-column is-layout-flow wp-block-column-is-layout-flow\">\n<figure class=\"wp-block-image size-full\"><img decoding=\"async\" width=\"1500\" height=\"1500\" src=\"https:\/\/www.fsyougel.com\/wp-content\/uploads\/2025\/10\/Seashell-Top-Coat-Nail-Supply-1.webp\" alt=\"Seashell Top Coat Nagelzubeh\u00f6r (1)\" class=\"wp-image-1218\" srcset=\"https:\/\/www.fsyougel.com\/wp-content\/uploads\/2025\/10\/Seashell-Top-Coat-Nail-Supply-1.webp 1500w, https:\/\/www.fsyougel.com\/wp-content\/uploads\/2025\/10\/Seashell-Top-Coat-Nail-Supply-1-300x300.webp 300w, https:\/\/www.fsyougel.com\/wp-content\/uploads\/2025\/10\/Seashell-Top-Coat-Nail-Supply-1-150x150.webp 150w, https:\/\/www.fsyougel.com\/wp-content\/uploads\/2025\/10\/Seashell-Top-Coat-Nail-Supply-1-768x768.webp 768w, https:\/\/www.fsyougel.com\/wp-content\/uploads\/2025\/10\/Seashell-Top-Coat-Nail-Supply-1-12x12.webp 12w, https:\/\/www.fsyougel.com\/wp-content\/uploads\/2025\/10\/Seashell-Top-Coat-Nail-Supply-1-1200x1200.webp 1200w, https:\/\/www.fsyougel.com\/wp-content\/uploads\/2025\/10\/Seashell-Top-Coat-Nail-Supply-1-600x600.webp 600w, https:\/\/www.fsyougel.com\/wp-content\/uploads\/2025\/10\/Seashell-Top-Coat-Nail-Supply-1-100x100.webp 100w\" sizes=\"(max-width: 1500px) 100vw, 1500px\" \/><\/figure>\n<\/div>\n<\/div>\n\n\n\n<figure class=\"wp-block-image size-full\"><img decoding=\"async\" width=\"6960\" height=\"4640\" src=\"https:\/\/www.fsyougel.com\/wp-content\/uploads\/2025\/10\/Seashell-Top-Coat-Nail-Supply-Factory.webp\" alt=\"Seashell Top Coat Nail Supply Factory\" class=\"wp-image-1221\" srcset=\"https:\/\/www.fsyougel.com\/wp-content\/uploads\/2025\/10\/Seashell-Top-Coat-Nail-Supply-Factory.webp 6960w, https:\/\/www.fsyougel.com\/wp-content\/uploads\/2025\/10\/Seashell-Top-Coat-Nail-Supply-Factory-300x200.webp 300w, https:\/\/www.fsyougel.com\/wp-content\/uploads\/2025\/10\/Seashell-Top-Coat-Nail-Supply-Factory-768x512.webp 768w, https:\/\/www.fsyougel.com\/wp-content\/uploads\/2025\/10\/Seashell-Top-Coat-Nail-Supply-Factory-18x12.webp 18w, https:\/\/www.fsyougel.com\/wp-content\/uploads\/2025\/10\/Seashell-Top-Coat-Nail-Supply-Factory-1200x800.webp 1200w, https:\/\/www.fsyougel.com\/wp-content\/uploads\/2025\/10\/Seashell-Top-Coat-Nail-Supply-Factory-600x400.webp 600w\" sizes=\"(max-width: 6960px) 100vw, 6960px\" \/><\/figure>","protected":false},"excerpt":{"rendered":"<p data-start=\"92\" data-end=\"275\">Entdecken Sie die Brillanz unserer <strong data-start=\"225\" data-end=\"258\">Muschel-Decklack Nagelzubeh\u00f6r<\/strong>Dieser \u00dcberlack wurde speziell f\u00fcr professionelle Nagelstudios und OEM-Marken von Nagelprodukten entwickelt. Dieser \u00dcberlack sorgt f\u00fcr ein leuchtendes, muschelartiges Finish mit fortschrittlichem Schutz und lang anhaltendem Glanz.<\/p>\n<table border=\"0\" width=\"854\" cellspacing=\"0\" cellpadding=\"0\">\n<tbody>\n<tr>\n<td width=\"257\" height=\"44\">Marke<\/td>\n<td width=\"597\">YouGel<\/td>\n<\/tr>\n<tr>\n<td width=\"257\" height=\"44\">Ort der Herkunft<\/td>\n<td width=\"597\">Guangdong, China<\/td>\n<\/tr>\n<tr>\n<td width=\"257\" height=\"44\">Produkttyp<\/td>\n<td width=\"597\">Eintauchende UV\/LED<\/td>\n<\/tr>\n<tr>\n<td width=\"257\" height=\"44\">Material<\/td>\n<td width=\"597\">Harz<\/td>\n<\/tr>\n<tr>\n<td width=\"257\" height=\"44\">Farbe<\/td>\n<td width=\"597\">Wei\u00df, Schwarz<\/td>\n<\/tr>\n<tr>\n<td width=\"257\" height=\"44\">Band<\/td>\n<td width=\"597\">15ml, 1kg<\/td>\n<\/tr>\n<tr>\n<td width=\"257\" height=\"44\">Sicherheit<\/td>\n<td width=\"597\">HEMA-frei, TPO-frei, ungiftig, MSDS verf\u00fcgbar<\/td>\n<\/tr>\n<tr>\n<td width=\"257\" height=\"44\">MOQ<\/td>\n<td width=\"597\">Niedriges MOQ<\/td>\n<\/tr>\n<tr>\n<td width=\"257\" height=\"44\">Kostenlose Probe<\/td>\n<td width=\"597\">Verf\u00fcgbar<\/td>\n<\/tr>\n<tr>\n<td width=\"257\" height=\"82\">Kundenspezifische Option<\/td>\n<td width=\"597\">OEM\/ODM-Dienste, kundenspezifische Logos, Etiketten und Verpackungen werden unterst\u00fctzt<\/td>\n<\/tr>\n<\/tbody>\n<\/table>\n<h2 class=\"brxe-heading\">Vom Gel Top Coat Hersteller<\/h2>\n<p>YouGel ist ein zuverl\u00e4ssiger Hersteller von Gel-Topcoats, der hochwertige Gel-Basislacke f\u00fcr UV\/LED-N\u00e4gel anbietet. Unsere Produkte sind so konzipiert, dass sie reibungslos aufgetragen werden k\u00f6nnen, lange halten und leicht einziehen.<\/p>","protected":false},"featured_media":1220,"comment_status":"closed","ping_status":"closed","template":"","meta":{"_acf_changed":false},"product_brand":[],"product_cat":[18],"product_tag":[],"class_list":{"0":"post-1217","1":"product","2":"type-product","3":"status-publish","4":"has-post-thumbnail","6":"product_cat-top-coat-wholesale","8":"first","9":"instock","10":"shipping-taxable","11":"product-type-simple"},"acf":[],"_links":{"self":[{"href":"https:\/\/www.fsyougel.com\/de\/wp-json\/wp\/v2\/product\/1217","targetHints":{"allow":["GET"]}}],"collection":[{"href":"https:\/\/www.fsyougel.com\/de\/wp-json\/wp\/v2\/product"}],"about":[{"href":"https:\/\/www.fsyougel.com\/de\/wp-json\/wp\/v2\/types\/product"}],"replies":[{"embeddable":true,"href":"https:\/\/www.fsyougel.com\/de\/wp-json\/wp\/v2\/comments?post=1217"}],"wp:featuredmedia":[{"embeddable":true,"href":"https:\/\/www.fsyougel.com\/de\/wp-json\/wp\/v2\/media\/1220"}],"wp:attachment":[{"href":"https:\/\/www.fsyougel.com\/de\/wp-json\/wp\/v2\/media?parent=1217"}],"wp:term":[{"taxonomy":"product_brand","embeddable":true,"href":"https:\/\/www.fsyougel.com\/de\/wp-json\/wp\/v2\/product_brand?post=1217"},{"taxonomy":"product_cat","embeddable":true,"href":"https:\/\/www.fsyougel.com\/de\/wp-json\/wp\/v2\/product_cat?post=1217"},{"taxonomy":"product_tag","embeddable":true,"href":"https:\/\/www.fsyougel.com\/de\/wp-json\/wp\/v2\/product_tag?post=1217"}],"curies":[{"name":"wp","href":"https:\/\/api.w.org\/{rel}","templated":true}]}}