{"id":1246,"date":"2025-10-28T08:02:52","date_gmt":"2025-10-28T08:02:52","guid":{"rendered":"https:\/\/www.fsyougel.com\/?post_type=product&#038;p=1246"},"modified":"2025-10-28T08:46:03","modified_gmt":"2025-10-28T08:46:03","slug":"solid-non-stick-hand-extension-gel-bulk","status":"publish","type":"product","link":"https:\/\/www.fsyougel.com\/de\/produkt\/solid-non-stick-hand-extension-gel-bulk\/","title":{"rendered":"Fester, nicht haftender Handverl\u00e4ngerungsgel-Gro\u00dfhandel, 10 Farben thixotropes Builder-Gel f\u00fcr die Nagelverl\u00e4ngerung"},"content":{"rendered":"<div class=\"wp-block-columns is-layout-flex wp-container-core-columns-is-layout-9d6595d7 wp-block-columns-is-layout-flex\">\n<div class=\"wp-block-column is-layout-flow wp-block-column-is-layout-flow\">\n<div class=\"wp-block-columns is-layout-flex wp-container-core-columns-is-layout-9d6595d7 wp-block-columns-is-layout-flex\">\n<div class=\"wp-block-column is-layout-flow wp-block-column-is-layout-flow\">\n<h2 class=\"wp-block-heading\">Gro\u00dfhandel Solide Antihaft-Handverl\u00e4ngerungsgel Eigenschaften:<\/h2>\n\n\n\n<ul class=\"wp-block-list\">\n<li><strong>Nicht klebende Formel<\/strong>: Glatte Textur mit ausgezeichneter Thixotropie \u2013 l\u00e4sst sich leicht formen, ohne an Pinseln oder H\u00e4nden zu kleben, und gew\u00e4hrleistet so eine saubere und effiziente Anwendung.<\/li>\n\n\n\n<li><strong>Praktische Handverl\u00e4ngerung<\/strong>Es ist kein Papierformular erforderlich. Das Gel kann direkt mit der Hand gedr\u00fcckt und geformt werden, wodurch die Nagelverl\u00e4ngerung schneller und f\u00fcr Anf\u00e4nger einfacher wird.<\/li>\n\n\n\n<li><strong>Hohe Plastizit\u00e4t und starke Widerstandsf\u00e4higkeit<\/strong>Flexible und dennoch haltbare Struktur, die sich leicht f\u00fcr 3D-Nageldesigns oder Skulpturen formen l\u00e4sst und nach dem Aush\u00e4rten ihre perfekte Form beh\u00e4lt.<\/li>\n\n\n\n<li><strong>Thixotropes Aufbau-Gel<\/strong>: Wird beim Auftragen weich und verdickt sich bei statischer Aufladung \u2013 verhindert ein \u00dcberlaufen und erm\u00f6glicht eine pr\u00e4zise Kontrolle beim Nagelaufbau.<\/li>\n\n\n\n<li><strong>Lebendige Auswahl in 10 Farben<\/strong>Erh\u00e4ltlich in 10 trendigen Farben, um den vielf\u00e4ltigen Anforderungen von Salons und individuellen W\u00fcnschen gerecht zu werden, geeignet f\u00fcr nat\u00fcrliche oder kreative Nageldesigns.<\/li>\n\n\n\n<li><strong>Professionelle Leistung<\/strong>Ideal f\u00fcr Nagelstudios, Kosmetikschulen und Nagelkunst-H\u00e4ndler, die hochwertiges, festes, nicht haftendes Builder-Gel zu Gro\u00dfhandelspreisen suchen.<\/li>\n<\/ul>\n<\/div>\n\n\n\n<div class=\"wp-block-column is-layout-flow wp-block-column-is-layout-flow\">\n<figure class=\"wp-block-image size-full\"><img decoding=\"async\" width=\"1500\" height=\"1500\" src=\"https:\/\/www.fsyougel.com\/wp-content\/uploads\/2025\/10\/10-Colors-Solid-Non-Stick-Hand-Extension-Gel-Wholesale-1.webp\" alt=\"10 Farben, einfarbig, antihaftbeschichtet, Handverl\u00e4ngerungsgel, Gro\u00dfhandel (1)\" class=\"wp-image-1247\" srcset=\"https:\/\/www.fsyougel.com\/wp-content\/uploads\/2025\/10\/10-Colors-Solid-Non-Stick-Hand-Extension-Gel-Wholesale-1.webp 1500w, https:\/\/www.fsyougel.com\/wp-content\/uploads\/2025\/10\/10-Colors-Solid-Non-Stick-Hand-Extension-Gel-Wholesale-1-300x300.webp 300w, https:\/\/www.fsyougel.com\/wp-content\/uploads\/2025\/10\/10-Colors-Solid-Non-Stick-Hand-Extension-Gel-Wholesale-1-150x150.webp 150w, https:\/\/www.fsyougel.com\/wp-content\/uploads\/2025\/10\/10-Colors-Solid-Non-Stick-Hand-Extension-Gel-Wholesale-1-768x768.webp 768w, https:\/\/www.fsyougel.com\/wp-content\/uploads\/2025\/10\/10-Colors-Solid-Non-Stick-Hand-Extension-Gel-Wholesale-1-12x12.webp 12w, https:\/\/www.fsyougel.com\/wp-content\/uploads\/2025\/10\/10-Colors-Solid-Non-Stick-Hand-Extension-Gel-Wholesale-1-1200x1200.webp 1200w, https:\/\/www.fsyougel.com\/wp-content\/uploads\/2025\/10\/10-Colors-Solid-Non-Stick-Hand-Extension-Gel-Wholesale-1-600x600.webp 600w, https:\/\/www.fsyougel.com\/wp-content\/uploads\/2025\/10\/10-Colors-Solid-Non-Stick-Hand-Extension-Gel-Wholesale-1-100x100.webp 100w\" sizes=\"(max-width: 1500px) 100vw, 1500px\" \/><\/figure>\n<\/div>\n<\/div>\n<\/div>\n<\/div>\n\n\n\n<div class=\"wp-block-columns is-layout-flex wp-container-core-columns-is-layout-9d6595d7 wp-block-columns-is-layout-flex\">\n<div class=\"wp-block-column is-layout-flow wp-block-column-is-layout-flow\">\n<figure class=\"wp-block-image size-full\"><img decoding=\"async\" width=\"1500\" height=\"1500\" src=\"https:\/\/www.fsyougel.com\/wp-content\/uploads\/2025\/10\/Solid-Non-Stick-Hand-Extension-Gel-Wholesale-Supplier-yougel-2.webp\" alt=\"Gro\u00dfhandelslieferant f\u00fcr festes, antihaftbeschichtetes Handverl\u00e4ngerungsgel \u2013 yougel (2)\" class=\"wp-image-1251\" srcset=\"https:\/\/www.fsyougel.com\/wp-content\/uploads\/2025\/10\/Solid-Non-Stick-Hand-Extension-Gel-Wholesale-Supplier-yougel-2.webp 1500w, https:\/\/www.fsyougel.com\/wp-content\/uploads\/2025\/10\/Solid-Non-Stick-Hand-Extension-Gel-Wholesale-Supplier-yougel-2-300x300.webp 300w, https:\/\/www.fsyougel.com\/wp-content\/uploads\/2025\/10\/Solid-Non-Stick-Hand-Extension-Gel-Wholesale-Supplier-yougel-2-150x150.webp 150w, https:\/\/www.fsyougel.com\/wp-content\/uploads\/2025\/10\/Solid-Non-Stick-Hand-Extension-Gel-Wholesale-Supplier-yougel-2-768x768.webp 768w, https:\/\/www.fsyougel.com\/wp-content\/uploads\/2025\/10\/Solid-Non-Stick-Hand-Extension-Gel-Wholesale-Supplier-yougel-2-12x12.webp 12w, https:\/\/www.fsyougel.com\/wp-content\/uploads\/2025\/10\/Solid-Non-Stick-Hand-Extension-Gel-Wholesale-Supplier-yougel-2-1200x1200.webp 1200w, https:\/\/www.fsyougel.com\/wp-content\/uploads\/2025\/10\/Solid-Non-Stick-Hand-Extension-Gel-Wholesale-Supplier-yougel-2-600x600.webp 600w, https:\/\/www.fsyougel.com\/wp-content\/uploads\/2025\/10\/Solid-Non-Stick-Hand-Extension-Gel-Wholesale-Supplier-yougel-2-100x100.webp 100w\" sizes=\"(max-width: 1500px) 100vw, 1500px\" \/><\/figure>\n<\/div>\n\n\n\n<div class=\"wp-block-column is-layout-flow wp-block-column-is-layout-flow\">\n<figure class=\"wp-block-image size-full\"><img decoding=\"async\" width=\"1500\" height=\"1500\" src=\"https:\/\/www.fsyougel.com\/wp-content\/uploads\/2025\/10\/Solid-Non-Stick-Hand-Extension-Gel-Wholesale-Supplier-yougel-3.webp\" alt=\"Gro\u00dfhandelslieferant f\u00fcr festes Antihaft-Handverl\u00e4ngerungsgel \u2013 yougel (3)\" class=\"wp-image-1252\" srcset=\"https:\/\/www.fsyougel.com\/wp-content\/uploads\/2025\/10\/Solid-Non-Stick-Hand-Extension-Gel-Wholesale-Supplier-yougel-3.webp 1500w, https:\/\/www.fsyougel.com\/wp-content\/uploads\/2025\/10\/Solid-Non-Stick-Hand-Extension-Gel-Wholesale-Supplier-yougel-3-300x300.webp 300w, https:\/\/www.fsyougel.com\/wp-content\/uploads\/2025\/10\/Solid-Non-Stick-Hand-Extension-Gel-Wholesale-Supplier-yougel-3-150x150.webp 150w, https:\/\/www.fsyougel.com\/wp-content\/uploads\/2025\/10\/Solid-Non-Stick-Hand-Extension-Gel-Wholesale-Supplier-yougel-3-768x768.webp 768w, https:\/\/www.fsyougel.com\/wp-content\/uploads\/2025\/10\/Solid-Non-Stick-Hand-Extension-Gel-Wholesale-Supplier-yougel-3-12x12.webp 12w, https:\/\/www.fsyougel.com\/wp-content\/uploads\/2025\/10\/Solid-Non-Stick-Hand-Extension-Gel-Wholesale-Supplier-yougel-3-1200x1200.webp 1200w, https:\/\/www.fsyougel.com\/wp-content\/uploads\/2025\/10\/Solid-Non-Stick-Hand-Extension-Gel-Wholesale-Supplier-yougel-3-600x600.webp 600w, https:\/\/www.fsyougel.com\/wp-content\/uploads\/2025\/10\/Solid-Non-Stick-Hand-Extension-Gel-Wholesale-Supplier-yougel-3-100x100.webp 100w\" sizes=\"(max-width: 1500px) 100vw, 1500px\" \/><\/figure>\n<\/div>\n<\/div>\n\n\n\n<div class=\"wp-block-columns is-layout-flex wp-container-core-columns-is-layout-9d6595d7 wp-block-columns-is-layout-flex\">\n<div class=\"wp-block-column is-layout-flow wp-block-column-is-layout-flow\" style=\"flex-basis:25%\"><\/div>\n\n\n\n<div class=\"wp-block-column is-layout-flow wp-block-column-is-layout-flow\" style=\"flex-basis:50%\">\n<figure class=\"wp-block-image size-full\"><img decoding=\"async\" width=\"1500\" height=\"2000\" src=\"https:\/\/www.fsyougel.com\/wp-content\/uploads\/2025\/10\/Solid-Non-Stick-Hand-Extension-Gel-Wholesale-Supplier-yougel-7.webp\" alt=\"Gro\u00dfhandelslieferant f\u00fcr festes, antihaftbeschichtetes Handverl\u00e4ngerungsgel \u2013 yougel (7)\" class=\"wp-image-1256\" srcset=\"https:\/\/www.fsyougel.com\/wp-content\/uploads\/2025\/10\/Solid-Non-Stick-Hand-Extension-Gel-Wholesale-Supplier-yougel-7.webp 1500w, https:\/\/www.fsyougel.com\/wp-content\/uploads\/2025\/10\/Solid-Non-Stick-Hand-Extension-Gel-Wholesale-Supplier-yougel-7-225x300.webp 225w, https:\/\/www.fsyougel.com\/wp-content\/uploads\/2025\/10\/Solid-Non-Stick-Hand-Extension-Gel-Wholesale-Supplier-yougel-7-768x1024.webp 768w, https:\/\/www.fsyougel.com\/wp-content\/uploads\/2025\/10\/Solid-Non-Stick-Hand-Extension-Gel-Wholesale-Supplier-yougel-7-9x12.webp 9w, https:\/\/www.fsyougel.com\/wp-content\/uploads\/2025\/10\/Solid-Non-Stick-Hand-Extension-Gel-Wholesale-Supplier-yougel-7-1200x1600.webp 1200w, https:\/\/www.fsyougel.com\/wp-content\/uploads\/2025\/10\/Solid-Non-Stick-Hand-Extension-Gel-Wholesale-Supplier-yougel-7-600x800.webp 600w\" sizes=\"(max-width: 1500px) 100vw, 1500px\" \/><\/figure>\n<\/div>\n\n\n\n<div class=\"wp-block-column is-layout-flow wp-block-column-is-layout-flow\" style=\"flex-basis:25%\"><\/div>\n<\/div>","protected":false},"excerpt":{"rendered":"<p>Willkommen beim Kauf unserer Gro\u00dfhandelsprodukte <strong data-start=\"155\" data-end=\"193\">festes, nicht klebendes Handverl\u00e4ngerungsgel<\/strong>, ideal f\u00fcr professionelle Nagelstudios und H\u00e4ndler. Dieses thixotrope Builder-Gel erm\u00f6glicht einfache Handverl\u00e4ngerungen, 3D-Nagelmodellagen und bietet hohe Elastizit\u00e4t. Keine Papierformulare erforderlich, geschmeidige Anwendung und 10 lebendige Farben f\u00fcr kreative Designs.<\/p>\n<table border=\"0\" width=\"854\" cellspacing=\"0\" cellpadding=\"0\">\n<tbody>\n<tr>\n<td width=\"257\" height=\"44\">Marke<\/td>\n<td width=\"597\">YouGel<\/td>\n<\/tr>\n<tr>\n<td width=\"257\" height=\"44\">Modellnummer<\/td>\n<td width=\"597\">BG01<\/td>\n<\/tr>\n<tr>\n<td width=\"257\" height=\"44\">Produkttyp<\/td>\n<td width=\"597\">Soak-Off-UV\/LED-Gel<\/td>\n<\/tr>\n<tr>\n<td width=\"257\" height=\"44\">Material<\/td>\n<td width=\"597\">Harz-Rohstoff<\/td>\n<\/tr>\n<tr>\n<td width=\"257\" height=\"44\">Farbe<\/td>\n<td width=\"597\">10 Farben<\/td>\n<\/tr>\n<tr>\n<td width=\"257\" height=\"44\">Band<\/td>\n<td width=\"597\">15 g\/30 g\/50 g<\/td>\n<\/tr>\n<tr>\n<td width=\"257\" height=\"44\">Sicherheit<\/td>\n<td width=\"597\">HEMA-frei, TPO-frei, ungiftig, MSDS verf\u00fcgbar<\/td>\n<\/tr>\n<tr>\n<td width=\"257\" height=\"44\">MOQ<\/td>\n<td width=\"597\">Niedriges MOQ<\/td>\n<\/tr>\n<tr>\n<td width=\"257\" height=\"44\">Kostenlose Probe<\/td>\n<td width=\"597\">Verf\u00fcgbar<\/td>\n<\/tr>\n<tr>\n<td width=\"257\" height=\"82\">Kundenspezifische Option<\/td>\n<td width=\"597\">OEM\/ODM-Dienste, kundenspezifische Logos, Etiketten und Verpackungen werden unterst\u00fctzt<\/td>\n<\/tr>\n<\/tbody>\n<\/table>\n<h3 class=\"brxe-heading\">Vom Nagellackhersteller<\/h3>\n<p><a href=\"https:\/\/www.fsyougel.com\/de\/\"><strong>YouGel<\/strong><\/a>\u00a0ist ein Hightech-Nagellackhersteller, der Gro\u00dfhandel, Eigenmarken und OEM\/ODM-Dienstleistungen anbietet. Mehr als 10.000 HEMA-freie, vegane und tierversuchsfreie Farben, die sich leicht auftragen lassen, lange halten und leicht abwischen.<\/p>","protected":false},"featured_media":1248,"comment_status":"closed","ping_status":"closed","template":"","meta":{"_acf_changed":false},"product_brand":[],"product_cat":[20],"product_tag":[],"class_list":{"0":"post-1246","1":"product","2":"type-product","3":"status-publish","4":"has-post-thumbnail","6":"product_cat-nail-extension-gel-wholesale","8":"first","9":"instock","10":"shipping-taxable","11":"product-type-external"},"acf":[],"_links":{"self":[{"href":"https:\/\/www.fsyougel.com\/de\/wp-json\/wp\/v2\/product\/1246","targetHints":{"allow":["GET"]}}],"collection":[{"href":"https:\/\/www.fsyougel.com\/de\/wp-json\/wp\/v2\/product"}],"about":[{"href":"https:\/\/www.fsyougel.com\/de\/wp-json\/wp\/v2\/types\/product"}],"replies":[{"embeddable":true,"href":"https:\/\/www.fsyougel.com\/de\/wp-json\/wp\/v2\/comments?post=1246"}],"wp:featuredmedia":[{"embeddable":true,"href":"https:\/\/www.fsyougel.com\/de\/wp-json\/wp\/v2\/media\/1248"}],"wp:attachment":[{"href":"https:\/\/www.fsyougel.com\/de\/wp-json\/wp\/v2\/media?parent=1246"}],"wp:term":[{"taxonomy":"product_brand","embeddable":true,"href":"https:\/\/www.fsyougel.com\/de\/wp-json\/wp\/v2\/product_brand?post=1246"},{"taxonomy":"product_cat","embeddable":true,"href":"https:\/\/www.fsyougel.com\/de\/wp-json\/wp\/v2\/product_cat?post=1246"},{"taxonomy":"product_tag","embeddable":true,"href":"https:\/\/www.fsyougel.com\/de\/wp-json\/wp\/v2\/product_tag?post=1246"}],"curies":[{"name":"wp","href":"https:\/\/api.w.org\/{rel}","templated":true}]}}