{"id":1259,"date":"2025-10-28T08:57:31","date_gmt":"2025-10-28T08:57:31","guid":{"rendered":"https:\/\/www.fsyougel.com\/?post_type=product&#038;p=1259"},"modified":"2025-10-28T09:30:52","modified_gmt":"2025-10-28T09:30:52","slug":"5-in-1-multi-functional-gel-supplier","status":"publish","type":"product","link":"https:\/\/www.fsyougel.com\/de\/produkt\/5-in-1-multi-functional-gel-supplier\/","title":{"rendered":"5-in-1-Multifunktionsgel-Lieferant, harter \u00dcberlack f\u00fcr Strass\/3D-Design"},"content":{"rendered":"<div class=\"wp-block-columns is-layout-flex wp-container-core-columns-is-layout-9d6595d7 wp-block-columns-is-layout-flex\">\n<div class=\"wp-block-column is-layout-flow wp-block-column-is-layout-flow\">\n<h2 class=\"wp-block-heading\">Private Label 5-in-1-Multifunktionsgel Eigenschaften:<\/h2>\n\n\n\n<ul class=\"wp-block-list\">\n<li><strong>100% Transparenz &amp; Kristalleffekt: <\/strong>Dieses ma\u00dfgeschneiderte 5-in-1-Multifunktionsgel zeichnet sich durch eine ultraklaren, glasartigen Transparenz aus \u2013 ideal f\u00fcr Wasserwellen- oder 3D-Kristall-Nageldesigns mit brillantem Glanz.<\/li>\n\n\n\n<li><strong>Hohe Viskosit\u00e4t und starke Haftung: <\/strong>Mit seiner hohen Viskosit\u00e4t und starken Haftkraft h\u00e4lt es Strasssteine, Edelsteine und Nagelschmuck sicher an ihrem Platz, ohne dass sie abfallen.<\/li>\n\n\n\n<li><strong>St\u00e4rkung und Verst\u00e4rkung der Funktion:<\/strong> Wirkt als st\u00e4rkendes Gel, um die Nageldicke zu erh\u00f6hen und das Nagelbett zu einer nat\u00fcrlichen, sch\u00f6nen Bogenform zu verst\u00e4rken, f\u00fcr eine bessere Haltbarkeit.<\/li>\n\n\n\n<li><strong>Kein Abwischen &amp; nicht klebrige Oberfl\u00e4che: <\/strong>Kann als wischfester Hartlack verwendet werden; dicker und h\u00e4rter als normale Decklacke, bietet glatten, gl\u00e4nzenden Schutz ohne klebrige R\u00fcckst\u00e4nde.<\/li>\n\n\n\n<li><strong>Langlebig und vielseitig einsetzbar: <\/strong>Geeignet f\u00fcr 3D-Modellierung, Kristalldekoration oder Versiegelung von Nageldesigns. Bietet ausgezeichnete Haltbarkeit und dauerhaften Glanz unter UV-\/LED-Lampen.<\/li>\n<\/ul>\n<\/div>\n\n\n\n<div class=\"wp-block-column is-layout-flow wp-block-column-is-layout-flow\">\n<figure class=\"wp-block-image size-full\"><img decoding=\"async\" width=\"1500\" height=\"1500\" src=\"https:\/\/www.fsyougel.com\/wp-content\/uploads\/2025\/10\/5-in-1-Multi-functional-Gel-Supplier-yougel-5.webp\" alt=\"5-in-1-Multifunktionsgel-Anbieter \u2013 yougel (5)\" class=\"wp-image-1264\" srcset=\"https:\/\/www.fsyougel.com\/wp-content\/uploads\/2025\/10\/5-in-1-Multi-functional-Gel-Supplier-yougel-5.webp 1500w, https:\/\/www.fsyougel.com\/wp-content\/uploads\/2025\/10\/5-in-1-Multi-functional-Gel-Supplier-yougel-5-300x300.webp 300w, https:\/\/www.fsyougel.com\/wp-content\/uploads\/2025\/10\/5-in-1-Multi-functional-Gel-Supplier-yougel-5-150x150.webp 150w, https:\/\/www.fsyougel.com\/wp-content\/uploads\/2025\/10\/5-in-1-Multi-functional-Gel-Supplier-yougel-5-768x768.webp 768w, https:\/\/www.fsyougel.com\/wp-content\/uploads\/2025\/10\/5-in-1-Multi-functional-Gel-Supplier-yougel-5-12x12.webp 12w, https:\/\/www.fsyougel.com\/wp-content\/uploads\/2025\/10\/5-in-1-Multi-functional-Gel-Supplier-yougel-5-1200x1200.webp 1200w, https:\/\/www.fsyougel.com\/wp-content\/uploads\/2025\/10\/5-in-1-Multi-functional-Gel-Supplier-yougel-5-600x600.webp 600w, https:\/\/www.fsyougel.com\/wp-content\/uploads\/2025\/10\/5-in-1-Multi-functional-Gel-Supplier-yougel-5-100x100.webp 100w\" sizes=\"(max-width: 1500px) 100vw, 1500px\" \/><\/figure>\n<\/div>\n<\/div>\n\n\n\n<p>Als Fachmann <strong>5-in-1-Multifunktionsgel-Lieferant<\/strong>, Wir bieten ein kristallklares, hochviskoses Verst\u00e4rkungsgel, das sich perfekt f\u00fcr die Befestigung von Strasssteinen, 3D-Kunst und lang anhaltenden Nagelschutz eignet.<\/p>\n\n\n\n<div class=\"wp-block-columns is-layout-flex wp-container-core-columns-is-layout-9d6595d7 wp-block-columns-is-layout-flex\">\n<div class=\"wp-block-column is-layout-flow wp-block-column-is-layout-flow\">\n<figure class=\"wp-block-image size-full\"><img decoding=\"async\" width=\"1500\" height=\"1500\" src=\"https:\/\/www.fsyougel.com\/wp-content\/uploads\/2025\/10\/5-in-1-Multi-functional-Gel-Supplier-yougel-6.webp\" alt=\"5-in-1-Multifunktionsgel-Lieferant \u2013 yougel (6)\" class=\"wp-image-1265\" srcset=\"https:\/\/www.fsyougel.com\/wp-content\/uploads\/2025\/10\/5-in-1-Multi-functional-Gel-Supplier-yougel-6.webp 1500w, https:\/\/www.fsyougel.com\/wp-content\/uploads\/2025\/10\/5-in-1-Multi-functional-Gel-Supplier-yougel-6-300x300.webp 300w, https:\/\/www.fsyougel.com\/wp-content\/uploads\/2025\/10\/5-in-1-Multi-functional-Gel-Supplier-yougel-6-150x150.webp 150w, https:\/\/www.fsyougel.com\/wp-content\/uploads\/2025\/10\/5-in-1-Multi-functional-Gel-Supplier-yougel-6-768x768.webp 768w, https:\/\/www.fsyougel.com\/wp-content\/uploads\/2025\/10\/5-in-1-Multi-functional-Gel-Supplier-yougel-6-12x12.webp 12w, https:\/\/www.fsyougel.com\/wp-content\/uploads\/2025\/10\/5-in-1-Multi-functional-Gel-Supplier-yougel-6-1200x1200.webp 1200w, https:\/\/www.fsyougel.com\/wp-content\/uploads\/2025\/10\/5-in-1-Multi-functional-Gel-Supplier-yougel-6-600x600.webp 600w, https:\/\/www.fsyougel.com\/wp-content\/uploads\/2025\/10\/5-in-1-Multi-functional-Gel-Supplier-yougel-6-100x100.webp 100w\" sizes=\"(max-width: 1500px) 100vw, 1500px\" \/><\/figure>\n<\/div>\n\n\n\n<div class=\"wp-block-column is-layout-flow wp-block-column-is-layout-flow\">\n<figure class=\"wp-block-image size-full\"><img decoding=\"async\" width=\"1500\" height=\"1500\" src=\"https:\/\/www.fsyougel.com\/wp-content\/uploads\/2025\/10\/5-in-1-Multi-functional-Gel-Supplier-yougel-1.webp\" alt=\"5-in-1-Multifunktionsgel-Lieferant \u2013 yougel (1)\" class=\"wp-image-1260\" srcset=\"https:\/\/www.fsyougel.com\/wp-content\/uploads\/2025\/10\/5-in-1-Multi-functional-Gel-Supplier-yougel-1.webp 1500w, https:\/\/www.fsyougel.com\/wp-content\/uploads\/2025\/10\/5-in-1-Multi-functional-Gel-Supplier-yougel-1-300x300.webp 300w, https:\/\/www.fsyougel.com\/wp-content\/uploads\/2025\/10\/5-in-1-Multi-functional-Gel-Supplier-yougel-1-150x150.webp 150w, https:\/\/www.fsyougel.com\/wp-content\/uploads\/2025\/10\/5-in-1-Multi-functional-Gel-Supplier-yougel-1-768x768.webp 768w, https:\/\/www.fsyougel.com\/wp-content\/uploads\/2025\/10\/5-in-1-Multi-functional-Gel-Supplier-yougel-1-12x12.webp 12w, https:\/\/www.fsyougel.com\/wp-content\/uploads\/2025\/10\/5-in-1-Multi-functional-Gel-Supplier-yougel-1-1200x1200.webp 1200w, https:\/\/www.fsyougel.com\/wp-content\/uploads\/2025\/10\/5-in-1-Multi-functional-Gel-Supplier-yougel-1-600x600.webp 600w, https:\/\/www.fsyougel.com\/wp-content\/uploads\/2025\/10\/5-in-1-Multi-functional-Gel-Supplier-yougel-1-100x100.webp 100w\" sizes=\"(max-width: 1500px) 100vw, 1500px\" \/><\/figure>\n<\/div>\n<\/div>\n\n\n\n<p><\/p>","protected":false},"excerpt":{"rendered":"<p data-start=\"339\" data-end=\"623\">Willkommen beim Kauf unserer Gro\u00dfhandelsprodukte <strong data-start=\"169\" data-end=\"200\">5-in-1-Multifunktionsgel<\/strong> von einem vertrauensw\u00fcrdigen Lieferanten. Dieses kristallklare, hochviskose Verst\u00e4rkungsgel eignet sich perfekt f\u00fcr die Befestigung von Strasssteinen, 3D-Nageldesign und lang anhaltenden Glanz. Profitieren Sie von Herstellerpreisen, OEM-Anpassungen und schneller Lieferung f\u00fcr Nagelpflegeprodukte in Salonqualit\u00e4t.<\/p>\n<table border=\"0\" width=\"854\" cellspacing=\"0\" cellpadding=\"0\">\n<tbody>\n<tr>\n<td width=\"257\" height=\"44\">Marke<\/td>\n<td width=\"597\">YouGel<\/td>\n<\/tr>\n<tr>\n<td width=\"257\" height=\"44\">Modellnummer<\/td>\n<td width=\"597\">TP03<\/td>\n<\/tr>\n<tr>\n<td width=\"257\" height=\"44\">Produkttyp<\/td>\n<td width=\"597\">UV\/LED-Gel-Politur zum Einweichen<\/td>\n<\/tr>\n<tr>\n<td width=\"257\" height=\"44\">Material<\/td>\n<td width=\"597\">Harz<\/td>\n<\/tr>\n<tr>\n<td width=\"257\" height=\"44\">Farbe<\/td>\n<td width=\"597\">Klar<\/td>\n<\/tr>\n<tr>\n<td width=\"257\" height=\"44\">Band<\/td>\n<td width=\"597\">15ml<\/td>\n<\/tr>\n<tr>\n<td width=\"257\" height=\"44\">Sicherheit<\/td>\n<td width=\"597\">HEMA-frei, TPO-frei, ungiftig, MSDS verf\u00fcgbar<\/td>\n<\/tr>\n<tr>\n<td width=\"257\" height=\"44\">MOQ<\/td>\n<td width=\"597\">Niedriges MOQ<\/td>\n<\/tr>\n<tr>\n<td width=\"257\" height=\"44\">Kostenlose Probe<\/td>\n<td width=\"597\">Verf\u00fcgbar<\/td>\n<\/tr>\n<tr>\n<td width=\"257\" height=\"82\">Kundenspezifische Option<\/td>\n<td width=\"597\">OEM\/ODM-Dienste, kundenspezifische Logos, Etiketten und Verpackungen werden unterst\u00fctzt<\/td>\n<\/tr>\n<\/tbody>\n<\/table>\n<h3 class=\"brxe-heading\">Vom Nagellackhersteller<\/h3>\n<p><a href=\"https:\/\/www.fsyougel.com\/de\/\"><strong>YouGel<\/strong><\/a>\u00a0ist ein Hightech-Nagellackhersteller, der Gro\u00dfhandel, Eigenmarken und OEM\/ODM-Dienstleistungen anbietet. Mehr als 10.000 HEMA-freie, vegane und tierversuchsfreie Farben, die sich leicht auftragen lassen, lange halten und leicht abwischen.<\/p>","protected":false},"featured_media":1261,"comment_status":"closed","ping_status":"closed","template":"","meta":{"_acf_changed":false},"product_brand":[],"product_cat":[25],"product_tag":[],"class_list":{"0":"post-1259","1":"product","2":"type-product","3":"status-publish","4":"has-post-thumbnail","6":"product_cat-wholesale-function-gel","8":"first","9":"instock","10":"shipping-taxable","11":"product-type-simple"},"acf":[],"_links":{"self":[{"href":"https:\/\/www.fsyougel.com\/de\/wp-json\/wp\/v2\/product\/1259","targetHints":{"allow":["GET"]}}],"collection":[{"href":"https:\/\/www.fsyougel.com\/de\/wp-json\/wp\/v2\/product"}],"about":[{"href":"https:\/\/www.fsyougel.com\/de\/wp-json\/wp\/v2\/types\/product"}],"replies":[{"embeddable":true,"href":"https:\/\/www.fsyougel.com\/de\/wp-json\/wp\/v2\/comments?post=1259"}],"wp:featuredmedia":[{"embeddable":true,"href":"https:\/\/www.fsyougel.com\/de\/wp-json\/wp\/v2\/media\/1261"}],"wp:attachment":[{"href":"https:\/\/www.fsyougel.com\/de\/wp-json\/wp\/v2\/media?parent=1259"}],"wp:term":[{"taxonomy":"product_brand","embeddable":true,"href":"https:\/\/www.fsyougel.com\/de\/wp-json\/wp\/v2\/product_brand?post=1259"},{"taxonomy":"product_cat","embeddable":true,"href":"https:\/\/www.fsyougel.com\/de\/wp-json\/wp\/v2\/product_cat?post=1259"},{"taxonomy":"product_tag","embeddable":true,"href":"https:\/\/www.fsyougel.com\/de\/wp-json\/wp\/v2\/product_tag?post=1259"}],"curies":[{"name":"wp","href":"https:\/\/api.w.org\/{rel}","templated":true}]}}