{"id":1266,"date":"2025-10-28T09:37:20","date_gmt":"2025-10-28T09:37:20","guid":{"rendered":"https:\/\/www.fsyougel.com\/?post_type=product&#038;p=1266"},"modified":"2025-10-28T09:53:51","modified_gmt":"2025-10-28T09:53:51","slug":"oem-15ml-acid-free-primer-for-gel-nails","status":"publish","type":"product","link":"https:\/\/www.fsyougel.com\/de\/produkt\/oem-15ml-acid-free-primer-for-gel-nails\/","title":{"rendered":"OEM 15 ml s\u00e4urefreier Primer f\u00fcr Geln\u00e4gel, Hersteller von Gelnagellacken unter Eigenmarke"},"content":{"rendered":"<div class=\"wp-block-columns is-layout-flex wp-container-core-columns-is-layout-9d6595d7 wp-block-columns-is-layout-flex\">\n<div class=\"wp-block-column is-layout-flow wp-block-column-is-layout-flow\">\n<h2 class=\"wp-block-heading\">OEM S\u00e4urefreie Grundierung f\u00fcr Geln\u00e4gel Eigenschaften:<\/h2>\n\n\n\n<ul class=\"wp-block-list\">\n<li><strong>Schnelle Lufttrocknung, keine UV-Lampe erforderlich<\/strong>Unser einzigartiger s\u00e4urefreier Primer f\u00fcr Geln\u00e4gel trocknet in 15 bis 20 Sekunden an der Luft, spart Zeit und vereinfacht den Arbeitsablauf im Salon.<\/li>\n\n\n\n<li><strong>Verbesserte Haftung und lange Lebensdauer:<\/strong> Verbindet den Naturnagel und das UV-Gel effektiv und besser f\u00fcr eine l\u00e4ngere Haltbarkeit \u2013 reduziert Abbl\u00e4ttern, Abheben und vorzeitiges Abl\u00f6sen.<\/li>\n\n\n\n<li><strong>Entfettende und desinfizierende Wirkung: <\/strong>Entfernt \u00d6l und Verunreinigungen von der Nageloberfl\u00e4che, um eine optimal ausbalancierte Grundschicht f\u00fcr eine bessere Haftung zu schaffen.<\/li>\n\n\n\n<li><strong>Ungiftige und sanfte Formel: <\/strong>S\u00e4urefrei, geruchsneutral und schonend zu nat\u00fcrlichen N\u00e4geln \u2013 sorgt f\u00fcr lang anhaltende Haftung, ohne das Nagelbett zu besch\u00e4digen oder zu reizen.<\/li>\n\n\n\n<li><strong>Professioneller OEM-\/Private-Label-Support: <\/strong>Erh\u00e4ltlich f\u00fcr den Gro\u00dfhandel und als Eigenmarke, ideal f\u00fcr Nagellackmarken, H\u00e4ndler und Salonausstatter.<\/li>\n<\/ul>\n<\/div>\n\n\n\n<div class=\"wp-block-column is-layout-flow wp-block-column-is-layout-flow\">\n<figure class=\"wp-block-image size-full\"><img decoding=\"async\" width=\"1500\" height=\"1500\" src=\"https:\/\/www.fsyougel.com\/wp-content\/uploads\/2025\/10\/Custom-Acid-Free-Primer-for-Gel-Nails-1.webp\" alt=\"S\u00e4urefreie Grundierung f\u00fcr Geln\u00e4gel (1)\" class=\"wp-image-1267\" srcset=\"https:\/\/www.fsyougel.com\/wp-content\/uploads\/2025\/10\/Custom-Acid-Free-Primer-for-Gel-Nails-1.webp 1500w, https:\/\/www.fsyougel.com\/wp-content\/uploads\/2025\/10\/Custom-Acid-Free-Primer-for-Gel-Nails-1-300x300.webp 300w, https:\/\/www.fsyougel.com\/wp-content\/uploads\/2025\/10\/Custom-Acid-Free-Primer-for-Gel-Nails-1-150x150.webp 150w, https:\/\/www.fsyougel.com\/wp-content\/uploads\/2025\/10\/Custom-Acid-Free-Primer-for-Gel-Nails-1-768x768.webp 768w, https:\/\/www.fsyougel.com\/wp-content\/uploads\/2025\/10\/Custom-Acid-Free-Primer-for-Gel-Nails-1-12x12.webp 12w, https:\/\/www.fsyougel.com\/wp-content\/uploads\/2025\/10\/Custom-Acid-Free-Primer-for-Gel-Nails-1-1200x1200.webp 1200w, https:\/\/www.fsyougel.com\/wp-content\/uploads\/2025\/10\/Custom-Acid-Free-Primer-for-Gel-Nails-1-600x600.webp 600w, https:\/\/www.fsyougel.com\/wp-content\/uploads\/2025\/10\/Custom-Acid-Free-Primer-for-Gel-Nails-1-100x100.webp 100w\" sizes=\"(max-width: 1500px) 100vw, 1500px\" \/><\/figure>\n<\/div>\n<\/div>\n\n\n\n<div class=\"wp-block-columns is-layout-flex wp-container-core-columns-is-layout-9d6595d7 wp-block-columns-is-layout-flex\">\n<div class=\"wp-block-column is-layout-flow wp-block-column-is-layout-flow\">\n<figure class=\"wp-block-image size-full\"><img decoding=\"async\" width=\"1500\" height=\"4300\" src=\"https:\/\/www.fsyougel.com\/wp-content\/uploads\/2025\/10\/Custom-Acid-Free-Primer-Manufacturer-yougel-2.webp\" alt=\"Hersteller von kundenspezifischen s\u00e4urefreien Grundierungen \u2013 yougel (2)\" class=\"wp-image-1272\" srcset=\"https:\/\/www.fsyougel.com\/wp-content\/uploads\/2025\/10\/Custom-Acid-Free-Primer-Manufacturer-yougel-2.webp 1500w, https:\/\/www.fsyougel.com\/wp-content\/uploads\/2025\/10\/Custom-Acid-Free-Primer-Manufacturer-yougel-2-105x300.webp 105w, https:\/\/www.fsyougel.com\/wp-content\/uploads\/2025\/10\/Custom-Acid-Free-Primer-Manufacturer-yougel-2-768x2202.webp 768w, https:\/\/www.fsyougel.com\/wp-content\/uploads\/2025\/10\/Custom-Acid-Free-Primer-Manufacturer-yougel-2-4x12.webp 4w, https:\/\/www.fsyougel.com\/wp-content\/uploads\/2025\/10\/Custom-Acid-Free-Primer-Manufacturer-yougel-2-1200x3440.webp 1200w, https:\/\/www.fsyougel.com\/wp-content\/uploads\/2025\/10\/Custom-Acid-Free-Primer-Manufacturer-yougel-2-600x1720.webp 600w\" sizes=\"(max-width: 1500px) 100vw, 1500px\" \/><\/figure>\n<\/div>\n\n\n\n<div class=\"wp-block-column is-layout-flow wp-block-column-is-layout-flow\">\n<figure class=\"wp-block-image size-full\"><img decoding=\"async\" width=\"1500\" height=\"4300\" src=\"https:\/\/www.fsyougel.com\/wp-content\/uploads\/2025\/10\/Custom-Acid-Free-Primer-Manufacturer-yougel-1.webp\" alt=\"Hersteller von kundenspezifischen s\u00e4urefreien Grundierungen \u2013 yougel (1)\" class=\"wp-image-1271\" srcset=\"https:\/\/www.fsyougel.com\/wp-content\/uploads\/2025\/10\/Custom-Acid-Free-Primer-Manufacturer-yougel-1.webp 1500w, https:\/\/www.fsyougel.com\/wp-content\/uploads\/2025\/10\/Custom-Acid-Free-Primer-Manufacturer-yougel-1-105x300.webp 105w, https:\/\/www.fsyougel.com\/wp-content\/uploads\/2025\/10\/Custom-Acid-Free-Primer-Manufacturer-yougel-1-768x2202.webp 768w, https:\/\/www.fsyougel.com\/wp-content\/uploads\/2025\/10\/Custom-Acid-Free-Primer-Manufacturer-yougel-1-4x12.webp 4w, https:\/\/www.fsyougel.com\/wp-content\/uploads\/2025\/10\/Custom-Acid-Free-Primer-Manufacturer-yougel-1-1200x3440.webp 1200w, https:\/\/www.fsyougel.com\/wp-content\/uploads\/2025\/10\/Custom-Acid-Free-Primer-Manufacturer-yougel-1-600x1720.webp 600w\" sizes=\"(max-width: 1500px) 100vw, 1500px\" \/><\/figure>\n<\/div>\n<\/div>\n\n\n\n<p><\/p>","protected":false},"excerpt":{"rendered":"<p data-start=\"339\" data-end=\"623\">Willkommen beim Kauf unserer s\u00e4urefreien Grundierung f\u00fcr Geln\u00e4gel im Gro\u00dfhandel. Diese ungiftige, schnell trocknende Formel verbessert die Haftung zwischen N\u00e4geln und UV-Gelen und sorgt f\u00fcr lang anhaltende Ergebnisse. Trocknet an der Luft in 15\u201320 Sekunden, keine Lampe erforderlich. Perfekt f\u00fcr OEM- und Private-Label-Anbieter von Nagelprodukten.<\/p>\n<table border=\"0\" width=\"854\" cellspacing=\"0\" cellpadding=\"0\">\n<tbody>\n<tr>\n<td width=\"257\" height=\"44\">Marke<\/td>\n<td width=\"597\">YouGel<\/td>\n<\/tr>\n<tr>\n<td width=\"257\" height=\"44\">Modellnummer<\/td>\n<td width=\"597\">FP01<\/td>\n<\/tr>\n<tr>\n<td width=\"257\" height=\"44\">Produkttyp<\/td>\n<td width=\"597\">An der Luft trocknen lassen<\/td>\n<\/tr>\n<tr>\n<td width=\"257\" height=\"44\">Material<\/td>\n<td width=\"597\">Fl\u00fcssigkeit<\/td>\n<\/tr>\n<tr>\n<td width=\"257\" height=\"44\">Farbe<\/td>\n<td width=\"597\">Klar<\/td>\n<\/tr>\n<tr>\n<td width=\"257\" height=\"44\">Band<\/td>\n<td width=\"597\">15ml<\/td>\n<\/tr>\n<tr>\n<td width=\"257\" height=\"44\">Sicherheit<\/td>\n<td width=\"597\">HEMA-frei, TPO-frei, ungiftig, MSDS verf\u00fcgbar<\/td>\n<\/tr>\n<tr>\n<td width=\"257\" height=\"44\">MOQ<\/td>\n<td width=\"597\">Niedriges MOQ<\/td>\n<\/tr>\n<tr>\n<td width=\"257\" height=\"44\">Kostenlose Probe<\/td>\n<td width=\"597\">Verf\u00fcgbar<\/td>\n<\/tr>\n<tr>\n<td width=\"257\" height=\"82\">Kundenspezifische Option<\/td>\n<td width=\"597\">OEM\/ODM-Dienste, kundenspezifische Logos, Etiketten und Verpackungen werden unterst\u00fctzt<\/td>\n<\/tr>\n<\/tbody>\n<\/table>\n<h3 class=\"brxe-heading\">Vom Nagellackhersteller<\/h3>\n<p><a href=\"https:\/\/www.fsyougel.com\/de\/\"><strong>YouGel<\/strong><\/a>\u00a0ist ein Hightech-Nagellackhersteller, der Gro\u00dfhandel, Eigenmarken und OEM\/ODM-Dienstleistungen anbietet. Mehr als 10.000 HEMA-freie, vegane und tierversuchsfreie Farben, die sich leicht auftragen lassen, lange halten und leicht abwischen.<\/p>","protected":false},"featured_media":1273,"comment_status":"closed","ping_status":"closed","template":"","meta":{"_acf_changed":false},"product_brand":[],"product_cat":[25],"product_tag":[],"class_list":{"0":"post-1266","1":"product","2":"type-product","3":"status-publish","4":"has-post-thumbnail","6":"product_cat-wholesale-function-gel","8":"first","9":"instock","10":"shipping-taxable","11":"product-type-simple"},"acf":[],"_links":{"self":[{"href":"https:\/\/www.fsyougel.com\/de\/wp-json\/wp\/v2\/product\/1266","targetHints":{"allow":["GET"]}}],"collection":[{"href":"https:\/\/www.fsyougel.com\/de\/wp-json\/wp\/v2\/product"}],"about":[{"href":"https:\/\/www.fsyougel.com\/de\/wp-json\/wp\/v2\/types\/product"}],"replies":[{"embeddable":true,"href":"https:\/\/www.fsyougel.com\/de\/wp-json\/wp\/v2\/comments?post=1266"}],"wp:featuredmedia":[{"embeddable":true,"href":"https:\/\/www.fsyougel.com\/de\/wp-json\/wp\/v2\/media\/1273"}],"wp:attachment":[{"href":"https:\/\/www.fsyougel.com\/de\/wp-json\/wp\/v2\/media?parent=1266"}],"wp:term":[{"taxonomy":"product_brand","embeddable":true,"href":"https:\/\/www.fsyougel.com\/de\/wp-json\/wp\/v2\/product_brand?post=1266"},{"taxonomy":"product_cat","embeddable":true,"href":"https:\/\/www.fsyougel.com\/de\/wp-json\/wp\/v2\/product_cat?post=1266"},{"taxonomy":"product_tag","embeddable":true,"href":"https:\/\/www.fsyougel.com\/de\/wp-json\/wp\/v2\/product_tag?post=1266"}],"curies":[{"name":"wp","href":"https:\/\/api.w.org\/{rel}","templated":true}]}}