{"id":1275,"date":"2025-10-28T10:04:11","date_gmt":"2025-10-28T10:04:11","guid":{"rendered":"https:\/\/www.fsyougel.com\/?post_type=product&#038;p=1275"},"modified":"2025-10-28T10:21:53","modified_gmt":"2025-10-28T10:21:53","slug":"wholesale-chrome-mirror-powder-supplier","status":"publish","type":"product","link":"https:\/\/www.fsyougel.com\/de\/produkt\/wholesale-chrome-mirror-powder-supplier\/","title":{"rendered":"Gro\u00dfh\u00e4ndler f\u00fcr Chromspiegelpulver | Shinny Bright Nail Art f\u00fcr Nagelstudios"},"content":{"rendered":"<div class=\"wp-block-columns is-layout-flex wp-container-core-columns-is-layout-9d6595d7 wp-block-columns-is-layout-flex\">\n<div class=\"wp-block-column is-layout-flow wp-block-column-is-layout-flow\">\n<h2 class=\"wp-block-heading\">Gro\u00dfhandel Chromspiegelpulver Eigenschaften:<\/h2>\n\n\n\n<ul class=\"wp-block-list\">\n<li><strong>Hochglanz-Spiegelglanz:<\/strong> Unser Chromspiegelpulver f\u00fcr den Gro\u00dfhandel erzeugt einen atemberaubenden metallischen Glanz mit seidig glatter, reflektierender Optik f\u00fcr wundersch\u00f6ne N\u00e4gel mit Spiegelglanz.<\/li>\n\n\n\n<li><strong>Ultrafeine Formel: <\/strong>Aus au\u00dfergew\u00f6hnlich feinem, ultrafeinem Puder, das sich gut auftragen l\u00e4sst, ohne zu verklumpen \u2013 perfekt f\u00fcr den professionellen Einsatz im Salon oder zu Hause.<\/li>\n\n\n\n<li><strong>Langlebiges Finish: <\/strong>Licht-, kratz- und mattierungsbest\u00e4ndig \u2013 Ihre Nagelkunst bleibt wochenlang strahlend und gl\u00e4nzend.<\/li>\n\n\n\n<li><strong>Mehrere Farboptionen: <\/strong>Erh\u00e4ltlich in Silber, Gold, Ros\u00e9gold und holografischen Farben, passend zu jedem Nageldesign oder saisonalen Look.<\/li>\n\n\n\n<li><strong>Einfache Anwendung: <\/strong>Perfekt f\u00fcr die Anwendung auf Gel-Nagellack oder \u00dcberlack \u2013 einfach auftragen und versiegeln, um sofort ein reflektierendes Chrom-Finish zu erzielen.<\/li>\n\n\n\n<li><strong>Fabrikgro\u00dfhandel und OEM verf\u00fcgbar: <\/strong>Direkt ab Werk mit stabiler Lieferung, wettbewerbsf\u00e4higen Fabrikpreisen und kundenspezifischer Verpackung f\u00fcr internationale H\u00e4ndler.<\/li>\n<\/ul>\n<\/div>\n\n\n\n<div class=\"wp-block-column is-layout-flow wp-block-column-is-layout-flow\">\n<figure class=\"wp-block-image size-full\"><img decoding=\"async\" width=\"1500\" height=\"1500\" src=\"https:\/\/www.fsyougel.com\/wp-content\/uploads\/2025\/10\/Wholesale-Chrome-Mirror-Powder-Supplier-yougel-1.webp\" alt=\"Gro\u00dfh\u00e4ndler f\u00fcr Chromspiegelpulver \u2013 yougel (1)\" class=\"wp-image-1280\" srcset=\"https:\/\/www.fsyougel.com\/wp-content\/uploads\/2025\/10\/Wholesale-Chrome-Mirror-Powder-Supplier-yougel-1.webp 1500w, https:\/\/www.fsyougel.com\/wp-content\/uploads\/2025\/10\/Wholesale-Chrome-Mirror-Powder-Supplier-yougel-1-300x300.webp 300w, https:\/\/www.fsyougel.com\/wp-content\/uploads\/2025\/10\/Wholesale-Chrome-Mirror-Powder-Supplier-yougel-1-150x150.webp 150w, https:\/\/www.fsyougel.com\/wp-content\/uploads\/2025\/10\/Wholesale-Chrome-Mirror-Powder-Supplier-yougel-1-768x768.webp 768w, https:\/\/www.fsyougel.com\/wp-content\/uploads\/2025\/10\/Wholesale-Chrome-Mirror-Powder-Supplier-yougel-1-12x12.webp 12w, https:\/\/www.fsyougel.com\/wp-content\/uploads\/2025\/10\/Wholesale-Chrome-Mirror-Powder-Supplier-yougel-1-1200x1200.webp 1200w, https:\/\/www.fsyougel.com\/wp-content\/uploads\/2025\/10\/Wholesale-Chrome-Mirror-Powder-Supplier-yougel-1-600x600.webp 600w, https:\/\/www.fsyougel.com\/wp-content\/uploads\/2025\/10\/Wholesale-Chrome-Mirror-Powder-Supplier-yougel-1-100x100.webp 100w\" sizes=\"(max-width: 1500px) 100vw, 1500px\" \/><\/figure>\n<\/div>\n<\/div>\n\n\n\n<div class=\"wp-block-columns is-layout-flex wp-container-core-columns-is-layout-9d6595d7 wp-block-columns-is-layout-flex\">\n<div class=\"wp-block-column is-layout-flow wp-block-column-is-layout-flow\">\n<figure class=\"wp-block-image size-full\"><img decoding=\"async\" width=\"1500\" height=\"1500\" src=\"https:\/\/www.fsyougel.com\/wp-content\/uploads\/2025\/10\/Custom-Chrome-Mirror-Powder-Supplier-yougel-3.webp\" alt=\"Anbieter von kundenspezifischem Chromspiegelpulver \u2013 yougel (3)\" class=\"wp-image-1279\" srcset=\"https:\/\/www.fsyougel.com\/wp-content\/uploads\/2025\/10\/Custom-Chrome-Mirror-Powder-Supplier-yougel-3.webp 1500w, https:\/\/www.fsyougel.com\/wp-content\/uploads\/2025\/10\/Custom-Chrome-Mirror-Powder-Supplier-yougel-3-300x300.webp 300w, https:\/\/www.fsyougel.com\/wp-content\/uploads\/2025\/10\/Custom-Chrome-Mirror-Powder-Supplier-yougel-3-150x150.webp 150w, https:\/\/www.fsyougel.com\/wp-content\/uploads\/2025\/10\/Custom-Chrome-Mirror-Powder-Supplier-yougel-3-768x768.webp 768w, https:\/\/www.fsyougel.com\/wp-content\/uploads\/2025\/10\/Custom-Chrome-Mirror-Powder-Supplier-yougel-3-12x12.webp 12w, https:\/\/www.fsyougel.com\/wp-content\/uploads\/2025\/10\/Custom-Chrome-Mirror-Powder-Supplier-yougel-3-1200x1200.webp 1200w, https:\/\/www.fsyougel.com\/wp-content\/uploads\/2025\/10\/Custom-Chrome-Mirror-Powder-Supplier-yougel-3-600x600.webp 600w, https:\/\/www.fsyougel.com\/wp-content\/uploads\/2025\/10\/Custom-Chrome-Mirror-Powder-Supplier-yougel-3-100x100.webp 100w\" sizes=\"(max-width: 1500px) 100vw, 1500px\" \/><\/figure>\n<\/div>\n\n\n\n<div class=\"wp-block-column is-layout-flow wp-block-column-is-layout-flow\">\n<figure class=\"wp-block-image size-full\"><img decoding=\"async\" width=\"1500\" height=\"1500\" src=\"https:\/\/www.fsyougel.com\/wp-content\/uploads\/2025\/10\/Custom-Chrome-Mirror-Powder-Supplier-yougel-2.webp\" alt=\"Anbieter von kundenspezifischem Chromspiegelpulver \u2013 yougel (2)\" class=\"wp-image-1278\" srcset=\"https:\/\/www.fsyougel.com\/wp-content\/uploads\/2025\/10\/Custom-Chrome-Mirror-Powder-Supplier-yougel-2.webp 1500w, https:\/\/www.fsyougel.com\/wp-content\/uploads\/2025\/10\/Custom-Chrome-Mirror-Powder-Supplier-yougel-2-300x300.webp 300w, https:\/\/www.fsyougel.com\/wp-content\/uploads\/2025\/10\/Custom-Chrome-Mirror-Powder-Supplier-yougel-2-150x150.webp 150w, https:\/\/www.fsyougel.com\/wp-content\/uploads\/2025\/10\/Custom-Chrome-Mirror-Powder-Supplier-yougel-2-768x768.webp 768w, https:\/\/www.fsyougel.com\/wp-content\/uploads\/2025\/10\/Custom-Chrome-Mirror-Powder-Supplier-yougel-2-12x12.webp 12w, https:\/\/www.fsyougel.com\/wp-content\/uploads\/2025\/10\/Custom-Chrome-Mirror-Powder-Supplier-yougel-2-1200x1200.webp 1200w, https:\/\/www.fsyougel.com\/wp-content\/uploads\/2025\/10\/Custom-Chrome-Mirror-Powder-Supplier-yougel-2-600x600.webp 600w, https:\/\/www.fsyougel.com\/wp-content\/uploads\/2025\/10\/Custom-Chrome-Mirror-Powder-Supplier-yougel-2-100x100.webp 100w\" sizes=\"(max-width: 1500px) 100vw, 1500px\" \/><\/figure>\n<\/div>\n\n\n\n<div class=\"wp-block-column is-layout-flow wp-block-column-is-layout-flow\">\n<figure class=\"wp-block-image size-full\"><img decoding=\"async\" width=\"1500\" height=\"1500\" src=\"https:\/\/www.fsyougel.com\/wp-content\/uploads\/2025\/10\/Custom-Chrome-Mirror-Powder-Supplier-yougel-1.webp\" alt=\"Anbieter von kundenspezifischem Chromspiegelpulver \u2013 yougel (1)\" class=\"wp-image-1277\" srcset=\"https:\/\/www.fsyougel.com\/wp-content\/uploads\/2025\/10\/Custom-Chrome-Mirror-Powder-Supplier-yougel-1.webp 1500w, https:\/\/www.fsyougel.com\/wp-content\/uploads\/2025\/10\/Custom-Chrome-Mirror-Powder-Supplier-yougel-1-300x300.webp 300w, https:\/\/www.fsyougel.com\/wp-content\/uploads\/2025\/10\/Custom-Chrome-Mirror-Powder-Supplier-yougel-1-150x150.webp 150w, https:\/\/www.fsyougel.com\/wp-content\/uploads\/2025\/10\/Custom-Chrome-Mirror-Powder-Supplier-yougel-1-768x768.webp 768w, https:\/\/www.fsyougel.com\/wp-content\/uploads\/2025\/10\/Custom-Chrome-Mirror-Powder-Supplier-yougel-1-12x12.webp 12w, https:\/\/www.fsyougel.com\/wp-content\/uploads\/2025\/10\/Custom-Chrome-Mirror-Powder-Supplier-yougel-1-1200x1200.webp 1200w, https:\/\/www.fsyougel.com\/wp-content\/uploads\/2025\/10\/Custom-Chrome-Mirror-Powder-Supplier-yougel-1-600x600.webp 600w, https:\/\/www.fsyougel.com\/wp-content\/uploads\/2025\/10\/Custom-Chrome-Mirror-Powder-Supplier-yougel-1-100x100.webp 100w\" sizes=\"(max-width: 1500px) 100vw, 1500px\" \/><\/figure>\n<\/div>\n<\/div>\n\n\n\n<p><\/p>","protected":false},"excerpt":{"rendered":"<p>Willkommen beim Kauf unseres ma\u00dfgeschneiderten Chromspiegelpulvers f\u00fcr den Gro\u00dfhandel, das einen brillanten metallischen Glanz und eine ultrafeine Textur f\u00fcr professionelle Nagelstudios bietet. Langlebig, einfach aufzutragen und in mehreren Farben erh\u00e4ltlich. Profitieren Sie von OEM-Anpassung, schneller Lieferung und Fabrikpreisen f\u00fcr Ihr Nagelkunstgesch\u00e4ft.<\/p>\n<table border=\"0\" width=\"854\" cellspacing=\"0\" cellpadding=\"0\">\n<tbody>\n<tr>\n<td width=\"257\" height=\"44\">Marke<\/td>\n<td width=\"597\">YouGel<\/td>\n<\/tr>\n<tr>\n<td width=\"257\" height=\"44\">Modellnummer<\/td>\n<td width=\"597\">CHP001<\/td>\n<\/tr>\n<tr>\n<td width=\"257\" height=\"44\">Produkttyp<\/td>\n<td width=\"597\">Nagelpulver<\/td>\n<\/tr>\n<tr>\n<td width=\"257\" height=\"44\">Material<\/td>\n<td width=\"597\">Pulver<\/td>\n<\/tr>\n<tr>\n<td width=\"257\" height=\"44\">Farbe<\/td>\n<td width=\"597\">6 Farben<\/td>\n<\/tr>\n<tr>\n<td width=\"257\" height=\"44\">Band<\/td>\n<td width=\"597\">1 g\/3 g\/5 g\/7 g\/10 g\/1 kg<\/td>\n<\/tr>\n<tr>\n<td width=\"257\" height=\"44\">Sicherheit<\/td>\n<td width=\"597\">HEMA-frei, TPO-frei, ungiftig, MSDS verf\u00fcgbar<\/td>\n<\/tr>\n<tr>\n<td width=\"257\" height=\"44\">MOQ<\/td>\n<td width=\"597\">Niedriges MOQ<\/td>\n<\/tr>\n<tr>\n<td width=\"257\" height=\"44\">Kostenlose Probe<\/td>\n<td width=\"597\">Verf\u00fcgbar<\/td>\n<\/tr>\n<tr>\n<td width=\"257\" height=\"82\">Kundenspezifische Option<\/td>\n<td width=\"597\">OEM\/ODM-Dienste, kundenspezifische Logos, Etiketten und Verpackungen werden unterst\u00fctzt<\/td>\n<\/tr>\n<\/tbody>\n<\/table>\n<h3 class=\"brxe-heading\">Vom Nagellackhersteller<\/h3>\n<p><a href=\"https:\/\/www.fsyougel.com\/de\/\"><strong>YouGel<\/strong><\/a> ist ein High-Tech-Nagellackhersteller, der <a href=\"https:\/\/www.fsyougel.com\/de\/wholesale-gel-polish\/\"><strong>Gro\u00dfhandel<\/strong><\/a>, <a href=\"https:\/\/www.fsyougel.com\/de\/private-label-gel-polish\/\"><strong>Eigenmarke<\/strong><\/a>und<a href=\"https:\/\/www.fsyougel.com\/de\/custom-gel-polish\/\"><strong> OEM\/ODM-Dienstleistungen<\/strong><\/a>. W\u00e4hlen Sie aus <strong>10.000+ HEMA-freie, TPO-freie, vegane und grausamkeitsfreie Farben<\/strong> Entwickelt f\u00fcr reibungsloses Auftragen, lange Haltbarkeit und leichtes Einweichen.<\/p>","protected":false},"featured_media":1281,"comment_status":"closed","ping_status":"closed","template":"","meta":{"_acf_changed":false},"product_brand":[],"product_cat":[24],"product_tag":[],"class_list":{"0":"post-1275","1":"product","2":"type-product","3":"status-publish","4":"has-post-thumbnail","6":"product_cat-wholesale-nail-art-gel","8":"first","9":"instock","10":"shipping-taxable","11":"product-type-simple"},"acf":[],"_links":{"self":[{"href":"https:\/\/www.fsyougel.com\/de\/wp-json\/wp\/v2\/product\/1275","targetHints":{"allow":["GET"]}}],"collection":[{"href":"https:\/\/www.fsyougel.com\/de\/wp-json\/wp\/v2\/product"}],"about":[{"href":"https:\/\/www.fsyougel.com\/de\/wp-json\/wp\/v2\/types\/product"}],"replies":[{"embeddable":true,"href":"https:\/\/www.fsyougel.com\/de\/wp-json\/wp\/v2\/comments?post=1275"}],"wp:featuredmedia":[{"embeddable":true,"href":"https:\/\/www.fsyougel.com\/de\/wp-json\/wp\/v2\/media\/1281"}],"wp:attachment":[{"href":"https:\/\/www.fsyougel.com\/de\/wp-json\/wp\/v2\/media?parent=1275"}],"wp:term":[{"taxonomy":"product_brand","embeddable":true,"href":"https:\/\/www.fsyougel.com\/de\/wp-json\/wp\/v2\/product_brand?post=1275"},{"taxonomy":"product_cat","embeddable":true,"href":"https:\/\/www.fsyougel.com\/de\/wp-json\/wp\/v2\/product_cat?post=1275"},{"taxonomy":"product_tag","embeddable":true,"href":"https:\/\/www.fsyougel.com\/de\/wp-json\/wp\/v2\/product_tag?post=1275"}],"curies":[{"name":"wp","href":"https:\/\/api.w.org\/{rel}","templated":true}]}}