{"id":1282,"date":"2025-10-28T10:31:48","date_gmt":"2025-10-28T10:31:48","guid":{"rendered":"https:\/\/www.fsyougel.com\/?post_type=product&#038;p=1282"},"modified":"2025-10-28T10:58:44","modified_gmt":"2025-10-28T10:58:44","slug":"holographic-chrome-powder-wholesale","status":"publish","type":"product","link":"https:\/\/www.fsyougel.com\/de\/produkt\/holographic-chrome-powder-wholesale\/","title":{"rendered":"OEM Holografisches Chrompulver Gro\u00dfhandel, Private Label Cruelty Free Face Highlighter"},"content":{"rendered":"<div class=\"wp-block-columns is-layout-flex wp-container-core-columns-is-layout-9d6595d7 wp-block-columns-is-layout-flex\">\n<div class=\"wp-block-column is-layout-flow wp-block-column-is-layout-flow\">\n<h2 class=\"wp-block-heading\">Eigenschaften des kundenspezifischen holografischen Chrompulvers:<\/h2>\n\n\n\n<ul class=\"wp-block-list\">\n<li><strong>Blendender holografischer Effekt:<\/strong> Verf\u00fcgt \u00fcber einen erstaunlichen multidimensionalen Glanz, der je nach Lichtquelle seine Farbe ver\u00e4ndert, perfekt f\u00fcr professionelle Salons und Make-up-Profis.<\/li>\n\n\n\n<li><strong>Ultrafeine und geschmeidige Textur: <\/strong>L\u00e4sst sich leicht gl\u00e4tten und sorgt f\u00fcr ein makelloses Spiegelglanz-Finish ohne Streifen oder Klumpen.<\/li>\n\n\n\n<li><strong>Vielseitige Verwendung:<\/strong> Geeignet f\u00fcr N\u00e4gel, Augen und zum Hervorheben des Gesichts \u2013 erzielen Sie holografische Sch\u00f6nheit mit einem einzigen Allround-Produkt.<\/li>\n\n\n\n<li><strong>Lang anhaltender Glanz: <\/strong>Verblasst nicht und sorgt f\u00fcr dramatische, auff\u00e4llige Finishes, die den ganzen Tag halten.<\/li>\n\n\n\n<li><strong>Grausamkeitsfrei und sichere Formel: <\/strong>Hergestellt aus ungiftigen und hautvertr\u00e4glichen Inhaltsstoffen; f\u00fcr alle Hauttypen geeignet.<\/li>\n\n\n\n<li><strong>Fabrikgro\u00dfhandel und OEM verf\u00fcgbar: <\/strong>Direkt ab Werk mit stabiler Lieferung, wettbewerbsf\u00e4higen Fabrikpreisen und kundenspezifischer Verpackung f\u00fcr internationale H\u00e4ndler.<\/li>\n<\/ul>\n<\/div>\n\n\n\n<div class=\"wp-block-column is-layout-flow wp-block-column-is-layout-flow\">\n<figure class=\"wp-block-image size-full\"><img decoding=\"async\" width=\"1500\" height=\"1500\" src=\"https:\/\/www.fsyougel.com\/wp-content\/uploads\/2025\/10\/Wholesale-Holographic-Chrome-Powder-Manufacturer-yougel-3.webp\" alt=\"Gro\u00dfhandel Hersteller von holografischem Chrompulver \u2013 yougel (3)\" class=\"wp-image-1288\" srcset=\"https:\/\/www.fsyougel.com\/wp-content\/uploads\/2025\/10\/Wholesale-Holographic-Chrome-Powder-Manufacturer-yougel-3.webp 1500w, https:\/\/www.fsyougel.com\/wp-content\/uploads\/2025\/10\/Wholesale-Holographic-Chrome-Powder-Manufacturer-yougel-3-300x300.webp 300w, https:\/\/www.fsyougel.com\/wp-content\/uploads\/2025\/10\/Wholesale-Holographic-Chrome-Powder-Manufacturer-yougel-3-150x150.webp 150w, https:\/\/www.fsyougel.com\/wp-content\/uploads\/2025\/10\/Wholesale-Holographic-Chrome-Powder-Manufacturer-yougel-3-768x768.webp 768w, https:\/\/www.fsyougel.com\/wp-content\/uploads\/2025\/10\/Wholesale-Holographic-Chrome-Powder-Manufacturer-yougel-3-12x12.webp 12w, https:\/\/www.fsyougel.com\/wp-content\/uploads\/2025\/10\/Wholesale-Holographic-Chrome-Powder-Manufacturer-yougel-3-1200x1200.webp 1200w, https:\/\/www.fsyougel.com\/wp-content\/uploads\/2025\/10\/Wholesale-Holographic-Chrome-Powder-Manufacturer-yougel-3-600x600.webp 600w, https:\/\/www.fsyougel.com\/wp-content\/uploads\/2025\/10\/Wholesale-Holographic-Chrome-Powder-Manufacturer-yougel-3-100x100.webp 100w\" sizes=\"(max-width: 1500px) 100vw, 1500px\" \/><\/figure>\n<\/div>\n<\/div>\n\n\n\n<div class=\"wp-block-columns is-layout-flex wp-container-core-columns-is-layout-9d6595d7 wp-block-columns-is-layout-flex\">\n<div class=\"wp-block-column is-layout-flow wp-block-column-is-layout-flow\">\n<figure class=\"wp-block-image size-full\"><img decoding=\"async\" width=\"1500\" height=\"1500\" src=\"https:\/\/www.fsyougel.com\/wp-content\/uploads\/2025\/10\/Wholesale-Holographic-Chrome-Powder-Manufacturer-yougel-1.webp\" alt=\"Gro\u00dfhandel Hersteller von holografischem Chrompulver \u2013 yougel (1)\" class=\"wp-image-1286\" srcset=\"https:\/\/www.fsyougel.com\/wp-content\/uploads\/2025\/10\/Wholesale-Holographic-Chrome-Powder-Manufacturer-yougel-1.webp 1500w, https:\/\/www.fsyougel.com\/wp-content\/uploads\/2025\/10\/Wholesale-Holographic-Chrome-Powder-Manufacturer-yougel-1-300x300.webp 300w, https:\/\/www.fsyougel.com\/wp-content\/uploads\/2025\/10\/Wholesale-Holographic-Chrome-Powder-Manufacturer-yougel-1-150x150.webp 150w, https:\/\/www.fsyougel.com\/wp-content\/uploads\/2025\/10\/Wholesale-Holographic-Chrome-Powder-Manufacturer-yougel-1-768x768.webp 768w, https:\/\/www.fsyougel.com\/wp-content\/uploads\/2025\/10\/Wholesale-Holographic-Chrome-Powder-Manufacturer-yougel-1-12x12.webp 12w, https:\/\/www.fsyougel.com\/wp-content\/uploads\/2025\/10\/Wholesale-Holographic-Chrome-Powder-Manufacturer-yougel-1-1200x1200.webp 1200w, https:\/\/www.fsyougel.com\/wp-content\/uploads\/2025\/10\/Wholesale-Holographic-Chrome-Powder-Manufacturer-yougel-1-600x600.webp 600w, https:\/\/www.fsyougel.com\/wp-content\/uploads\/2025\/10\/Wholesale-Holographic-Chrome-Powder-Manufacturer-yougel-1-100x100.webp 100w\" sizes=\"(max-width: 1500px) 100vw, 1500px\" \/><\/figure>\n<\/div>\n\n\n\n<div class=\"wp-block-column is-layout-flow wp-block-column-is-layout-flow\">\n<figure class=\"wp-block-image size-full\"><img decoding=\"async\" width=\"1500\" height=\"1500\" src=\"https:\/\/www.fsyougel.com\/wp-content\/uploads\/2025\/10\/Wholesale-Holographic-Chrome-Powder-Manufacturer-yougel-6.webp\" alt=\"Gro\u00dfhandel Hersteller von holografischem Chrompulver \u2013 yougel (6)\" class=\"wp-image-1290\" srcset=\"https:\/\/www.fsyougel.com\/wp-content\/uploads\/2025\/10\/Wholesale-Holographic-Chrome-Powder-Manufacturer-yougel-6.webp 1500w, https:\/\/www.fsyougel.com\/wp-content\/uploads\/2025\/10\/Wholesale-Holographic-Chrome-Powder-Manufacturer-yougel-6-300x300.webp 300w, https:\/\/www.fsyougel.com\/wp-content\/uploads\/2025\/10\/Wholesale-Holographic-Chrome-Powder-Manufacturer-yougel-6-150x150.webp 150w, https:\/\/www.fsyougel.com\/wp-content\/uploads\/2025\/10\/Wholesale-Holographic-Chrome-Powder-Manufacturer-yougel-6-768x768.webp 768w, https:\/\/www.fsyougel.com\/wp-content\/uploads\/2025\/10\/Wholesale-Holographic-Chrome-Powder-Manufacturer-yougel-6-12x12.webp 12w, https:\/\/www.fsyougel.com\/wp-content\/uploads\/2025\/10\/Wholesale-Holographic-Chrome-Powder-Manufacturer-yougel-6-1200x1200.webp 1200w, https:\/\/www.fsyougel.com\/wp-content\/uploads\/2025\/10\/Wholesale-Holographic-Chrome-Powder-Manufacturer-yougel-6-600x600.webp 600w, https:\/\/www.fsyougel.com\/wp-content\/uploads\/2025\/10\/Wholesale-Holographic-Chrome-Powder-Manufacturer-yougel-6-100x100.webp 100w\" sizes=\"(max-width: 1500px) 100vw, 1500px\" \/><\/figure>\n<\/div>\n<\/div>\n\n\n\n<p><\/p>","protected":false},"excerpt":{"rendered":"<p>Willkommen beim Kauf unseres holografischen Chrompulvers im Gro\u00dfhandel! Erleben Sie intensiven, farbwechselnden Glanz mit ultrafeiner Textur und lang anhaltender Brillanz. Perfekt f\u00fcr Nagelstudios und Kosmetikmarken, die tierversuchsfreie, anpassbare OEM-Pulver mit atemberaubenden holografischen Effekten suchen.<\/p>\n<table border=\"0\" width=\"854\" cellspacing=\"0\" cellpadding=\"0\">\n<tbody>\n<tr>\n<td width=\"257\" height=\"44\">Marke<\/td>\n<td width=\"597\">YouGel<\/td>\n<\/tr>\n<tr>\n<td width=\"257\" height=\"44\">Modellnummer<\/td>\n<td width=\"597\">CHP001<\/td>\n<\/tr>\n<tr>\n<td width=\"257\" height=\"44\">Produkttyp<\/td>\n<td width=\"597\">Nagelpulver<\/td>\n<\/tr>\n<tr>\n<td width=\"257\" height=\"44\">Material<\/td>\n<td width=\"597\">Pulver<\/td>\n<\/tr>\n<tr>\n<td width=\"257\" height=\"44\">Farbe<\/td>\n<td width=\"597\">1 Farbe<\/td>\n<\/tr>\n<tr>\n<td width=\"257\" height=\"44\">Band<\/td>\n<td width=\"597\">0,5 g<\/td>\n<\/tr>\n<tr>\n<td width=\"257\" height=\"44\">Sicherheit<\/td>\n<td width=\"597\">HEMA-frei, TPO-frei, ungiftig, MSDS verf\u00fcgbar<\/td>\n<\/tr>\n<tr>\n<td width=\"257\" height=\"44\">MOQ<\/td>\n<td width=\"597\">Niedriges MOQ<\/td>\n<\/tr>\n<tr>\n<td width=\"257\" height=\"44\">Kostenlose Probe<\/td>\n<td width=\"597\">Verf\u00fcgbar<\/td>\n<\/tr>\n<tr>\n<td width=\"257\" height=\"82\">Kundenspezifische Option<\/td>\n<td width=\"597\">OEM\/ODM-Dienste, kundenspezifische Logos, Etiketten und Verpackungen werden unterst\u00fctzt<\/td>\n<\/tr>\n<\/tbody>\n<\/table>\n<h3 class=\"brxe-heading\">Vom Nagellackhersteller<\/h3>\n<p><a href=\"https:\/\/www.fsyougel.com\/de\/\"><strong>YouGel<\/strong><\/a> ist ein High-Tech-Nagellackhersteller, der <a href=\"https:\/\/www.fsyougel.com\/de\/wholesale-gel-polish\/\"><strong>Gro\u00dfhandel<\/strong><\/a>, <a href=\"https:\/\/www.fsyougel.com\/de\/private-label-gel-polish\/\"><strong>Eigenmarke<\/strong><\/a>und<a href=\"https:\/\/www.fsyougel.com\/de\/custom-gel-polish\/\"><strong> OEM\/ODM-Dienstleistungen<\/strong><\/a>. W\u00e4hlen Sie aus <strong>10.000+ HEMA-freie, TPO-freie, vegane und grausamkeitsfreie Farben<\/strong> Entwickelt f\u00fcr reibungsloses Auftragen, lange Haltbarkeit und leichtes Einweichen.<\/p>","protected":false},"featured_media":1285,"comment_status":"closed","ping_status":"closed","template":"","meta":{"_acf_changed":false},"product_brand":[],"product_cat":[24],"product_tag":[],"class_list":{"0":"post-1282","1":"product","2":"type-product","3":"status-publish","4":"has-post-thumbnail","6":"product_cat-wholesale-nail-art-gel","8":"first","9":"instock","10":"shipping-taxable","11":"product-type-simple"},"acf":[],"_links":{"self":[{"href":"https:\/\/www.fsyougel.com\/de\/wp-json\/wp\/v2\/product\/1282","targetHints":{"allow":["GET"]}}],"collection":[{"href":"https:\/\/www.fsyougel.com\/de\/wp-json\/wp\/v2\/product"}],"about":[{"href":"https:\/\/www.fsyougel.com\/de\/wp-json\/wp\/v2\/types\/product"}],"replies":[{"embeddable":true,"href":"https:\/\/www.fsyougel.com\/de\/wp-json\/wp\/v2\/comments?post=1282"}],"wp:featuredmedia":[{"embeddable":true,"href":"https:\/\/www.fsyougel.com\/de\/wp-json\/wp\/v2\/media\/1285"}],"wp:attachment":[{"href":"https:\/\/www.fsyougel.com\/de\/wp-json\/wp\/v2\/media?parent=1282"}],"wp:term":[{"taxonomy":"product_brand","embeddable":true,"href":"https:\/\/www.fsyougel.com\/de\/wp-json\/wp\/v2\/product_brand?post=1282"},{"taxonomy":"product_cat","embeddable":true,"href":"https:\/\/www.fsyougel.com\/de\/wp-json\/wp\/v2\/product_cat?post=1282"},{"taxonomy":"product_tag","embeddable":true,"href":"https:\/\/www.fsyougel.com\/de\/wp-json\/wp\/v2\/product_tag?post=1282"}],"curies":[{"name":"wp","href":"https:\/\/api.w.org\/{rel}","templated":true}]}}