{"id":1292,"date":"2025-10-28T17:15:12","date_gmt":"2025-10-28T17:15:12","guid":{"rendered":"https:\/\/www.fsyougel.com\/?post_type=product&#038;p=1292"},"modified":"2025-12-31T09:17:55","modified_gmt":"2025-12-31T09:17:55","slug":"moonlight-cat-eye-gel-polish-wholesale","status":"publish","type":"product","link":"https:\/\/www.fsyougel.com\/de\/produkt\/moonlight-cat-eye-gel-polish-wholesale\/","title":{"rendered":"Moonlight Cat Eye Gel-Nagellack Gro\u00dfhandel, TPO-frei 8 Farben Soak Off Gel-Nagellack Private Label"},"content":{"rendered":"<div class=\"wp-block-columns is-layout-flex wp-container-core-columns-is-layout-9d6595d7 wp-block-columns-is-layout-flex\">\n<div class=\"wp-block-column is-layout-flow wp-block-column-is-layout-flow\">\n<h2 class=\"wp-block-heading\">Gro\u00dfhandel Moonlight Cat Eye Gel-Nagellack Eigenschaften:<\/h2>\n\n\n\n<ul class=\"wp-block-list\">\n<li><strong>Umwerfender Multi-Effekt-Glanz<\/strong> \u2013 Erstellen Sie atemberaubende <strong>breit, gebogen und Edelstein-Katzenauge<\/strong> Effekte unter magnetischem Licht, die jeden Winkel in eine faszinierende Reflexion verwandeln.<\/li>\n\n\n\n<li><strong>Vielseitige Nageldesign-Optionen<\/strong> \u2013 Perfekt f\u00fcr <strong>Muschelmuster, franz\u00f6sischer Stil und l\u00e4chelndes Katzenauge<\/strong> Aussehen; erzielen Sie ganz einfach zu Hause oder im Studio 3D-Effekte wie im Salon.<\/li>\n\n\n\n<li><strong>8 lebhafte Mondlichtt\u00f6ne<\/strong> \u2013 Jede Farbe strahlt eine <strong>luxuri\u00f6ser magnetischer Schimmer<\/strong> die sich unter verschiedenen Lichtverh\u00e4ltnissen ver\u00e4ndert und unendliche kreative M\u00f6glichkeiten bietet.<\/li>\n\n\n\n<li><strong>TPO-freie und sichere Formel<\/strong> \u2013 Unser ma\u00dfgeschneiderter Moonlight Cat Eye Gel-Nagellack wird hergestellt aus <strong>ungiftige, tierversuchsfreie Inhaltsstoffe<\/strong>, sorgt f\u00fcr lang anhaltenden Halt und sanftes Auftragen, ohne die N\u00e4gel zu besch\u00e4digen.<\/li>\n\n\n\n<li><strong>Starke Haftung und einfache Entfernung<\/strong> \u2013 Die <strong>Soak-Off-Gel<\/strong> Die Formel bietet hervorragende Haftung und m\u00fcheloses Entfernen und eignet sich f\u00fcr den professionellen und privaten Gebrauch.<\/li>\n<\/ul>\n<\/div>\n\n\n\n<div class=\"wp-block-column is-layout-flow wp-block-column-is-layout-flow\">\n<figure class=\"wp-block-image size-full\"><img decoding=\"async\" width=\"1500\" height=\"1500\" src=\"https:\/\/www.fsyougel.com\/wp-content\/uploads\/2025\/10\/Moonlight-Cat-Eye-Gel-Polish-Wholesale-Yougel-2.webp\" alt=\"Moonlight Cat Eye Gel-Nagellack Gro\u00dfhandel \u2013 Yougel (2)\" class=\"wp-image-1298\" srcset=\"https:\/\/www.fsyougel.com\/wp-content\/uploads\/2025\/10\/Moonlight-Cat-Eye-Gel-Polish-Wholesale-Yougel-2.webp 1500w, https:\/\/www.fsyougel.com\/wp-content\/uploads\/2025\/10\/Moonlight-Cat-Eye-Gel-Polish-Wholesale-Yougel-2-300x300.webp 300w, https:\/\/www.fsyougel.com\/wp-content\/uploads\/2025\/10\/Moonlight-Cat-Eye-Gel-Polish-Wholesale-Yougel-2-150x150.webp 150w, https:\/\/www.fsyougel.com\/wp-content\/uploads\/2025\/10\/Moonlight-Cat-Eye-Gel-Polish-Wholesale-Yougel-2-768x768.webp 768w, https:\/\/www.fsyougel.com\/wp-content\/uploads\/2025\/10\/Moonlight-Cat-Eye-Gel-Polish-Wholesale-Yougel-2-12x12.webp 12w, https:\/\/www.fsyougel.com\/wp-content\/uploads\/2025\/10\/Moonlight-Cat-Eye-Gel-Polish-Wholesale-Yougel-2-1200x1200.webp 1200w, https:\/\/www.fsyougel.com\/wp-content\/uploads\/2025\/10\/Moonlight-Cat-Eye-Gel-Polish-Wholesale-Yougel-2-600x600.webp 600w, https:\/\/www.fsyougel.com\/wp-content\/uploads\/2025\/10\/Moonlight-Cat-Eye-Gel-Polish-Wholesale-Yougel-2-100x100.webp 100w\" sizes=\"(max-width: 1500px) 100vw, 1500px\" \/><\/figure>\n<\/div>\n<\/div>\n\n\n\n<div class=\"wp-block-columns is-layout-flex wp-container-core-columns-is-layout-9d6595d7 wp-block-columns-is-layout-flex\">\n<div class=\"wp-block-column is-layout-flow wp-block-column-is-layout-flow\">\n<figure class=\"wp-block-image size-full\"><img decoding=\"async\" width=\"1500\" height=\"1500\" src=\"https:\/\/www.fsyougel.com\/wp-content\/uploads\/2025\/10\/Custom-Moonlight-Cat-Eye-Gel-Polish-Supplier-yougel-2.webp\" alt=\"Ma\u00dfgeschneiderter Moonlight Cat Eye Gel Polish Lieferant \u2013 yougel (2)\" class=\"wp-image-1294\" srcset=\"https:\/\/www.fsyougel.com\/wp-content\/uploads\/2025\/10\/Custom-Moonlight-Cat-Eye-Gel-Polish-Supplier-yougel-2.webp 1500w, https:\/\/www.fsyougel.com\/wp-content\/uploads\/2025\/10\/Custom-Moonlight-Cat-Eye-Gel-Polish-Supplier-yougel-2-300x300.webp 300w, https:\/\/www.fsyougel.com\/wp-content\/uploads\/2025\/10\/Custom-Moonlight-Cat-Eye-Gel-Polish-Supplier-yougel-2-150x150.webp 150w, https:\/\/www.fsyougel.com\/wp-content\/uploads\/2025\/10\/Custom-Moonlight-Cat-Eye-Gel-Polish-Supplier-yougel-2-768x768.webp 768w, https:\/\/www.fsyougel.com\/wp-content\/uploads\/2025\/10\/Custom-Moonlight-Cat-Eye-Gel-Polish-Supplier-yougel-2-12x12.webp 12w, https:\/\/www.fsyougel.com\/wp-content\/uploads\/2025\/10\/Custom-Moonlight-Cat-Eye-Gel-Polish-Supplier-yougel-2-1200x1200.webp 1200w, https:\/\/www.fsyougel.com\/wp-content\/uploads\/2025\/10\/Custom-Moonlight-Cat-Eye-Gel-Polish-Supplier-yougel-2-600x600.webp 600w, https:\/\/www.fsyougel.com\/wp-content\/uploads\/2025\/10\/Custom-Moonlight-Cat-Eye-Gel-Polish-Supplier-yougel-2-100x100.webp 100w\" sizes=\"(max-width: 1500px) 100vw, 1500px\" \/><\/figure>\n<\/div>\n\n\n\n<div class=\"wp-block-column is-layout-flow wp-block-column-is-layout-flow\">\n<figure class=\"wp-block-image size-full\"><img decoding=\"async\" width=\"1500\" height=\"1500\" src=\"https:\/\/www.fsyougel.com\/wp-content\/uploads\/2025\/10\/Custom-Moonlight-Cat-Eye-Gel-Polish-Supplier-yougel-4.webp\" alt=\"Individueller Lieferant f\u00fcr Moonlight Cat Eye Gel-Nagellack \u2013 yougel (4)\" class=\"wp-image-1296\" srcset=\"https:\/\/www.fsyougel.com\/wp-content\/uploads\/2025\/10\/Custom-Moonlight-Cat-Eye-Gel-Polish-Supplier-yougel-4.webp 1500w, https:\/\/www.fsyougel.com\/wp-content\/uploads\/2025\/10\/Custom-Moonlight-Cat-Eye-Gel-Polish-Supplier-yougel-4-300x300.webp 300w, https:\/\/www.fsyougel.com\/wp-content\/uploads\/2025\/10\/Custom-Moonlight-Cat-Eye-Gel-Polish-Supplier-yougel-4-150x150.webp 150w, https:\/\/www.fsyougel.com\/wp-content\/uploads\/2025\/10\/Custom-Moonlight-Cat-Eye-Gel-Polish-Supplier-yougel-4-768x768.webp 768w, https:\/\/www.fsyougel.com\/wp-content\/uploads\/2025\/10\/Custom-Moonlight-Cat-Eye-Gel-Polish-Supplier-yougel-4-12x12.webp 12w, https:\/\/www.fsyougel.com\/wp-content\/uploads\/2025\/10\/Custom-Moonlight-Cat-Eye-Gel-Polish-Supplier-yougel-4-1200x1200.webp 1200w, https:\/\/www.fsyougel.com\/wp-content\/uploads\/2025\/10\/Custom-Moonlight-Cat-Eye-Gel-Polish-Supplier-yougel-4-600x600.webp 600w, https:\/\/www.fsyougel.com\/wp-content\/uploads\/2025\/10\/Custom-Moonlight-Cat-Eye-Gel-Polish-Supplier-yougel-4-100x100.webp 100w\" sizes=\"(max-width: 1500px) 100vw, 1500px\" \/><\/figure>\n<\/div>\n<\/div>\n\n\n\n<p><\/p>","protected":false},"excerpt":{"rendered":"<p data-start=\"398\" data-end=\"682\">Willkommen beim Kauf unseres Moonlight Cat Eye Gel-Nagellacks im Gro\u00dfhandel, der in 8 faszinierenden Farben mit breiten, geschwungenen und edelsteinartigen Cat-Eye-Effekten erh\u00e4ltlich ist. TPO-frei, langlebig und einfach aufzutragen, perfekt f\u00fcr Salons und Marken, die hochwertigen magnetischen Nagellack zu Herstellerpreisen suchen.<\/p>\n<table border=\"0\" width=\"854\" cellspacing=\"0\" cellpadding=\"0\">\n<tbody>\n<tr>\n<td class=\"et3\" width=\"257\" height=\"44\">Marke<\/td>\n<td class=\"et3\" width=\"597\">YouGel<\/td>\n<\/tr>\n<tr>\n<td class=\"et4\" width=\"257\" height=\"44\">Modellnummer<\/td>\n<td class=\"et4\" width=\"597\">24CG01<\/td>\n<\/tr>\n<tr>\n<td class=\"et4\" width=\"257\" height=\"44\">Produkttyp<\/td>\n<td class=\"et4\" width=\"597\">UV\/LED-Gel-Politur zum Einweichen<\/td>\n<\/tr>\n<tr>\n<td class=\"et4\" width=\"257\" height=\"44\">Material<\/td>\n<td class=\"et4\" width=\"597\">Harz<\/td>\n<\/tr>\n<tr>\n<td class=\"et4\" width=\"257\" height=\"44\">Farbe<\/td>\n<td class=\"et4\" width=\"597\">8 Farben<\/td>\n<\/tr>\n<tr>\n<td class=\"et4\" width=\"257\" height=\"44\">Band<\/td>\n<td class=\"et4\" width=\"597\">8 ml<\/td>\n<\/tr>\n<tr>\n<td class=\"et4\" width=\"257\" height=\"44\">Sicherheit<\/td>\n<td class=\"et4\" width=\"597\">HEMA-frei, TPO-frei, ungiftig, MSDS verf\u00fcgbar<\/td>\n<\/tr>\n<tr>\n<td class=\"et4\" width=\"257\" height=\"44\">MOQ<\/td>\n<td class=\"et4\" width=\"597\">Niedriges MOQ<\/td>\n<\/tr>\n<tr>\n<td class=\"et4\" width=\"257\" height=\"44\">Kostenlose Probe<\/td>\n<td class=\"et4\" width=\"597\">Verf\u00fcgbar<\/td>\n<\/tr>\n<tr>\n<td class=\"et4\" width=\"257\" height=\"82\">Kundenspezifische Option<\/td>\n<td class=\"et4\" width=\"597\">OEM\/ODM-Dienste, kundenspezifische Logos, Etiketten und Verpackungen werden unterst\u00fctzt<\/td>\n<\/tr>\n<\/tbody>\n<\/table>\n<h2 class=\"brxe-heading\">Vom Gel Polish Hersteller<\/h2>\n<p><a href=\"https:\/\/www.fsyougel.com\/de\/\"><strong>YouGel<\/strong><\/a> ist ein vertrauensw\u00fcrdiger Hersteller von Gellacken, der hochwertige Gel-Basislacke anbietet, die f\u00fcr UV\/LED-N\u00e4gel geeignet sind. Unsere Produkte sind so konzipiert, dass sie sich problemlos auftragen lassen, lange halten und leicht einziehen.<\/p>","protected":false},"featured_media":1299,"comment_status":"closed","ping_status":"closed","template":"","meta":{"_acf_changed":false},"product_brand":[],"product_cat":[19,28],"product_tag":[],"class_list":{"0":"post-1292","1":"product","2":"type-product","3":"status-publish","4":"has-post-thumbnail","6":"product_cat-gel-polish-color-wholesale","7":"product_cat-cat-eye-gel-supplier","9":"first","10":"instock","11":"shipping-taxable","12":"product-type-simple"},"acf":[],"_links":{"self":[{"href":"https:\/\/www.fsyougel.com\/de\/wp-json\/wp\/v2\/product\/1292","targetHints":{"allow":["GET"]}}],"collection":[{"href":"https:\/\/www.fsyougel.com\/de\/wp-json\/wp\/v2\/product"}],"about":[{"href":"https:\/\/www.fsyougel.com\/de\/wp-json\/wp\/v2\/types\/product"}],"replies":[{"embeddable":true,"href":"https:\/\/www.fsyougel.com\/de\/wp-json\/wp\/v2\/comments?post=1292"}],"wp:featuredmedia":[{"embeddable":true,"href":"https:\/\/www.fsyougel.com\/de\/wp-json\/wp\/v2\/media\/1299"}],"wp:attachment":[{"href":"https:\/\/www.fsyougel.com\/de\/wp-json\/wp\/v2\/media?parent=1292"}],"wp:term":[{"taxonomy":"product_brand","embeddable":true,"href":"https:\/\/www.fsyougel.com\/de\/wp-json\/wp\/v2\/product_brand?post=1292"},{"taxonomy":"product_cat","embeddable":true,"href":"https:\/\/www.fsyougel.com\/de\/wp-json\/wp\/v2\/product_cat?post=1292"},{"taxonomy":"product_tag","embeddable":true,"href":"https:\/\/www.fsyougel.com\/de\/wp-json\/wp\/v2\/product_tag?post=1292"}],"curies":[{"name":"wp","href":"https:\/\/api.w.org\/{rel}","templated":true}]}}