{"id":1301,"date":"2025-10-28T18:12:58","date_gmt":"2025-10-28T18:12:58","guid":{"rendered":"https:\/\/www.fsyougel.com\/?post_type=product&#038;p=1301"},"modified":"2025-12-31T09:17:09","modified_gmt":"2025-12-31T09:17:09","slug":"8d-chameleon-cat-eye-gel-polish-factory","status":"publish","type":"product","link":"https:\/\/www.fsyougel.com\/de\/produkt\/8d-chameleon-cat-eye-gel-polish-factory\/","title":{"rendered":"8D Chameleon Cat Eye Gel Polish Fabrikgro\u00dfhandel, TPO-freies magnetisches Nagelgel"},"content":{"rendered":"<div class=\"wp-block-columns is-layout-flex wp-container-core-columns-is-layout-9d6595d7 wp-block-columns-is-layout-flex\">\n<div class=\"wp-block-column is-layout-flow wp-block-column-is-layout-flow\">\n<h2 class=\"wp-block-heading\">Gro\u00dfhandel 8D Chameleon Cat Eye Gel Polish Eigenschaften:<\/h2>\n\n\n\n<ul class=\"wp-block-list\">\n<li><strong>Atemberaubender 8D-Farbwechsel-Effekt<\/strong> \u2013 Erleben Sie etwas Umwerfendes <strong>mehrdimensionale magnetische Reflexionen<\/strong> die unter verschiedenen Beleuchtungswinkeln ihre Farbe \u00e4ndern und so ein lebendiges 8D-Cham\u00e4leon-Finish erzeugen.<\/li>\n\n\n\n<li><strong>Magnetisches Katzenaugen-Design<\/strong> \u2013 Einfach einzigartig gestalten <strong>Katzenaugenlinien, Galaxieneffekte und Aurora-Farbverl\u00e4ufe<\/strong> mit einem Magnetstift f\u00fcr auff\u00e4llige Nagelkunst.<\/li>\n\n\n\n<li><strong>TPO-freie und sichere Formel<\/strong> \u2013 Unser 8D Cham\u00e4leon-Katzenaugen-Gel-Nagellack wird hergestellt mit einem <strong>ungiftig, frei von Tierversuchen, TPO-freie Formel<\/strong>, wodurch eine professionelle Anwendung ohne Reizungen oder Ger\u00fcche gew\u00e4hrleistet wird.<\/li>\n\n\n\n<li><strong>Ultra-gl\u00e4nzend und langlebig<\/strong> \u2013 Angebote <strong>Intensive Farbabgabe, starke Haftung und kratzfeste Abnutzung<\/strong> die bis zu 3+ Wochen h\u00e4lt und perfekten Glanz bietet.<\/li>\n\n\n\n<li><strong>Fabrikgro\u00dfhandel und OEM verf\u00fcgbar<\/strong> \u2013 Unterst\u00fctzung <strong>Anpassung der Eigenmarke<\/strong>, Gro\u00dfbestellungen und wettbewerbsf\u00e4hige Fabrikpreise \u2013 ideal f\u00fcr Salons, H\u00e4ndler und Nagellackmarken.<\/li>\n<\/ul>\n<\/div>\n\n\n\n<div class=\"wp-block-column is-layout-flow wp-block-column-is-layout-flow\">\n<figure class=\"wp-block-image size-full\"><img decoding=\"async\" width=\"1500\" height=\"1500\" src=\"https:\/\/www.fsyougel.com\/wp-content\/uploads\/2025\/10\/8D-Chameleon-Cat-Eye-Gel-Polish-Wholesale-Factory-yougel-1.webp\" alt=\"8D Chameleon Cat Eye Gel Polish Gro\u00dfhandelsfabrik \u2013 yougel (1)\" class=\"wp-image-1305\" srcset=\"https:\/\/www.fsyougel.com\/wp-content\/uploads\/2025\/10\/8D-Chameleon-Cat-Eye-Gel-Polish-Wholesale-Factory-yougel-1.webp 1500w, https:\/\/www.fsyougel.com\/wp-content\/uploads\/2025\/10\/8D-Chameleon-Cat-Eye-Gel-Polish-Wholesale-Factory-yougel-1-300x300.webp 300w, https:\/\/www.fsyougel.com\/wp-content\/uploads\/2025\/10\/8D-Chameleon-Cat-Eye-Gel-Polish-Wholesale-Factory-yougel-1-150x150.webp 150w, https:\/\/www.fsyougel.com\/wp-content\/uploads\/2025\/10\/8D-Chameleon-Cat-Eye-Gel-Polish-Wholesale-Factory-yougel-1-768x768.webp 768w, https:\/\/www.fsyougel.com\/wp-content\/uploads\/2025\/10\/8D-Chameleon-Cat-Eye-Gel-Polish-Wholesale-Factory-yougel-1-12x12.webp 12w, https:\/\/www.fsyougel.com\/wp-content\/uploads\/2025\/10\/8D-Chameleon-Cat-Eye-Gel-Polish-Wholesale-Factory-yougel-1-1200x1200.webp 1200w, https:\/\/www.fsyougel.com\/wp-content\/uploads\/2025\/10\/8D-Chameleon-Cat-Eye-Gel-Polish-Wholesale-Factory-yougel-1-600x600.webp 600w, https:\/\/www.fsyougel.com\/wp-content\/uploads\/2025\/10\/8D-Chameleon-Cat-Eye-Gel-Polish-Wholesale-Factory-yougel-1-100x100.webp 100w\" sizes=\"(max-width: 1500px) 100vw, 1500px\" \/><\/figure>\n<\/div>\n<\/div>\n\n\n\n<div class=\"wp-block-columns is-layout-flex wp-container-core-columns-is-layout-9d6595d7 wp-block-columns-is-layout-flex\">\n<div class=\"wp-block-column is-layout-flow wp-block-column-is-layout-flow\">\n<figure class=\"wp-block-image size-full\"><img decoding=\"async\" width=\"1500\" height=\"1500\" src=\"https:\/\/www.fsyougel.com\/wp-content\/uploads\/2025\/10\/8D-Chameleon-Cat-Eye-Gel-Polish-Wholesale-Factory-yougel-2.webp\" alt=\"8D Chameleon Cat Eye Gel Polish Gro\u00dfhandelsfabrik \u2013 yougel (2)\" class=\"wp-image-1306\" srcset=\"https:\/\/www.fsyougel.com\/wp-content\/uploads\/2025\/10\/8D-Chameleon-Cat-Eye-Gel-Polish-Wholesale-Factory-yougel-2.webp 1500w, https:\/\/www.fsyougel.com\/wp-content\/uploads\/2025\/10\/8D-Chameleon-Cat-Eye-Gel-Polish-Wholesale-Factory-yougel-2-300x300.webp 300w, https:\/\/www.fsyougel.com\/wp-content\/uploads\/2025\/10\/8D-Chameleon-Cat-Eye-Gel-Polish-Wholesale-Factory-yougel-2-150x150.webp 150w, https:\/\/www.fsyougel.com\/wp-content\/uploads\/2025\/10\/8D-Chameleon-Cat-Eye-Gel-Polish-Wholesale-Factory-yougel-2-768x768.webp 768w, https:\/\/www.fsyougel.com\/wp-content\/uploads\/2025\/10\/8D-Chameleon-Cat-Eye-Gel-Polish-Wholesale-Factory-yougel-2-12x12.webp 12w, https:\/\/www.fsyougel.com\/wp-content\/uploads\/2025\/10\/8D-Chameleon-Cat-Eye-Gel-Polish-Wholesale-Factory-yougel-2-1200x1200.webp 1200w, https:\/\/www.fsyougel.com\/wp-content\/uploads\/2025\/10\/8D-Chameleon-Cat-Eye-Gel-Polish-Wholesale-Factory-yougel-2-600x600.webp 600w, https:\/\/www.fsyougel.com\/wp-content\/uploads\/2025\/10\/8D-Chameleon-Cat-Eye-Gel-Polish-Wholesale-Factory-yougel-2-100x100.webp 100w\" sizes=\"(max-width: 1500px) 100vw, 1500px\" \/><\/figure>\n<\/div>\n\n\n\n<div class=\"wp-block-column is-layout-flow wp-block-column-is-layout-flow\">\n<figure class=\"wp-block-image size-full\"><img decoding=\"async\" width=\"1500\" height=\"1500\" src=\"https:\/\/www.fsyougel.com\/wp-content\/uploads\/2025\/10\/Wholesale-8D-Chameleon-Cat-Eye-Gel-Polish-Factory.webp\" alt=\"Gro\u00dfhandel 8D Cham\u00e4leon-Katzenaugen-Gel-Nagellack Fabrik\" class=\"wp-image-1309\" srcset=\"https:\/\/www.fsyougel.com\/wp-content\/uploads\/2025\/10\/Wholesale-8D-Chameleon-Cat-Eye-Gel-Polish-Factory.webp 1500w, https:\/\/www.fsyougel.com\/wp-content\/uploads\/2025\/10\/Wholesale-8D-Chameleon-Cat-Eye-Gel-Polish-Factory-300x300.webp 300w, https:\/\/www.fsyougel.com\/wp-content\/uploads\/2025\/10\/Wholesale-8D-Chameleon-Cat-Eye-Gel-Polish-Factory-150x150.webp 150w, https:\/\/www.fsyougel.com\/wp-content\/uploads\/2025\/10\/Wholesale-8D-Chameleon-Cat-Eye-Gel-Polish-Factory-768x768.webp 768w, https:\/\/www.fsyougel.com\/wp-content\/uploads\/2025\/10\/Wholesale-8D-Chameleon-Cat-Eye-Gel-Polish-Factory-12x12.webp 12w, https:\/\/www.fsyougel.com\/wp-content\/uploads\/2025\/10\/Wholesale-8D-Chameleon-Cat-Eye-Gel-Polish-Factory-1200x1200.webp 1200w, https:\/\/www.fsyougel.com\/wp-content\/uploads\/2025\/10\/Wholesale-8D-Chameleon-Cat-Eye-Gel-Polish-Factory-600x600.webp 600w, https:\/\/www.fsyougel.com\/wp-content\/uploads\/2025\/10\/Wholesale-8D-Chameleon-Cat-Eye-Gel-Polish-Factory-100x100.webp 100w\" sizes=\"(max-width: 1500px) 100vw, 1500px\" \/><\/figure>\n<\/div>\n<\/div>\n\n\n\n<figure class=\"wp-block-image size-full\"><img decoding=\"async\" width=\"1500\" height=\"907\" src=\"https:\/\/www.fsyougel.com\/wp-content\/uploads\/2025\/10\/8D-Chameleon-Cat-Eye-Gel-Polish-Manufacturer.webp\" alt=\"8D Chameleon Cat Eye Gel Polish Hersteller\" class=\"wp-image-1303\" srcset=\"https:\/\/www.fsyougel.com\/wp-content\/uploads\/2025\/10\/8D-Chameleon-Cat-Eye-Gel-Polish-Manufacturer.webp 1500w, https:\/\/www.fsyougel.com\/wp-content\/uploads\/2025\/10\/8D-Chameleon-Cat-Eye-Gel-Polish-Manufacturer-300x181.webp 300w, https:\/\/www.fsyougel.com\/wp-content\/uploads\/2025\/10\/8D-Chameleon-Cat-Eye-Gel-Polish-Manufacturer-768x464.webp 768w, https:\/\/www.fsyougel.com\/wp-content\/uploads\/2025\/10\/8D-Chameleon-Cat-Eye-Gel-Polish-Manufacturer-18x12.webp 18w, https:\/\/www.fsyougel.com\/wp-content\/uploads\/2025\/10\/8D-Chameleon-Cat-Eye-Gel-Polish-Manufacturer-1200x726.webp 1200w, https:\/\/www.fsyougel.com\/wp-content\/uploads\/2025\/10\/8D-Chameleon-Cat-Eye-Gel-Polish-Manufacturer-600x363.webp 600w\" sizes=\"(max-width: 1500px) 100vw, 1500px\" \/><\/figure>","protected":false},"excerpt":{"rendered":"<p data-start=\"398\" data-end=\"682\">Willkommen beim Kauf unseres 8D Chameleon Cat Eye Gel-Nagellacks im Gro\u00dfhandel. Er zeichnet sich durch eine TPO-freie, hochgl\u00e4nzende Formel aus, die unter Lichteinwirkung ihre Farbe wechselt und so f\u00fcr atemberaubende magnetische Effekte sorgt. Perfekt f\u00fcr Nagelstudios und Eigenmarken, die lebendige, langanhaltende Cat Eye-Gels zu Gro\u00dfhandelspreisen suchen.<\/p>\n<table border=\"0\" width=\"854\" cellspacing=\"0\" cellpadding=\"0\">\n<tbody>\n<tr>\n<td class=\"et3\" width=\"257\" height=\"44\">Marke<\/td>\n<td class=\"et3\" width=\"597\">YouGel<\/td>\n<\/tr>\n<tr>\n<td class=\"et4\" width=\"257\" height=\"44\">Modellnummer<\/td>\n<td class=\"et4\" width=\"597\">8DCG01<\/td>\n<\/tr>\n<tr>\n<td class=\"et4\" width=\"257\" height=\"44\">Produkttyp<\/td>\n<td class=\"et4\" width=\"597\">UV\/LED-Gel-Politur zum Einweichen<\/td>\n<\/tr>\n<tr>\n<td class=\"et4\" width=\"257\" height=\"44\">Material<\/td>\n<td class=\"et4\" width=\"597\">Harz<\/td>\n<\/tr>\n<tr>\n<td class=\"et4\" width=\"257\" height=\"44\">Farbe<\/td>\n<td class=\"et4\" width=\"597\">6 Farben<\/td>\n<\/tr>\n<tr>\n<td class=\"et4\" width=\"257\" height=\"44\">Band<\/td>\n<td class=\"et4\" width=\"597\">8 ml<\/td>\n<\/tr>\n<tr>\n<td class=\"et4\" width=\"257\" height=\"44\">Sicherheit<\/td>\n<td class=\"et4\" width=\"597\">HEMA-frei, TPO-frei, ungiftig, MSDS verf\u00fcgbar<\/td>\n<\/tr>\n<tr>\n<td class=\"et4\" width=\"257\" height=\"44\">MOQ<\/td>\n<td class=\"et4\" width=\"597\">Niedriges MOQ<\/td>\n<\/tr>\n<tr>\n<td class=\"et4\" width=\"257\" height=\"44\">Kostenlose Probe<\/td>\n<td class=\"et4\" width=\"597\">Verf\u00fcgbar<\/td>\n<\/tr>\n<tr>\n<td class=\"et4\" width=\"257\" height=\"82\">Kundenspezifische Option<\/td>\n<td class=\"et4\" width=\"597\">OEM\/ODM-Dienste, kundenspezifische Logos, Etiketten und Verpackungen werden unterst\u00fctzt<\/td>\n<\/tr>\n<\/tbody>\n<\/table>\n<h2 class=\"brxe-heading\">Vom Gel Polish Hersteller<\/h2>\n<p><a href=\"https:\/\/www.fsyougel.com\/de\/\"><strong>YouGel<\/strong><\/a> ist ein vertrauensw\u00fcrdiger Hersteller von Gellacken, der hochwertige Gel-Basislacke anbietet, die f\u00fcr UV\/LED-N\u00e4gel geeignet sind. Unsere Produkte sind so konzipiert, dass sie sich problemlos auftragen lassen, lange halten und leicht einziehen.<\/p>","protected":false},"featured_media":1302,"comment_status":"closed","ping_status":"closed","template":"","meta":{"_acf_changed":false},"product_brand":[],"product_cat":[19,28],"product_tag":[],"class_list":{"0":"post-1301","1":"product","2":"type-product","3":"status-publish","4":"has-post-thumbnail","6":"product_cat-gel-polish-color-wholesale","7":"product_cat-cat-eye-gel-supplier","9":"first","10":"instock","11":"shipping-taxable","12":"product-type-simple"},"acf":[],"_links":{"self":[{"href":"https:\/\/www.fsyougel.com\/de\/wp-json\/wp\/v2\/product\/1301","targetHints":{"allow":["GET"]}}],"collection":[{"href":"https:\/\/www.fsyougel.com\/de\/wp-json\/wp\/v2\/product"}],"about":[{"href":"https:\/\/www.fsyougel.com\/de\/wp-json\/wp\/v2\/types\/product"}],"replies":[{"embeddable":true,"href":"https:\/\/www.fsyougel.com\/de\/wp-json\/wp\/v2\/comments?post=1301"}],"wp:featuredmedia":[{"embeddable":true,"href":"https:\/\/www.fsyougel.com\/de\/wp-json\/wp\/v2\/media\/1302"}],"wp:attachment":[{"href":"https:\/\/www.fsyougel.com\/de\/wp-json\/wp\/v2\/media?parent=1301"}],"wp:term":[{"taxonomy":"product_brand","embeddable":true,"href":"https:\/\/www.fsyougel.com\/de\/wp-json\/wp\/v2\/product_brand?post=1301"},{"taxonomy":"product_cat","embeddable":true,"href":"https:\/\/www.fsyougel.com\/de\/wp-json\/wp\/v2\/product_cat?post=1301"},{"taxonomy":"product_tag","embeddable":true,"href":"https:\/\/www.fsyougel.com\/de\/wp-json\/wp\/v2\/product_tag?post=1301"}],"curies":[{"name":"wp","href":"https:\/\/api.w.org\/{rel}","templated":true}]}}