{"id":1311,"date":"2025-10-29T08:23:44","date_gmt":"2025-10-29T08:23:44","guid":{"rendered":"https:\/\/www.fsyougel.com\/?post_type=product&#038;p=1311"},"modified":"2025-10-29T09:43:32","modified_gmt":"2025-10-29T09:43:32","slug":"custom-liner-art-gel-for-nail-art","status":"publish","type":"product","link":"https:\/\/www.fsyougel.com\/de\/produkt\/custom-liner-art-gel-for-nail-art\/","title":{"rendered":"Individuelles Liner-Gel f\u00fcr Nageldesign, OEM\/ODM 12 Farben Liner-Gel zum Bemalen von N\u00e4geln"},"content":{"rendered":"<div class=\"wp-block-columns is-layout-flex wp-container-core-columns-is-layout-9d6595d7 wp-block-columns-is-layout-flex\">\n<div class=\"wp-block-column is-layout-flow wp-block-column-is-layout-flow\">\n<h2 class=\"wp-block-heading\">Besondere Eigenschaften des Custom Liner Art Gels:<\/h2>\n\n\n\n<ul class=\"wp-block-list\">\n<li><strong>Reibungslose und pr\u00e4zise Steuerung: <\/strong>Dieses ma\u00dfgeschneiderte Liner-Art-Gel zeichnet sich durch eine geschmeidige, seidige Textur aus und wird mit einer professionellen Pinselspitze geliefert, sodass Sie damit ganz einfach Konturen und Linien bis hin zu komplizierten Designs meistern und vielschichtige Nageldesigns kreieren k\u00f6nnen.<\/li>\n\n\n\n<li><strong>12 stilvolle Farben:<\/strong> Bietet 12 hochges\u00e4ttigte Farben, von klassischem Schwarz und Wei\u00df bis hin zu trendigen Macaron-Farbt\u00f6nen. Die satte Farbabgabe und die hervorragende Verteilbarkeit erm\u00f6glichen eine ausdrucksstarke Anwendung bei jedem Design.<\/li>\n\n\n\n<li><strong>TPO-freie sichere Formel:<\/strong> Hergestellt aus TPO-freien, umweltfreundlichen Inhaltsstoffen, hat es keinen reizenden Geruch und ist schonender zu N\u00e4geln und Haut. Geeignet f\u00fcr den langfristigen Einsatz im Salon, wobei Sicherheit und professionelle Ergebnisse in Einklang gebracht werden.<\/li>\n\n\n\n<li><strong>Langlebig und schnell aush\u00e4rtend:<\/strong> Die Formel hat eine hohe Haftkraft, verhindert Ausbleichen und Rissbildung. Sie h\u00e4rtet schnell unter UV-\/LED-Licht aus, spart Zeit und macht Designs effizienter.<\/li>\n\n\n\n<li><strong>OEM\/ODM-Anpassungsservices verf\u00fcgbar<\/strong>Wir bieten flexible Anpassungsm\u00f6glichkeiten f\u00fcr Markenlogos, Verpackungsfarben und Flaschendesigns. Das Unternehmen ist ein idealer Partner f\u00fcr verschiedene Nagelmarken, H\u00e4ndler und Nagelakademien.<\/li>\n\n\n\n<li><strong>Ideal f\u00fcr die Gestaltung von Kunstwerken: <\/strong>Unser ma\u00dfgeschneidertes Liner-Art-Gel eignet sich nicht nur f\u00fcr die t\u00e4gliche Nagelverzierung, sondern ist auch perfekt f\u00fcr professionelle Salons, um 3D-Kunst, Farbverl\u00e4ufe und detailreiche, handgemalte Meisterwerke zu kreieren.<\/li>\n<\/ul>\n<\/div>\n\n\n\n<div class=\"wp-block-column is-layout-flow wp-block-column-is-layout-flow\">\n<figure class=\"wp-block-image size-full\"><img decoding=\"async\" width=\"1500\" height=\"1500\" src=\"https:\/\/www.fsyougel.com\/wp-content\/uploads\/2025\/10\/OEM-Liner-Art-Gel-Manufacturer-3.webp\" alt=\"OEM-Hersteller von Liner Art Gel (3)\" class=\"wp-image-1319\" srcset=\"https:\/\/www.fsyougel.com\/wp-content\/uploads\/2025\/10\/OEM-Liner-Art-Gel-Manufacturer-3.webp 1500w, https:\/\/www.fsyougel.com\/wp-content\/uploads\/2025\/10\/OEM-Liner-Art-Gel-Manufacturer-3-300x300.webp 300w, https:\/\/www.fsyougel.com\/wp-content\/uploads\/2025\/10\/OEM-Liner-Art-Gel-Manufacturer-3-150x150.webp 150w, https:\/\/www.fsyougel.com\/wp-content\/uploads\/2025\/10\/OEM-Liner-Art-Gel-Manufacturer-3-768x768.webp 768w, https:\/\/www.fsyougel.com\/wp-content\/uploads\/2025\/10\/OEM-Liner-Art-Gel-Manufacturer-3-12x12.webp 12w, https:\/\/www.fsyougel.com\/wp-content\/uploads\/2025\/10\/OEM-Liner-Art-Gel-Manufacturer-3-1200x1200.webp 1200w, https:\/\/www.fsyougel.com\/wp-content\/uploads\/2025\/10\/OEM-Liner-Art-Gel-Manufacturer-3-600x600.webp 600w, https:\/\/www.fsyougel.com\/wp-content\/uploads\/2025\/10\/OEM-Liner-Art-Gel-Manufacturer-3-100x100.webp 100w\" sizes=\"(max-width: 1500px) 100vw, 1500px\" \/><\/figure>\n<\/div>\n<\/div>\n\n\n\n<div class=\"wp-block-columns is-layout-flex wp-container-core-columns-is-layout-9d6595d7 wp-block-columns-is-layout-flex\">\n<div class=\"wp-block-column is-layout-flow wp-block-column-is-layout-flow\">\n<figure class=\"wp-block-image size-full\"><img decoding=\"async\" width=\"1500\" height=\"1500\" src=\"https:\/\/www.fsyougel.com\/wp-content\/uploads\/2025\/10\/Custom-Liner-Art-Gel-For-Nail-Art-5.webp\" alt=\"Individuelles Liner-Art-Gel f\u00fcr Nageldesign (5)\" class=\"wp-image-1316\" srcset=\"https:\/\/www.fsyougel.com\/wp-content\/uploads\/2025\/10\/Custom-Liner-Art-Gel-For-Nail-Art-5.webp 1500w, https:\/\/www.fsyougel.com\/wp-content\/uploads\/2025\/10\/Custom-Liner-Art-Gel-For-Nail-Art-5-300x300.webp 300w, https:\/\/www.fsyougel.com\/wp-content\/uploads\/2025\/10\/Custom-Liner-Art-Gel-For-Nail-Art-5-150x150.webp 150w, https:\/\/www.fsyougel.com\/wp-content\/uploads\/2025\/10\/Custom-Liner-Art-Gel-For-Nail-Art-5-768x768.webp 768w, https:\/\/www.fsyougel.com\/wp-content\/uploads\/2025\/10\/Custom-Liner-Art-Gel-For-Nail-Art-5-12x12.webp 12w, https:\/\/www.fsyougel.com\/wp-content\/uploads\/2025\/10\/Custom-Liner-Art-Gel-For-Nail-Art-5-1200x1200.webp 1200w, https:\/\/www.fsyougel.com\/wp-content\/uploads\/2025\/10\/Custom-Liner-Art-Gel-For-Nail-Art-5-600x600.webp 600w, https:\/\/www.fsyougel.com\/wp-content\/uploads\/2025\/10\/Custom-Liner-Art-Gel-For-Nail-Art-5-100x100.webp 100w\" sizes=\"(max-width: 1500px) 100vw, 1500px\" \/><\/figure>\n<\/div>\n\n\n\n<div class=\"wp-block-column is-layout-flow wp-block-column-is-layout-flow\">\n<figure class=\"wp-block-image size-full\"><img decoding=\"async\" width=\"1500\" height=\"1500\" src=\"https:\/\/www.fsyougel.com\/wp-content\/uploads\/2025\/10\/Custom-Liner-Art-Gel-For-Nail-Art-4.webp\" alt=\"Individuelles Liner Art Gel f\u00fcr Nageldesign (4)\" class=\"wp-image-1315\" srcset=\"https:\/\/www.fsyougel.com\/wp-content\/uploads\/2025\/10\/Custom-Liner-Art-Gel-For-Nail-Art-4.webp 1500w, https:\/\/www.fsyougel.com\/wp-content\/uploads\/2025\/10\/Custom-Liner-Art-Gel-For-Nail-Art-4-300x300.webp 300w, https:\/\/www.fsyougel.com\/wp-content\/uploads\/2025\/10\/Custom-Liner-Art-Gel-For-Nail-Art-4-150x150.webp 150w, https:\/\/www.fsyougel.com\/wp-content\/uploads\/2025\/10\/Custom-Liner-Art-Gel-For-Nail-Art-4-768x768.webp 768w, https:\/\/www.fsyougel.com\/wp-content\/uploads\/2025\/10\/Custom-Liner-Art-Gel-For-Nail-Art-4-12x12.webp 12w, https:\/\/www.fsyougel.com\/wp-content\/uploads\/2025\/10\/Custom-Liner-Art-Gel-For-Nail-Art-4-1200x1200.webp 1200w, https:\/\/www.fsyougel.com\/wp-content\/uploads\/2025\/10\/Custom-Liner-Art-Gel-For-Nail-Art-4-600x600.webp 600w, https:\/\/www.fsyougel.com\/wp-content\/uploads\/2025\/10\/Custom-Liner-Art-Gel-For-Nail-Art-4-100x100.webp 100w\" sizes=\"(max-width: 1500px) 100vw, 1500px\" \/><\/figure>\n<\/div>\n\n\n\n<div class=\"wp-block-column is-layout-flow wp-block-column-is-layout-flow\">\n<figure class=\"wp-block-image size-full\"><img decoding=\"async\" width=\"1500\" height=\"1500\" src=\"https:\/\/www.fsyougel.com\/wp-content\/uploads\/2025\/10\/Custom-Liner-Art-Gel-For-Nail-Art-3.webp\" alt=\"Individuelles Liner Art Gel f\u00fcr Nageldesign (3)\" class=\"wp-image-1314\" srcset=\"https:\/\/www.fsyougel.com\/wp-content\/uploads\/2025\/10\/Custom-Liner-Art-Gel-For-Nail-Art-3.webp 1500w, https:\/\/www.fsyougel.com\/wp-content\/uploads\/2025\/10\/Custom-Liner-Art-Gel-For-Nail-Art-3-300x300.webp 300w, https:\/\/www.fsyougel.com\/wp-content\/uploads\/2025\/10\/Custom-Liner-Art-Gel-For-Nail-Art-3-150x150.webp 150w, https:\/\/www.fsyougel.com\/wp-content\/uploads\/2025\/10\/Custom-Liner-Art-Gel-For-Nail-Art-3-768x768.webp 768w, https:\/\/www.fsyougel.com\/wp-content\/uploads\/2025\/10\/Custom-Liner-Art-Gel-For-Nail-Art-3-12x12.webp 12w, https:\/\/www.fsyougel.com\/wp-content\/uploads\/2025\/10\/Custom-Liner-Art-Gel-For-Nail-Art-3-1200x1200.webp 1200w, https:\/\/www.fsyougel.com\/wp-content\/uploads\/2025\/10\/Custom-Liner-Art-Gel-For-Nail-Art-3-600x600.webp 600w, https:\/\/www.fsyougel.com\/wp-content\/uploads\/2025\/10\/Custom-Liner-Art-Gel-For-Nail-Art-3-100x100.webp 100w\" sizes=\"(max-width: 1500px) 100vw, 1500px\" \/><\/figure>\n<\/div>\n<\/div>\n\n\n\n<p><\/p>","protected":false},"excerpt":{"rendered":"<p>Willkommen beim Kauf unseres Gro\u00dfhandels-Liner-Kunstgels, das sich durch 12 leuchtende Farben ohne TPO und eine geschmeidige Textur f\u00fcr detaillierte Nagellackierungen und 3D-Designs auszeichnet. Perfekt f\u00fcr Salons und OEM\/ODM-Marken, die sichere, langlebige und einfach zu verwendende Liner-Gels zu wettbewerbsf\u00e4higen Fabrikpreisen suchen.<\/p>\n<table border=\"0\" width=\"854\" cellspacing=\"0\" cellpadding=\"0\">\n<tbody>\n<tr>\n<td width=\"257\" height=\"44\">Marke<\/td>\n<td width=\"597\">YouGel<\/td>\n<\/tr>\n<tr>\n<td width=\"257\" height=\"44\">Modellnummer<\/td>\n<td width=\"597\">LX01<\/td>\n<\/tr>\n<tr>\n<td width=\"257\" height=\"44\">Produkttyp<\/td>\n<td width=\"597\">UV\/LED-Gel-Politur zum Einweichen<\/td>\n<\/tr>\n<tr>\n<td width=\"257\" height=\"44\">Material<\/td>\n<td width=\"597\">Harz<\/td>\n<\/tr>\n<tr>\n<td width=\"257\" height=\"44\">Farbe<\/td>\n<td width=\"597\">12 Farben<\/td>\n<\/tr>\n<tr>\n<td width=\"257\" height=\"44\">Band<\/td>\n<td width=\"597\">10 ml<\/td>\n<\/tr>\n<tr>\n<td width=\"257\" height=\"44\">Sicherheit<\/td>\n<td width=\"597\">HEMA-frei, TPO-frei, ungiftig, MSDS verf\u00fcgbar<\/td>\n<\/tr>\n<tr>\n<td width=\"257\" height=\"44\">MOQ<\/td>\n<td width=\"597\">Niedriges MOQ<\/td>\n<\/tr>\n<tr>\n<td width=\"257\" height=\"44\">Kostenlose Probe<\/td>\n<td width=\"597\">Verf\u00fcgbar<\/td>\n<\/tr>\n<tr>\n<td width=\"257\" height=\"82\">Kundenspezifische Option<\/td>\n<td width=\"597\">OEM\/ODM-Dienste, kundenspezifische Logos, Etiketten und Verpackungen werden unterst\u00fctzt<\/td>\n<\/tr>\n<\/tbody>\n<\/table>\n<h3 class=\"brxe-heading\">Vom Nagellackhersteller<\/h3>\n<p><a href=\"https:\/\/www.fsyougel.com\/de\/\"><strong>YouGel<\/strong><\/a> ist ein High-Tech-Nagellackhersteller, der <a href=\"https:\/\/www.fsyougel.com\/de\/wholesale-gel-polish\/\"><strong>Gro\u00dfhandel<\/strong><\/a>, <a href=\"https:\/\/www.fsyougel.com\/de\/private-label-gel-polish\/\"><strong>Eigenmarke<\/strong><\/a>und<a href=\"https:\/\/www.fsyougel.com\/de\/custom-gel-polish\/\"><strong> OEM\/ODM-Dienstleistungen<\/strong><\/a>. W\u00e4hlen Sie aus <strong>10.000+ HEMA-freie, TPO-freie, vegane und grausamkeitsfreie Farben<\/strong> Entwickelt f\u00fcr reibungsloses Auftragen, lange Haltbarkeit und leichtes Einweichen.<\/p>","protected":false},"featured_media":1312,"comment_status":"closed","ping_status":"closed","template":"","meta":{"_acf_changed":false},"product_brand":[],"product_cat":[24],"product_tag":[],"class_list":{"0":"post-1311","1":"product","2":"type-product","3":"status-publish","4":"has-post-thumbnail","6":"product_cat-wholesale-nail-art-gel","8":"first","9":"instock","10":"shipping-taxable","11":"product-type-simple"},"acf":[],"_links":{"self":[{"href":"https:\/\/www.fsyougel.com\/de\/wp-json\/wp\/v2\/product\/1311","targetHints":{"allow":["GET"]}}],"collection":[{"href":"https:\/\/www.fsyougel.com\/de\/wp-json\/wp\/v2\/product"}],"about":[{"href":"https:\/\/www.fsyougel.com\/de\/wp-json\/wp\/v2\/types\/product"}],"replies":[{"embeddable":true,"href":"https:\/\/www.fsyougel.com\/de\/wp-json\/wp\/v2\/comments?post=1311"}],"wp:featuredmedia":[{"embeddable":true,"href":"https:\/\/www.fsyougel.com\/de\/wp-json\/wp\/v2\/media\/1312"}],"wp:attachment":[{"href":"https:\/\/www.fsyougel.com\/de\/wp-json\/wp\/v2\/media?parent=1311"}],"wp:term":[{"taxonomy":"product_brand","embeddable":true,"href":"https:\/\/www.fsyougel.com\/de\/wp-json\/wp\/v2\/product_brand?post=1311"},{"taxonomy":"product_cat","embeddable":true,"href":"https:\/\/www.fsyougel.com\/de\/wp-json\/wp\/v2\/product_cat?post=1311"},{"taxonomy":"product_tag","embeddable":true,"href":"https:\/\/www.fsyougel.com\/de\/wp-json\/wp\/v2\/product_tag?post=1311"}],"curies":[{"name":"wp","href":"https:\/\/api.w.org\/{rel}","templated":true}]}}