{"id":1322,"date":"2025-10-29T09:50:12","date_gmt":"2025-10-29T09:50:12","guid":{"rendered":"https:\/\/www.fsyougel.com\/?post_type=product&#038;p=1322"},"modified":"2025-10-29T10:18:25","modified_gmt":"2025-10-29T10:18:25","slug":"nail-art-liner-gel-supplier","status":"publish","type":"product","link":"https:\/\/www.fsyougel.com\/de\/produkt\/nail-art-liner-gel-supplier\/","title":{"rendered":"Lieferant f\u00fcr Nagellack-Gel | Eigenmarke 12 Farben TPO-freies Nagellack-Gel"},"content":{"rendered":"<div class=\"wp-block-columns is-layout-flex wp-container-core-columns-is-layout-9d6595d7 wp-block-columns-is-layout-flex\">\n<div class=\"wp-block-column is-layout-flow wp-block-column-is-layout-flow\">\n<h2 class=\"wp-block-heading\">Eigenschaften des Custom Nail Art Liner Gels:<\/h2>\n\n\n\n<ul class=\"wp-block-list\">\n<li><strong>Seidige und einfache Anwendung: <\/strong>Dies <strong>Individuell gestaltbares Nagellack-Gel<\/strong> hat eine seidige, fl\u00fcssigkeits\u00e4hnliche Textur. In Kombination mit einem professionellen, feinen Pinsel erm\u00f6glicht es eine pr\u00e4zise Kontrolle, egal ob beim Konturieren, Nachzeichnen oder Erstellen von Mustern, und sorgt f\u00fcr nat\u00fcrliche, gleichm\u00e4\u00dfige Striche.<\/li>\n\n\n\n<li><strong>Intensiv ges\u00e4ttigte Farben mit hervorragender Deckkraft:<\/strong> Mit 12 sorgf\u00e4ltig ausgew\u00e4hlten Trendfarben sorgt dieses Gel f\u00fcr satte, lang anhaltende Farben. Erzielen Sie ganz einfach Zeichnungs- und Maleffekte, ideal f\u00fcr professionelle Nagelkunst mit detaillierten Designs.<\/li>\n\n\n\n<li><strong>TPO-freie sichere Formel:<\/strong> Dieses Gel enth\u00e4lt keine TPO und ist daher nicht reizend und geruchsneutral. Es ist sicher f\u00fcr das Wohlbefinden Ihrer N\u00e4gel und zeichnet sich durch hervorragende Haftf\u00e4higkeit und Glanz aus.<\/li>\n\n\n\n<li><strong>Einfaches DIY, in verschiedenen Stilen herstellbar: <\/strong>Ob Strichzeichnungen, Farbverl\u00e4ufe, geometrische Muster oder French Tips \u2013 dieses individuelle Nagellack-Gel vereinfacht die Gestaltung individueller Designs und l\u00e4sst Ihrer Fantasie freien Lauf.<\/li>\n\n\n\n<li><strong>Professionelle Anpassung f\u00fcr OEM\/ODM: <\/strong>Dieses Gel erf\u00fcllt die vielf\u00e4ltigen Anforderungen von Salons, Nagelmarken und H\u00e4ndlern hinsichtlich individueller Markenlogos, Verpackungen und Flaschenanpassungen und ist somit die ideale L\u00f6sung f\u00fcr professionelle B2B-Kunden.<\/li>\n<\/ul>\n<\/div>\n\n\n\n<div class=\"wp-block-column is-layout-flow wp-block-column-is-layout-flow\">\n<figure class=\"wp-block-image size-full\"><img decoding=\"async\" width=\"1500\" height=\"1500\" src=\"https:\/\/www.fsyougel.com\/wp-content\/uploads\/2025\/10\/Wholesale-Nail-Art-Liner-Gel-Supplier-yougel-6.webp\" alt=\"Gro\u00dfh\u00e4ndler f\u00fcr Nagellack-Gel \u2013 yougel (6)\" class=\"wp-image-1328\" srcset=\"https:\/\/www.fsyougel.com\/wp-content\/uploads\/2025\/10\/Wholesale-Nail-Art-Liner-Gel-Supplier-yougel-6.webp 1500w, https:\/\/www.fsyougel.com\/wp-content\/uploads\/2025\/10\/Wholesale-Nail-Art-Liner-Gel-Supplier-yougel-6-300x300.webp 300w, https:\/\/www.fsyougel.com\/wp-content\/uploads\/2025\/10\/Wholesale-Nail-Art-Liner-Gel-Supplier-yougel-6-150x150.webp 150w, https:\/\/www.fsyougel.com\/wp-content\/uploads\/2025\/10\/Wholesale-Nail-Art-Liner-Gel-Supplier-yougel-6-768x768.webp 768w, https:\/\/www.fsyougel.com\/wp-content\/uploads\/2025\/10\/Wholesale-Nail-Art-Liner-Gel-Supplier-yougel-6-12x12.webp 12w, https:\/\/www.fsyougel.com\/wp-content\/uploads\/2025\/10\/Wholesale-Nail-Art-Liner-Gel-Supplier-yougel-6-1200x1200.webp 1200w, https:\/\/www.fsyougel.com\/wp-content\/uploads\/2025\/10\/Wholesale-Nail-Art-Liner-Gel-Supplier-yougel-6-600x600.webp 600w, https:\/\/www.fsyougel.com\/wp-content\/uploads\/2025\/10\/Wholesale-Nail-Art-Liner-Gel-Supplier-yougel-6-100x100.webp 100w\" sizes=\"(max-width: 1500px) 100vw, 1500px\" \/><\/figure>\n<\/div>\n<\/div>\n\n\n\n<p><\/p>","protected":false},"excerpt":{"rendered":"<p>Willkommen beim Kauf unseres Gro\u00dfhandels-Nagellack-Liners von einem vertrauensw\u00fcrdigen Lieferanten f\u00fcr Nagellack-Liner. Erh\u00e4ltlich in 12 TPO-freien, leuchtenden Farben mit geschmeidiger Textur und starker Deckkraft, ideal f\u00fcr feine Linien, DIY-Nageldesign und OEM\/ODM-Private-Label-Anpassungen.<\/p>\n<table border=\"0\" width=\"854\" cellspacing=\"0\" cellpadding=\"0\">\n<tbody>\n<tr>\n<td width=\"257\" height=\"44\">Marke<\/td>\n<td width=\"597\">YouGel<\/td>\n<\/tr>\n<tr>\n<td width=\"257\" height=\"44\">Modellnummer<\/td>\n<td width=\"597\">LX01<\/td>\n<\/tr>\n<tr>\n<td width=\"257\" height=\"44\">Produkttyp<\/td>\n<td width=\"597\">UV\/LED-Gel-Politur zum Einweichen<\/td>\n<\/tr>\n<tr>\n<td width=\"257\" height=\"44\">Material<\/td>\n<td width=\"597\">Harz<\/td>\n<\/tr>\n<tr>\n<td width=\"257\" height=\"44\">Farbe<\/td>\n<td width=\"597\">12 Farben<\/td>\n<\/tr>\n<tr>\n<td width=\"257\" height=\"44\">Band<\/td>\n<td width=\"597\">10 ml<\/td>\n<\/tr>\n<tr>\n<td width=\"257\" height=\"44\">Sicherheit<\/td>\n<td width=\"597\">HEMA-frei, TPO-frei, ungiftig, MSDS verf\u00fcgbar<\/td>\n<\/tr>\n<tr>\n<td width=\"257\" height=\"44\">MOQ<\/td>\n<td width=\"597\">Niedriges MOQ<\/td>\n<\/tr>\n<tr>\n<td width=\"257\" height=\"44\">Kostenlose Probe<\/td>\n<td width=\"597\">Verf\u00fcgbar<\/td>\n<\/tr>\n<tr>\n<td width=\"257\" height=\"82\">Kundenspezifische Option<\/td>\n<td width=\"597\">OEM\/ODM-Dienste, kundenspezifische Logos, Etiketten und Verpackungen werden unterst\u00fctzt<\/td>\n<\/tr>\n<\/tbody>\n<\/table>\n<h3 class=\"brxe-heading\">Vom Nagellackhersteller<\/h3>\n<p><a href=\"https:\/\/www.fsyougel.com\/de\/\"><strong>YouGel<\/strong><\/a> ist ein High-Tech-Nagellackhersteller, der <a href=\"https:\/\/www.fsyougel.com\/de\/wholesale-gel-polish\/\"><strong>Gro\u00dfhandel<\/strong><\/a>, <a href=\"https:\/\/www.fsyougel.com\/de\/private-label-gel-polish\/\"><strong>Eigenmarke<\/strong><\/a>und<a href=\"https:\/\/www.fsyougel.com\/de\/custom-gel-polish\/\"><strong> OEM\/ODM-Dienstleistungen<\/strong><\/a>. W\u00e4hlen Sie aus <strong>10.000+ HEMA-freie, TPO-freie, vegane und grausamkeitsfreie Farben<\/strong> Entwickelt f\u00fcr reibungsloses Auftragen, lange Haltbarkeit und leichtes Einweichen.<\/p>","protected":false},"featured_media":1327,"comment_status":"closed","ping_status":"closed","template":"","meta":{"_acf_changed":false},"product_brand":[],"product_cat":[24],"product_tag":[],"class_list":{"0":"post-1322","1":"product","2":"type-product","3":"status-publish","4":"has-post-thumbnail","6":"product_cat-wholesale-nail-art-gel","8":"first","9":"instock","10":"shipping-taxable","11":"product-type-simple"},"acf":[],"_links":{"self":[{"href":"https:\/\/www.fsyougel.com\/de\/wp-json\/wp\/v2\/product\/1322","targetHints":{"allow":["GET"]}}],"collection":[{"href":"https:\/\/www.fsyougel.com\/de\/wp-json\/wp\/v2\/product"}],"about":[{"href":"https:\/\/www.fsyougel.com\/de\/wp-json\/wp\/v2\/types\/product"}],"replies":[{"embeddable":true,"href":"https:\/\/www.fsyougel.com\/de\/wp-json\/wp\/v2\/comments?post=1322"}],"wp:featuredmedia":[{"embeddable":true,"href":"https:\/\/www.fsyougel.com\/de\/wp-json\/wp\/v2\/media\/1327"}],"wp:attachment":[{"href":"https:\/\/www.fsyougel.com\/de\/wp-json\/wp\/v2\/media?parent=1322"}],"wp:term":[{"taxonomy":"product_brand","embeddable":true,"href":"https:\/\/www.fsyougel.com\/de\/wp-json\/wp\/v2\/product_brand?post=1322"},{"taxonomy":"product_cat","embeddable":true,"href":"https:\/\/www.fsyougel.com\/de\/wp-json\/wp\/v2\/product_cat?post=1322"},{"taxonomy":"product_tag","embeddable":true,"href":"https:\/\/www.fsyougel.com\/de\/wp-json\/wp\/v2\/product_tag?post=1322"}],"curies":[{"name":"wp","href":"https:\/\/api.w.org\/{rel}","templated":true}]}}