{"id":1331,"date":"2025-11-03T06:51:00","date_gmt":"2025-11-03T06:51:00","guid":{"rendered":"https:\/\/www.fsyougel.com\/?post_type=product&#038;p=1331"},"modified":"2025-11-03T07:34:23","modified_gmt":"2025-11-03T07:34:23","slug":"amber-gel-polish-wholesaler","status":"publish","type":"product","link":"https:\/\/www.fsyougel.com\/de\/produkt\/amber-gel-polish-wholesaler\/","title":{"rendered":"12 transparente Farben Glasur Bernstein Gel-Nagellack Gro\u00dfh\u00e4ndler, Gel-Nagellackfarben f\u00fcr Nageldesign"},"content":{"rendered":"<div class=\"wp-block-columns is-layout-flex wp-container-core-columns-is-layout-9d6595d7 wp-block-columns-is-layout-flex\">\n<div class=\"wp-block-column is-layout-flow wp-block-column-is-layout-flow\">\n<h2 class=\"wp-block-heading\">Gro\u00dfhandel Glaze Amber Gel Polish Eigenschaften:<\/h2>\n\n\n\n<p>Verleihen Sie jeder Manik\u00fcre Eleganz und Glanz mit unserer Gro\u00dfhandelskollektion an bernsteinfarbenen Gel-Nagellacken. F\u00fcr professionelle Salons und globale Nagelmarken sorgen diese transparenten Bernsteint\u00f6ne f\u00fcr Tiefe, Glanz und Luxus in jeder Schicht.<\/p>\n\n\n\n<ul class=\"wp-block-list\">\n<li><strong>Dies sind 12 transparente Bernsteint\u00f6ne:<\/strong> Bietet eine kristallklare Gel-Textur, die nat\u00fcrliche N\u00e4gel mit einem sanften, gl\u00e4nzenden Bernsteinfarben-Schimmer versch\u00f6nert.<\/li>\n\n\n\n<li><strong>HEMA- und TPO-freie Formel: <\/strong>Schonend zu N\u00e4geln und Haut, gew\u00e4hrleistet Sicherheit auch f\u00fcr die empfindlichsten Anwender.<\/li>\n\n\n\n<li><strong>Gleichm\u00e4\u00dfige Anwendung &amp; Selbstnivellierung: <\/strong>Sorgt f\u00fcr ein glattes, blasenfreies Finish f\u00fcr Profis mit hoher Kontrolle. <\/li>\n\n\n\n<li><strong>Lang anhaltender Glanz: <\/strong>Best\u00e4ndig gegen Absplittern und Verblassen, h\u00e4lt die N\u00e4gel wochenlang makellos. <\/li>\n\n\n\n<li><strong>OEM\/ODM-Unterst\u00fctzung:<\/strong> Als professioneller Gro\u00dfh\u00e4ndler f\u00fcr bernsteinfarbenen Gel-Nagellack bieten wir Farbanpassung, Verpackungsdesign und Private-Label-Dienstleistungen, damit sich Ihre Marke von anderen abhebt.<\/li>\n<\/ul>\n<\/div>\n\n\n\n<div class=\"wp-block-column is-layout-flow wp-block-column-is-layout-flow\">\n<figure class=\"wp-block-image size-full\"><img decoding=\"async\" width=\"1500\" height=\"1500\" src=\"https:\/\/www.fsyougel.com\/wp-content\/uploads\/2025\/11\/Amber-Gel-Polish-Wholesaler-yougel-6.webp\" alt=\"Gro\u00dfh\u00e4ndler f\u00fcr bernsteinfarbenen Gel-Nagellack \u2013 yougel (6)\" class=\"wp-image-1340\" srcset=\"https:\/\/www.fsyougel.com\/wp-content\/uploads\/2025\/11\/Amber-Gel-Polish-Wholesaler-yougel-6.webp 1500w, https:\/\/www.fsyougel.com\/wp-content\/uploads\/2025\/11\/Amber-Gel-Polish-Wholesaler-yougel-6-300x300.webp 300w, https:\/\/www.fsyougel.com\/wp-content\/uploads\/2025\/11\/Amber-Gel-Polish-Wholesaler-yougel-6-150x150.webp 150w, https:\/\/www.fsyougel.com\/wp-content\/uploads\/2025\/11\/Amber-Gel-Polish-Wholesaler-yougel-6-768x768.webp 768w, https:\/\/www.fsyougel.com\/wp-content\/uploads\/2025\/11\/Amber-Gel-Polish-Wholesaler-yougel-6-12x12.webp 12w, https:\/\/www.fsyougel.com\/wp-content\/uploads\/2025\/11\/Amber-Gel-Polish-Wholesaler-yougel-6-1200x1200.webp 1200w, https:\/\/www.fsyougel.com\/wp-content\/uploads\/2025\/11\/Amber-Gel-Polish-Wholesaler-yougel-6-600x600.webp 600w, https:\/\/www.fsyougel.com\/wp-content\/uploads\/2025\/11\/Amber-Gel-Polish-Wholesaler-yougel-6-100x100.webp 100w\" sizes=\"(max-width: 1500px) 100vw, 1500px\" \/><\/figure>\n<\/div>\n<\/div>\n\n\n\n<div class=\"wp-block-columns is-layout-flex wp-container-core-columns-is-layout-9d6595d7 wp-block-columns-is-layout-flex\">\n<div class=\"wp-block-column is-layout-flow wp-block-column-is-layout-flow\">\n<figure class=\"wp-block-image size-full\"><img decoding=\"async\" width=\"1500\" height=\"1500\" src=\"https:\/\/www.fsyougel.com\/wp-content\/uploads\/2025\/11\/Amber-Gel-Polish-Wholesaler-yougel-5.webp\" alt=\"Gro\u00dfh\u00e4ndler f\u00fcr bernsteinfarbenen Gel-Nagellack \u2013 yougel (5)\" class=\"wp-image-1339\" srcset=\"https:\/\/www.fsyougel.com\/wp-content\/uploads\/2025\/11\/Amber-Gel-Polish-Wholesaler-yougel-5.webp 1500w, https:\/\/www.fsyougel.com\/wp-content\/uploads\/2025\/11\/Amber-Gel-Polish-Wholesaler-yougel-5-300x300.webp 300w, https:\/\/www.fsyougel.com\/wp-content\/uploads\/2025\/11\/Amber-Gel-Polish-Wholesaler-yougel-5-150x150.webp 150w, https:\/\/www.fsyougel.com\/wp-content\/uploads\/2025\/11\/Amber-Gel-Polish-Wholesaler-yougel-5-768x768.webp 768w, https:\/\/www.fsyougel.com\/wp-content\/uploads\/2025\/11\/Amber-Gel-Polish-Wholesaler-yougel-5-12x12.webp 12w, https:\/\/www.fsyougel.com\/wp-content\/uploads\/2025\/11\/Amber-Gel-Polish-Wholesaler-yougel-5-1200x1200.webp 1200w, https:\/\/www.fsyougel.com\/wp-content\/uploads\/2025\/11\/Amber-Gel-Polish-Wholesaler-yougel-5-600x600.webp 600w, https:\/\/www.fsyougel.com\/wp-content\/uploads\/2025\/11\/Amber-Gel-Polish-Wholesaler-yougel-5-100x100.webp 100w\" sizes=\"(max-width: 1500px) 100vw, 1500px\" \/><\/figure>\n<\/div>\n\n\n\n<div class=\"wp-block-column is-layout-flow wp-block-column-is-layout-flow\">\n<figure class=\"wp-block-image size-full\"><img decoding=\"async\" width=\"1500\" height=\"1464\" src=\"https:\/\/www.fsyougel.com\/wp-content\/uploads\/2025\/11\/12-Colors-Glaze-Amber-Gel-Polish-Wholesaler-2.webp\" alt=\"Gro\u00dfh\u00e4ndler f\u00fcr 12 Farben Glaze Amber Gel-Nagellack (2)\" class=\"wp-image-1333\" srcset=\"https:\/\/www.fsyougel.com\/wp-content\/uploads\/2025\/11\/12-Colors-Glaze-Amber-Gel-Polish-Wholesaler-2.webp 1500w, https:\/\/www.fsyougel.com\/wp-content\/uploads\/2025\/11\/12-Colors-Glaze-Amber-Gel-Polish-Wholesaler-2-300x293.webp 300w, https:\/\/www.fsyougel.com\/wp-content\/uploads\/2025\/11\/12-Colors-Glaze-Amber-Gel-Polish-Wholesaler-2-768x750.webp 768w, https:\/\/www.fsyougel.com\/wp-content\/uploads\/2025\/11\/12-Colors-Glaze-Amber-Gel-Polish-Wholesaler-2-12x12.webp 12w, https:\/\/www.fsyougel.com\/wp-content\/uploads\/2025\/11\/12-Colors-Glaze-Amber-Gel-Polish-Wholesaler-2-1200x1171.webp 1200w, https:\/\/www.fsyougel.com\/wp-content\/uploads\/2025\/11\/12-Colors-Glaze-Amber-Gel-Polish-Wholesaler-2-600x586.webp 600w\" sizes=\"(max-width: 1500px) 100vw, 1500px\" \/><\/figure>\n<\/div>\n<\/div>\n\n\n\n<p><\/p>","protected":false},"excerpt":{"rendered":"<p data-start=\"398\" data-end=\"682\">Willkommen bei unserem Gro\u00dfh\u00e4ndler f\u00fcr bernsteinfarbenen Gel-Nagellack, der 12 transparente, HEMA- und TPO-freie Bernsteinfarben mit lang anhaltendem Glanzfinish anbietet. Profitieren Sie noch heute von Gro\u00dfhandelspreisen ab Werk, OEM\/ODM-Anpassungen und kostenlosen Mustern f\u00fcr Ihre Nagelmarke!<\/p>\n<table border=\"0\" width=\"854\" cellspacing=\"0\" cellpadding=\"0\">\n<tbody>\n<tr>\n<td class=\"et3\" width=\"257\" height=\"44\">Marke<\/td>\n<td class=\"et3\" width=\"597\">YouGel<\/td>\n<\/tr>\n<tr>\n<td class=\"et4\" width=\"257\" height=\"44\">Modellnummer<\/td>\n<td class=\"et4\" width=\"597\">S202<\/td>\n<\/tr>\n<tr>\n<td class=\"et4\" width=\"257\" height=\"44\">Produkttyp<\/td>\n<td class=\"et4\" width=\"597\">UV\/LED-Gel-Politur zum Einweichen<\/td>\n<\/tr>\n<tr>\n<td class=\"et4\" width=\"257\" height=\"44\">Material<\/td>\n<td class=\"et4\" width=\"597\">Harz<\/td>\n<\/tr>\n<tr>\n<td class=\"et4\" width=\"257\" height=\"44\">Farbe<\/td>\n<td class=\"et4\" width=\"597\">12 Farben<\/td>\n<\/tr>\n<tr>\n<td class=\"et4\" width=\"257\" height=\"44\">Band<\/td>\n<td class=\"et4\" width=\"597\">8 ml<\/td>\n<\/tr>\n<tr>\n<td class=\"et4\" width=\"257\" height=\"44\">Sicherheit<\/td>\n<td class=\"et4\" width=\"597\">HEMA-frei, TPO-frei, ungiftig, MSDS verf\u00fcgbar<\/td>\n<\/tr>\n<tr>\n<td class=\"et4\" width=\"257\" height=\"44\">MOQ<\/td>\n<td class=\"et4\" width=\"597\">Niedriges MOQ<\/td>\n<\/tr>\n<tr>\n<td class=\"et4\" width=\"257\" height=\"44\">Kostenlose Probe<\/td>\n<td class=\"et4\" width=\"597\">Verf\u00fcgbar<\/td>\n<\/tr>\n<tr>\n<td class=\"et4\" width=\"257\" height=\"82\">Kundenspezifische Option<\/td>\n<td class=\"et4\" width=\"597\">OEM\/ODM-Dienste, kundenspezifische Logos, Etiketten und Verpackungen werden unterst\u00fctzt<\/td>\n<\/tr>\n<\/tbody>\n<\/table>\n<h2 class=\"brxe-heading\">Vom Gel Polish Hersteller<\/h2>\n<p><a href=\"https:\/\/www.fsyougel.com\/de\/\"><strong>YouGel<\/strong><\/a> ist ein vertrauensw\u00fcrdiger Hersteller von Gellacken, der hochwertige Gel-Basislacke anbietet, die f\u00fcr UV\/LED-N\u00e4gel geeignet sind. Unsere Produkte sind so konzipiert, dass sie sich problemlos auftragen lassen, lange halten und leicht einziehen.<\/p>","protected":false},"featured_media":1335,"comment_status":"closed","ping_status":"closed","template":"","meta":{"_acf_changed":false},"product_brand":[],"product_cat":[19],"product_tag":[],"class_list":{"0":"post-1331","1":"product","2":"type-product","3":"status-publish","4":"has-post-thumbnail","6":"product_cat-gel-polish-color-wholesale","8":"first","9":"instock","10":"shipping-taxable","11":"product-type-simple"},"acf":[],"_links":{"self":[{"href":"https:\/\/www.fsyougel.com\/de\/wp-json\/wp\/v2\/product\/1331","targetHints":{"allow":["GET"]}}],"collection":[{"href":"https:\/\/www.fsyougel.com\/de\/wp-json\/wp\/v2\/product"}],"about":[{"href":"https:\/\/www.fsyougel.com\/de\/wp-json\/wp\/v2\/types\/product"}],"replies":[{"embeddable":true,"href":"https:\/\/www.fsyougel.com\/de\/wp-json\/wp\/v2\/comments?post=1331"}],"wp:featuredmedia":[{"embeddable":true,"href":"https:\/\/www.fsyougel.com\/de\/wp-json\/wp\/v2\/media\/1335"}],"wp:attachment":[{"href":"https:\/\/www.fsyougel.com\/de\/wp-json\/wp\/v2\/media?parent=1331"}],"wp:term":[{"taxonomy":"product_brand","embeddable":true,"href":"https:\/\/www.fsyougel.com\/de\/wp-json\/wp\/v2\/product_brand?post=1331"},{"taxonomy":"product_cat","embeddable":true,"href":"https:\/\/www.fsyougel.com\/de\/wp-json\/wp\/v2\/product_cat?post=1331"},{"taxonomy":"product_tag","embeddable":true,"href":"https:\/\/www.fsyougel.com\/de\/wp-json\/wp\/v2\/product_tag?post=1331"}],"curies":[{"name":"wp","href":"https:\/\/api.w.org\/{rel}","templated":true}]}}