{"id":1341,"date":"2025-11-03T07:55:56","date_gmt":"2025-11-03T07:55:56","guid":{"rendered":"https:\/\/www.fsyougel.com\/?post_type=product&#038;p=1341"},"modified":"2025-11-03T08:16:38","modified_gmt":"2025-11-03T08:16:38","slug":"wholesale-color-changing-gel-nail-polish","status":"publish","type":"product","link":"https:\/\/www.fsyougel.com\/de\/produkt\/wholesale-color-changing-gel-nail-polish\/","title":{"rendered":"Gro\u00dfhandel Farbwechselnder Gel-Nagellack, TPO-FREIER Thermo-Temperatur-Gel-Nagellack, 24 Farben"},"content":{"rendered":"<div class=\"wp-block-columns is-layout-flex wp-container-core-columns-is-layout-9d6595d7 wp-block-columns-is-layout-flex\">\n<div class=\"wp-block-column is-layout-flow wp-block-column-is-layout-flow\">\n<h2 class=\"wp-block-heading\">Gro\u00dfhandel Farbwechselnder Gel-Nagellack Eigenschaften:<\/h2>\n\n\n\n<p>Erleben Sie eine temperaturgesteuerte Verwandlung mit unserem <strong>Gro\u00dfhandel Farbwechsel-Gel-Nagellack<\/strong>, entwickelt f\u00fcr professionelle Salons, H\u00e4ndler und OEM-Marken. Diese innovative Formel reagiert auf Hitze und K\u00e4lte und bietet lang anhaltende Sch\u00f6nheit und hervorragenden Schutz.<\/p>\n\n\n\n<ul class=\"wp-block-list\">\n<li><strong>Thermoreaktive Formel:<\/strong> Beobachten Sie, wie sich die Farbe Ihrer N\u00e4gel mit wechselnden Temperaturen ver\u00e4ndert \u2014<strong>KALT: unter 28 \u00b0C<\/strong> zeigt tiefe, satte T\u00f6ne; <strong>HEISS: \u00fcber 28 \u00b0C<\/strong> enth\u00fcllt helle und durchscheinende Farbt\u00f6ne.<\/li>\n\n\n\n<li><strong>24 dynamische Farben:<\/strong> Eine vielseitige Kollektion f\u00fcr Nageldesigner, die unendliche kreative M\u00f6glichkeiten und Farbverl\u00e4ufe bietet.<\/li>\n\n\n\n<li><strong>HEMA-frei &amp; TPO-frei:<\/strong> Sanft, hautvertr\u00e4glich und ideal f\u00fcr empfindliche Kunden, gew\u00e4hrleistet eine sichere und angenehme Anwendung.<\/li>\n\n\n\n<li><strong>Langlebig &amp; Hochglanz (30+ Tage):<\/strong> Fortschrittliche Harztechnologie sorgt f\u00fcr lebendige Farben und Spiegelglanz, die bis zu einem Monat lang ohne Verblassen halten.<\/li>\n\n\n\n<li><strong>Dreifacher Schutz:<\/strong><br><strong>Fleckenbest\u00e4ndig:<\/strong> H\u00e4lt die N\u00e4gel sauber und verhindert das Eindringen von Farbe.<br><strong>\u00d6lbest\u00e4ndig:<\/strong> Best\u00e4ndig gegen \u00d6lstifte und Einweichen in \u00d6l.<br><strong>Wasserdicht:<\/strong> Best\u00e4ndig gegen Seifenwasser und t\u00e4gliches Waschen, ohne seinen Glanz zu verlieren.<\/li>\n\n\n\n<li><strong>Glatte und selbstnivellierende Anwendung:<\/strong> Leicht zu verteilen, blasenfrei und mit allen UV-\/LED-Lampen kompatibel.<\/li>\n\n\n\n<li><strong>OEM\/ODM-Anpassung:<\/strong> Als Fachmann <strong>Gro\u00dfhandel Farbwechsel-Gel-Nagellack<\/strong> Als Lieferant bieten wir Ihnen Private-Label-Design, individuelle Verpackungsgestaltung und flexible Mindestbestellmengen f\u00fcr das Wachstum Ihrer Marke.<\/li>\n<\/ul>\n<\/div>\n\n\n\n<div class=\"wp-block-column is-layout-flow wp-block-column-is-layout-flow\">\n<figure class=\"wp-block-image size-full\"><img decoding=\"async\" width=\"1500\" height=\"1500\" src=\"https:\/\/www.fsyougel.com\/wp-content\/uploads\/2025\/11\/wholeslae-color-changing-gel-nail-polish-24-colors-3.webp\" alt=\"Gro\u00dfhandel Farbwechselnder Gel-Nagellack \u2013 24 Farben (3)\" class=\"wp-image-1345\" srcset=\"https:\/\/www.fsyougel.com\/wp-content\/uploads\/2025\/11\/wholeslae-color-changing-gel-nail-polish-24-colors-3.webp 1500w, https:\/\/www.fsyougel.com\/wp-content\/uploads\/2025\/11\/wholeslae-color-changing-gel-nail-polish-24-colors-3-300x300.webp 300w, https:\/\/www.fsyougel.com\/wp-content\/uploads\/2025\/11\/wholeslae-color-changing-gel-nail-polish-24-colors-3-150x150.webp 150w, https:\/\/www.fsyougel.com\/wp-content\/uploads\/2025\/11\/wholeslae-color-changing-gel-nail-polish-24-colors-3-768x768.webp 768w, https:\/\/www.fsyougel.com\/wp-content\/uploads\/2025\/11\/wholeslae-color-changing-gel-nail-polish-24-colors-3-12x12.webp 12w, https:\/\/www.fsyougel.com\/wp-content\/uploads\/2025\/11\/wholeslae-color-changing-gel-nail-polish-24-colors-3-1200x1200.webp 1200w, https:\/\/www.fsyougel.com\/wp-content\/uploads\/2025\/11\/wholeslae-color-changing-gel-nail-polish-24-colors-3-600x600.webp 600w, https:\/\/www.fsyougel.com\/wp-content\/uploads\/2025\/11\/wholeslae-color-changing-gel-nail-polish-24-colors-3-100x100.webp 100w\" sizes=\"(max-width: 1500px) 100vw, 1500px\" \/><\/figure>\n<\/div>\n<\/div>\n\n\n\n<div class=\"wp-block-columns is-layout-flex wp-container-core-columns-is-layout-9d6595d7 wp-block-columns-is-layout-flex\">\n<div class=\"wp-block-column is-layout-flow wp-block-column-is-layout-flow\">\n<figure class=\"wp-block-image size-full\"><img decoding=\"async\" width=\"1425\" height=\"1900\" src=\"https:\/\/www.fsyougel.com\/wp-content\/uploads\/2025\/11\/color-changing-gel-nail-polish-manufacturer-yougel.webp\" alt=\"Hersteller von farbwechselnden Gel-Nagellacken \u2013 yougel\" class=\"wp-image-1343\" srcset=\"https:\/\/www.fsyougel.com\/wp-content\/uploads\/2025\/11\/color-changing-gel-nail-polish-manufacturer-yougel.webp 1425w, https:\/\/www.fsyougel.com\/wp-content\/uploads\/2025\/11\/color-changing-gel-nail-polish-manufacturer-yougel-225x300.webp 225w, https:\/\/www.fsyougel.com\/wp-content\/uploads\/2025\/11\/color-changing-gel-nail-polish-manufacturer-yougel-768x1024.webp 768w, https:\/\/www.fsyougel.com\/wp-content\/uploads\/2025\/11\/color-changing-gel-nail-polish-manufacturer-yougel-9x12.webp 9w, https:\/\/www.fsyougel.com\/wp-content\/uploads\/2025\/11\/color-changing-gel-nail-polish-manufacturer-yougel-1200x1600.webp 1200w, https:\/\/www.fsyougel.com\/wp-content\/uploads\/2025\/11\/color-changing-gel-nail-polish-manufacturer-yougel-600x800.webp 600w\" sizes=\"(max-width: 1425px) 100vw, 1425px\" \/><\/figure>\n<\/div>\n\n\n\n<div class=\"wp-block-column is-layout-flow wp-block-column-is-layout-flow\">\n<figure class=\"wp-block-image size-full\"><img decoding=\"async\" width=\"1500\" height=\"2000\" src=\"https:\/\/www.fsyougel.com\/wp-content\/uploads\/2025\/11\/color-changing-gel-nail-polish-manufacturer-yougel-2.webp\" alt=\"Hersteller von farbwechselndem Gel-Nagellack \u2013 yougel (2)\" class=\"wp-image-1342\" srcset=\"https:\/\/www.fsyougel.com\/wp-content\/uploads\/2025\/11\/color-changing-gel-nail-polish-manufacturer-yougel-2.webp 1500w, https:\/\/www.fsyougel.com\/wp-content\/uploads\/2025\/11\/color-changing-gel-nail-polish-manufacturer-yougel-2-225x300.webp 225w, https:\/\/www.fsyougel.com\/wp-content\/uploads\/2025\/11\/color-changing-gel-nail-polish-manufacturer-yougel-2-768x1024.webp 768w, https:\/\/www.fsyougel.com\/wp-content\/uploads\/2025\/11\/color-changing-gel-nail-polish-manufacturer-yougel-2-9x12.webp 9w, https:\/\/www.fsyougel.com\/wp-content\/uploads\/2025\/11\/color-changing-gel-nail-polish-manufacturer-yougel-2-1200x1600.webp 1200w, https:\/\/www.fsyougel.com\/wp-content\/uploads\/2025\/11\/color-changing-gel-nail-polish-manufacturer-yougel-2-600x800.webp 600w\" sizes=\"(max-width: 1500px) 100vw, 1500px\" \/><\/figure>\n<\/div>\n<\/div>\n\n\n\n<p><\/p>","protected":false},"excerpt":{"rendered":"<p data-start=\"398\" data-end=\"682\">Willkommen bei unserem farbwechselnden Gel-Nagellack f\u00fcr den Gro\u00dfhandel, einer HEMA- und TPO-freien Thermofelge, die bei Temperaturen unter und \u00fcber 28 \u00b0C reagiert. Langlebig (\u00fcber 30 Tage), flecken-, \u00f6l- und wasserfest. Fabrikpreise, OEM\/ODM-Support und kostenlose Muster verf\u00fcgbar!<\/p>\n<table border=\"0\" width=\"854\" cellspacing=\"0\" cellpadding=\"0\">\n<tbody>\n<tr>\n<td class=\"et3\" width=\"257\" height=\"44\">Marke<\/td>\n<td class=\"et3\" width=\"597\">YouGel<\/td>\n<\/tr>\n<tr>\n<td class=\"et4\" width=\"257\" height=\"44\">Modellnummer<\/td>\n<td class=\"et4\" width=\"597\">S202<\/td>\n<\/tr>\n<tr>\n<td class=\"et4\" width=\"257\" height=\"44\">Produkttyp<\/td>\n<td class=\"et4\" width=\"597\">UV\/LED-Gel-Politur zum Einweichen<\/td>\n<\/tr>\n<tr>\n<td class=\"et4\" width=\"257\" height=\"44\">Material<\/td>\n<td class=\"et4\" width=\"597\">Harz<\/td>\n<\/tr>\n<tr>\n<td class=\"et4\" width=\"257\" height=\"44\">Farbe<\/td>\n<td class=\"et4\" width=\"597\">24 Farben<\/td>\n<\/tr>\n<tr>\n<td class=\"et4\" width=\"257\" height=\"44\">Band<\/td>\n<td class=\"et4\" width=\"597\">8 ml<\/td>\n<\/tr>\n<tr>\n<td class=\"et4\" width=\"257\" height=\"44\">Sicherheit<\/td>\n<td class=\"et4\" width=\"597\">HEMA-frei, TPO-frei, ungiftig, MSDS verf\u00fcgbar<\/td>\n<\/tr>\n<tr>\n<td class=\"et4\" width=\"257\" height=\"44\">MOQ<\/td>\n<td class=\"et4\" width=\"597\">Niedriges MOQ<\/td>\n<\/tr>\n<tr>\n<td class=\"et4\" width=\"257\" height=\"44\">Kostenlose Probe<\/td>\n<td class=\"et4\" width=\"597\">Verf\u00fcgbar<\/td>\n<\/tr>\n<tr>\n<td class=\"et4\" width=\"257\" height=\"82\">Kundenspezifische Option<\/td>\n<td class=\"et4\" width=\"597\">OEM\/ODM-Dienste, kundenspezifische Logos, Etiketten und Verpackungen werden unterst\u00fctzt<\/td>\n<\/tr>\n<\/tbody>\n<\/table>\n<h2 class=\"brxe-heading\">Vom Gel Polish Hersteller<\/h2>\n<p><a href=\"https:\/\/www.fsyougel.com\/de\/\"><strong>YouGel<\/strong><\/a> ist ein vertrauensw\u00fcrdiger Hersteller von Gellacken, der hochwertige Gel-Basislacke anbietet, die f\u00fcr UV\/LED-N\u00e4gel geeignet sind. Unsere Produkte sind so konzipiert, dass sie sich problemlos auftragen lassen, lange halten und leicht einziehen.<\/p>","protected":false},"featured_media":1344,"comment_status":"closed","ping_status":"closed","template":"","meta":{"_acf_changed":false},"product_brand":[],"product_cat":[19],"product_tag":[],"class_list":{"0":"post-1341","1":"product","2":"type-product","3":"status-publish","4":"has-post-thumbnail","6":"product_cat-gel-polish-color-wholesale","8":"first","9":"instock","10":"shipping-taxable","11":"product-type-simple"},"acf":[],"_links":{"self":[{"href":"https:\/\/www.fsyougel.com\/de\/wp-json\/wp\/v2\/product\/1341","targetHints":{"allow":["GET"]}}],"collection":[{"href":"https:\/\/www.fsyougel.com\/de\/wp-json\/wp\/v2\/product"}],"about":[{"href":"https:\/\/www.fsyougel.com\/de\/wp-json\/wp\/v2\/types\/product"}],"replies":[{"embeddable":true,"href":"https:\/\/www.fsyougel.com\/de\/wp-json\/wp\/v2\/comments?post=1341"}],"wp:featuredmedia":[{"embeddable":true,"href":"https:\/\/www.fsyougel.com\/de\/wp-json\/wp\/v2\/media\/1344"}],"wp:attachment":[{"href":"https:\/\/www.fsyougel.com\/de\/wp-json\/wp\/v2\/media?parent=1341"}],"wp:term":[{"taxonomy":"product_brand","embeddable":true,"href":"https:\/\/www.fsyougel.com\/de\/wp-json\/wp\/v2\/product_brand?post=1341"},{"taxonomy":"product_cat","embeddable":true,"href":"https:\/\/www.fsyougel.com\/de\/wp-json\/wp\/v2\/product_cat?post=1341"},{"taxonomy":"product_tag","embeddable":true,"href":"https:\/\/www.fsyougel.com\/de\/wp-json\/wp\/v2\/product_tag?post=1341"}],"curies":[{"name":"wp","href":"https:\/\/api.w.org\/{rel}","templated":true}]}}