{"id":1352,"date":"2025-11-03T08:44:58","date_gmt":"2025-11-03T08:44:58","guid":{"rendered":"https:\/\/www.fsyougel.com\/?post_type=product&#038;p=1352"},"modified":"2025-11-03T09:13:39","modified_gmt":"2025-11-03T09:13:39","slug":"china-3d-texture-gel-nail-supplier","status":"publish","type":"product","link":"https:\/\/www.fsyougel.com\/de\/produkt\/china-3d-texture-gel-nail-supplier\/","title":{"rendered":"China 3D-Textur-Gel-Nagellack-Lieferant, wischfreies 3D-Modelliergel f\u00fcr Nageldesign"},"content":{"rendered":"<div class=\"wp-block-columns is-layout-flex wp-container-core-columns-is-layout-9d6595d7 wp-block-columns-is-layout-flex\">\n<div class=\"wp-block-column is-layout-flow wp-block-column-is-layout-flow\">\n<h2 class=\"wp-block-heading\">Eigenschaften des individuellen 3D-Textur-Gelnagels:<\/h2>\n\n\n\n<ul class=\"wp-block-list\">\n<li><strong>Starke Plastizit\u00e4t f\u00fcr die 3D-Modellierung:<\/strong> Ideal zum Formen von Wasserwellenstrukturen, Pr\u00e4geeffekten und verschiedenen dreidimensionalen Nageldesigns.<\/li>\n\n\n\n<li><strong>Anwendung von Chrompulver und Reiben:<\/strong> Tragen Sie nach dem Aush\u00e4rten Chrom- oder Zauberspiegelpulver auf, um die Helligkeit zu verbessern und einen atemberaubenden metallischen Glanz zu erzielen.<\/li>\n\n\n\n<li><strong>Hervorragende Pulverhaftung:<\/strong> Entwickelt f\u00fcr hervorragende Haftf\u00e4higkeit \u2013 haftet problemlos auf Pudern, Folien und Nagelzubeh\u00f6r, ohne sich zu l\u00f6sen.<\/li>\n\n\n\n<li><strong>Keine Wischspuren &amp; langlebige Formel:<\/strong> Spart Nageltechnikern Zeit und sorgt gleichzeitig f\u00fcr einen festen, lang anhaltenden Halt, der nicht bricht oder abbl\u00e4ttert.<\/li>\n\n\n\n<li><strong>Hohe Kompatibilit\u00e4t:<\/strong> Perfekt zum Auftragen von Pudern, Kristallen und Dekorationselementen, wodurch es zu einer vielseitigen Wahl f\u00fcr professionelle Nagelstudios wird.<\/li>\n\n\n\n<li><strong>HEMA-frei &amp; TPO-frei:<\/strong> Sicher f\u00fcr empfindliche Kunden, gew\u00e4hrleistet Komfort und Zuverl\u00e4ssigkeit bei langfristiger Nutzung.<\/li>\n\n\n\n<li><strong>OEM\/ODM-Service:<\/strong> Als erfahrener <strong>China 3D-Textur-Gel-Nagellack-Lieferant<\/strong>, Wir bieten Farbabstimmung, Private-Label-Verpackungen und flexible Mindestbestellmengen zu wettbewerbsf\u00e4higen Preisen direkt ab Werk.<\/li>\n<\/ul>\n<\/div>\n\n\n\n<div class=\"wp-block-column is-layout-flow wp-block-column-is-layout-flow\">\n<figure class=\"wp-block-image size-full\"><img decoding=\"async\" width=\"1170\" height=\"1308\" src=\"https:\/\/www.fsyougel.com\/wp-content\/uploads\/2025\/11\/Bulk-No-Wipe-3D-Sculpting-Gel-for-Nail-Art-1.webp\" alt=\"Gro\u00dfpackung 3D-Modelliergel f\u00fcr Nageldesign, ohne Abwischen (1)\" class=\"wp-image-1353\" srcset=\"https:\/\/www.fsyougel.com\/wp-content\/uploads\/2025\/11\/Bulk-No-Wipe-3D-Sculpting-Gel-for-Nail-Art-1.webp 1170w, https:\/\/www.fsyougel.com\/wp-content\/uploads\/2025\/11\/Bulk-No-Wipe-3D-Sculpting-Gel-for-Nail-Art-1-268x300.webp 268w, https:\/\/www.fsyougel.com\/wp-content\/uploads\/2025\/11\/Bulk-No-Wipe-3D-Sculpting-Gel-for-Nail-Art-1-768x859.webp 768w, https:\/\/www.fsyougel.com\/wp-content\/uploads\/2025\/11\/Bulk-No-Wipe-3D-Sculpting-Gel-for-Nail-Art-1-11x12.webp 11w, https:\/\/www.fsyougel.com\/wp-content\/uploads\/2025\/11\/Bulk-No-Wipe-3D-Sculpting-Gel-for-Nail-Art-1-600x671.webp 600w\" sizes=\"(max-width: 1170px) 100vw, 1170px\" \/><\/figure>\n<\/div>\n<\/div>\n\n\n\n<p>Als Fachmann <strong>China 3D-Textur-Gel-Nagellack-Lieferant<\/strong>, Wir bieten hochwertige 3D-Modelliergele f\u00fcr kreative Nageldesigner und OEM\/ODM-Nagelmarken. Dieses innovative Gel zeichnet sich durch hervorragende Plastizit\u00e4t, eine glatte Textur und starke Puderhaftung aus \u2013 perfekt f\u00fcr die Gestaltung komplexer 3D-Effekte und spiegelglatter Oberfl\u00e4chen.<\/p>\n\n\n\n<div class=\"wp-block-columns is-layout-flex wp-container-core-columns-is-layout-9d6595d7 wp-block-columns-is-layout-flex\">\n<div class=\"wp-block-column is-layout-flow wp-block-column-is-layout-flow\">\n<figure class=\"wp-block-image size-full\"><img decoding=\"async\" width=\"1353\" height=\"1805\" src=\"https:\/\/www.fsyougel.com\/wp-content\/uploads\/2025\/11\/Bulk-No-Wipe-3D-Sculpting-Gel-for-Nail-Art-4.webp\" alt=\"Gro\u00dfpackung No-Wipe 3D-Modelliergel f\u00fcr Nageldesign (4)\" class=\"wp-image-1356\" srcset=\"https:\/\/www.fsyougel.com\/wp-content\/uploads\/2025\/11\/Bulk-No-Wipe-3D-Sculpting-Gel-for-Nail-Art-4.webp 1353w, https:\/\/www.fsyougel.com\/wp-content\/uploads\/2025\/11\/Bulk-No-Wipe-3D-Sculpting-Gel-for-Nail-Art-4-225x300.webp 225w, https:\/\/www.fsyougel.com\/wp-content\/uploads\/2025\/11\/Bulk-No-Wipe-3D-Sculpting-Gel-for-Nail-Art-4-768x1025.webp 768w, https:\/\/www.fsyougel.com\/wp-content\/uploads\/2025\/11\/Bulk-No-Wipe-3D-Sculpting-Gel-for-Nail-Art-4-9x12.webp 9w, https:\/\/www.fsyougel.com\/wp-content\/uploads\/2025\/11\/Bulk-No-Wipe-3D-Sculpting-Gel-for-Nail-Art-4-1200x1601.webp 1200w, https:\/\/www.fsyougel.com\/wp-content\/uploads\/2025\/11\/Bulk-No-Wipe-3D-Sculpting-Gel-for-Nail-Art-4-600x800.webp 600w\" sizes=\"(max-width: 1353px) 100vw, 1353px\" \/><\/figure>\n<\/div>\n\n\n\n<div class=\"wp-block-column is-layout-flow wp-block-column-is-layout-flow\">\n<figure class=\"wp-block-image size-full\"><img decoding=\"async\" width=\"1390\" height=\"1853\" src=\"https:\/\/www.fsyougel.com\/wp-content\/uploads\/2025\/11\/Bulk-No-Wipe-3D-Sculpting-Gel-for-Nail-Art-5.webp\" alt=\"Gro\u00dfpackung No-Wipe 3D-Modelliergel f\u00fcr Nageldesign (5)\" class=\"wp-image-1357\" srcset=\"https:\/\/www.fsyougel.com\/wp-content\/uploads\/2025\/11\/Bulk-No-Wipe-3D-Sculpting-Gel-for-Nail-Art-5.webp 1390w, https:\/\/www.fsyougel.com\/wp-content\/uploads\/2025\/11\/Bulk-No-Wipe-3D-Sculpting-Gel-for-Nail-Art-5-225x300.webp 225w, https:\/\/www.fsyougel.com\/wp-content\/uploads\/2025\/11\/Bulk-No-Wipe-3D-Sculpting-Gel-for-Nail-Art-5-768x1024.webp 768w, https:\/\/www.fsyougel.com\/wp-content\/uploads\/2025\/11\/Bulk-No-Wipe-3D-Sculpting-Gel-for-Nail-Art-5-9x12.webp 9w, https:\/\/www.fsyougel.com\/wp-content\/uploads\/2025\/11\/Bulk-No-Wipe-3D-Sculpting-Gel-for-Nail-Art-5-1200x1600.webp 1200w, https:\/\/www.fsyougel.com\/wp-content\/uploads\/2025\/11\/Bulk-No-Wipe-3D-Sculpting-Gel-for-Nail-Art-5-600x800.webp 600w\" sizes=\"(max-width: 1390px) 100vw, 1390px\" \/><\/figure>\n<\/div>\n<\/div>","protected":false},"excerpt":{"rendered":"<p>Willkommen bei unserem chinesischen Anbieter von 3D-Textur-Geln\u00e4geln, der HEMA- und TPO-freie, nicht abwischbare Modelliergele f\u00fcr professionelle 3D-Nagelkunst anbietet. Genie\u00dfen Sie starke Haftung, Spiegelpulvereffekte, Gro\u00dfhandelspreise ab Werk, OEM-Anpassung und kostenlose Muster.<\/p>\n<table border=\"0\" width=\"854\" cellspacing=\"0\" cellpadding=\"0\">\n<tbody>\n<tr>\n<td width=\"257\" height=\"44\">Marke<\/td>\n<td width=\"597\">YouGel<\/td>\n<\/tr>\n<tr>\n<td width=\"257\" height=\"44\">Modellnummer<\/td>\n<td width=\"597\">MP01<\/td>\n<\/tr>\n<tr>\n<td width=\"257\" height=\"44\">Produkttyp<\/td>\n<td width=\"597\">UV\/LED-Gel-Politur zum Einweichen<\/td>\n<\/tr>\n<tr>\n<td width=\"257\" height=\"44\">Material<\/td>\n<td width=\"597\">Harz<\/td>\n<\/tr>\n<tr>\n<td width=\"257\" height=\"44\">Farbe<\/td>\n<td width=\"597\">Klar<\/td>\n<\/tr>\n<tr>\n<td width=\"257\" height=\"44\">Band<\/td>\n<td width=\"597\">15 g<\/td>\n<\/tr>\n<tr>\n<td width=\"257\" height=\"44\">Sicherheit<\/td>\n<td width=\"597\">HEMA-frei, TPO-frei, ungiftig, MSDS verf\u00fcgbar<\/td>\n<\/tr>\n<tr>\n<td width=\"257\" height=\"44\">MOQ<\/td>\n<td width=\"597\">Niedriges MOQ<\/td>\n<\/tr>\n<tr>\n<td width=\"257\" height=\"44\">Kostenlose Probe<\/td>\n<td width=\"597\">Verf\u00fcgbar<\/td>\n<\/tr>\n<tr>\n<td width=\"257\" height=\"82\">Kundenspezifische Option<\/td>\n<td width=\"597\">OEM\/ODM-Dienste, kundenspezifische Logos, Etiketten und Verpackungen werden unterst\u00fctzt<\/td>\n<\/tr>\n<\/tbody>\n<\/table>\n<h3 class=\"brxe-heading\">Vom Nagellackhersteller<\/h3>\n<p><a href=\"https:\/\/www.fsyougel.com\/de\/\"><strong>YouGel<\/strong><\/a> ist ein High-Tech-Nagellackhersteller, der <a href=\"https:\/\/www.fsyougel.com\/de\/wholesale-gel-polish\/\"><strong>Gro\u00dfhandel<\/strong><\/a>, <a href=\"https:\/\/www.fsyougel.com\/de\/private-label-gel-polish\/\"><strong>Eigenmarke<\/strong><\/a>und<a href=\"https:\/\/www.fsyougel.com\/de\/custom-gel-polish\/\"><strong> OEM\/ODM-Dienstleistungen<\/strong><\/a>. W\u00e4hlen Sie aus <strong>10.000+ HEMA-freie, TPO-freie, vegane und grausamkeitsfreie Farben<\/strong> Entwickelt f\u00fcr reibungsloses Auftragen, lange Haltbarkeit und leichtes Einweichen.<\/p>","protected":false},"featured_media":1359,"comment_status":"closed","ping_status":"closed","template":"","meta":{"_acf_changed":false},"product_brand":[],"product_cat":[24],"product_tag":[],"class_list":{"0":"post-1352","1":"product","2":"type-product","3":"status-publish","4":"has-post-thumbnail","6":"product_cat-wholesale-nail-art-gel","8":"first","9":"instock","10":"shipping-taxable","11":"product-type-simple"},"acf":[],"_links":{"self":[{"href":"https:\/\/www.fsyougel.com\/de\/wp-json\/wp\/v2\/product\/1352","targetHints":{"allow":["GET"]}}],"collection":[{"href":"https:\/\/www.fsyougel.com\/de\/wp-json\/wp\/v2\/product"}],"about":[{"href":"https:\/\/www.fsyougel.com\/de\/wp-json\/wp\/v2\/types\/product"}],"replies":[{"embeddable":true,"href":"https:\/\/www.fsyougel.com\/de\/wp-json\/wp\/v2\/comments?post=1352"}],"wp:featuredmedia":[{"embeddable":true,"href":"https:\/\/www.fsyougel.com\/de\/wp-json\/wp\/v2\/media\/1359"}],"wp:attachment":[{"href":"https:\/\/www.fsyougel.com\/de\/wp-json\/wp\/v2\/media?parent=1352"}],"wp:term":[{"taxonomy":"product_brand","embeddable":true,"href":"https:\/\/www.fsyougel.com\/de\/wp-json\/wp\/v2\/product_brand?post=1352"},{"taxonomy":"product_cat","embeddable":true,"href":"https:\/\/www.fsyougel.com\/de\/wp-json\/wp\/v2\/product_cat?post=1352"},{"taxonomy":"product_tag","embeddable":true,"href":"https:\/\/www.fsyougel.com\/de\/wp-json\/wp\/v2\/product_tag?post=1352"}],"curies":[{"name":"wp","href":"https:\/\/api.w.org\/{rel}","templated":true}]}}