{"id":1364,"date":"2025-11-03T09:26:01","date_gmt":"2025-11-03T09:26:01","guid":{"rendered":"https:\/\/www.fsyougel.com\/?post_type=product&#038;p=1364"},"modified":"2025-11-03T09:44:30","modified_gmt":"2025-11-03T09:44:30","slug":"bulk-gel-nail-polish-colors","status":"publish","type":"product","link":"https:\/\/www.fsyougel.com\/de\/produkt\/bulk-gel-nail-polish-colors\/","title":{"rendered":"Gel-Nagellackfarben in Gro\u00dfpackungen, TPO-freie Gro\u00dfhandels-Gel-Nagellackflaschen, \u00fcber 5000 Farben"},"content":{"rendered":"<div class=\"wp-block-columns is-layout-flex wp-container-core-columns-is-layout-9d6595d7 wp-block-columns-is-layout-flex\">\n<div class=\"wp-block-column is-layout-flow wp-block-column-is-layout-flow\">\n<h2 class=\"wp-block-heading\">Gro\u00dfhandel Gel-Nagellackfarben in Gro\u00dfpackungen Eigenschaften:<\/h2>\n\n\n\n<ul class=\"wp-block-list\">\n<li><strong>UV\/LED-Soak-Off-Formel<\/strong>Kompatibel mit allen UV- und LED-Lampen, leicht mit Soak-Off-Methoden zu entfernen, ohne die N\u00e4gel zu besch\u00e4digen.<\/li>\n\n\n\n<li><strong>Umfangreiche Farbkollektion:<\/strong> \u00dcber <strong>\u00dcber 5000 Farben verf\u00fcgbar<\/strong>, und bietet unendliche M\u00f6glichkeiten f\u00fcr kreative Nageldesigns und saisonale Trends.<\/li>\n\n\n\n<li><strong>Gro\u00dfverpackungen f\u00fcr Profis:<\/strong> Ideal f\u00fcr Gro\u00dfh\u00e4ndler, Nagelstudios und OEM\/ODM-Anpassungen zu wettbewerbsf\u00e4higen Herstellerpreisen.<\/li>\n\n\n\n<li><strong>HEMA-frei &amp; TPO-frei:<\/strong> Sicher f\u00fcr empfindliche N\u00e4gel und Haut, gew\u00e4hrleistet eine angenehme, nicht reizende Anwendung f\u00fcr Kunden.<\/li>\n\n\n\n<li><strong>Gleichm\u00e4\u00dfiges Auftragen &amp; lang anhaltender Glanz:<\/strong> Bietet gleichm\u00e4\u00dfige Deckkraft, hohen Glanz und kratzfeste Haltbarkeit f\u00fcr professionelle Ergebnisse.<\/li>\n\n\n\n<li><strong>OEM\/ODM-Anpassung:<\/strong> Als vertrauensw\u00fcrdiger Lieferant von <strong>Gel-Nagellackfarben in Gro\u00dfpackungen<\/strong>, Wir bieten Private-Label-Verpackungen, Farbanpassungen und flexible Mindestbestellmengen, um das Wachstum Ihrer Marke zu unterst\u00fctzen.<\/li>\n<\/ul>\n<\/div>\n\n\n\n<div class=\"wp-block-column is-layout-flow wp-block-column-is-layout-flow\">\n<figure class=\"wp-block-image size-full\"><img decoding=\"async\" width=\"1500\" height=\"1500\" src=\"https:\/\/www.fsyougel.com\/wp-content\/uploads\/2025\/11\/Bulk-Gel-Nail-Polish-Colors-TPO-Free-Wholesale-2.webp\" alt=\"Gel-Nagellackfarben in Gro\u00dfpackungen, TPO-frei, Gro\u00dfhandel (2)\" class=\"wp-image-1366\" srcset=\"https:\/\/www.fsyougel.com\/wp-content\/uploads\/2025\/11\/Bulk-Gel-Nail-Polish-Colors-TPO-Free-Wholesale-2.webp 1500w, https:\/\/www.fsyougel.com\/wp-content\/uploads\/2025\/11\/Bulk-Gel-Nail-Polish-Colors-TPO-Free-Wholesale-2-300x300.webp 300w, https:\/\/www.fsyougel.com\/wp-content\/uploads\/2025\/11\/Bulk-Gel-Nail-Polish-Colors-TPO-Free-Wholesale-2-150x150.webp 150w, https:\/\/www.fsyougel.com\/wp-content\/uploads\/2025\/11\/Bulk-Gel-Nail-Polish-Colors-TPO-Free-Wholesale-2-768x768.webp 768w, https:\/\/www.fsyougel.com\/wp-content\/uploads\/2025\/11\/Bulk-Gel-Nail-Polish-Colors-TPO-Free-Wholesale-2-12x12.webp 12w, https:\/\/www.fsyougel.com\/wp-content\/uploads\/2025\/11\/Bulk-Gel-Nail-Polish-Colors-TPO-Free-Wholesale-2-1200x1200.webp 1200w, https:\/\/www.fsyougel.com\/wp-content\/uploads\/2025\/11\/Bulk-Gel-Nail-Polish-Colors-TPO-Free-Wholesale-2-600x600.webp 600w, https:\/\/www.fsyougel.com\/wp-content\/uploads\/2025\/11\/Bulk-Gel-Nail-Polish-Colors-TPO-Free-Wholesale-2-100x100.webp 100w\" sizes=\"(max-width: 1500px) 100vw, 1500px\" \/><\/figure>\n<\/div>\n<\/div>\n\n\n\n<p>Erweitern Sie Ihr Nagelmarkensortiment mit unseren Gel-Nagellackfarben in Gro\u00dfpackungen, die f\u00fcr professionelle Salons, H\u00e4ndler und OEM\/ODM-Marken entwickelt wurden. Diese hochwertigen Gele sind in einer riesigen Farbpalette erh\u00e4ltlich und zeichnen sich durch eine gleichm\u00e4\u00dfige Auftragbarkeit, lange Haltbarkeit und ein Finish in Salonqualit\u00e4t aus.<\/p>","protected":false},"excerpt":{"rendered":"<p data-start=\"398\" data-end=\"682\">Willkommen bei unseren Gel-Nagellackfarben in Gro\u00dfpackungen, HEMA-frei und TPO-frei, UV\/LED-kompatibel, mit \u00fcber 5000 leuchtenden Farbt\u00f6nen. Fabrik-Gro\u00dfhandelspreise, OEM\/ODM-Support und kostenlose Muster f\u00fcr Salons und H\u00e4ndler verf\u00fcgbar.<\/p>\n<table border=\"0\" width=\"854\" cellspacing=\"0\" cellpadding=\"0\">\n<tbody>\n<tr>\n<td class=\"et3\" width=\"257\" height=\"44\">Marke<\/td>\n<td class=\"et3\" width=\"597\">YouGel<\/td>\n<\/tr>\n<tr>\n<td class=\"et4\" width=\"257\" height=\"44\">Modellnummer<\/td>\n<td class=\"et4\" width=\"597\">S202<\/td>\n<\/tr>\n<tr>\n<td class=\"et4\" width=\"257\" height=\"44\">Produkttyp<\/td>\n<td class=\"et4\" width=\"597\">UV\/LED-Gel-Politur zum Einweichen<\/td>\n<\/tr>\n<tr>\n<td class=\"et4\" width=\"257\" height=\"44\">Material<\/td>\n<td class=\"et4\" width=\"597\">Harz<\/td>\n<\/tr>\n<tr>\n<td class=\"et4\" width=\"257\" height=\"44\">Farbe<\/td>\n<td class=\"et4\" width=\"597\">\u00dcber 5000 Farben<\/td>\n<\/tr>\n<tr>\n<td class=\"et4\" width=\"257\" height=\"44\">Band<\/td>\n<td class=\"et4\" width=\"597\">1 kg\/5 kg\/20 kg<\/td>\n<\/tr>\n<tr>\n<td class=\"et4\" width=\"257\" height=\"44\">Sicherheit<\/td>\n<td class=\"et4\" width=\"597\">HEMA-frei, TPO-frei, ungiftig, MSDS verf\u00fcgbar<\/td>\n<\/tr>\n<tr>\n<td class=\"et4\" width=\"257\" height=\"44\">MOQ<\/td>\n<td class=\"et4\" width=\"597\">Niedriges MOQ<\/td>\n<\/tr>\n<tr>\n<td class=\"et4\" width=\"257\" height=\"44\">Kostenlose Probe<\/td>\n<td class=\"et4\" width=\"597\">Verf\u00fcgbar<\/td>\n<\/tr>\n<tr>\n<td class=\"et4\" width=\"257\" height=\"82\">Kundenspezifische Option<\/td>\n<td class=\"et4\" width=\"597\">OEM\/ODM-Dienste, kundenspezifische Logos, Etiketten und Verpackungen werden unterst\u00fctzt<\/td>\n<\/tr>\n<\/tbody>\n<\/table>\n<h2 class=\"brxe-heading\">Vom Gel Polish Hersteller<\/h2>\n<p><a href=\"https:\/\/www.fsyougel.com\/de\/\"><strong>YouGel<\/strong><\/a> ist ein vertrauensw\u00fcrdiger Hersteller von Gellacken, der hochwertige Gel-Basislacke anbietet, die f\u00fcr UV\/LED-N\u00e4gel geeignet sind. Unsere Produkte sind so konzipiert, dass sie sich problemlos auftragen lassen, lange halten und leicht einziehen.<\/p>","protected":false},"featured_media":1367,"comment_status":"closed","ping_status":"closed","template":"","meta":{"_acf_changed":false},"product_brand":[],"product_cat":[19],"product_tag":[],"class_list":{"0":"post-1364","1":"product","2":"type-product","3":"status-publish","4":"has-post-thumbnail","6":"product_cat-gel-polish-color-wholesale","8":"first","9":"instock","10":"shipping-taxable","11":"product-type-simple"},"acf":[],"_links":{"self":[{"href":"https:\/\/www.fsyougel.com\/de\/wp-json\/wp\/v2\/product\/1364","targetHints":{"allow":["GET"]}}],"collection":[{"href":"https:\/\/www.fsyougel.com\/de\/wp-json\/wp\/v2\/product"}],"about":[{"href":"https:\/\/www.fsyougel.com\/de\/wp-json\/wp\/v2\/types\/product"}],"replies":[{"embeddable":true,"href":"https:\/\/www.fsyougel.com\/de\/wp-json\/wp\/v2\/comments?post=1364"}],"wp:featuredmedia":[{"embeddable":true,"href":"https:\/\/www.fsyougel.com\/de\/wp-json\/wp\/v2\/media\/1367"}],"wp:attachment":[{"href":"https:\/\/www.fsyougel.com\/de\/wp-json\/wp\/v2\/media?parent=1364"}],"wp:term":[{"taxonomy":"product_brand","embeddable":true,"href":"https:\/\/www.fsyougel.com\/de\/wp-json\/wp\/v2\/product_brand?post=1364"},{"taxonomy":"product_cat","embeddable":true,"href":"https:\/\/www.fsyougel.com\/de\/wp-json\/wp\/v2\/product_cat?post=1364"},{"taxonomy":"product_tag","embeddable":true,"href":"https:\/\/www.fsyougel.com\/de\/wp-json\/wp\/v2\/product_tag?post=1364"}],"curies":[{"name":"wp","href":"https:\/\/api.w.org\/{rel}","templated":true}]}}