{"id":1419,"date":"2025-11-21T06:42:21","date_gmt":"2025-11-21T06:42:21","guid":{"rendered":"https:\/\/www.fsyougel.com\/?post_type=product&#038;p=1419"},"modified":"2025-12-05T11:48:12","modified_gmt":"2025-12-05T11:48:12","slug":"bordeaux-diamond-gel-polish-wholesale","status":"publish","type":"product","link":"https:\/\/www.fsyougel.com\/de\/produkt\/bordeaux-diamond-gel-polish-wholesale\/","title":{"rendered":"Bordeaux Diamond Gel Polish Gro\u00dfhandel, 12 Farben TPO-freier Gel-Nagellack Farbwerk"},"content":{"rendered":"<div class=\"wp-block-columns is-layout-flex wp-container-core-columns-is-layout-9d6595d7 wp-block-columns-is-layout-flex\">\n<div class=\"wp-block-column is-layout-flow wp-block-column-is-layout-flow\">\n<h2 class=\"wp-block-heading\">Bordeaux Diamond Gel Polish Gro\u00dfhandel Eigenschaften:<\/h2>\n\n\n\n<ul class=\"wp-block-list\">\n<li><strong>Premium Bordeaux Diamond Shimmer Kollektion:<\/strong> 12 ausgew\u00e4hlte Farbt\u00f6ne, inspiriert vom Bordeaux-Rotwein, zarter, luxuri\u00f6ser, diamant\u00e4hnlicher Schimmer verleiht der Nagelkunst zeitlose Eleganz. Eine der beliebtesten Farbgruppen innerhalb der Bordeaux Diamond Gel Polish Gro\u00dfhandelsserie.<\/li>\n\n\n\n<li><strong>TPO-freie sichere Formel:<\/strong> Umweltfreundliche, TPO-freie Formel, die st\u00f6rende Ger\u00fcche reduziert und gleichzeitig f\u00fcr gesunde N\u00e4gel sorgt \u2013 ideal f\u00fcr empfindliche Kunden und den langfristigen Einsatz im Salon.<\/li>\n\n\n\n<li><strong>Langlebiger Glanz ohne Abplatzen<\/strong>Die hochhaftende und verschlei\u00dffeste Formel sorgt daf\u00fcr, dass der Diamantglanz l\u00e4nger anh\u00e4lt und den Fingerspitzen anhaltende Leuchtkraft und Textur verleiht.<\/li>\n\n\n\n<li><strong>Einfache Anwendung mit glatter Oberfl\u00e4che: <\/strong>Die gleichm\u00e4\u00dfige, feine Textur verhindert Klumpenbildung und Pinselspuren. Dynamische Glitzerpartikel sorgen unter Beleuchtung f\u00fcr multidimensionale Lichteffekte und werten das gesamte Nageldesign auf.<\/li>\n\n\n\n<li><strong>Unterst\u00fctzung bei der OEM\/ODM-Anpassung: <\/strong>Umfassender Anpassungsservice f\u00fcr Logos, Flaschen, Verpackungen usw., um eine schnelle Entwicklung differenzierter Produktlinien f\u00fcr Marken zu erm\u00f6glichen.<\/li>\n\n\n\n<li><strong>Fabrik-Gro\u00dfhandelspreisvorteil<\/strong>Da wir \u00fcber eine eigene Produktionsst\u00e4tte verf\u00fcgen und eine stabile Kostenkontrolle haben, bieten wir langfristige Fabrik-Direktpreise f\u00fcr den Gro\u00dfhandel, um die Wettbewerbsf\u00e4higkeit zu steigern.<\/li>\n\n\n\n<li><strong>Kostenlose Testversionen:<\/strong> Wir stellen kostenlose Muster zur Verf\u00fcgung, damit K\u00e4ufer Farbmuster und Qualit\u00e4tspr\u00fcfungen durchf\u00fchren k\u00f6nnen, um eine sichere Bestellung zu gew\u00e4hrleisten.<\/li>\n\n\n\n<li><strong>Schneller Versand und globale Lieferkette: <\/strong>Stabile Lagerbest\u00e4nde und kontrollierbare Lieferzeiten erf\u00fcllen die Anforderungen von Salons, H\u00e4ndlern und Marken an den Gro\u00dfeinkauf.<\/li>\n<\/ul>\n<\/div>\n\n\n\n<div class=\"wp-block-column is-layout-flow wp-block-column-is-layout-flow\">\n<figure class=\"wp-block-image size-full\"><img decoding=\"async\" width=\"1500\" height=\"1500\" src=\"https:\/\/www.fsyougel.com\/wp-content\/uploads\/2025\/11\/Bordeaux-Diamond-Gel-Polish-Wholesale-Manufacturer-5.webp\" alt=\"Gro\u00dfhandelshersteller f\u00fcr Bordeaux Diamond Gel Polish (5)\" class=\"wp-image-1424\" srcset=\"https:\/\/www.fsyougel.com\/wp-content\/uploads\/2025\/11\/Bordeaux-Diamond-Gel-Polish-Wholesale-Manufacturer-5.webp 1500w, https:\/\/www.fsyougel.com\/wp-content\/uploads\/2025\/11\/Bordeaux-Diamond-Gel-Polish-Wholesale-Manufacturer-5-300x300.webp 300w, https:\/\/www.fsyougel.com\/wp-content\/uploads\/2025\/11\/Bordeaux-Diamond-Gel-Polish-Wholesale-Manufacturer-5-150x150.webp 150w, https:\/\/www.fsyougel.com\/wp-content\/uploads\/2025\/11\/Bordeaux-Diamond-Gel-Polish-Wholesale-Manufacturer-5-768x768.webp 768w, https:\/\/www.fsyougel.com\/wp-content\/uploads\/2025\/11\/Bordeaux-Diamond-Gel-Polish-Wholesale-Manufacturer-5-12x12.webp 12w, https:\/\/www.fsyougel.com\/wp-content\/uploads\/2025\/11\/Bordeaux-Diamond-Gel-Polish-Wholesale-Manufacturer-5-1200x1200.webp 1200w, https:\/\/www.fsyougel.com\/wp-content\/uploads\/2025\/11\/Bordeaux-Diamond-Gel-Polish-Wholesale-Manufacturer-5-600x600.webp 600w, https:\/\/www.fsyougel.com\/wp-content\/uploads\/2025\/11\/Bordeaux-Diamond-Gel-Polish-Wholesale-Manufacturer-5-100x100.webp 100w\" sizes=\"(max-width: 1500px) 100vw, 1500px\" \/><\/figure>\n<\/div>\n<\/div>\n\n\n\n<p><\/p>","protected":false},"excerpt":{"rendered":"<p data-start=\"398\" data-end=\"682\">Willkommen zum Kauf von Bordeaux-Diamant-Gel-Nagellack im Gro\u00dfhandel mit 12 Farben, TPO-freier Formel, Preisvorteilen ab Werk und kostenlosen Mustern. Perfekt f\u00fcr Nagelstudios und Eigenmarken, mit stabiler Qualit\u00e4t, sattem Glanz und schneller Lieferung.<\/p>\n<table border=\"0\" width=\"854\" cellspacing=\"0\" cellpadding=\"0\">\n<tbody>\n<tr>\n<td width=\"257\" height=\"44\">Marke<\/td>\n<td width=\"597\">YouGel<\/td>\n<\/tr>\n<tr>\n<td width=\"257\" height=\"44\">Produkttyp<\/td>\n<td width=\"597\">Eintauchende UV\/LED<\/td>\n<\/tr>\n<tr>\n<td width=\"257\" height=\"44\">Material<\/td>\n<td width=\"597\">Harz<\/td>\n<\/tr>\n<tr>\n<td width=\"257\" height=\"44\">Farbe<\/td>\n<td width=\"597\">12 Farben<\/td>\n<\/tr>\n<tr>\n<td width=\"257\" height=\"44\">Band<\/td>\n<td width=\"597\">15ml<\/td>\n<\/tr>\n<tr>\n<td width=\"257\" height=\"82\">Sicherheit<\/td>\n<td width=\"597\">TPO-frei, HEMA-frei, ungiftig, MSDS verf\u00fcgbar<\/td>\n<\/tr>\n<tr>\n<td width=\"257\" height=\"44\">MOQ<\/td>\n<td width=\"597\">Niedriges MOQ<\/td>\n<\/tr>\n<tr>\n<td width=\"257\" height=\"44\">Kostenlose Probe<\/td>\n<td width=\"597\">Verf\u00fcgbar<\/td>\n<\/tr>\n<tr>\n<td width=\"257\" height=\"82\">Kundenspezifische Option<\/td>\n<td width=\"597\">OEM\/ODM-Dienste, kundenspezifische Logos, Etiketten und Verpackungen werden unterst\u00fctzt<\/td>\n<\/tr>\n<\/tbody>\n<\/table>\n<h2 class=\"brxe-heading\">Vom Gel Polish Hersteller<\/h2>\n<p><a href=\"https:\/\/www.fsyougel.com\/de\/\"><strong>YouGel<\/strong><\/a> ist ein vertrauensw\u00fcrdiger Hersteller von Gellacken, der hochwertige Gel-Basislacke anbietet, die f\u00fcr UV\/LED-N\u00e4gel geeignet sind. Unsere Produkte sind so konzipiert, dass sie sich problemlos auftragen lassen, lange halten und leicht einziehen.<\/p>","protected":false},"featured_media":1452,"comment_status":"closed","ping_status":"closed","template":"","meta":{"_acf_changed":false},"product_brand":[],"product_cat":[19,27],"product_tag":[],"class_list":{"0":"post-1419","1":"product","2":"type-product","3":"status-publish","4":"has-post-thumbnail","6":"product_cat-gel-polish-color-wholesale","7":"product_cat-new-gel-polish-collection","9":"first","10":"instock","11":"shipping-taxable","12":"product-type-simple"},"acf":[],"_links":{"self":[{"href":"https:\/\/www.fsyougel.com\/de\/wp-json\/wp\/v2\/product\/1419","targetHints":{"allow":["GET"]}}],"collection":[{"href":"https:\/\/www.fsyougel.com\/de\/wp-json\/wp\/v2\/product"}],"about":[{"href":"https:\/\/www.fsyougel.com\/de\/wp-json\/wp\/v2\/types\/product"}],"replies":[{"embeddable":true,"href":"https:\/\/www.fsyougel.com\/de\/wp-json\/wp\/v2\/comments?post=1419"}],"wp:featuredmedia":[{"embeddable":true,"href":"https:\/\/www.fsyougel.com\/de\/wp-json\/wp\/v2\/media\/1452"}],"wp:attachment":[{"href":"https:\/\/www.fsyougel.com\/de\/wp-json\/wp\/v2\/media?parent=1419"}],"wp:term":[{"taxonomy":"product_brand","embeddable":true,"href":"https:\/\/www.fsyougel.com\/de\/wp-json\/wp\/v2\/product_brand?post=1419"},{"taxonomy":"product_cat","embeddable":true,"href":"https:\/\/www.fsyougel.com\/de\/wp-json\/wp\/v2\/product_cat?post=1419"},{"taxonomy":"product_tag","embeddable":true,"href":"https:\/\/www.fsyougel.com\/de\/wp-json\/wp\/v2\/product_tag?post=1419"}],"curies":[{"name":"wp","href":"https:\/\/api.w.org\/{rel}","templated":true}]}}