{"id":1426,"date":"2025-11-21T06:55:03","date_gmt":"2025-11-21T06:55:03","guid":{"rendered":"https:\/\/www.fsyougel.com\/?post_type=product&#038;p=1426"},"modified":"2025-11-21T07:51:38","modified_gmt":"2025-11-21T07:51:38","slug":"new-base-coat-nail-polish-manufacturer","status":"publish","type":"product","link":"https:\/\/www.fsyougel.com\/de\/produkt\/new-base-coat-nail-polish-manufacturer\/","title":{"rendered":"Hersteller von Nagellack mit neuem Design-Grundlack, Gro\u00dfh\u00e4ndler f\u00fcr TPO-freien Gel-Nagellack"},"content":{"rendered":"<div class=\"wp-block-columns is-layout-flex wp-container-core-columns-is-layout-9d6595d7 wp-block-columns-is-layout-flex\">\n<div class=\"wp-block-column is-layout-flow wp-block-column-is-layout-flow\">\n<h2 class=\"wp-block-heading\">Neue Design-Grundierung Nagellack Eigenschaften:<\/h2>\n\n\n\n<ul class=\"wp-block-list\">\n<li><strong>Professionelle Fertigungskapazit\u00e4ten<\/strong>Als erfahrener Hersteller von Nagellack-Grundierungen verwenden wir bei der Herstellung unserer Grundierungen stabile und sichere TPO-freie Formulierungen, die eine hervorragende Haftung, Flexibilit\u00e4t und Gl\u00e4tte der Grundierung gew\u00e4hrleisten. Dies erleichtert den Endverbrauchern die Wiedererkennung der Marken.<\/li>\n\n\n\n<li><strong>Fabrik-Gro\u00dfhandelspreise mit gr\u00f6\u00dferer Wettbewerbsf\u00e4higkeit:<\/strong> Durch den Einsatz unseres firmeneigenen Produktionssystems k\u00f6nnen wir echte Fabrik-Direktpreise anbieten, wodurch K\u00e4ufer ihre Budgets besser kontrollieren k\u00f6nnen. Wir sind ein vertrauensw\u00fcrdiger Partner als Hersteller von Basislack-Nagellacken.<\/li>\n\n\n\n<li><strong>Kostenlose Probenpr\u00fcfung verf\u00fcgbar:<\/strong> Fordern Sie vor der Bestellung kostenlose Muster an, damit Sie die Haftung, Flie\u00dff\u00e4higkeit und Verschlei\u00dffestigkeit testen k\u00f6nnen, um sicherzustellen, dass die Standards Ihrer Marke vor dem Kauf erf\u00fcllt werden.<\/li>\n\n\n\n<li><strong>\u00dcberlegene Haftleistung:<\/strong> Bildet einen gleichm\u00e4\u00dfigen, starken Film, der den Farblack sicher fixiert, f\u00fcr verbesserte Haltbarkeit und minimales Abbl\u00e4ttern und Absplittern.<\/li>\n\n\n\n<li><strong>Geruchsarm f\u00fcr ein beruhigendes Gef\u00fchl:<\/strong> Mit milden, geruchsarmen Inhaltsstoffen formuliert, die f\u00fcr Komfort w\u00e4hrend der Anwendung sorgen und stechende Ger\u00fcche reduzieren, ideal f\u00fcr alle Nagelstudios und Markenkunden.<\/li>\n\n\n\n<li><strong>Hohe Kompatibilit\u00e4t zwischen verschiedenen Systemen<\/strong>Funktioniert nahtlos mit Verl\u00e4ngerungsgelen, Cat-Eye-Gelen, Glitzergelen und einfarbigen Gelen, um einer Marke beim Aufbau eines umfassenden Farbgel-Systems zu helfen.<\/li>\n\n\n\n<li><strong>Unterst\u00fctzt OEM\/ODM-Anpassung: <\/strong>Personalisieren Sie Flaschenformen, Logos, Farbkarten und Verpackungsdesigns. Wir bieten Ihnen umfassende Unterst\u00fctzung, um das Image Ihrer Marke zu verbessern.<\/li>\n<\/ul>\n<\/div>\n\n\n\n<div class=\"wp-block-column is-layout-flow wp-block-column-is-layout-flow\">\n<figure class=\"wp-block-image size-full\"><img decoding=\"async\" width=\"1500\" height=\"1500\" src=\"https:\/\/www.fsyougel.com\/wp-content\/uploads\/2025\/11\/New-Design-Base-Coat-Nail-Polish-Manufacturer-4.webp\" alt=\"Hersteller von Nagellack mit neuem Design-Grundlack (4)\" class=\"wp-image-1430\" srcset=\"https:\/\/www.fsyougel.com\/wp-content\/uploads\/2025\/11\/New-Design-Base-Coat-Nail-Polish-Manufacturer-4.webp 1500w, https:\/\/www.fsyougel.com\/wp-content\/uploads\/2025\/11\/New-Design-Base-Coat-Nail-Polish-Manufacturer-4-300x300.webp 300w, https:\/\/www.fsyougel.com\/wp-content\/uploads\/2025\/11\/New-Design-Base-Coat-Nail-Polish-Manufacturer-4-150x150.webp 150w, https:\/\/www.fsyougel.com\/wp-content\/uploads\/2025\/11\/New-Design-Base-Coat-Nail-Polish-Manufacturer-4-768x768.webp 768w, https:\/\/www.fsyougel.com\/wp-content\/uploads\/2025\/11\/New-Design-Base-Coat-Nail-Polish-Manufacturer-4-12x12.webp 12w, https:\/\/www.fsyougel.com\/wp-content\/uploads\/2025\/11\/New-Design-Base-Coat-Nail-Polish-Manufacturer-4-1200x1200.webp 1200w, https:\/\/www.fsyougel.com\/wp-content\/uploads\/2025\/11\/New-Design-Base-Coat-Nail-Polish-Manufacturer-4-600x600.webp 600w, https:\/\/www.fsyougel.com\/wp-content\/uploads\/2025\/11\/New-Design-Base-Coat-Nail-Polish-Manufacturer-4-100x100.webp 100w\" sizes=\"(max-width: 1500px) 100vw, 1500px\" \/><\/figure>\n<\/div>\n<\/div>\n\n\n\n<div class=\"wp-block-columns is-layout-flex wp-container-core-columns-is-layout-9d6595d7 wp-block-columns-is-layout-flex\">\n<div class=\"wp-block-column is-layout-flow wp-block-column-is-layout-flow\"><\/div>\n\n\n\n<div class=\"wp-block-column is-layout-flow wp-block-column-is-layout-flow\"><\/div>\n\n\n\n<div class=\"wp-block-column is-layout-flow wp-block-column-is-layout-flow\"><\/div>\n\n\n\n<div class=\"wp-block-column is-layout-flow wp-block-column-is-layout-flow\"><\/div>\n<\/div>","protected":false},"excerpt":{"rendered":"<p>Willkommen beim Kauf unseres TPO-freien neuen Design-Grundlacks von einem professionellen Hersteller von Grundlack-Nagellacken, der Fabrik-Gro\u00dfhandelspreise, stabile Qualit\u00e4t, schnelle Lieferung und kostenlose Muster f\u00fcr weltweite H\u00e4ndler anbietet.<\/p>\n<table border=\"0\" width=\"854\" cellspacing=\"0\" cellpadding=\"0\">\n<tbody>\n<tr>\n<td width=\"257\" height=\"44\">Marke<\/td>\n<td width=\"597\">YouGel<\/td>\n<\/tr>\n<tr>\n<td width=\"257\" height=\"44\">Modellnummer<\/td>\n<td width=\"597\">RC01<\/td>\n<\/tr>\n<tr>\n<td width=\"257\" height=\"44\">Produkttyp<\/td>\n<td width=\"597\">Eintauchende UV\/LED<\/td>\n<\/tr>\n<tr>\n<td width=\"257\" height=\"44\">Material<\/td>\n<td width=\"597\">Harz<\/td>\n<\/tr>\n<tr>\n<td width=\"257\" height=\"44\">Farbe<\/td>\n<td width=\"597\">Klar<\/td>\n<\/tr>\n<tr>\n<td width=\"257\" height=\"44\">Band<\/td>\n<td width=\"597\">15ml<\/td>\n<\/tr>\n<tr>\n<td width=\"257\" height=\"44\">Sicherheit<\/td>\n<td width=\"597\">HEMA-frei, TPO-frei, ungiftig, MSDS verf\u00fcgbar<\/td>\n<\/tr>\n<tr>\n<td width=\"257\" height=\"44\">MOQ<\/td>\n<td width=\"597\">Niedriges MOQ<\/td>\n<\/tr>\n<tr>\n<td width=\"257\" height=\"44\">Kostenlose Probe<\/td>\n<td width=\"597\">Verf\u00fcgbar<\/td>\n<\/tr>\n<tr>\n<td width=\"257\" height=\"82\">Kundenspezifische Option<\/td>\n<td width=\"597\">OEM\/ODM-Dienste, kundenspezifische Logos, Etiketten und Verpackungen werden unterst\u00fctzt<\/td>\n<\/tr>\n<\/tbody>\n<\/table>\n<h2 class=\"brxe-heading\">Aus Gel <a href=\"https:\/\/www.fsyougel.com\/de\/produkt-kategorie\/wholesale-base-coat\/\"><strong>Grundierungshersteller<\/strong><\/a><\/h2>\n<p><strong>YouGel<\/strong> ist ein vertrauensw\u00fcrdiger Hersteller von Gel-Basislacken, der hochwertige, f\u00fcr UV\/LED-N\u00e4gel geeignete Gel-Basislacke anbietet. Unsere Produkte sind so konzipiert, dass sie reibungslos aufgetragen werden k\u00f6nnen, lange halten und leicht einziehen.<\/p>","protected":false},"featured_media":1429,"comment_status":"closed","ping_status":"closed","template":"","meta":{"_acf_changed":false},"product_brand":[],"product_cat":[17,27],"product_tag":[],"class_list":{"0":"post-1426","1":"product","2":"type-product","3":"status-publish","4":"has-post-thumbnail","6":"product_cat-wholesale-base-coat","7":"product_cat-new-gel-polish-collection","9":"first","10":"instock","11":"shipping-taxable","12":"product-type-simple"},"acf":[],"_links":{"self":[{"href":"https:\/\/www.fsyougel.com\/de\/wp-json\/wp\/v2\/product\/1426","targetHints":{"allow":["GET"]}}],"collection":[{"href":"https:\/\/www.fsyougel.com\/de\/wp-json\/wp\/v2\/product"}],"about":[{"href":"https:\/\/www.fsyougel.com\/de\/wp-json\/wp\/v2\/types\/product"}],"replies":[{"embeddable":true,"href":"https:\/\/www.fsyougel.com\/de\/wp-json\/wp\/v2\/comments?post=1426"}],"wp:featuredmedia":[{"embeddable":true,"href":"https:\/\/www.fsyougel.com\/de\/wp-json\/wp\/v2\/media\/1429"}],"wp:attachment":[{"href":"https:\/\/www.fsyougel.com\/de\/wp-json\/wp\/v2\/media?parent=1426"}],"wp:term":[{"taxonomy":"product_brand","embeddable":true,"href":"https:\/\/www.fsyougel.com\/de\/wp-json\/wp\/v2\/product_brand?post=1426"},{"taxonomy":"product_cat","embeddable":true,"href":"https:\/\/www.fsyougel.com\/de\/wp-json\/wp\/v2\/product_cat?post=1426"},{"taxonomy":"product_tag","embeddable":true,"href":"https:\/\/www.fsyougel.com\/de\/wp-json\/wp\/v2\/product_tag?post=1426"}],"curies":[{"name":"wp","href":"https:\/\/api.w.org\/{rel}","templated":true}]}}