{"id":1447,"date":"2025-12-05T11:16:27","date_gmt":"2025-12-05T11:16:27","guid":{"rendered":"https:\/\/www.fsyougel.com\/?post_type=product&#038;p=1447"},"modified":"2025-12-05T12:15:23","modified_gmt":"2025-12-05T12:15:23","slug":"factory-supply-builder-gel-manufacturer","status":"publish","type":"product","link":"https:\/\/www.fsyougel.com\/de\/produkt\/factory-supply-builder-gel-manufacturer\/","title":{"rendered":"Fabriklieferant f\u00fcr Builder-Gel, TPO-freies 48-Farben-Nagelverl\u00e4ngerungsgel im Gro\u00dfhandel"},"content":{"rendered":"<div class=\"wp-block-columns is-layout-flex wp-container-core-columns-is-layout-9d6595d7 wp-block-columns-is-layout-flex\">\n<div class=\"wp-block-column is-layout-flow wp-block-column-is-layout-flow\">\n<div class=\"wp-block-columns is-layout-flex wp-container-core-columns-is-layout-9d6595d7 wp-block-columns-is-layout-flex\">\n<div class=\"wp-block-column is-layout-flow wp-block-column-is-layout-flow\">\n<h2 class=\"wp-block-heading\">Eigenschaften des Factory Supply Builder Gels:<\/h2>\n\n\n\n<ul class=\"wp-block-list\">\n<li><strong>Professionelle Fabrikst\u00e4rke, stabile Qualit\u00e4tsleistung:<\/strong> Als erfahrener Hersteller von Bau-Gel-Produkten verwenden wir ein hochreines Harzsystem mit hoher Dehnbarkeit und ausgezeichneter H\u00e4rte, das eine gleichm\u00e4\u00dfige Anwendung ohne Absacken gew\u00e4hrleistet und sich f\u00fcr Verl\u00e4ngerungen, Reparaturen und Verst\u00e4rkungen eignet.<\/li>\n\n\n\n<li><strong>48 Farben f\u00fcr den Gro\u00dfhandel erh\u00e4ltlich, f\u00fcr vielf\u00e4ltige Anforderungen:<\/strong> Wir bieten eine umfassende 48-Farben-Farbkarte f\u00fcr Nagelverl\u00e4ngerungsgel im Gro\u00dfhandel, die eine Auswahl aus Nude-, Creme- und Transparentt\u00f6nen bis hin zu trendigen warmen und k\u00fchlen Farbt\u00f6nen aus einer Hand bietet und sich f\u00fcr die Erstellung vielf\u00e4ltiger Produktlinien eignet.<\/li>\n\n\n\n<li><strong>Wettbewerbsf\u00e4hige Fabrik-Gro\u00dfhandelspreise: <\/strong>Durch den Einsatz unseres eigenen automatisierten Produktionssystems garantieren wir Kostenvorteile, sodass K\u00e4ufer von echten Fabrikpreisen profitieren k\u00f6nnen. Dies macht uns zu einem vertrauensw\u00fcrdigen Partner f\u00fcr die Herstellung von Bau-Gel.<\/li>\n\n\n\n<li><strong>Kostenlose Musterpr\u00fcfung:<\/strong> Vor der Bestellung sind kostenlose Muster erh\u00e4ltlich, sodass K\u00e4ufer die Dehnbarkeit, Aush\u00e4rtungsgeschwindigkeit und Haltbarkeit im Voraus testen und Kaufentscheidungen mit gr\u00f6\u00dferer Sicherheit treffen k\u00f6nnen.<\/li>\n\n\n\n<li><strong>Sicherer ohne TPO:<\/strong> Verwendung einer sicheren und ungiftigen TPO-freien Formel, die st\u00f6rende Ger\u00fcche reduziert und somit besser f\u00fcr M\u00e4rkte mit h\u00f6heren Umwelt- und Sicherheitsstandards geeignet ist.<\/li>\n\n\n\n<li><strong>Kombination aus hoher Elastizit\u00e4t und Festigkeit<\/strong>Nach der Filmbildung ist es widerstandsf\u00e4hig und nicht leicht zu zerbrechen, sodass es sich leicht f\u00fcr Nagelverl\u00e4ngerungen und Nagelverst\u00e4rkungen verwenden l\u00e4sst und Endverbrauchern ein besseres Benutzererlebnis bietet.<\/li>\n\n\n\n<li><strong>Tropft nicht und ist einfach zu verwenden: <\/strong>Mit seiner moderaten Viskosit\u00e4t ist es f\u00fcr Anf\u00e4nger leicht zu verwenden und tropft w\u00e4hrend des Auftragens nicht, was Nageltechnikern Zeit spart.<\/li>\n\n\n\n<li><strong>OEM\/ODM-Komplettservice:<\/strong> Unterst\u00fctzt die individuelle Gestaltung von Flaschen, den exklusiven Logodruck, das Verpackungsdesign, die individuelle Farbgestaltung usw. und hilft Marken dabei, ihre Marktpr\u00e4senz schnell auszubauen (48 Farben Nagelverl\u00e4ngerungsgel im Gro\u00dfhandel).<\/li>\n<\/ul>\n<\/div>\n\n\n\n<div class=\"wp-block-column is-layout-flow wp-block-column-is-layout-flow\">\n<figure class=\"wp-block-image size-full\"><img decoding=\"async\" width=\"4640\" height=\"6960\" src=\"https:\/\/www.fsyougel.com\/wp-content\/uploads\/2025\/12\/Factory-Supply-Builder-Gel-Manufacturer-yuogel-3.webp\" alt=\"Fabriklieferant f\u00fcr Builder-Gel \u2013 yuogel (3)\" class=\"wp-image-1450\" srcset=\"https:\/\/www.fsyougel.com\/wp-content\/uploads\/2025\/12\/Factory-Supply-Builder-Gel-Manufacturer-yuogel-3.webp 4640w, https:\/\/www.fsyougel.com\/wp-content\/uploads\/2025\/12\/Factory-Supply-Builder-Gel-Manufacturer-yuogel-3-200x300.webp 200w, https:\/\/www.fsyougel.com\/wp-content\/uploads\/2025\/12\/Factory-Supply-Builder-Gel-Manufacturer-yuogel-3-768x1152.webp 768w, https:\/\/www.fsyougel.com\/wp-content\/uploads\/2025\/12\/Factory-Supply-Builder-Gel-Manufacturer-yuogel-3-8x12.webp 8w, https:\/\/www.fsyougel.com\/wp-content\/uploads\/2025\/12\/Factory-Supply-Builder-Gel-Manufacturer-yuogel-3-1200x1800.webp 1200w, https:\/\/www.fsyougel.com\/wp-content\/uploads\/2025\/12\/Factory-Supply-Builder-Gel-Manufacturer-yuogel-3-600x900.webp 600w\" sizes=\"(max-width: 4640px) 100vw, 4640px\" \/><\/figure>\n<\/div>\n<\/div>\n<\/div>\n<\/div>","protected":false},"excerpt":{"rendered":"<p>Willkommen beim Kauf unseres TPO-freien Builder-Gels von einem vertrauensw\u00fcrdigen Hersteller von Builder-Gel aus Fabrikbest\u00e4nden mit Fabrik-Direktpreisen, schneller Lieferung, kostenlosen Mustern und kompletten 48-Farben-Nagelverl\u00e4ngerungsgel-Gro\u00dfhandelsl\u00f6sungen f\u00fcr weltweite H\u00e4ndler.<\/p>\n<table border=\"0\" width=\"854\" cellspacing=\"0\" cellpadding=\"0\">\n<tbody>\n<tr>\n<td width=\"257\" height=\"44\">Marke<\/td>\n<td width=\"597\">YouGel<\/td>\n<\/tr>\n<tr>\n<td width=\"257\" height=\"44\">Modellnummer<\/td>\n<td width=\"597\">BG01<\/td>\n<\/tr>\n<tr>\n<td width=\"257\" height=\"44\">Produkttyp<\/td>\n<td width=\"597\">Soak-Off-UV\/LED-Gel<\/td>\n<\/tr>\n<tr>\n<td width=\"257\" height=\"44\">Material<\/td>\n<td width=\"597\">Harz-Rohstoff<\/td>\n<\/tr>\n<tr>\n<td width=\"257\" height=\"44\">Farbe<\/td>\n<td width=\"597\">48 Farben<\/td>\n<\/tr>\n<tr>\n<td width=\"257\" height=\"44\">Band<\/td>\n<td width=\"597\">15 g\/30 g\/50 g<\/td>\n<\/tr>\n<tr>\n<td width=\"257\" height=\"44\">Sicherheit<\/td>\n<td width=\"597\">HEMA-frei, TPO-frei, ungiftig, MSDS verf\u00fcgbar<\/td>\n<\/tr>\n<tr>\n<td width=\"257\" height=\"44\">MOQ<\/td>\n<td width=\"597\">Niedriges MOQ<\/td>\n<\/tr>\n<tr>\n<td width=\"257\" height=\"44\">Kostenlose Probe<\/td>\n<td width=\"597\">Verf\u00fcgbar<\/td>\n<\/tr>\n<tr>\n<td width=\"257\" height=\"82\">Kundenspezifische Option<\/td>\n<td width=\"597\">OEM\/ODM-Dienste, kundenspezifische Logos, Etiketten und Verpackungen werden unterst\u00fctzt<\/td>\n<\/tr>\n<\/tbody>\n<\/table>\n<h3 class=\"brxe-heading\">Vom Nagellackhersteller<\/h3>\n<p><a href=\"https:\/\/www.fsyougel.com\/de\/\"><strong>YouGel<\/strong><\/a>\u00a0ist ein Hightech-Nagellackhersteller, der Gro\u00dfhandel, Eigenmarken und OEM\/ODM-Dienstleistungen anbietet. Mehr als 10.000 HEMA-freie, vegane und tierversuchsfreie Farben, die sich leicht auftragen lassen, lange halten und leicht abwischen.<\/p>","protected":false},"featured_media":1450,"comment_status":"closed","ping_status":"closed","template":"","meta":{"_acf_changed":false},"product_brand":[],"product_cat":[20,27],"product_tag":[],"class_list":{"0":"post-1447","1":"product","2":"type-product","3":"status-publish","4":"has-post-thumbnail","6":"product_cat-nail-extension-gel-wholesale","7":"product_cat-new-gel-polish-collection","9":"first","10":"instock","11":"shipping-taxable","12":"product-type-external"},"acf":[],"_links":{"self":[{"href":"https:\/\/www.fsyougel.com\/de\/wp-json\/wp\/v2\/product\/1447","targetHints":{"allow":["GET"]}}],"collection":[{"href":"https:\/\/www.fsyougel.com\/de\/wp-json\/wp\/v2\/product"}],"about":[{"href":"https:\/\/www.fsyougel.com\/de\/wp-json\/wp\/v2\/types\/product"}],"replies":[{"embeddable":true,"href":"https:\/\/www.fsyougel.com\/de\/wp-json\/wp\/v2\/comments?post=1447"}],"wp:featuredmedia":[{"embeddable":true,"href":"https:\/\/www.fsyougel.com\/de\/wp-json\/wp\/v2\/media\/1450"}],"wp:attachment":[{"href":"https:\/\/www.fsyougel.com\/de\/wp-json\/wp\/v2\/media?parent=1447"}],"wp:term":[{"taxonomy":"product_brand","embeddable":true,"href":"https:\/\/www.fsyougel.com\/de\/wp-json\/wp\/v2\/product_brand?post=1447"},{"taxonomy":"product_cat","embeddable":true,"href":"https:\/\/www.fsyougel.com\/de\/wp-json\/wp\/v2\/product_cat?post=1447"},{"taxonomy":"product_tag","embeddable":true,"href":"https:\/\/www.fsyougel.com\/de\/wp-json\/wp\/v2\/product_tag?post=1447"}],"curies":[{"name":"wp","href":"https:\/\/api.w.org\/{rel}","templated":true}]}}