{"id":1453,"date":"2025-12-05T11:54:15","date_gmt":"2025-12-05T11:54:15","guid":{"rendered":"https:\/\/www.fsyougel.com\/?post_type=product&#038;p=1453"},"modified":"2025-12-05T12:14:58","modified_gmt":"2025-12-05T12:14:58","slug":"wholesale-gel-polish-color-manufacturer","status":"publish","type":"product","link":"https:\/\/www.fsyougel.com\/de\/produkt\/wholesale-gel-polish-color-manufacturer\/","title":{"rendered":"Gro\u00dfhandel Hersteller von Gel-Nagellackfarben, Neuheiten 3000 Farben Gel-Nagellack Lieferant"},"content":{"rendered":"<div class=\"wp-block-columns is-layout-flex wp-container-core-columns-is-layout-9d6595d7 wp-block-columns-is-layout-flex\">\n<div class=\"wp-block-column is-layout-flow wp-block-column-is-layout-flow\">\n<h2 class=\"wp-block-heading\">Gro\u00dfhandel Gel-Nagellackfarben Eigenschaften:<\/h2>\n\n\n\n<ul class=\"wp-block-list\">\n<li><strong>Bis zu 3000 Farben zur Auswahl, ein echter Anbieter von Vollfarbkarten:<\/strong> Wir bieten branchenf\u00fchrenden Gro\u00dfhandel mit 3000 Farben Nagelgel und Nagellack, von Unifarben, Glitzer, Jelly, Cat-Eye bis hin zu trendigen Saisonfarben, und helfen Marken dabei, schnell differenzierte Produktlinien zu entwickeln.<\/li>\n\n\n\n<li><strong>Direktlieferung ab Werk, wettbewerbsf\u00e4higere Preise:<\/strong> Durch den Einsatz unserer eigenen modernen Produktionswerkstatt und automatisierten Abf\u00fcllanlagen gew\u00e4hrleisten wir eine hohe Qualit\u00e4tsstabilit\u00e4t und bieten unseren Kunden gleichzeitig vorteilhaftere Gro\u00dfhandelspreise ab Werk, wodurch die Beschaffungskosten f\u00fcr Markenartikel gesenkt werden.<\/li>\n\n\n\n<li><strong>Kostenlose Muster, Unterst\u00fctzung bei der Qualit\u00e4tspr\u00fcfung: <\/strong>Kostenlose Muster sind f\u00fcr alle neuen und meistverkauften Farben erh\u00e4ltlich. K\u00e4ufer k\u00f6nnen vor der Bestellung die Farbs\u00e4ttigung, Haltbarkeit und B\u00fcrstbarkeit testen, um sich ein besseres Bild zu machen.<\/li>\n\n\n\n<li><strong>Hochaufl\u00f6sende Farbabgabe und lang anhaltender Glanz:<\/strong> Durch die Verwendung hochges\u00e4ttigter Pigmente und einer verbesserten Formel sind die Farben reichhaltig und der Glanz langanhaltend und verblasst nicht, was das Benutzererlebnis verl\u00e4ngert und zu h\u00f6heren Wiederkaufraten f\u00fcr Marken f\u00fchrt.<\/li>\n\n\n\n<li><strong>Umweltfreundliche und sichere Formel, geruchsarm f\u00fcr ein gutes Gef\u00fchl: <\/strong>Durch die Verwendung unbedenklicher Rohstoffe und strenge Geruchskontrollen bieten wir sicherere Nagelpflegeprodukte f\u00fcr anspruchsvolle M\u00e4rkte und empfindliche Personengruppen.<\/li>\n\n\n\n<li><strong>Gleichm\u00e4\u00dfiges und nicht klebriges Auftragen:<\/strong> Die gleichm\u00e4\u00dfige Textur l\u00e4sst sich streifenfrei auftragen und eignet sich daher sowohl f\u00fcr Salons als auch f\u00fcr den Heimwerkerbedarf, wodurch die Arbeit f\u00fcr Nageltechniker erleichtert wird.<\/li>\n\n\n\n<li><strong>OEM\/ODM-Komplettservice:<\/strong> Wir unterst\u00fctzen die individuelle Gestaltung von Flaschen, Umverpackungen, Etiketten und Logos. Wir k\u00f6nnen auf Basis von Markttrends die meistverkauften Farbmuster erstellen und so problemlos in den Gro\u00dfhandelsmarkt f\u00fcr Nagelgel und Nagellack mit 3000 Farben expandieren.<\/li>\n\n\n\n<li><strong>Starke und stabile Lieferkapazit\u00e4t:<\/strong> Als starker Lieferant verf\u00fcgen wir \u00fcber umfangreiche Produktionskapazit\u00e4ten und unterst\u00fctzen die langfristigen und stabilen Lieferanforderungen neuer Marken, grenz\u00fcberschreitender Verk\u00e4ufer und gro\u00dfer Salonketten.<\/li>\n<\/ul>\n<\/div>\n\n\n\n<div class=\"wp-block-column is-layout-flow wp-block-column-is-layout-flow\">\n<figure class=\"wp-block-image size-full\"><img decoding=\"async\" width=\"1500\" height=\"1500\" src=\"https:\/\/www.fsyougel.com\/wp-content\/uploads\/2025\/12\/Wholesale-Gel-Polish-Colors-Manufacturer-Yogel-2.webp\" alt=\"Gro\u00dfhandelshersteller f\u00fcr Gel-Nagellackfarben \u2013 Yogel (2)\" class=\"wp-image-1455\" srcset=\"https:\/\/www.fsyougel.com\/wp-content\/uploads\/2025\/12\/Wholesale-Gel-Polish-Colors-Manufacturer-Yogel-2.webp 1500w, https:\/\/www.fsyougel.com\/wp-content\/uploads\/2025\/12\/Wholesale-Gel-Polish-Colors-Manufacturer-Yogel-2-300x300.webp 300w, https:\/\/www.fsyougel.com\/wp-content\/uploads\/2025\/12\/Wholesale-Gel-Polish-Colors-Manufacturer-Yogel-2-150x150.webp 150w, https:\/\/www.fsyougel.com\/wp-content\/uploads\/2025\/12\/Wholesale-Gel-Polish-Colors-Manufacturer-Yogel-2-768x768.webp 768w, https:\/\/www.fsyougel.com\/wp-content\/uploads\/2025\/12\/Wholesale-Gel-Polish-Colors-Manufacturer-Yogel-2-12x12.webp 12w, https:\/\/www.fsyougel.com\/wp-content\/uploads\/2025\/12\/Wholesale-Gel-Polish-Colors-Manufacturer-Yogel-2-1200x1200.webp 1200w, https:\/\/www.fsyougel.com\/wp-content\/uploads\/2025\/12\/Wholesale-Gel-Polish-Colors-Manufacturer-Yogel-2-600x600.webp 600w, https:\/\/www.fsyougel.com\/wp-content\/uploads\/2025\/12\/Wholesale-Gel-Polish-Colors-Manufacturer-Yogel-2-100x100.webp 100w\" sizes=\"(max-width: 1500px) 100vw, 1500px\" \/><\/figure>\n<\/div>\n<\/div>\n\n\n\n<div class=\"wp-block-columns is-layout-flex wp-container-core-columns-is-layout-9d6595d7 wp-block-columns-is-layout-flex\">\n<div class=\"wp-block-column is-layout-flow wp-block-column-is-layout-flow\">\n<figure class=\"wp-block-image size-full\"><img decoding=\"async\" width=\"1500\" height=\"1500\" src=\"https:\/\/www.fsyougel.com\/wp-content\/uploads\/2025\/12\/Wholesale-Gel-Polish-Colors-Manufacturer-Yogel-6.webp\" alt=\"Gro\u00dfh\u00e4ndler f\u00fcr Gel-Nagellackfarben \u2013 Yogel (6)\" class=\"wp-image-1457\" srcset=\"https:\/\/www.fsyougel.com\/wp-content\/uploads\/2025\/12\/Wholesale-Gel-Polish-Colors-Manufacturer-Yogel-6.webp 1500w, https:\/\/www.fsyougel.com\/wp-content\/uploads\/2025\/12\/Wholesale-Gel-Polish-Colors-Manufacturer-Yogel-6-300x300.webp 300w, https:\/\/www.fsyougel.com\/wp-content\/uploads\/2025\/12\/Wholesale-Gel-Polish-Colors-Manufacturer-Yogel-6-150x150.webp 150w, https:\/\/www.fsyougel.com\/wp-content\/uploads\/2025\/12\/Wholesale-Gel-Polish-Colors-Manufacturer-Yogel-6-768x768.webp 768w, https:\/\/www.fsyougel.com\/wp-content\/uploads\/2025\/12\/Wholesale-Gel-Polish-Colors-Manufacturer-Yogel-6-12x12.webp 12w, https:\/\/www.fsyougel.com\/wp-content\/uploads\/2025\/12\/Wholesale-Gel-Polish-Colors-Manufacturer-Yogel-6-1200x1200.webp 1200w, https:\/\/www.fsyougel.com\/wp-content\/uploads\/2025\/12\/Wholesale-Gel-Polish-Colors-Manufacturer-Yogel-6-600x600.webp 600w, https:\/\/www.fsyougel.com\/wp-content\/uploads\/2025\/12\/Wholesale-Gel-Polish-Colors-Manufacturer-Yogel-6-100x100.webp 100w\" sizes=\"(max-width: 1500px) 100vw, 1500px\" \/><\/figure>\n<\/div>\n\n\n\n<div class=\"wp-block-column is-layout-flow wp-block-column-is-layout-flow\">\n<figure class=\"wp-block-image size-full\"><img decoding=\"async\" width=\"1500\" height=\"1500\" src=\"https:\/\/www.fsyougel.com\/wp-content\/uploads\/2025\/12\/Wholesale-TPO-Free-Gel-Polish-Colors-Manufacturer-Yogel-5.webp\" alt=\"Gro\u00dfhandel TPO-freier Gel-Nagellack Farben Hersteller - Yogel (5)\" class=\"wp-image-1459\" srcset=\"https:\/\/www.fsyougel.com\/wp-content\/uploads\/2025\/12\/Wholesale-TPO-Free-Gel-Polish-Colors-Manufacturer-Yogel-5.webp 1500w, https:\/\/www.fsyougel.com\/wp-content\/uploads\/2025\/12\/Wholesale-TPO-Free-Gel-Polish-Colors-Manufacturer-Yogel-5-300x300.webp 300w, https:\/\/www.fsyougel.com\/wp-content\/uploads\/2025\/12\/Wholesale-TPO-Free-Gel-Polish-Colors-Manufacturer-Yogel-5-150x150.webp 150w, https:\/\/www.fsyougel.com\/wp-content\/uploads\/2025\/12\/Wholesale-TPO-Free-Gel-Polish-Colors-Manufacturer-Yogel-5-768x768.webp 768w, https:\/\/www.fsyougel.com\/wp-content\/uploads\/2025\/12\/Wholesale-TPO-Free-Gel-Polish-Colors-Manufacturer-Yogel-5-12x12.webp 12w, https:\/\/www.fsyougel.com\/wp-content\/uploads\/2025\/12\/Wholesale-TPO-Free-Gel-Polish-Colors-Manufacturer-Yogel-5-1200x1200.webp 1200w, https:\/\/www.fsyougel.com\/wp-content\/uploads\/2025\/12\/Wholesale-TPO-Free-Gel-Polish-Colors-Manufacturer-Yogel-5-600x600.webp 600w, https:\/\/www.fsyougel.com\/wp-content\/uploads\/2025\/12\/Wholesale-TPO-Free-Gel-Polish-Colors-Manufacturer-Yogel-5-100x100.webp 100w\" sizes=\"(max-width: 1500px) 100vw, 1500px\" \/><\/figure>\n<\/div>\n<\/div>\n\n\n\n<p><\/p>","protected":false},"excerpt":{"rendered":"<p>Willkommen beim Kauf unserer neuen Gel-Nagellackfarben im Gro\u00dfhandel \u2013 hergestellt von einem f\u00fchrenden Hersteller mit \u00fcber 3000 Farbt\u00f6nen, wettbewerbsf\u00e4higen Gro\u00dfhandelspreisen, schneller Lieferung und kostenlosen Testmustern f\u00fcr K\u00e4ufer weltweit.<\/p>\n<table border=\"0\" width=\"854\" cellspacing=\"0\" cellpadding=\"0\">\n<tbody>\n<tr>\n<td width=\"257\" height=\"44\">Marke<\/td>\n<td width=\"597\">YouGel<\/td>\n<\/tr>\n<tr>\n<td width=\"257\" height=\"44\">Modellnummer<\/td>\n<td width=\"597\">S202<\/td>\n<\/tr>\n<tr>\n<td width=\"257\" height=\"44\">Produkttyp<\/td>\n<td width=\"597\">Eintauchende UV\/LED<\/td>\n<\/tr>\n<tr>\n<td width=\"257\" height=\"44\">Material<\/td>\n<td width=\"597\">Harz<\/td>\n<\/tr>\n<tr>\n<td width=\"257\" height=\"44\">Farbe<\/td>\n<td width=\"597\">3000 Farben Optional<\/td>\n<\/tr>\n<tr>\n<td width=\"257\" height=\"44\">Band<\/td>\n<td width=\"597\">15ml, 1kg<\/td>\n<\/tr>\n<tr>\n<td width=\"257\" height=\"44\">\n<p>Sicherheit<\/p>\n<\/td>\n<td width=\"597\">\n<p>HEMA-frei, TPO-frei, <span style=\"font-family: inherit; font-size: inherit;\">Ungiftig, MSDS verf\u00fcgbar<\/span><\/p>\n<\/td>\n<\/tr>\n<tr>\n<td width=\"257\" height=\"44\">MOQ<\/td>\n<td width=\"597\">Niedriges MOQ<\/td>\n<\/tr>\n<tr>\n<td width=\"257\" height=\"44\">Kostenlose Probe<\/td>\n<td width=\"597\">Verf\u00fcgbar<\/td>\n<\/tr>\n<tr>\n<td width=\"257\" height=\"82\">Kundenspezifische Option<\/td>\n<td width=\"597\">OEM\/ODM-Dienste, kundenspezifische Logos, Etiketten und Verpackungen werden unterst\u00fctzt<\/td>\n<\/tr>\n<\/tbody>\n<\/table>\n<h2 class=\"brxe-heading\">Vom Gel Polish Hersteller<\/h2>\n<p><a href=\"https:\/\/www.fsyougel.com\/de\/\"><span style=\"color: #ff99cc;\"><strong>YouGel<\/strong><\/span><\/a> ist ein vertrauensw\u00fcrdiger Hersteller von Gellacken, der hochwertige Gel-Basislacke anbietet, die f\u00fcr UV\/LED-N\u00e4gel geeignet sind. Unsere Produkte sind so konzipiert, dass sie sich problemlos auftragen lassen, lange halten und leicht einziehen.<\/p>","protected":false},"featured_media":1454,"comment_status":"closed","ping_status":"closed","template":"","meta":{"_acf_changed":false},"product_brand":[],"product_cat":[19,27],"product_tag":[],"class_list":{"0":"post-1453","1":"product","2":"type-product","3":"status-publish","4":"has-post-thumbnail","6":"product_cat-gel-polish-color-wholesale","7":"product_cat-new-gel-polish-collection","9":"first","10":"instock","11":"shipping-taxable","12":"product-type-simple"},"acf":[],"_links":{"self":[{"href":"https:\/\/www.fsyougel.com\/de\/wp-json\/wp\/v2\/product\/1453","targetHints":{"allow":["GET"]}}],"collection":[{"href":"https:\/\/www.fsyougel.com\/de\/wp-json\/wp\/v2\/product"}],"about":[{"href":"https:\/\/www.fsyougel.com\/de\/wp-json\/wp\/v2\/types\/product"}],"replies":[{"embeddable":true,"href":"https:\/\/www.fsyougel.com\/de\/wp-json\/wp\/v2\/comments?post=1453"}],"wp:featuredmedia":[{"embeddable":true,"href":"https:\/\/www.fsyougel.com\/de\/wp-json\/wp\/v2\/media\/1454"}],"wp:attachment":[{"href":"https:\/\/www.fsyougel.com\/de\/wp-json\/wp\/v2\/media?parent=1453"}],"wp:term":[{"taxonomy":"product_brand","embeddable":true,"href":"https:\/\/www.fsyougel.com\/de\/wp-json\/wp\/v2\/product_brand?post=1453"},{"taxonomy":"product_cat","embeddable":true,"href":"https:\/\/www.fsyougel.com\/de\/wp-json\/wp\/v2\/product_cat?post=1453"},{"taxonomy":"product_tag","embeddable":true,"href":"https:\/\/www.fsyougel.com\/de\/wp-json\/wp\/v2\/product_tag?post=1453"}],"curies":[{"name":"wp","href":"https:\/\/api.w.org\/{rel}","templated":true}]}}