{"id":1470,"date":"2025-12-19T11:57:53","date_gmt":"2025-12-19T11:57:53","guid":{"rendered":"https:\/\/www.fsyougel.com\/?post_type=product&#038;p=1470"},"modified":"2025-12-20T01:20:55","modified_gmt":"2025-12-20T01:20:55","slug":"bulk-mousse-extension-gel-supplier","status":"publish","type":"product","link":"https:\/\/www.fsyougel.com\/de\/produkt\/bulk-mousse-extension-gel-supplier\/","title":{"rendered":"Gro\u00dfh\u00e4ndler f\u00fcr Mousse-Extension-Gel, TPO-freies Nagelverl\u00e4ngerungsgel in 24 Farben"},"content":{"rendered":"<div class=\"wp-block-columns is-layout-flex wp-container-core-columns-is-layout-9d6595d7 wp-block-columns-is-layout-flex\">\n<div class=\"wp-block-column is-layout-flow wp-block-column-is-layout-flow\">\n<div class=\"wp-block-columns is-layout-flex wp-container-core-columns-is-layout-9d6595d7 wp-block-columns-is-layout-flex\">\n<div class=\"wp-block-column is-layout-flow wp-block-column-is-layout-flow\">\n<h2 class=\"wp-block-heading\">Bulk Mousse Extension Gel Eigenschaften:<\/h2>\n\n\n\n<ul class=\"wp-block-list\">\n<li><strong>Multifunktionales 3-in-1:<\/strong> Ein einziges Produkt kann Verl\u00e4ngerungs-, Reparatur- und Aufbauprozesse durchf\u00fchren, was eine wirklich multifunktionale Anwendung erm\u00f6glicht, die Kosten f\u00fcr den Wechsel zwischen mehreren Gelen reduziert und die betriebliche Effizienz f\u00fcr Salons und Marken verbessert.<\/li>\n\n\n\n<li><strong>Mousse-Creme-Textur, glatt und klumpenfrei: <\/strong>Mit seiner Creme-Mousse-Textur l\u00e4sst er sich geschmeidig und zart auftragen, ohne zu klumpen oder anzusteigen, und bietet eine besser kontrollierbare Verl\u00e4ngerung. Anf\u00e4nger und professionelle Nageltechniker k\u00f6nnen es leicht verwenden.<\/li>\n\n\n\n<li><strong>Stabiles 24-Farben-Gro\u00dfhandelssystem:<\/strong> Eine komplette 24-Farben-Gro\u00dfhandels-Farbkarte f\u00fcr Mousse-Verl\u00e4ngerungsgel deckt die g\u00e4ngigsten Nude- und praktischen Farben ab und erf\u00fcllt die Anforderungen der hochfrequenten Nutzung in Salons und der Entwicklung von grundlegenden Markendesigns.<\/li>\n\n\n\n<li><strong>Verbessertes Verpackungsdesign, sauberer und auslaufsicherer: <\/strong>Die neue, verbesserte Flaschenstruktur verhindert wirksam das Versch\u00fctten von Klebstoff w\u00e4hrend des Transports und der Verwendung und verbessert so die allgemeine Benutzererfahrung und die Professionalit\u00e4t des Produkts.<\/li>\n\n\n\n<li><strong>Starke Haftung, lang anhaltend und kein Abheben<\/strong>: Die verbesserte Formel zeichnet sich durch eine starke Haftung und hohe Haltbarkeit aus und l\u00f6st g\u00e4ngige Probleme wie Abl\u00f6sen und Sch\u00e4len und verl\u00e4ngert die Lebensdauer.<\/li>\n\n\n\n<li><strong>TPO-frei f\u00fcr mehr Seelenfrieden:<\/strong> Geruchsarme und sichere Formel, die Irritationen reduziert, wodurch sie sich besser f\u00fcr den Langzeitgebrauch und M\u00e4rkte mit hohen Umweltschutzanforderungen eignet.<\/li>\n\n\n\n<li><strong>Fabrikdirektlieferung, signifikanter Preisvorteil:<\/strong> Unser eigenes Produktionssystem gew\u00e4hrleistet eine stabile Versorgung mit gro\u00dfen Mengen und bietet den K\u00e4ufern wirklich wettbewerbsf\u00e4hige Gro\u00dfhandelspreise.<\/li>\n\n\n\n<li><strong>Kostenlose Musterpr\u00fcfungen werden unterst\u00fctzt<\/strong>: Vor der Bestellung k\u00f6nnen kostenlose Muster angefordert werden, um die Beschaffenheit, die Haftung und die Benutzerfreundlichkeit zu \u00fcberpr\u00fcfen, damit Sie sich beim Kauf keine Sorgen machen m\u00fcssen.<\/li>\n\n\n\n<li><strong>Flexible OEM\/ODM-Anpassung:<\/strong> Unterst\u00fctzt die individuelle Anpassung von Flaschenform, Logo, Verpackung und Farbkombinationen und hilft Marken, schnell in den Gro\u00dfhandelsmarkt f\u00fcr 24-farbige Mousse-Extensionsgels einzusteigen.<\/li>\n<\/ul>\n<\/div>\n\n\n\n<div class=\"wp-block-column is-layout-flow wp-block-column-is-layout-flow\">\n<figure class=\"wp-block-image size-full\"><img decoding=\"async\" width=\"1500\" height=\"1500\" src=\"https:\/\/www.fsyougel.com\/wp-content\/uploads\/2025\/12\/Bulk-Mousse-Extension-Gel-Manufacturer-Yougel-1.webp\" alt=\"Bulk Mousse Extension Gel Hersteller - Yougel (1)\" class=\"wp-image-1462\" srcset=\"https:\/\/www.fsyougel.com\/wp-content\/uploads\/2025\/12\/Bulk-Mousse-Extension-Gel-Manufacturer-Yougel-1.webp 1500w, https:\/\/www.fsyougel.com\/wp-content\/uploads\/2025\/12\/Bulk-Mousse-Extension-Gel-Manufacturer-Yougel-1-300x300.webp 300w, https:\/\/www.fsyougel.com\/wp-content\/uploads\/2025\/12\/Bulk-Mousse-Extension-Gel-Manufacturer-Yougel-1-150x150.webp 150w, https:\/\/www.fsyougel.com\/wp-content\/uploads\/2025\/12\/Bulk-Mousse-Extension-Gel-Manufacturer-Yougel-1-768x768.webp 768w, https:\/\/www.fsyougel.com\/wp-content\/uploads\/2025\/12\/Bulk-Mousse-Extension-Gel-Manufacturer-Yougel-1-12x12.webp 12w, https:\/\/www.fsyougel.com\/wp-content\/uploads\/2025\/12\/Bulk-Mousse-Extension-Gel-Manufacturer-Yougel-1-1200x1200.webp 1200w, https:\/\/www.fsyougel.com\/wp-content\/uploads\/2025\/12\/Bulk-Mousse-Extension-Gel-Manufacturer-Yougel-1-600x600.webp 600w, https:\/\/www.fsyougel.com\/wp-content\/uploads\/2025\/12\/Bulk-Mousse-Extension-Gel-Manufacturer-Yougel-1-100x100.webp 100w\" sizes=\"(max-width: 1500px) 100vw, 1500px\" \/><\/figure>\n<\/div>\n<\/div>\n<\/div>\n<\/div>\n\n\n\n<div class=\"wp-block-columns is-layout-flex wp-container-core-columns-is-layout-9d6595d7 wp-block-columns-is-layout-flex\">\n<div class=\"wp-block-column is-layout-flow wp-block-column-is-layout-flow\">\n<figure class=\"wp-block-image size-full\"><img decoding=\"async\" width=\"1500\" height=\"1500\" src=\"https:\/\/www.fsyougel.com\/wp-content\/uploads\/2025\/12\/Wholesale-Mousse-Extension-Gel-Supplier-Yougel-8.webp\" alt=\"Gro\u00dfhandel Mousse Verl\u00e4ngerung Gel Lieferant - Yougel (8)\" class=\"wp-image-1469\" srcset=\"https:\/\/www.fsyougel.com\/wp-content\/uploads\/2025\/12\/Wholesale-Mousse-Extension-Gel-Supplier-Yougel-8.webp 1500w, https:\/\/www.fsyougel.com\/wp-content\/uploads\/2025\/12\/Wholesale-Mousse-Extension-Gel-Supplier-Yougel-8-300x300.webp 300w, https:\/\/www.fsyougel.com\/wp-content\/uploads\/2025\/12\/Wholesale-Mousse-Extension-Gel-Supplier-Yougel-8-150x150.webp 150w, https:\/\/www.fsyougel.com\/wp-content\/uploads\/2025\/12\/Wholesale-Mousse-Extension-Gel-Supplier-Yougel-8-768x768.webp 768w, https:\/\/www.fsyougel.com\/wp-content\/uploads\/2025\/12\/Wholesale-Mousse-Extension-Gel-Supplier-Yougel-8-12x12.webp 12w, https:\/\/www.fsyougel.com\/wp-content\/uploads\/2025\/12\/Wholesale-Mousse-Extension-Gel-Supplier-Yougel-8-1200x1200.webp 1200w, https:\/\/www.fsyougel.com\/wp-content\/uploads\/2025\/12\/Wholesale-Mousse-Extension-Gel-Supplier-Yougel-8-600x600.webp 600w, https:\/\/www.fsyougel.com\/wp-content\/uploads\/2025\/12\/Wholesale-Mousse-Extension-Gel-Supplier-Yougel-8-100x100.webp 100w\" sizes=\"(max-width: 1500px) 100vw, 1500px\" \/><\/figure>\n<\/div>\n\n\n\n<div class=\"wp-block-column is-layout-flow wp-block-column-is-layout-flow\">\n<figure class=\"wp-block-image size-full\"><img decoding=\"async\" width=\"1500\" height=\"1500\" src=\"https:\/\/www.fsyougel.com\/wp-content\/uploads\/2025\/12\/Bulk-Mousse-Extension-Gel-Supplier-Yougel-5.webp\" alt=\"Bulk Mousse Extension Gel Lieferant - Yougel (5)\" class=\"wp-image-1466\" srcset=\"https:\/\/www.fsyougel.com\/wp-content\/uploads\/2025\/12\/Bulk-Mousse-Extension-Gel-Supplier-Yougel-5.webp 1500w, https:\/\/www.fsyougel.com\/wp-content\/uploads\/2025\/12\/Bulk-Mousse-Extension-Gel-Supplier-Yougel-5-300x300.webp 300w, https:\/\/www.fsyougel.com\/wp-content\/uploads\/2025\/12\/Bulk-Mousse-Extension-Gel-Supplier-Yougel-5-150x150.webp 150w, https:\/\/www.fsyougel.com\/wp-content\/uploads\/2025\/12\/Bulk-Mousse-Extension-Gel-Supplier-Yougel-5-768x768.webp 768w, https:\/\/www.fsyougel.com\/wp-content\/uploads\/2025\/12\/Bulk-Mousse-Extension-Gel-Supplier-Yougel-5-12x12.webp 12w, https:\/\/www.fsyougel.com\/wp-content\/uploads\/2025\/12\/Bulk-Mousse-Extension-Gel-Supplier-Yougel-5-1200x1200.webp 1200w, https:\/\/www.fsyougel.com\/wp-content\/uploads\/2025\/12\/Bulk-Mousse-Extension-Gel-Supplier-Yougel-5-600x600.webp 600w, https:\/\/www.fsyougel.com\/wp-content\/uploads\/2025\/12\/Bulk-Mousse-Extension-Gel-Supplier-Yougel-5-100x100.webp 100w\" sizes=\"(max-width: 1500px) 100vw, 1500px\" \/><\/figure>\n<\/div>\n<\/div>","protected":false},"excerpt":{"rendered":"<p>Willkommen beim Kauf von Mousse-Extension-Gel in Gro\u00dfpackungen mit TPO-freier Formel, direkt ab Werk zu Gro\u00dfhandelspreisen und mit kostenlosen Mustern. Entwickelt f\u00fcr Salons und Marken, bietet es stabile Qualit\u00e4t, einfache Handhabung und 24 Farben Nagelverl\u00e4ngerungsgel im Gro\u00dfhandel.<\/p>\n<table border=\"0\" width=\"908\" cellspacing=\"0\" cellpadding=\"0\">\n<tbody>\n<tr>\n<td width=\"454\" height=\"36\"><strong>Marke<\/strong><\/td>\n<td width=\"454\"><strong>YouGel<\/strong><\/td>\n<\/tr>\n<tr>\n<td width=\"454\" height=\"36\">Produkttyp<\/td>\n<td width=\"454\">Soak-Off-UV\/LED-Gel<\/td>\n<\/tr>\n<tr>\n<td width=\"454\" height=\"36\">Material<\/td>\n<td width=\"454\">Harz-Rohstoff<\/td>\n<\/tr>\n<tr>\n<td width=\"454\" height=\"36\">Farbe<\/td>\n<td width=\"454\">24 Farben<\/td>\n<\/tr>\n<tr>\n<td width=\"454\" height=\"36\">Band<\/td>\n<td width=\"454\">15 g<\/td>\n<\/tr>\n<tr>\n<td width=\"454\" height=\"36\">Sicherheit<\/td>\n<td width=\"454\">HEMA-frei, TPO-frei, ungiftig, MSDS verf\u00fcgbar<\/td>\n<\/tr>\n<tr>\n<td width=\"454\" height=\"36\">MOQ<\/td>\n<td width=\"454\">Niedriges MOQ<\/td>\n<\/tr>\n<tr>\n<td width=\"454\" height=\"36\">Kostenlose Probe<\/td>\n<td width=\"454\">Verf\u00fcgbar<\/td>\n<\/tr>\n<tr>\n<td width=\"454\" height=\"36\">Kundenspezifische Option<\/td>\n<td width=\"454\">OEM\/ODM-Dienste, kundenspezifische Logos, Etiketten und Verpackungen werden unterst\u00fctzt<\/td>\n<\/tr>\n<\/tbody>\n<\/table>\n<h3 class=\"brxe-heading\">Vom Nagellackhersteller<\/h3>\n<p><a href=\"https:\/\/www.fsyougel.com\/de\/\"><strong>YouGel<\/strong><\/a>\u00a0ist ein Hightech-Nagellackhersteller, der Gro\u00dfhandel, Eigenmarken und OEM\/ODM-Dienstleistungen anbietet. Mehr als 10.000 HEMA-freie, vegane und tierversuchsfreie Farben, die sich leicht auftragen lassen, lange halten und leicht abwischen.<\/p>","protected":false},"featured_media":1463,"comment_status":"closed","ping_status":"closed","template":"","meta":{"_acf_changed":false},"product_brand":[],"product_cat":[20,27],"product_tag":[],"class_list":{"0":"post-1470","1":"product","2":"type-product","3":"status-publish","4":"has-post-thumbnail","6":"product_cat-nail-extension-gel-wholesale","7":"product_cat-new-gel-polish-collection","9":"first","10":"instock","11":"shipping-taxable","12":"product-type-external"},"acf":[],"_links":{"self":[{"href":"https:\/\/www.fsyougel.com\/de\/wp-json\/wp\/v2\/product\/1470","targetHints":{"allow":["GET"]}}],"collection":[{"href":"https:\/\/www.fsyougel.com\/de\/wp-json\/wp\/v2\/product"}],"about":[{"href":"https:\/\/www.fsyougel.com\/de\/wp-json\/wp\/v2\/types\/product"}],"replies":[{"embeddable":true,"href":"https:\/\/www.fsyougel.com\/de\/wp-json\/wp\/v2\/comments?post=1470"}],"wp:featuredmedia":[{"embeddable":true,"href":"https:\/\/www.fsyougel.com\/de\/wp-json\/wp\/v2\/media\/1463"}],"wp:attachment":[{"href":"https:\/\/www.fsyougel.com\/de\/wp-json\/wp\/v2\/media?parent=1470"}],"wp:term":[{"taxonomy":"product_brand","embeddable":true,"href":"https:\/\/www.fsyougel.com\/de\/wp-json\/wp\/v2\/product_brand?post=1470"},{"taxonomy":"product_cat","embeddable":true,"href":"https:\/\/www.fsyougel.com\/de\/wp-json\/wp\/v2\/product_cat?post=1470"},{"taxonomy":"product_tag","embeddable":true,"href":"https:\/\/www.fsyougel.com\/de\/wp-json\/wp\/v2\/product_tag?post=1470"}],"curies":[{"name":"wp","href":"https:\/\/api.w.org\/{rel}","templated":true}]}}