{"id":1476,"date":"2025-12-20T01:45:08","date_gmt":"2025-12-20T01:45:08","guid":{"rendered":"https:\/\/www.fsyougel.com\/?post_type=product&#038;p=1476"},"modified":"2025-12-31T09:16:48","modified_gmt":"2025-12-31T09:16:48","slug":"blue-tears-cat-eye-gel-nail-polish-bulk","status":"publish","type":"product","link":"https:\/\/www.fsyougel.com\/de\/produkt\/blue-tears-cat-eye-gel-nail-polish-bulk\/","title":{"rendered":"Blue Tears Cat Eye Gel-Nagellack Gro\u00dfhandel, HEMA-freier und TPO-freier Gel-Nagellack Fabrik"},"content":{"rendered":"<div class=\"wp-block-columns is-layout-flex wp-container-core-columns-is-layout-9d6595d7 wp-block-columns-is-layout-flex\">\n<div class=\"wp-block-column is-layout-flow wp-block-column-is-layout-flow\">\n<h2 class=\"wp-block-heading\">Blue Tears Cat Eye Gel Nagellack Eigenschaften:<\/h2>\n\n\n\n<ul class=\"wp-block-list\">\n<li><strong>Blaues Tr\u00e4nen-Katzenaugen-Inspirationsdesign<\/strong>Ein einzigartiger visueller Effekt namens \u201eBlue Tears\u201c: Magnetpulver flie\u00dft mit dem Licht und erzeugt einen wassertropfenartigen blauen Licht- und Schatteneffekt, der sehr auff\u00e4llig ist und auf einfache Weise einen hochwertigen Cat-Eye-Nagelstil erzeugt.<\/li>\n\n\n\n<li><strong>6-Farben-Praktische Farbpalette:<\/strong> Eine Auswahl an g\u00e4ngigen Blaut\u00f6nen und k\u00fchlen Hellfarben, die sich f\u00fcr den h\u00e4ufigen Einsatz im Salon eignen und es Marken erm\u00f6glichen, schnell komplette Serien auf den Markt zu bringen.<\/li>\n\n\n\n<li><strong>Starke magnetische Reaktion: <\/strong>Klare magnetische Anziehungskraft und konzentrierte Linien; ein sanfter Zug erzeugt ein 3D-Cat-Eye-Lichtband, wodurch sich die Arbeitszeit f\u00fcr sich wiederholende Arbeiten reduziert und die Effizienz der Nageltechniker verbessert.<\/li>\n\n\n\n<li><strong>HEMA-freie und TPO-freie sichere Formel<\/strong>: Geruchsarm, sanft und nicht reizend, besser geeignet f\u00fcr M\u00e4rkte und Langzeitanwendungen mit hohen Anforderungen an die Sicherheit der Inhaltsstoffe.<\/li>\n\n\n\n<li><strong>Gleichm\u00e4\u00dfiges Auftragen, keine Klumpenbildung:<\/strong> Feines und gleichm\u00e4\u00dfiges Gel, geschmeidiges Pinselgef\u00fchl, keine Klumpenbildung, hohe Farbabgabe, leicht zu handhaben sowohl f\u00fcr Anf\u00e4nger als auch f\u00fcr professionelle Nageltechniker.<\/li>\n\n\n\n<li><strong>Langlebig und strapazierf\u00e4hig, kein Abbl\u00e4ttern:<\/strong> Starke Haftung, stabile Filmbildung, keine Neigung zum Ausbleichen oder Abbl\u00e4ttern bei t\u00e4glichem Gebrauch, was die Zufriedenheit der Endkunden erh\u00f6ht.<\/li>\n\n\n\n<li><strong>Direktlieferung ab Werk, wettbewerbsf\u00e4higere Gro\u00dfhandelspreise: <\/strong>Mit unserer eigenen Produktionsst\u00e4tte gew\u00e4hrleisten wir eine stabile Versorgung und bieten K\u00e4ufern wirklich wettbewerbsf\u00e4hige Gro\u00dfhandelspreise ab Werk.<\/li>\n\n\n\n<li><strong>Kostenlose Probenpr\u00fcfung verf\u00fcgbar<\/strong>Fordern Sie vor der Bestellung Muster an, um die magnetischen Eigenschaften, die Farbe und die Haptik zu testen und so Beschaffungsrisiken zu reduzieren.<\/li>\n\n\n\n<li><strong>Unterst\u00fctzung bei der OEM\/ODM-Anpassung<\/strong>Wir unterst\u00fctzen die individuelle Gestaltung von Flaschenk\u00f6rpern, Etiketten, Au\u00dfenverpackungen und Farbkartenkombinationen und helfen unseren Kunden dabei, schnell in den Gro\u00dfhandelsmarkt f\u00fcr 6-farbige Blue Tears Cat Eye Gel einzusteigen.<\/li>\n<\/ul>\n<\/div>\n\n\n\n<div class=\"wp-block-column is-layout-flow wp-block-column-is-layout-flow\">\n<figure class=\"wp-block-image size-full\"><img decoding=\"async\" width=\"1500\" height=\"1500\" src=\"https:\/\/www.fsyougel.com\/wp-content\/uploads\/2025\/12\/Blue-Tears-Cat-Eye-Gel-Nail-Polish-Wholesale-yougel-3.webp\" alt=\"Blue Tears Cat Eye Gel Nagellack Gro\u00dfhandel - yougel (3)\" class=\"wp-image-1479\" srcset=\"https:\/\/www.fsyougel.com\/wp-content\/uploads\/2025\/12\/Blue-Tears-Cat-Eye-Gel-Nail-Polish-Wholesale-yougel-3.webp 1500w, https:\/\/www.fsyougel.com\/wp-content\/uploads\/2025\/12\/Blue-Tears-Cat-Eye-Gel-Nail-Polish-Wholesale-yougel-3-300x300.webp 300w, https:\/\/www.fsyougel.com\/wp-content\/uploads\/2025\/12\/Blue-Tears-Cat-Eye-Gel-Nail-Polish-Wholesale-yougel-3-150x150.webp 150w, https:\/\/www.fsyougel.com\/wp-content\/uploads\/2025\/12\/Blue-Tears-Cat-Eye-Gel-Nail-Polish-Wholesale-yougel-3-768x768.webp 768w, https:\/\/www.fsyougel.com\/wp-content\/uploads\/2025\/12\/Blue-Tears-Cat-Eye-Gel-Nail-Polish-Wholesale-yougel-3-12x12.webp 12w, https:\/\/www.fsyougel.com\/wp-content\/uploads\/2025\/12\/Blue-Tears-Cat-Eye-Gel-Nail-Polish-Wholesale-yougel-3-1200x1200.webp 1200w, https:\/\/www.fsyougel.com\/wp-content\/uploads\/2025\/12\/Blue-Tears-Cat-Eye-Gel-Nail-Polish-Wholesale-yougel-3-600x600.webp 600w, https:\/\/www.fsyougel.com\/wp-content\/uploads\/2025\/12\/Blue-Tears-Cat-Eye-Gel-Nail-Polish-Wholesale-yougel-3-100x100.webp 100w\" sizes=\"(max-width: 1500px) 100vw, 1500px\" \/><\/figure>\n<\/div>\n<\/div>\n\n\n\n<div class=\"wp-block-columns is-layout-flex wp-container-core-columns-is-layout-9d6595d7 wp-block-columns-is-layout-flex\">\n<div class=\"wp-block-column is-layout-flow wp-block-column-is-layout-flow\">\n<figure class=\"wp-block-image size-full\"><img decoding=\"async\" width=\"1500\" height=\"1500\" src=\"https:\/\/www.fsyougel.com\/wp-content\/uploads\/2025\/12\/Blue-Tears-Cat-Eye-Gel-Nail-Polish-Wholesale-yougel-6.webp\" alt=\"Blue Tears Cat Eye Gel Nagellack Gro\u00dfhandel - yougel (6)\" class=\"wp-image-1482\" srcset=\"https:\/\/www.fsyougel.com\/wp-content\/uploads\/2025\/12\/Blue-Tears-Cat-Eye-Gel-Nail-Polish-Wholesale-yougel-6.webp 1500w, https:\/\/www.fsyougel.com\/wp-content\/uploads\/2025\/12\/Blue-Tears-Cat-Eye-Gel-Nail-Polish-Wholesale-yougel-6-300x300.webp 300w, https:\/\/www.fsyougel.com\/wp-content\/uploads\/2025\/12\/Blue-Tears-Cat-Eye-Gel-Nail-Polish-Wholesale-yougel-6-150x150.webp 150w, https:\/\/www.fsyougel.com\/wp-content\/uploads\/2025\/12\/Blue-Tears-Cat-Eye-Gel-Nail-Polish-Wholesale-yougel-6-768x768.webp 768w, https:\/\/www.fsyougel.com\/wp-content\/uploads\/2025\/12\/Blue-Tears-Cat-Eye-Gel-Nail-Polish-Wholesale-yougel-6-12x12.webp 12w, https:\/\/www.fsyougel.com\/wp-content\/uploads\/2025\/12\/Blue-Tears-Cat-Eye-Gel-Nail-Polish-Wholesale-yougel-6-1200x1200.webp 1200w, https:\/\/www.fsyougel.com\/wp-content\/uploads\/2025\/12\/Blue-Tears-Cat-Eye-Gel-Nail-Polish-Wholesale-yougel-6-600x600.webp 600w, https:\/\/www.fsyougel.com\/wp-content\/uploads\/2025\/12\/Blue-Tears-Cat-Eye-Gel-Nail-Polish-Wholesale-yougel-6-100x100.webp 100w\" sizes=\"(max-width: 1500px) 100vw, 1500px\" \/><\/figure>\n<\/div>\n\n\n\n<div class=\"wp-block-column is-layout-flow wp-block-column-is-layout-flow\">\n<figure class=\"wp-block-image size-full\"><img decoding=\"async\" width=\"1500\" height=\"1500\" src=\"https:\/\/www.fsyougel.com\/wp-content\/uploads\/2025\/12\/Blue-Tears-Cat-Eye-Gel-Nail-Polish-Wholesale-yougel-7.webp\" alt=\"Blue Tears Cat Eye Gel Nagellack Gro\u00dfhandel - yougel (7)\" class=\"wp-image-1483\" srcset=\"https:\/\/www.fsyougel.com\/wp-content\/uploads\/2025\/12\/Blue-Tears-Cat-Eye-Gel-Nail-Polish-Wholesale-yougel-7.webp 1500w, https:\/\/www.fsyougel.com\/wp-content\/uploads\/2025\/12\/Blue-Tears-Cat-Eye-Gel-Nail-Polish-Wholesale-yougel-7-300x300.webp 300w, https:\/\/www.fsyougel.com\/wp-content\/uploads\/2025\/12\/Blue-Tears-Cat-Eye-Gel-Nail-Polish-Wholesale-yougel-7-150x150.webp 150w, https:\/\/www.fsyougel.com\/wp-content\/uploads\/2025\/12\/Blue-Tears-Cat-Eye-Gel-Nail-Polish-Wholesale-yougel-7-768x768.webp 768w, https:\/\/www.fsyougel.com\/wp-content\/uploads\/2025\/12\/Blue-Tears-Cat-Eye-Gel-Nail-Polish-Wholesale-yougel-7-12x12.webp 12w, https:\/\/www.fsyougel.com\/wp-content\/uploads\/2025\/12\/Blue-Tears-Cat-Eye-Gel-Nail-Polish-Wholesale-yougel-7-1200x1200.webp 1200w, https:\/\/www.fsyougel.com\/wp-content\/uploads\/2025\/12\/Blue-Tears-Cat-Eye-Gel-Nail-Polish-Wholesale-yougel-7-600x600.webp 600w, https:\/\/www.fsyougel.com\/wp-content\/uploads\/2025\/12\/Blue-Tears-Cat-Eye-Gel-Nail-Polish-Wholesale-yougel-7-100x100.webp 100w\" sizes=\"(max-width: 1500px) 100vw, 1500px\" \/><\/figure>\n<\/div>\n<\/div>\n\n\n\n<p><\/p>","protected":false},"excerpt":{"rendered":"<p>Willkommen beim Kauf von Blue Tears Cat Eye Gel L aus einer professionellen Gel-Nagellackfabrik, mit HEMA- und TPO-freier Formel, starker Magnetwirkung, g\u00fcnstigen Gro\u00dfhandelspreisen und kostenlosen Mustern f\u00fcr K\u00e4ufer weltweit.<\/p>\n<table border=\"0\" width=\"854\" cellspacing=\"0\" cellpadding=\"0\">\n<tbody>\n<tr>\n<td width=\"257\" height=\"44\">Marke<\/td>\n<td width=\"597\">YouGel<\/td>\n<\/tr>\n<tr>\n<td width=\"257\" height=\"44\">Modellnummer<\/td>\n<td width=\"597\">24CG01<\/td>\n<\/tr>\n<tr>\n<td width=\"257\" height=\"44\">Produkttyp<\/td>\n<td width=\"597\">Eintauchende UV\/LED<\/td>\n<\/tr>\n<tr>\n<td width=\"257\" height=\"44\">Material<\/td>\n<td width=\"597\">Harz<\/td>\n<\/tr>\n<tr>\n<td width=\"257\" height=\"44\">Farbe<\/td>\n<td width=\"597\">6 Farben\u00a0<\/td>\n<\/tr>\n<tr>\n<td width=\"257\" height=\"44\">Band<\/td>\n<td width=\"597\">8 ml,<\/td>\n<\/tr>\n<tr>\n<td width=\"257\" height=\"44\">\n<p>Sicherheit<\/p>\n<\/td>\n<td width=\"597\">\n<p>HEMA-frei, TPO-frei, <span style=\"font-family: inherit; font-size: inherit;\">Ungiftig, MSDS verf\u00fcgbar<\/span><\/p>\n<\/td>\n<\/tr>\n<tr>\n<td width=\"257\" height=\"44\">MOQ<\/td>\n<td width=\"597\">Niedriges MOQ<\/td>\n<\/tr>\n<tr>\n<td width=\"257\" height=\"44\">Kostenlose Probe<\/td>\n<td width=\"597\">Verf\u00fcgbar<\/td>\n<\/tr>\n<tr>\n<td width=\"257\" height=\"82\">Kundenspezifische Option<\/td>\n<td width=\"597\">OEM\/ODM-Dienste, kundenspezifische Logos, Etiketten und Verpackungen werden unterst\u00fctzt<\/td>\n<\/tr>\n<\/tbody>\n<\/table>\n<h2 class=\"brxe-heading\">Vom Gel Polish Hersteller<\/h2>\n<p><a href=\"https:\/\/www.fsyougel.com\/de\/\"><span style=\"color: #ff99cc;\"><strong>YouGel<\/strong><\/span><\/a> ist ein vertrauensw\u00fcrdiger Hersteller von Gellacken, der hochwertige Gel-Basislacke anbietet, die f\u00fcr UV\/LED-N\u00e4gel geeignet sind. Unsere Produkte sind so konzipiert, dass sie sich problemlos auftragen lassen, lange halten und leicht einziehen.<\/p>","protected":false},"featured_media":1480,"comment_status":"closed","ping_status":"closed","template":"","meta":{"_acf_changed":false},"product_brand":[],"product_cat":[19,28,27],"product_tag":[],"class_list":{"0":"post-1476","1":"product","2":"type-product","3":"status-publish","4":"has-post-thumbnail","6":"product_cat-gel-polish-color-wholesale","7":"product_cat-cat-eye-gel-supplier","8":"product_cat-new-gel-polish-collection","10":"first","11":"instock","12":"shipping-taxable","13":"product-type-simple"},"acf":[],"_links":{"self":[{"href":"https:\/\/www.fsyougel.com\/de\/wp-json\/wp\/v2\/product\/1476","targetHints":{"allow":["GET"]}}],"collection":[{"href":"https:\/\/www.fsyougel.com\/de\/wp-json\/wp\/v2\/product"}],"about":[{"href":"https:\/\/www.fsyougel.com\/de\/wp-json\/wp\/v2\/types\/product"}],"replies":[{"embeddable":true,"href":"https:\/\/www.fsyougel.com\/de\/wp-json\/wp\/v2\/comments?post=1476"}],"wp:featuredmedia":[{"embeddable":true,"href":"https:\/\/www.fsyougel.com\/de\/wp-json\/wp\/v2\/media\/1480"}],"wp:attachment":[{"href":"https:\/\/www.fsyougel.com\/de\/wp-json\/wp\/v2\/media?parent=1476"}],"wp:term":[{"taxonomy":"product_brand","embeddable":true,"href":"https:\/\/www.fsyougel.com\/de\/wp-json\/wp\/v2\/product_brand?post=1476"},{"taxonomy":"product_cat","embeddable":true,"href":"https:\/\/www.fsyougel.com\/de\/wp-json\/wp\/v2\/product_cat?post=1476"},{"taxonomy":"product_tag","embeddable":true,"href":"https:\/\/www.fsyougel.com\/de\/wp-json\/wp\/v2\/product_tag?post=1476"}],"curies":[{"name":"wp","href":"https:\/\/api.w.org\/{rel}","templated":true}]}}