{"id":1484,"date":"2025-12-20T02:11:12","date_gmt":"2025-12-20T02:11:12","guid":{"rendered":"https:\/\/www.fsyougel.com\/?post_type=product&#038;p=1484"},"modified":"2025-12-20T02:45:30","modified_gmt":"2025-12-20T02:45:30","slug":"wholesale-ancora-red-gel-polish","status":"publish","type":"product","link":"https:\/\/www.fsyougel.com\/de\/produkt\/wholesale-ancora-red-gel-polish\/","title":{"rendered":"Gro\u00dfhandel Ancora Red Gel Polish Collection, TPO-freie 12 Farben Gel-Nagellackmarke \u2013 Yougel"},"content":{"rendered":"<div class=\"wp-block-columns is-layout-flex wp-container-core-columns-is-layout-9d6595d7 wp-block-columns-is-layout-flex\">\n<div class=\"wp-block-column is-layout-flow wp-block-column-is-layout-flow\">\n<h2 class=\"wp-block-heading\">Gro\u00dfhandel Ancora Red Gel Polish Eigenschaften:<\/h2>\n\n\n\n<ul class=\"wp-block-list\">\n<li><strong>Kollektion Ancora Red: <\/strong>Die Ancora-Rot-Serie umfasst 12 beliebte Farbt\u00f6ne, die von tiefem Burgunder- und Vintage-Rot bis hin zu hoch ges\u00e4ttigtem echtem Rot reichen. Sie eignet sich f\u00fcr den ganzj\u00e4hrigen Verkauf und ist ein unverzichtbares Basisrot f\u00fcr Marken und Salons.<\/li>\n\n\n\n<li><strong>12-Farben-Set f\u00fcr leichteren Verkauf<\/strong>: Als professioneller Hersteller von 12-Farben-Gel-Nagellacken bieten wir komplette Farbmuster an, so dass Marken auf einfache Weise eine komplette rote Produktlinie auf einmal einf\u00fchren k\u00f6nnen, was den durchschnittlichen Bestellwert und die Wiederkaufsrate erh\u00f6ht.<\/li>\n\n\n\n<li><strong>TPO-freie sichere Formel: <\/strong>Die Formel ist sanft, geruchsarm und reduziert Irritationen, was der aktuellen Marktnachfrage nach gesunden und umweltfreundlichen Nagelprodukten besser entspricht.<\/li>\n\n\n\n<li><strong>Vielf\u00e4ltige Farbabgabe und glatte Textur: <\/strong>Hochkonzentrierte Pigmente sorgen f\u00fcr einen gleichm\u00e4\u00dfigen Farbauftrag, so dass mit einem oder zwei Anstrichen ideale Ergebnisse erzielt werden. Die Pinselstriche sind gleichm\u00e4\u00dfig und hinterlassen keine Streifen, so dass er auch von Anf\u00e4ngern leicht zu verwenden ist.<\/li>\n\n\n\n<li><strong>Langlebig und haltbar, widerstandsf\u00e4hig gegen Abplatzungen: <\/strong>Die starke Haftung und die stabile Filmbildung nach der Aush\u00e4rtung verhindern ein Verblassen oder Abbl\u00e4ttern w\u00e4hrend des t\u00e4glichen Tragens und verbessern so das Erlebnis f\u00fcr den Endverbraucher.<\/li>\n\n\n\n<li><strong>Direkte Lieferung ab Werk, wettbewerbsf\u00e4higere Preise:<\/strong> Wir sind ein Hersteller von 12-Farben-Gel-Nagellack mit einem ausgereiften Produktionssystem und bieten unseren Kunden wirklich wettbewerbsf\u00e4hige Gro\u00dfhandelspreise.<\/li>\n\n\n\n<li><strong>Kostenlose Mustertests verf\u00fcgbar: <\/strong>Fordern Sie kostenlose Muster an, bevor Sie eine Bestellung aufgeben, um Farben, Texturen und Qualit\u00e4t im Voraus zu best\u00e4tigen und das Beschaffungsrisiko zu verringern.<\/li>\n\n\n\n<li><strong>Unterst\u00fctzung von OEM\/ODM-Anpassungen: <\/strong>Wir unterst\u00fctzen die individuelle Gestaltung von Flaschenk\u00f6rpern, Etiketten, Verpackungen und Farbkombinationen, so dass Marken schnell ihre eigenen exklusiven Ancora Red-Gelpoliturserien f\u00fcr den Gro\u00dfhandel erstellen k\u00f6nnen.<\/li>\n<\/ul>\n<\/div>\n\n\n\n<div class=\"wp-block-column is-layout-flow wp-block-column-is-layout-flow\">\n<figure class=\"wp-block-image size-full\"><img decoding=\"async\" width=\"1500\" height=\"1500\" src=\"https:\/\/www.fsyougel.com\/wp-content\/uploads\/2025\/12\/Wholesale-Ancora-Red-Gel-Polish-Collection-2.webp\" alt=\"Gro\u00dfhandel Ancora Red Gel Polish Kollektion (2)\" class=\"wp-image-1486\" srcset=\"https:\/\/www.fsyougel.com\/wp-content\/uploads\/2025\/12\/Wholesale-Ancora-Red-Gel-Polish-Collection-2.webp 1500w, https:\/\/www.fsyougel.com\/wp-content\/uploads\/2025\/12\/Wholesale-Ancora-Red-Gel-Polish-Collection-2-300x300.webp 300w, https:\/\/www.fsyougel.com\/wp-content\/uploads\/2025\/12\/Wholesale-Ancora-Red-Gel-Polish-Collection-2-150x150.webp 150w, https:\/\/www.fsyougel.com\/wp-content\/uploads\/2025\/12\/Wholesale-Ancora-Red-Gel-Polish-Collection-2-768x768.webp 768w, https:\/\/www.fsyougel.com\/wp-content\/uploads\/2025\/12\/Wholesale-Ancora-Red-Gel-Polish-Collection-2-12x12.webp 12w, https:\/\/www.fsyougel.com\/wp-content\/uploads\/2025\/12\/Wholesale-Ancora-Red-Gel-Polish-Collection-2-1200x1200.webp 1200w, https:\/\/www.fsyougel.com\/wp-content\/uploads\/2025\/12\/Wholesale-Ancora-Red-Gel-Polish-Collection-2-600x600.webp 600w, https:\/\/www.fsyougel.com\/wp-content\/uploads\/2025\/12\/Wholesale-Ancora-Red-Gel-Polish-Collection-2-100x100.webp 100w\" sizes=\"(max-width: 1500px) 100vw, 1500px\" \/><\/figure>\n<\/div>\n<\/div>\n\n\n\n<div class=\"wp-block-columns is-layout-flex wp-container-core-columns-is-layout-9d6595d7 wp-block-columns-is-layout-flex\">\n<div class=\"wp-block-column is-layout-flow wp-block-column-is-layout-flow\">\n<figure class=\"wp-block-image size-full\"><img decoding=\"async\" width=\"1500\" height=\"1500\" src=\"https:\/\/www.fsyougel.com\/wp-content\/uploads\/2025\/12\/Wholesale-Ancora-Red-Gel-Polish-Collection-9.webp\" alt=\"Gro\u00dfhandel Ancora Red Gel Polish Kollektion (9)\" class=\"wp-image-1493\" srcset=\"https:\/\/www.fsyougel.com\/wp-content\/uploads\/2025\/12\/Wholesale-Ancora-Red-Gel-Polish-Collection-9.webp 1500w, https:\/\/www.fsyougel.com\/wp-content\/uploads\/2025\/12\/Wholesale-Ancora-Red-Gel-Polish-Collection-9-300x300.webp 300w, https:\/\/www.fsyougel.com\/wp-content\/uploads\/2025\/12\/Wholesale-Ancora-Red-Gel-Polish-Collection-9-150x150.webp 150w, https:\/\/www.fsyougel.com\/wp-content\/uploads\/2025\/12\/Wholesale-Ancora-Red-Gel-Polish-Collection-9-768x768.webp 768w, https:\/\/www.fsyougel.com\/wp-content\/uploads\/2025\/12\/Wholesale-Ancora-Red-Gel-Polish-Collection-9-12x12.webp 12w, https:\/\/www.fsyougel.com\/wp-content\/uploads\/2025\/12\/Wholesale-Ancora-Red-Gel-Polish-Collection-9-1200x1200.webp 1200w, https:\/\/www.fsyougel.com\/wp-content\/uploads\/2025\/12\/Wholesale-Ancora-Red-Gel-Polish-Collection-9-600x600.webp 600w, https:\/\/www.fsyougel.com\/wp-content\/uploads\/2025\/12\/Wholesale-Ancora-Red-Gel-Polish-Collection-9-100x100.webp 100w\" sizes=\"(max-width: 1500px) 100vw, 1500px\" \/><\/figure>\n<\/div>\n\n\n\n<div class=\"wp-block-column is-layout-flow wp-block-column-is-layout-flow\">\n<figure class=\"wp-block-image size-full\"><img decoding=\"async\" width=\"1500\" height=\"1500\" src=\"https:\/\/www.fsyougel.com\/wp-content\/uploads\/2025\/12\/Wholesale-Ancora-Red-Gel-Polish-Collection-5.webp\" alt=\"Gro\u00dfhandel Ancora Red Gel Polish Kollektion (5)\" class=\"wp-image-1489\" srcset=\"https:\/\/www.fsyougel.com\/wp-content\/uploads\/2025\/12\/Wholesale-Ancora-Red-Gel-Polish-Collection-5.webp 1500w, https:\/\/www.fsyougel.com\/wp-content\/uploads\/2025\/12\/Wholesale-Ancora-Red-Gel-Polish-Collection-5-300x300.webp 300w, https:\/\/www.fsyougel.com\/wp-content\/uploads\/2025\/12\/Wholesale-Ancora-Red-Gel-Polish-Collection-5-150x150.webp 150w, https:\/\/www.fsyougel.com\/wp-content\/uploads\/2025\/12\/Wholesale-Ancora-Red-Gel-Polish-Collection-5-768x768.webp 768w, https:\/\/www.fsyougel.com\/wp-content\/uploads\/2025\/12\/Wholesale-Ancora-Red-Gel-Polish-Collection-5-12x12.webp 12w, https:\/\/www.fsyougel.com\/wp-content\/uploads\/2025\/12\/Wholesale-Ancora-Red-Gel-Polish-Collection-5-1200x1200.webp 1200w, https:\/\/www.fsyougel.com\/wp-content\/uploads\/2025\/12\/Wholesale-Ancora-Red-Gel-Polish-Collection-5-600x600.webp 600w, https:\/\/www.fsyougel.com\/wp-content\/uploads\/2025\/12\/Wholesale-Ancora-Red-Gel-Polish-Collection-5-100x100.webp 100w\" sizes=\"(max-width: 1500px) 100vw, 1500px\" \/><\/figure>\n<\/div>\n<\/div>\n\n\n\n<p><\/p>","protected":false},"excerpt":{"rendered":"<p>Willkommen beim Kauf der Ancora Red Gel Polish Kollektion mit TPO-freier Formel und 12 eleganten Rott\u00f6nen. Direktlieferung ab Werk mit wettbewerbsf\u00e4higen Gro\u00dfhandelspreisen, stabiler Qualit\u00e4t und kostenlosen Mustern f\u00fcr K\u00e4ufer weltweit.<\/p>\n<table border=\"0\" width=\"854\" cellspacing=\"0\" cellpadding=\"0\">\n<tbody>\n<tr>\n<td width=\"257\" height=\"44\">Marke<\/td>\n<td width=\"597\">YouGel<\/td>\n<\/tr>\n<tr>\n<td width=\"257\" height=\"44\">Modellnummer<\/td>\n<td width=\"597\">S202<\/td>\n<\/tr>\n<tr>\n<td width=\"257\" height=\"44\">Produkttyp<\/td>\n<td width=\"597\">Eintauchende UV\/LED<\/td>\n<\/tr>\n<tr>\n<td width=\"257\" height=\"44\">Material<\/td>\n<td width=\"597\">Harz<\/td>\n<\/tr>\n<tr>\n<td width=\"257\" height=\"44\">Farbe<\/td>\n<td width=\"597\">12 Farben\u00a0<\/td>\n<\/tr>\n<tr>\n<td width=\"257\" height=\"44\">Band<\/td>\n<td width=\"597\">15ml<\/td>\n<\/tr>\n<tr>\n<td width=\"257\" height=\"44\">\n<p>Sicherheit<\/p>\n<\/td>\n<td width=\"597\">\n<p>HEMA-frei, TPO-frei, <span style=\"font-family: inherit; font-size: inherit;\">Ungiftig, MSDS verf\u00fcgbar<\/span><\/p>\n<\/td>\n<\/tr>\n<tr>\n<td width=\"257\" height=\"44\">MOQ<\/td>\n<td width=\"597\">Niedriges MOQ<\/td>\n<\/tr>\n<tr>\n<td width=\"257\" height=\"44\">Kostenlose Probe<\/td>\n<td width=\"597\">Verf\u00fcgbar<\/td>\n<\/tr>\n<tr>\n<td width=\"257\" height=\"82\">Kundenspezifische Option<\/td>\n<td width=\"597\">OEM\/ODM-Dienste, kundenspezifische Logos, Etiketten und Verpackungen werden unterst\u00fctzt<\/td>\n<\/tr>\n<\/tbody>\n<\/table>\n<h2 class=\"brxe-heading\">Vom Gel Polish Hersteller<\/h2>\n<p><a href=\"https:\/\/www.fsyougel.com\/de\/\"><span style=\"color: #ff99cc;\"><strong>YouGel<\/strong><\/span><\/a> ist ein vertrauensw\u00fcrdiger Hersteller von Gellacken, der hochwertige Gel-Basislacke anbietet, die f\u00fcr UV\/LED-N\u00e4gel geeignet sind. Unsere Produkte sind so konzipiert, dass sie sich problemlos auftragen lassen, lange halten und leicht einziehen.<\/p>","protected":false},"featured_media":1487,"comment_status":"closed","ping_status":"closed","template":"","meta":{"_acf_changed":false},"product_brand":[],"product_cat":[19,27],"product_tag":[],"class_list":{"0":"post-1484","1":"product","2":"type-product","3":"status-publish","4":"has-post-thumbnail","6":"product_cat-gel-polish-color-wholesale","7":"product_cat-new-gel-polish-collection","9":"first","10":"instock","11":"shipping-taxable","12":"product-type-simple"},"acf":[],"_links":{"self":[{"href":"https:\/\/www.fsyougel.com\/de\/wp-json\/wp\/v2\/product\/1484","targetHints":{"allow":["GET"]}}],"collection":[{"href":"https:\/\/www.fsyougel.com\/de\/wp-json\/wp\/v2\/product"}],"about":[{"href":"https:\/\/www.fsyougel.com\/de\/wp-json\/wp\/v2\/types\/product"}],"replies":[{"embeddable":true,"href":"https:\/\/www.fsyougel.com\/de\/wp-json\/wp\/v2\/comments?post=1484"}],"wp:featuredmedia":[{"embeddable":true,"href":"https:\/\/www.fsyougel.com\/de\/wp-json\/wp\/v2\/media\/1487"}],"wp:attachment":[{"href":"https:\/\/www.fsyougel.com\/de\/wp-json\/wp\/v2\/media?parent=1484"}],"wp:term":[{"taxonomy":"product_brand","embeddable":true,"href":"https:\/\/www.fsyougel.com\/de\/wp-json\/wp\/v2\/product_brand?post=1484"},{"taxonomy":"product_cat","embeddable":true,"href":"https:\/\/www.fsyougel.com\/de\/wp-json\/wp\/v2\/product_cat?post=1484"},{"taxonomy":"product_tag","embeddable":true,"href":"https:\/\/www.fsyougel.com\/de\/wp-json\/wp\/v2\/product_tag?post=1484"}],"curies":[{"name":"wp","href":"https:\/\/api.w.org\/{rel}","templated":true}]}}