{"id":1494,"date":"2025-12-20T02:52:26","date_gmt":"2025-12-20T02:52:26","guid":{"rendered":"https:\/\/www.fsyougel.com\/?post_type=product&#038;p=1494"},"modified":"2025-12-20T03:06:40","modified_gmt":"2025-12-20T03:06:40","slug":"christmas-gel-nail-polish-wholesale","status":"publish","type":"product","link":"https:\/\/www.fsyougel.com\/de\/produkt\/christmas-gel-nail-polish-wholesale\/","title":{"rendered":"Weihnachts-Gel-Nagellack-Gro\u00dfh\u00e4ndler, TPO-freie Winter-Neufarben, kostenlose Probe"},"content":{"rendered":"<div class=\"wp-block-columns is-layout-flex wp-container-core-columns-is-layout-9d6595d7 wp-block-columns-is-layout-flex\">\n<div class=\"wp-block-column is-layout-flow wp-block-column-is-layout-flow\">\n<h2 class=\"wp-block-heading\">Gro\u00dfhandel Ancora Red Gel Polish Eigenschaften:<\/h2>\n\n\n\n<ul class=\"wp-block-list\">\n<li><strong>Thematische Farben f\u00fcr Weihnachten und Winter<\/strong>: Neue Winterfarben, die speziell f\u00fcr den Weihnachtsmarkt entwickelt wurden und trendige Farbt\u00f6ne wie Weihnachtsrot, k\u00fchles Wei\u00df, Tannengr\u00fcn und Schneesilber umfassen, helfen den Marken, schnell von der Verkaufsspitze der Weihnachtszeit zu profitieren.<\/li>\n\n\n\n<li><strong>Einfachere F\u00f6rderung von verkaufsstarken Urlaubskombinationen:<\/strong> Die Weihnachts-Gel-Nagellack-Gro\u00dfhandelsserie eignet sich perfekt f\u00fcr Weihnachtsaktionen, Geschenksets und die Entwicklung von limitierten Auflagen, die die Attraktivit\u00e4t der Endprodukte und die Konversionsraten der Bestellungen erh\u00f6hen.<\/li>\n\n\n\n<li><strong>TPO-freie sichere Formel: <\/strong>Mit einer geruchsarmen, sanften Formel, die Reizungen reduziert und den aktuellen internationalen Marktanforderungen an sichere Nagelprodukte besser entspricht.<\/li>\n\n\n\n<li><strong>Hohe Farbausbeute und Glanz: <\/strong>Ein hochwertiges Pigmentsystem sorgt f\u00fcr eine hohe Farbausbeute, so dass in nur einem oder zwei Anstrichen ein weihnachtliches Ergebnis erzielt werden kann, mit lang anhaltendem Glanz, ohne zu mattieren.<\/li>\n\n\n\n<li><strong>Glatt und leicht aufzutragen, geeignet f\u00fcr h\u00e4ufigen Gebrauch: <\/strong>Die feine und gleichm\u00e4\u00dfige Gel-Textur ist weniger anf\u00e4llig f\u00fcr B\u00fcrstenabdr\u00fccke oder Verklumpungen und eignet sich daher f\u00fcr die h\u00e4ufige Anwendung im Salon w\u00e4hrend der Urlaubssaison.<\/li>\n\n\n\n<li><strong>Langlebig und haltbar, widerstandsf\u00e4hig gegen Kr\u00e4useln: <\/strong>Die starke Haftung und die stabile Filmbildung nach dem Aush\u00e4rten sorgen daf\u00fcr, dass Ihre Urlaubsmanik\u00fcre w\u00e4hrend der Partys und Feiertage perfekt bleibt.<\/li>\n\n\n\n<li><strong>Fabrik direkt liefern, erhebliche Gro\u00dfhandelspreis Vorteil:<\/strong> Wir bieten stabile Produktionskapazit\u00e4ten und echte Gro\u00dfhandelspreise, die den K\u00e4ufern eine effektive Kostenkontrolle erm\u00f6glichen.<\/li>\n\n\n\n<li><strong>Kostenlose Mustertests verf\u00fcgbar:<\/strong> F\u00fcr unsere Feiertagskollektionen stehen kostenlose Muster zur Verf\u00fcgung, so dass Sie sich vorab von Farben und Qualit\u00e4t \u00fcberzeugen und das Beschaffungsrisiko verringern k\u00f6nnen.<\/li>\n\n\n\n<li><strong>Flexible OEM\/ODM-Anpassung<\/strong>: Wir unterst\u00fctzen kundenspezifische Weihnachtsverpackungen, Logos und Farbmuster und helfen unseren Kunden, ihre eigenen exklusiven Weihnachts-Gel-Nagellack-Gro\u00dfhandelsserien zu kreieren.<\/li>\n<\/ul>\n<\/div>\n\n\n\n<div class=\"wp-block-column is-layout-flow wp-block-column-is-layout-flow\">\n<figure class=\"wp-block-image size-full\"><img decoding=\"async\" width=\"1500\" height=\"1500\" src=\"https:\/\/www.fsyougel.com\/wp-content\/uploads\/2025\/12\/Christmas-Gel-Nail-Polish-Wholesale-Manufacturer-yougel-4.webp\" alt=\"Weihnachts-Gel-Nagellack Gro\u00dfhandelshersteller yougel (4)\" class=\"wp-image-1498\" srcset=\"https:\/\/www.fsyougel.com\/wp-content\/uploads\/2025\/12\/Christmas-Gel-Nail-Polish-Wholesale-Manufacturer-yougel-4.webp 1500w, https:\/\/www.fsyougel.com\/wp-content\/uploads\/2025\/12\/Christmas-Gel-Nail-Polish-Wholesale-Manufacturer-yougel-4-300x300.webp 300w, https:\/\/www.fsyougel.com\/wp-content\/uploads\/2025\/12\/Christmas-Gel-Nail-Polish-Wholesale-Manufacturer-yougel-4-150x150.webp 150w, https:\/\/www.fsyougel.com\/wp-content\/uploads\/2025\/12\/Christmas-Gel-Nail-Polish-Wholesale-Manufacturer-yougel-4-768x768.webp 768w, https:\/\/www.fsyougel.com\/wp-content\/uploads\/2025\/12\/Christmas-Gel-Nail-Polish-Wholesale-Manufacturer-yougel-4-12x12.webp 12w, https:\/\/www.fsyougel.com\/wp-content\/uploads\/2025\/12\/Christmas-Gel-Nail-Polish-Wholesale-Manufacturer-yougel-4-1200x1200.webp 1200w, https:\/\/www.fsyougel.com\/wp-content\/uploads\/2025\/12\/Christmas-Gel-Nail-Polish-Wholesale-Manufacturer-yougel-4-600x600.webp 600w, https:\/\/www.fsyougel.com\/wp-content\/uploads\/2025\/12\/Christmas-Gel-Nail-Polish-Wholesale-Manufacturer-yougel-4-100x100.webp 100w\" sizes=\"(max-width: 1500px) 100vw, 1500px\" \/><\/figure>\n<\/div>\n<\/div>\n\n\n\n<p><\/p>","protected":false},"excerpt":{"rendered":"<p data-start=\"334\" data-end=\"582\">Willkommen beim Kauf von Weihnachts-Gelnagellack im Gro\u00dfhandel mit TPO-freien neuen Winterfarben, inspiriert von festlichen Trends. Direktlieferung ab Werk mit wettbewerbsf\u00e4higen Gro\u00dfhandelspreisen, stabiler Qualit\u00e4t, schneller Lieferung und kostenlosen Mustern f\u00fcr K\u00e4ufer weltweit.<\/p>\n<table border=\"0\" width=\"854\" cellspacing=\"0\" cellpadding=\"0\">\n<tbody>\n<tr>\n<td width=\"257\" height=\"44\">Marke<\/td>\n<td width=\"597\">YouGel<\/td>\n<\/tr>\n<tr>\n<td width=\"257\" height=\"44\">Modellnummer<\/td>\n<td width=\"597\">S202<\/td>\n<\/tr>\n<tr>\n<td width=\"257\" height=\"44\">Produkttyp<\/td>\n<td width=\"597\">Eintauchende UV\/LED<\/td>\n<\/tr>\n<tr>\n<td width=\"257\" height=\"44\">Material<\/td>\n<td width=\"597\">Harz<\/td>\n<\/tr>\n<tr>\n<td width=\"257\" height=\"44\">Farbe<\/td>\n<td width=\"597\">12 Farben\u00a0<\/td>\n<\/tr>\n<tr>\n<td width=\"257\" height=\"44\">Band<\/td>\n<td width=\"597\">15ml<\/td>\n<\/tr>\n<tr>\n<td width=\"257\" height=\"44\">\n<p>Sicherheit<\/p>\n<\/td>\n<td width=\"597\">\n<p>HEMA-frei, TPO-frei, <span style=\"font-family: inherit; font-size: inherit;\">Ungiftig, MSDS verf\u00fcgbar<\/span><\/p>\n<\/td>\n<\/tr>\n<tr>\n<td width=\"257\" height=\"44\">MOQ<\/td>\n<td width=\"597\">Niedriges MOQ<\/td>\n<\/tr>\n<tr>\n<td width=\"257\" height=\"44\">Kostenlose Probe<\/td>\n<td width=\"597\">Verf\u00fcgbar<\/td>\n<\/tr>\n<tr>\n<td width=\"257\" height=\"82\">Kundenspezifische Option<\/td>\n<td width=\"597\">OEM\/ODM-Dienste, kundenspezifische Logos, Etiketten und Verpackungen werden unterst\u00fctzt<\/td>\n<\/tr>\n<\/tbody>\n<\/table>\n<h2 class=\"brxe-heading\">Vom Gel Polish Hersteller<\/h2>\n<p><a href=\"https:\/\/www.fsyougel.com\/de\/\"><span style=\"color: #ff99cc;\"><strong>YouGel<\/strong><\/span><\/a> ist ein vertrauensw\u00fcrdiger Hersteller von Gellacken, der hochwertige Gel-Basislacke anbietet, die f\u00fcr UV\/LED-N\u00e4gel geeignet sind. Unsere Produkte sind so konzipiert, dass sie sich problemlos auftragen lassen, lange halten und leicht einziehen.<\/p>","protected":false},"featured_media":1497,"comment_status":"closed","ping_status":"closed","template":"","meta":{"_acf_changed":false},"product_brand":[],"product_cat":[19,27],"product_tag":[],"class_list":{"0":"post-1494","1":"product","2":"type-product","3":"status-publish","4":"has-post-thumbnail","6":"product_cat-gel-polish-color-wholesale","7":"product_cat-new-gel-polish-collection","9":"first","10":"instock","11":"shipping-taxable","12":"product-type-simple"},"acf":[],"_links":{"self":[{"href":"https:\/\/www.fsyougel.com\/de\/wp-json\/wp\/v2\/product\/1494","targetHints":{"allow":["GET"]}}],"collection":[{"href":"https:\/\/www.fsyougel.com\/de\/wp-json\/wp\/v2\/product"}],"about":[{"href":"https:\/\/www.fsyougel.com\/de\/wp-json\/wp\/v2\/types\/product"}],"replies":[{"embeddable":true,"href":"https:\/\/www.fsyougel.com\/de\/wp-json\/wp\/v2\/comments?post=1494"}],"wp:featuredmedia":[{"embeddable":true,"href":"https:\/\/www.fsyougel.com\/de\/wp-json\/wp\/v2\/media\/1497"}],"wp:attachment":[{"href":"https:\/\/www.fsyougel.com\/de\/wp-json\/wp\/v2\/media?parent=1494"}],"wp:term":[{"taxonomy":"product_brand","embeddable":true,"href":"https:\/\/www.fsyougel.com\/de\/wp-json\/wp\/v2\/product_brand?post=1494"},{"taxonomy":"product_cat","embeddable":true,"href":"https:\/\/www.fsyougel.com\/de\/wp-json\/wp\/v2\/product_cat?post=1494"},{"taxonomy":"product_tag","embeddable":true,"href":"https:\/\/www.fsyougel.com\/de\/wp-json\/wp\/v2\/product_tag?post=1494"}],"curies":[{"name":"wp","href":"https:\/\/api.w.org\/{rel}","templated":true}]}}