{"id":1526,"date":"2026-01-09T09:34:03","date_gmt":"2026-01-09T09:34:03","guid":{"rendered":"https:\/\/www.fsyougel.com\/?post_type=product&#038;p=1526"},"modified":"2026-01-09T10:00:29","modified_gmt":"2026-01-09T10:00:29","slug":"custom-acryl-gel-bulk-supplier","status":"publish","type":"product","link":"https:\/\/www.fsyougel.com\/de\/produkt\/custom-acryl-gel-bulk-supplier\/","title":{"rendered":"Benutzerdefinierte Acryl Gel Bulk Lieferant, TPO-freie Poly Gel N\u00e4gel"},"content":{"rendered":"<div class=\"wp-block-columns is-layout-flex wp-container-core-columns-is-layout-9d6595d7 wp-block-columns-is-layout-flex\">\n<div class=\"wp-block-column is-layout-flow wp-block-column-is-layout-flow\">\n<h2 class=\"wp-block-heading\">Kundenspezifisches Acryl-Gel Merkmale:<\/h2>\n\n\n\n<ul class=\"wp-block-list\">\n<li><strong>Professionelles Acryl-Gel nach Ma\u00df: <\/strong>Unterst\u00fctzt die individuelle Anpassung von Farbe, Viskosit\u00e4t, Verpackung und Markenlogo und erf\u00fcllt so die unterschiedlichen Marktpositionen und Kundenbed\u00fcrfnisse - ideal f\u00fcr die Entwicklung differenzierter Produktlinien.<\/li>\n\n\n\n<li><strong>TPO-freie sichere Formel:<\/strong> Verwendet ein TPO-freies Poly-Gel-N\u00e4gel-Formelsystem, was zu einem geringeren Geruch und einer sanfteren Formel f\u00fchrt und den aktuellen internationalen Markttrends f\u00fcr sichere Nagelprodukte entspricht.<\/li>\n\n\n\n<li><strong>Ausgewogene Flexibilit\u00e4t und St\u00e4rke:<\/strong> Kombiniert die St\u00e4rke von Acryl mit der Flexibilit\u00e4t von Gel und bietet eine reibungslose Anwendung und stabile Formgebung, sowohl f\u00fcr Anf\u00e4nger als auch f\u00fcr professionelle Nageltechniker geeignet.<\/li>\n\n\n\n<li><strong>Nicht flie\u00dfende, besser kontrollierbare Anwendung: <\/strong>Die stabile Gelformel verhindert ein Absacken und erleichtert verschiedene Nageloperationen wie Verl\u00e4ngerungen, Verst\u00e4rkungen und Reparaturen und verbessert die Effizienz des Salons.<\/li>\n\n\n\n<li><strong>Hohe Haftkraft, langlebig und widerstandsf\u00e4hig gegen Abplatzungen:<\/strong> Die ausgeh\u00e4rtete Struktur ist stark, verschlei\u00dffest und langlebig, wodurch Probleme nach dem Verkauf wie Absplitterungen und Br\u00fcche reduziert werden.<\/li>\n\n\n\n<li><strong>Fabrik Direkt Gro\u00dfhandel Vorteil:<\/strong> Als ausgereifter Lieferant von Acrylgelen verf\u00fcgen wir \u00fcber stabile Produktionskapazit\u00e4ten und ein ausgereiftes Produktionssystem, das eine langfristige Versorgung und wettbewerbsf\u00e4hige Gro\u00dfhandelspreise gew\u00e4hrleistet.<\/li>\n\n\n\n<li><strong>Strenge Qualit\u00e4tskontrolle: <\/strong>Von der Dosierung des Rohmaterials bis zur Abf\u00fcllung und dem Versand f\u00fchren wir umfassende Qualit\u00e4tspr\u00fcfungen durch, um eine gleichbleibende Qualit\u00e4t f\u00fcr jede Charge des kundenspezifischen Acrylgels zu gew\u00e4hrleisten.<\/li>\n\n\n\n<li><strong>Kostenlose Probenpr\u00fcfung verf\u00fcgbar: <\/strong>Vor der Bestellung k\u00f6nnen Muster angefordert werden, um Farbe, Textur und Haftung zu testen und so das Beschaffungsrisiko zu verringern.<\/li>\n\n\n\n<li><strong>OEM\/ODM-Service aus einer Hand:<\/strong> Von der Produktentwicklung bis zur Markteinf\u00fchrung - als professioneller Acrylgel-Lieferant helfen wir unseren Kunden, schnell in den Markt f\u00fcr TPO-freie Polygel-N\u00e4gel einzusteigen.<\/li>\n<\/ul>\n<\/div>\n\n\n\n<div class=\"wp-block-column is-layout-flow wp-block-column-is-layout-flow\">\n<figure class=\"wp-block-image size-full\"><img decoding=\"async\" width=\"1500\" height=\"1500\" src=\"https:\/\/www.fsyougel.com\/wp-content\/uploads\/2026\/01\/Custom-Acryl-Gel-Bulk-Supplier-Yougel-2.webp\" alt=\"Kundenspezifisches Acryl-Gel als Bulkware - Yougel (2)\" class=\"wp-image-1528\" srcset=\"https:\/\/www.fsyougel.com\/wp-content\/uploads\/2026\/01\/Custom-Acryl-Gel-Bulk-Supplier-Yougel-2.webp 1500w, https:\/\/www.fsyougel.com\/wp-content\/uploads\/2026\/01\/Custom-Acryl-Gel-Bulk-Supplier-Yougel-2-300x300.webp 300w, https:\/\/www.fsyougel.com\/wp-content\/uploads\/2026\/01\/Custom-Acryl-Gel-Bulk-Supplier-Yougel-2-150x150.webp 150w, https:\/\/www.fsyougel.com\/wp-content\/uploads\/2026\/01\/Custom-Acryl-Gel-Bulk-Supplier-Yougel-2-768x768.webp 768w, https:\/\/www.fsyougel.com\/wp-content\/uploads\/2026\/01\/Custom-Acryl-Gel-Bulk-Supplier-Yougel-2-12x12.webp 12w, https:\/\/www.fsyougel.com\/wp-content\/uploads\/2026\/01\/Custom-Acryl-Gel-Bulk-Supplier-Yougel-2-1200x1200.webp 1200w, https:\/\/www.fsyougel.com\/wp-content\/uploads\/2026\/01\/Custom-Acryl-Gel-Bulk-Supplier-Yougel-2-600x600.webp 600w, https:\/\/www.fsyougel.com\/wp-content\/uploads\/2026\/01\/Custom-Acryl-Gel-Bulk-Supplier-Yougel-2-100x100.webp 100w\" sizes=\"(max-width: 1500px) 100vw, 1500px\" \/><\/figure>\n<\/div>\n<\/div>","protected":false},"excerpt":{"rendered":"<p>Willkommen beim Kauf von Acrylgel, das f\u00fcr Marken und Salons entwickelt wurde und eine TPO-freie Formel f\u00fcr Polygeln\u00e4gel aufweist. Als zuverl\u00e4ssiger Acryl-Gel-Lieferant bieten wir Fabrik-Direkt-Gro\u00dfhandelspreise, konsistente Qualit\u00e4tskontrolle, schnelle Produktion und kostenlose Proben f\u00fcr Gro\u00dfauftr\u00e4ge.<\/p>\n<table border=\"0\" width=\"854\" cellspacing=\"0\" cellpadding=\"0\">\n<tbody>\n<tr>\n<td width=\"257\" height=\"44\">Marke<\/td>\n<td width=\"597\">YouGel<\/td>\n<\/tr>\n<tr>\n<td width=\"257\" height=\"44\">Modellnummer<\/td>\n<td width=\"597\">AG01<\/td>\n<\/tr>\n<tr>\n<td width=\"257\" height=\"44\">Produkttyp<\/td>\n<td width=\"597\">Eintauchende UV\/LED<\/td>\n<\/tr>\n<tr>\n<td width=\"257\" height=\"44\">Material<\/td>\n<td width=\"597\">Harz<\/td>\n<\/tr>\n<tr>\n<td width=\"257\" height=\"44\">Farbe<\/td>\n<td width=\"597\">36 Farben<\/td>\n<\/tr>\n<tr>\n<td width=\"257\" height=\"44\">Band<\/td>\n<td width=\"597\">30ml\/60ml<\/td>\n<\/tr>\n<tr>\n<td width=\"257\" height=\"44\">Sicherheit<\/td>\n<td width=\"597\">HEMA-frei, TPO-frei, ungiftig, MSDS verf\u00fcgbar<\/td>\n<\/tr>\n<tr>\n<td width=\"257\" height=\"44\">MOQ<\/td>\n<td width=\"597\">Niedriges MOQ<\/td>\n<\/tr>\n<tr>\n<td width=\"257\" height=\"44\">Kostenlose Probe<\/td>\n<td width=\"597\">Verf\u00fcgbar<\/td>\n<\/tr>\n<tr>\n<td width=\"257\" height=\"82\">Kundenspezifische Option<\/td>\n<td width=\"597\">OEM\/ODM-Dienste, kundenspezifische Logos, Etiketten und Verpackungen werden unterst\u00fctzt<\/td>\n<\/tr>\n<\/tbody>\n<\/table>\n<h3 class=\"brxe-heading\">Vom Nagellackhersteller<\/h3>\n<p><a href=\"https:\/\/www.fsyougel.com\/de\/\"><strong>YouGel<\/strong><\/a>\u00a0ist ein Hightech-Nagellackhersteller, der Gro\u00dfhandel, Eigenmarken und OEM\/ODM-Dienstleistungen anbietet. Mehr als 10.000 HEMA-freie, vegane und tierversuchsfreie Farben, die sich leicht auftragen lassen, lange halten und leicht abwischen.<\/p>","protected":false},"featured_media":1532,"comment_status":"closed","ping_status":"closed","template":"","meta":{"_acf_changed":false},"product_brand":[],"product_cat":[21],"product_tag":[],"class_list":{"0":"post-1526","1":"product","2":"type-product","3":"status-publish","4":"has-post-thumbnail","6":"product_cat-wholesale-acryl-gel","8":"first","9":"instock","10":"shipping-taxable","11":"product-type-simple"},"acf":[],"_links":{"self":[{"href":"https:\/\/www.fsyougel.com\/de\/wp-json\/wp\/v2\/product\/1526","targetHints":{"allow":["GET"]}}],"collection":[{"href":"https:\/\/www.fsyougel.com\/de\/wp-json\/wp\/v2\/product"}],"about":[{"href":"https:\/\/www.fsyougel.com\/de\/wp-json\/wp\/v2\/types\/product"}],"replies":[{"embeddable":true,"href":"https:\/\/www.fsyougel.com\/de\/wp-json\/wp\/v2\/comments?post=1526"}],"wp:featuredmedia":[{"embeddable":true,"href":"https:\/\/www.fsyougel.com\/de\/wp-json\/wp\/v2\/media\/1532"}],"wp:attachment":[{"href":"https:\/\/www.fsyougel.com\/de\/wp-json\/wp\/v2\/media?parent=1526"}],"wp:term":[{"taxonomy":"product_brand","embeddable":true,"href":"https:\/\/www.fsyougel.com\/de\/wp-json\/wp\/v2\/product_brand?post=1526"},{"taxonomy":"product_cat","embeddable":true,"href":"https:\/\/www.fsyougel.com\/de\/wp-json\/wp\/v2\/product_cat?post=1526"},{"taxonomy":"product_tag","embeddable":true,"href":"https:\/\/www.fsyougel.com\/de\/wp-json\/wp\/v2\/product_tag?post=1526"}],"curies":[{"name":"wp","href":"https:\/\/api.w.org\/{rel}","templated":true}]}}