{"id":1533,"date":"2026-01-09T10:02:48","date_gmt":"2026-01-09T10:02:48","guid":{"rendered":"https:\/\/www.fsyougel.com\/?post_type=product&#038;p=1533"},"modified":"2026-01-09T11:09:31","modified_gmt":"2026-01-09T11:09:31","slug":"wholesale-oem-poly-gel","status":"publish","type":"product","link":"https:\/\/www.fsyougel.com\/de\/produkt\/wholesale-oem-poly-gel\/","title":{"rendered":"Gro\u00dfhandel OEM Poly Gel Nagelverl\u00e4ngerung Gel - 36 Farben Acryl &amp; Gel Hybrid Formel"},"content":{"rendered":"<div class=\"wp-block-columns is-layout-flex wp-container-core-columns-is-layout-9d6595d7 wp-block-columns-is-layout-flex\">\n<div class=\"wp-block-column is-layout-flow wp-block-column-is-layout-flow\">\n<h2 class=\"wp-block-heading\">Gro\u00dfhandel OEM Poly Gel Eigenschaften:<\/h2>\n\n\n\n<ul class=\"wp-block-list\">\n<li><strong>36-Farben-Multifunktionsset: <\/strong>Es deckt Mainstream-Farbsysteme wie Nude, Pink, Jelly und Transparent ab und erf\u00fcllt die unterschiedlichen Bed\u00fcrfnisse von Salons und Markenkunden f\u00fcr OEM-Polygel-Nagelverl\u00e4ngerungsgel im Gro\u00dfhandel.<\/li>\n\n\n\n<li><strong>Acryl + Gel Komposit Formel: <\/strong>Es kombiniert die Vorteile von Acryl und Gel und bietet eine sanfte Verl\u00e4ngerung und stabile Formgebung, w\u00e4hrend es gleichzeitig robust und flexibel ist und sich f\u00fcr Nagelverl\u00e4ngerung, -reparatur und -verst\u00e4rkung eignet.<\/li>\n\n\n\n<li><strong>Einfach zu verwenden, kein Verkleben der B\u00fcrste:<\/strong> Das Gel ist gleichm\u00e4\u00dfig und glatt, leicht aufzutragen, so dass sowohl Anf\u00e4nger als auch professionelle Nageltechniker den Vorgang schnell beherrschen und Nacharbeiten reduzieren k\u00f6nnen.<\/li>\n\n\n\n<li><strong>Hohe Haftf\u00e4higkeit, Langlebigkeit und Dauerhaftigkeit<\/strong>: Die ausgeh\u00e4rtete Folienschicht ist stabil und neigt nicht zum Abheben, Rei\u00dfen oder Verblassen, was die Kundenzufriedenheit erh\u00f6ht.<\/li>\n\n\n\n<li><strong>Direktlieferung ab Werk, wettbewerbsf\u00e4higere Preise:<\/strong> Wir sind eine ausgereifte OEM-Fabrik, die stabile Produktionskapazit\u00e4ten und wirklich wettbewerbsf\u00e4hige Gro\u00dfhandelspreise bietet, die es den K\u00e4ufern erm\u00f6glichen, ihre Kosten zu senken.<\/li>\n\n\n\n<li><strong>Kostenlose Mustertests verf\u00fcgbar<\/strong>: Vor der Bestellung k\u00f6nnen Muster angefordert werden, um Farbe, Textur und Haftung im Voraus zu \u00fcberpr\u00fcfen, so dass Sie sich bei Gro\u00dfeink\u00e4ufen keine Sorgen machen m\u00fcssen.<\/li>\n\n\n\n<li><strong>TPO-frei \/ Sichere und umweltfreundliche Formel:<\/strong> Geruchsarme, sanfte Formel, die die Anforderungen des Weltmarkts an gesunde Nagelprodukte erf\u00fcllt.<\/li>\n\n\n\n<li><strong>OEM\/ODM-Anpassungsdienste: <\/strong>Unterst\u00fctzt die Anpassung von Flaschendesign, Logo, Verpackung und Farbkombinationen und hilft Marken, ihre exklusiven OEM-Gro\u00dfhandels-Polygel-Nagelverl\u00e4ngerungsgelserien schnell auf den Markt zu bringen.<\/li>\n\n\n\n<li><strong>Geeignet f\u00fcr mehrere Kan\u00e4le:<\/strong> Geeignet f\u00fcr Salons, grenz\u00fcberschreitenden E-Commerce und Nagelmarken-Gro\u00dfhandel, mit einer hohen Wiederkaufsrate, die die Expansion auf dem globalen Markt erleichtert.<\/li>\n<\/ul>\n<\/div>\n\n\n\n<div class=\"wp-block-column is-layout-flow wp-block-column-is-layout-flow\">\n<figure class=\"wp-block-image size-full\"><img decoding=\"async\" src=\"https:\/\/www.fsyougel.com\/wp-content\/uploads\/2026\/01\/Wholesale-OEM-Poly-Gel-Nail-36-colors-3.webp\" alt=\"Gro\u00dfhandel OEM Poly Gel-Nagel 36 Farben (3)\" class=\"wp-image-1536\"\/><\/figure>\n<\/div>\n<\/div>","protected":false},"excerpt":{"rendered":"<p data-start=\"366\" data-end=\"616\">Willkommen zum Kauf, Gro\u00dfhandel OEM Poly Gel Nagelverl\u00e4ngerung Gel mit 36 Farben und Hybrid-Acryl &amp; Gel-Formel. Fabrik-direktes Angebot, wettbewerbsf\u00e4hige Gro\u00dfhandelspreise, kostenlose Proben, schnelle Lieferung und professionelle OEM-Unterst\u00fctzung f\u00fcr globale K\u00e4ufer.<\/p>\n<table border=\"0\" width=\"854\" cellspacing=\"0\" cellpadding=\"0\">\n<tbody>\n<tr>\n<td width=\"257\" height=\"44\">Marke<\/td>\n<td width=\"597\">YouGel<\/td>\n<\/tr>\n<tr>\n<td width=\"257\" height=\"44\">Modellnummer<\/td>\n<td width=\"597\">AG01<\/td>\n<\/tr>\n<tr>\n<td width=\"257\" height=\"44\">Produkttyp<\/td>\n<td width=\"597\">Eintauchende UV\/LED<\/td>\n<\/tr>\n<tr>\n<td width=\"257\" height=\"44\">Material<\/td>\n<td width=\"597\">Harz<\/td>\n<\/tr>\n<tr>\n<td width=\"257\" height=\"44\">Farbe<\/td>\n<td width=\"597\">36 Farben<\/td>\n<\/tr>\n<tr>\n<td width=\"257\" height=\"44\">Band<\/td>\n<td width=\"597\">30ml\/60ml<\/td>\n<\/tr>\n<tr>\n<td width=\"257\" height=\"44\">Sicherheit<\/td>\n<td width=\"597\">HEMA-frei, TPO-frei, ungiftig, MSDS verf\u00fcgbar<\/td>\n<\/tr>\n<tr>\n<td width=\"257\" height=\"44\">MOQ<\/td>\n<td width=\"597\">Niedriges MOQ<\/td>\n<\/tr>\n<tr>\n<td width=\"257\" height=\"44\">Kostenlose Probe<\/td>\n<td width=\"597\">Verf\u00fcgbar<\/td>\n<\/tr>\n<tr>\n<td width=\"257\" height=\"82\">Kundenspezifische Option<\/td>\n<td width=\"597\">OEM\/ODM-Dienste, kundenspezifische Logos, Etiketten und Verpackungen werden unterst\u00fctzt<\/td>\n<\/tr>\n<\/tbody>\n<\/table>\n<h3 class=\"brxe-heading\">Vom Nagellackhersteller<\/h3>\n<p><a href=\"https:\/\/www.fsyougel.com\/de\/\"><strong>YouGel<\/strong><\/a>\u00a0ist ein Hightech-Nagellackhersteller, der Gro\u00dfhandel, Eigenmarken und OEM\/ODM-Dienstleistungen anbietet. Mehr als 10.000 HEMA-freie, vegane und tierversuchsfreie Farben, die sich leicht auftragen lassen, lange halten und leicht abwischen.<\/p>","protected":false},"featured_media":1534,"comment_status":"closed","ping_status":"closed","template":"","meta":{"_acf_changed":false},"product_brand":[],"product_cat":[21],"product_tag":[],"class_list":{"0":"post-1533","1":"product","2":"type-product","3":"status-publish","4":"has-post-thumbnail","6":"product_cat-wholesale-acryl-gel","8":"first","9":"instock","10":"shipping-taxable","11":"product-type-simple"},"acf":[],"_links":{"self":[{"href":"https:\/\/www.fsyougel.com\/de\/wp-json\/wp\/v2\/product\/1533","targetHints":{"allow":["GET"]}}],"collection":[{"href":"https:\/\/www.fsyougel.com\/de\/wp-json\/wp\/v2\/product"}],"about":[{"href":"https:\/\/www.fsyougel.com\/de\/wp-json\/wp\/v2\/types\/product"}],"replies":[{"embeddable":true,"href":"https:\/\/www.fsyougel.com\/de\/wp-json\/wp\/v2\/comments?post=1533"}],"wp:featuredmedia":[{"embeddable":true,"href":"https:\/\/www.fsyougel.com\/de\/wp-json\/wp\/v2\/media\/1534"}],"wp:attachment":[{"href":"https:\/\/www.fsyougel.com\/de\/wp-json\/wp\/v2\/media?parent=1533"}],"wp:term":[{"taxonomy":"product_brand","embeddable":true,"href":"https:\/\/www.fsyougel.com\/de\/wp-json\/wp\/v2\/product_brand?post=1533"},{"taxonomy":"product_cat","embeddable":true,"href":"https:\/\/www.fsyougel.com\/de\/wp-json\/wp\/v2\/product_cat?post=1533"},{"taxonomy":"product_tag","embeddable":true,"href":"https:\/\/www.fsyougel.com\/de\/wp-json\/wp\/v2\/product_tag?post=1533"}],"curies":[{"name":"wp","href":"https:\/\/api.w.org\/{rel}","templated":true}]}}