{"id":1553,"date":"2026-01-16T11:22:57","date_gmt":"2026-01-16T11:22:57","guid":{"rendered":"https:\/\/www.fsyougel.com\/?post_type=product&#038;p=1553"},"modified":"2026-01-17T08:09:48","modified_gmt":"2026-01-17T08:09:48","slug":"hot-flame-cat-eye-gel-wholesale","status":"publish","type":"product","link":"https:\/\/www.fsyougel.com\/de\/produkt\/hot-flame-cat-eye-gel-wholesale\/","title":{"rendered":"Hot Flame Cat Eye Gel Gro\u00dfhandel, TPO-Free Magnetic Nail Gel Polish Hersteller"},"content":{"rendered":"<div class=\"wp-block-columns is-layout-flex wp-container-core-columns-is-layout-9d6595d7 wp-block-columns-is-layout-flex\">\n<div class=\"wp-block-column is-layout-flow wp-block-column-is-layout-flow\">\n<h2 class=\"wp-block-heading\">Hot Flame Cat Eye Gel Gro\u00dfhandel Eigenschaften:<\/h2>\n\n\n\n<ul class=\"wp-block-list\">\n<li><strong>Flammenkatzenauge Visueller Effekt: <\/strong>Das hochaktive magnetische Pulver erzeugt einen flie\u00dfenden, flammenartigen Katzenaugeneffekt, der unter Licht deutliche Schichten erkennen l\u00e4sst. Es ist ideal f\u00fcr die Gestaltung hochwertiger, auff\u00e4lliger Nageldesigns und wird von Gro\u00dfhandelskunden f\u00fcr hei\u00dfes Flammenkatzenaugengel sehr gesch\u00e4tzt.<\/li>\n\n\n\n<li><strong>Empfindliche magnetische Reaktion: <\/strong>Er l\u00e4sst sich leicht mit einem Magneten handhaben und erzeugt klare und konzentrierte Katzenaugenlinien, so dass Nageltechniker effizienter und konsistenter arbeiten k\u00f6nnen.<\/li>\n\n\n\n<li><strong>TPO-freie sichere Formel:<\/strong> Geruchsarm und sanft, erf\u00fcllt die Nachfrage des internationalen Marktes nach gesunden Nagelprodukten.<\/li>\n\n\n\n<li><strong>Hohe Haftung und Dauerhaftigkeit:<\/strong> Widerstandsf\u00e4hig gegen Absplitterungen und Risse nach der Aush\u00e4rtung, bietet lang anhaltenden Glanz f\u00fcr das t\u00e4gliche Tragen und reduziert Probleme nach dem Verkauf.<\/li>\n\n\n\n<li><strong>Fabrikdirektlieferung, signifikanter Preisvorteil:<\/strong> Unsere eigene Produktionsst\u00e4tte unterst\u00fctzt Gro\u00dfauftr\u00e4ge f\u00fcr Hei\u00dfflammen-Katzenaugengel und hilft den K\u00e4ufern, die Kosten effektiv zu kontrollieren.<\/li>\n\n\n\n<li><strong>Kostenlose Probenpr\u00fcfung verf\u00fcgbar:<\/strong> Vor der Bestellung k\u00f6nnen Muster angefordert werden, um die magnetische Wirkung, die Farbe und die Beschaffenheit direkt zu testen und so das Beschaffungsrisiko zu verringern.<\/li>\n\n\n\n<li><strong>Geeignet f\u00fcr mehrere Vertriebskan\u00e4le: <\/strong>Anwendbar f\u00fcr Nagelstudios, Markengro\u00dfh\u00e4ndler, E-Commerce und grenz\u00fcberschreitende M\u00e4rkte, mit hohem Wiederkaufpotenzial.<\/li>\n\n\n\n<li><strong>Unterst\u00fctzung f\u00fcr OEM\/Kundenanpassung:<\/strong> Individuelle Farbkombinationen, Flaschentypen, Etiketten und Verpackungen stehen zur Verf\u00fcgung, um den Kunden zu helfen, ihre eigene exklusive magnetische Cat-Eye-Serie zu kreieren.<\/li>\n<\/ul>\n<\/div>\n\n\n\n<div class=\"wp-block-column is-layout-flow wp-block-column-is-layout-flow\">\n<figure class=\"wp-block-image size-full\"><img decoding=\"async\" width=\"1500\" height=\"1500\" src=\"https:\/\/www.fsyougel.com\/wp-content\/uploads\/2026\/01\/Hot-Flame-Cat-Eye-Gel-Wholesale-Manufacturer-Yougel-3.webp\" alt=\"Hei\u00dfe Flamme Katzenaugengel Gro\u00dfhandel Hersteller - Yougel (3)\" class=\"wp-image-1571\" srcset=\"https:\/\/www.fsyougel.com\/wp-content\/uploads\/2026\/01\/Hot-Flame-Cat-Eye-Gel-Wholesale-Manufacturer-Yougel-3.webp 1500w, https:\/\/www.fsyougel.com\/wp-content\/uploads\/2026\/01\/Hot-Flame-Cat-Eye-Gel-Wholesale-Manufacturer-Yougel-3-300x300.webp 300w, https:\/\/www.fsyougel.com\/wp-content\/uploads\/2026\/01\/Hot-Flame-Cat-Eye-Gel-Wholesale-Manufacturer-Yougel-3-150x150.webp 150w, https:\/\/www.fsyougel.com\/wp-content\/uploads\/2026\/01\/Hot-Flame-Cat-Eye-Gel-Wholesale-Manufacturer-Yougel-3-768x768.webp 768w, https:\/\/www.fsyougel.com\/wp-content\/uploads\/2026\/01\/Hot-Flame-Cat-Eye-Gel-Wholesale-Manufacturer-Yougel-3-12x12.webp 12w, https:\/\/www.fsyougel.com\/wp-content\/uploads\/2026\/01\/Hot-Flame-Cat-Eye-Gel-Wholesale-Manufacturer-Yougel-3-1200x1200.webp 1200w, https:\/\/www.fsyougel.com\/wp-content\/uploads\/2026\/01\/Hot-Flame-Cat-Eye-Gel-Wholesale-Manufacturer-Yougel-3-600x600.webp 600w, https:\/\/www.fsyougel.com\/wp-content\/uploads\/2026\/01\/Hot-Flame-Cat-Eye-Gel-Wholesale-Manufacturer-Yougel-3-100x100.webp 100w\" sizes=\"(max-width: 1500px) 100vw, 1500px\" \/><\/figure>\n<\/div>\n<\/div>\n\n\n\n<div class=\"wp-block-columns is-layout-flex wp-container-core-columns-is-layout-9d6595d7 wp-block-columns-is-layout-flex\">\n<div class=\"wp-block-column is-layout-flow wp-block-column-is-layout-flow\">\n<figure class=\"wp-block-image size-full\"><img decoding=\"async\" width=\"1468\" height=\"1128\" src=\"https:\/\/www.fsyougel.com\/wp-content\/uploads\/2026\/01\/Hot-Flame-Cat-Eye-Gel-Wholesale-Supplier-1.webp\" alt=\"Hot Flame Cat Eye Gel Gro\u00dfhandel Lieferant (1)\" class=\"wp-image-1565\" srcset=\"https:\/\/www.fsyougel.com\/wp-content\/uploads\/2026\/01\/Hot-Flame-Cat-Eye-Gel-Wholesale-Supplier-1.webp 1468w, https:\/\/www.fsyougel.com\/wp-content\/uploads\/2026\/01\/Hot-Flame-Cat-Eye-Gel-Wholesale-Supplier-1-300x231.webp 300w, https:\/\/www.fsyougel.com\/wp-content\/uploads\/2026\/01\/Hot-Flame-Cat-Eye-Gel-Wholesale-Supplier-1-768x590.webp 768w, https:\/\/www.fsyougel.com\/wp-content\/uploads\/2026\/01\/Hot-Flame-Cat-Eye-Gel-Wholesale-Supplier-1-16x12.webp 16w, https:\/\/www.fsyougel.com\/wp-content\/uploads\/2026\/01\/Hot-Flame-Cat-Eye-Gel-Wholesale-Supplier-1-1200x922.webp 1200w, https:\/\/www.fsyougel.com\/wp-content\/uploads\/2026\/01\/Hot-Flame-Cat-Eye-Gel-Wholesale-Supplier-1-600x461.webp 600w\" sizes=\"(max-width: 1468px) 100vw, 1468px\" \/><\/figure>\n<\/div>\n\n\n\n<div class=\"wp-block-column is-layout-flow wp-block-column-is-layout-flow\">\n<figure class=\"wp-block-image size-full\"><img decoding=\"async\" width=\"1464\" height=\"1132\" src=\"https:\/\/www.fsyougel.com\/wp-content\/uploads\/2026\/01\/Hot-Flame-Cat-Eye-Gel-Wholesale-Supplier-2.webp\" alt=\"Hot Flame Cat Eye Gel Gro\u00dfhandel Lieferant (2)\" class=\"wp-image-1566\" srcset=\"https:\/\/www.fsyougel.com\/wp-content\/uploads\/2026\/01\/Hot-Flame-Cat-Eye-Gel-Wholesale-Supplier-2.webp 1464w, https:\/\/www.fsyougel.com\/wp-content\/uploads\/2026\/01\/Hot-Flame-Cat-Eye-Gel-Wholesale-Supplier-2-300x232.webp 300w, https:\/\/www.fsyougel.com\/wp-content\/uploads\/2026\/01\/Hot-Flame-Cat-Eye-Gel-Wholesale-Supplier-2-768x594.webp 768w, https:\/\/www.fsyougel.com\/wp-content\/uploads\/2026\/01\/Hot-Flame-Cat-Eye-Gel-Wholesale-Supplier-2-16x12.webp 16w, https:\/\/www.fsyougel.com\/wp-content\/uploads\/2026\/01\/Hot-Flame-Cat-Eye-Gel-Wholesale-Supplier-2-1200x928.webp 1200w, https:\/\/www.fsyougel.com\/wp-content\/uploads\/2026\/01\/Hot-Flame-Cat-Eye-Gel-Wholesale-Supplier-2-600x464.webp 600w\" sizes=\"(max-width: 1464px) 100vw, 1464px\" \/><\/figure>\n<\/div>\n<\/div>","protected":false},"excerpt":{"rendered":"<p data-start=\"398\" data-end=\"682\">Willkommen zum Kauf unserer hei\u00dfen Flamme Katze Auge Gel Gro\u00dfhandel magnetische Nagel-Gel-Lack mit einem TPO-freie Formel. Wir bieten Fabrik-direktes Angebot, wettbewerbsf\u00e4hige Gro\u00dfhandelspreise, kostenlose Proben, starke magnetische Effekte und professionelle OEM-Unterst\u00fctzung weltweit.<\/p>\n<table border=\"0\" width=\"854\" cellspacing=\"0\" cellpadding=\"0\">\n<tbody>\n<tr>\n<td class=\"et3\" width=\"257\" height=\"44\">Marke<\/td>\n<td class=\"et3\" width=\"597\">YouGel<\/td>\n<\/tr>\n<tr>\n<td class=\"et4\" width=\"257\" height=\"44\">Modellnummer<\/td>\n<td class=\"et4\" width=\"597\">25CG01<\/td>\n<\/tr>\n<tr>\n<td class=\"et4\" width=\"257\" height=\"44\">Produkttyp<\/td>\n<td class=\"et4\" width=\"597\">UV\/LED-Gel-Politur zum Einweichen<\/td>\n<\/tr>\n<tr>\n<td class=\"et4\" width=\"257\" height=\"44\">Material<\/td>\n<td class=\"et4\" width=\"597\">Harz<\/td>\n<\/tr>\n<tr>\n<td class=\"et4\" width=\"257\" height=\"44\">Farbe<\/td>\n<td class=\"et4\" width=\"597\">12 Farben<\/td>\n<\/tr>\n<tr>\n<td class=\"et4\" width=\"257\" height=\"44\">Band<\/td>\n<td class=\"et4\" width=\"597\">15 ml<\/td>\n<\/tr>\n<tr>\n<td class=\"et4\" width=\"257\" height=\"44\">Sicherheit<\/td>\n<td class=\"et4\" width=\"597\">HEMA-frei, TPO-frei, ungiftig, MSDS verf\u00fcgbar<\/td>\n<\/tr>\n<tr>\n<td class=\"et4\" width=\"257\" height=\"44\">MOQ<\/td>\n<td class=\"et4\" width=\"597\">Niedriges MOQ<\/td>\n<\/tr>\n<tr>\n<td class=\"et4\" width=\"257\" height=\"44\">Kostenlose Probe<\/td>\n<td class=\"et4\" width=\"597\">Verf\u00fcgbar<\/td>\n<\/tr>\n<tr>\n<td class=\"et4\" width=\"257\" height=\"82\">Kundenspezifische Option<\/td>\n<td class=\"et4\" width=\"597\">OEM\/ODM-Dienste, kundenspezifische Logos, Etiketten und Verpackungen werden unterst\u00fctzt<\/td>\n<\/tr>\n<\/tbody>\n<\/table>\n<h2 class=\"brxe-heading\">Vom Gel Polish Hersteller<\/h2>\n<p><a href=\"https:\/\/www.fsyougel.com\/de\/\"><strong>YouGel<\/strong><\/a> ist ein vertrauensw\u00fcrdiger Hersteller von Gellacken, der hochwertige Gel-Basislacke anbietet, die f\u00fcr UV\/LED-N\u00e4gel geeignet sind. Unsere Produkte sind so konzipiert, dass sie sich problemlos auftragen lassen, lange halten und leicht einziehen.<\/p>","protected":false},"featured_media":1570,"comment_status":"closed","ping_status":"closed","template":"","meta":{"_acf_changed":false},"product_brand":[],"product_cat":[19,28,27],"product_tag":[],"class_list":{"0":"post-1553","1":"product","2":"type-product","3":"status-publish","4":"has-post-thumbnail","6":"product_cat-gel-polish-color-wholesale","7":"product_cat-cat-eye-gel-supplier","8":"product_cat-new-gel-polish-collection","10":"first","11":"instock","12":"shipping-taxable","13":"product-type-simple"},"acf":[],"_links":{"self":[{"href":"https:\/\/www.fsyougel.com\/de\/wp-json\/wp\/v2\/product\/1553","targetHints":{"allow":["GET"]}}],"collection":[{"href":"https:\/\/www.fsyougel.com\/de\/wp-json\/wp\/v2\/product"}],"about":[{"href":"https:\/\/www.fsyougel.com\/de\/wp-json\/wp\/v2\/types\/product"}],"replies":[{"embeddable":true,"href":"https:\/\/www.fsyougel.com\/de\/wp-json\/wp\/v2\/comments?post=1553"}],"wp:featuredmedia":[{"embeddable":true,"href":"https:\/\/www.fsyougel.com\/de\/wp-json\/wp\/v2\/media\/1570"}],"wp:attachment":[{"href":"https:\/\/www.fsyougel.com\/de\/wp-json\/wp\/v2\/media?parent=1553"}],"wp:term":[{"taxonomy":"product_brand","embeddable":true,"href":"https:\/\/www.fsyougel.com\/de\/wp-json\/wp\/v2\/product_brand?post=1553"},{"taxonomy":"product_cat","embeddable":true,"href":"https:\/\/www.fsyougel.com\/de\/wp-json\/wp\/v2\/product_cat?post=1553"},{"taxonomy":"product_tag","embeddable":true,"href":"https:\/\/www.fsyougel.com\/de\/wp-json\/wp\/v2\/product_tag?post=1553"}],"curies":[{"name":"wp","href":"https:\/\/api.w.org\/{rel}","templated":true}]}}