{"id":1563,"date":"2026-01-17T06:29:07","date_gmt":"2026-01-17T06:29:07","guid":{"rendered":"https:\/\/www.fsyougel.com\/?post_type=product&#038;p=1563"},"modified":"2026-01-17T09:59:21","modified_gmt":"2026-01-17T09:59:21","slug":"custom-hot-flame-cat-eye-gel-nail-polish","status":"publish","type":"product","link":"https:\/\/www.fsyougel.com\/de\/produkt\/custom-hot-flame-cat-eye-gel-nail-polish\/","title":{"rendered":"Kundenspezifischer hei\u00dfer Flammen-Katzenaugen-Gel-Nagellack, TPO-freier magnetischer Nagel-Gellack Fabrik"},"content":{"rendered":"<div class=\"wp-block-columns is-layout-flex wp-container-core-columns-is-layout-9d6595d7 wp-block-columns-is-layout-flex\">\n<div class=\"wp-block-column is-layout-flow wp-block-column-is-layout-flow\">\n<h2 class=\"wp-block-heading\">Benutzerdefinierte Hot Flame Cat Eye Gel Nagellack Features:<\/h2>\n\n\n\n<ul class=\"wp-block-list\">\n<li><strong>Der Flame-Cat-Eye-Effekt bietet einen starken visuellen Eindruck:<\/strong> Das sorgf\u00e4ltig ausgew\u00e4hlte, hochgl\u00e4nzende Magnetpulver erzeugt einen flie\u00dfenden, dreidimensionalen Katzenaugen-Effekt, der an Flammen erinnert. Die verschiedenen Schichten sind sowohl unter k\u00fcnstlichem als auch unter nat\u00fcrlichem Licht sichtbar und erh\u00f6hen die Attraktivit\u00e4t der Gel-Serie \"Hot Flame Cat Eye\".<\/li>\n\n\n\n<li><strong>Sensible magnetische Reaktion und einfache Bedienung:<\/strong> Formt schnell den gew\u00fcnschten Effekt mit einem Magneten, was zu konzentrierten und klaren Katzenaugenlinien f\u00fchrt. Dies gew\u00e4hrleistet eine reibungslose Anwendung f\u00fcr Nageltechniker und gleichbleibende Ergebnisse.<\/li>\n\n\n\n<li><strong>TPO-freie gesunde Formel:<\/strong> Geruchsarme und sanfte Formel, die den internationalen Marktbeschaffungsstandards f\u00fcr sichere Nagelprodukte entspricht und f\u00fcr den langfristigen gewerblichen Einsatz geeignet ist.<\/li>\n\n\n\n<li><strong>Hohe Haftung und Dauerhaftigkeit: <\/strong>Nach der Aush\u00e4rtung ist es resistent gegen Absplittern und Verblassen, wodurch ein lang anhaltender Glanz erhalten bleibt und Probleme beim Nachverkauf und bei der Nachbearbeitung reduziert werden.<\/li>\n\n\n\n<li><strong>Factory Direct Supply mit signifikanten Gro\u00dfhandelspreis Vorteile:<\/strong> Unsere eigene Produktionsst\u00e4tte unterst\u00fctzt die Massenanfertigung und stabile Lieferung von kundenspezifischem Hei\u00dfflammen-Katzenaugengel und hilft den K\u00e4ufern, die Kosten effektiv zu kontrollieren.<\/li>\n\n\n\n<li><strong>Kostenlose Probenpr\u00fcfung verf\u00fcgbar:<\/strong> Vor der Bestellung k\u00f6nnen Muster angefordert werden, um die magnetische Wirkung, die Farbe und die Beschaffenheit direkt zu testen und so das Beschaffungsrisiko zu verringern.<\/li>\n\n\n\n<li><strong>Starke OEM\/ODM-Anpassungsf\u00e4higkeiten:<\/strong> Unterst\u00fctzt die umfassende Anpassung von Farbe, Flaschentyp, Logo und Verpackung und hilft Marken, schnell differenzierte magnetische Cat-Eye-Serien zu entwickeln.<\/li>\n\n\n\n<li><strong>Geeignet f\u00fcr Multi-Channel-Verkauf: <\/strong>Weit verbreitet in Nagelstudios, bei Markengro\u00dfh\u00e4ndlern, im E-Commerce und auf grenz\u00fcberschreitenden M\u00e4rkten, mit ausgezeichnetem Wiederkaufpotenzial.<\/li>\n<\/ul>\n<\/div>\n\n\n\n<div class=\"wp-block-column is-layout-flow wp-block-column-is-layout-flow\">\n<figure class=\"wp-block-image size-full\"><img decoding=\"async\" width=\"1500\" height=\"1500\" src=\"https:\/\/www.fsyougel.com\/wp-content\/uploads\/2026\/01\/Custom-Hot-Flame-Cat-Eye-Gel-Nail-Polish-Factory-5.webp\" alt=\"Benutzerdefinierte hei\u00dfe Flamme Katze Auge Gel Nagellack Fabrik (5)\" class=\"wp-image-1574\" srcset=\"https:\/\/www.fsyougel.com\/wp-content\/uploads\/2026\/01\/Custom-Hot-Flame-Cat-Eye-Gel-Nail-Polish-Factory-5.webp 1500w, https:\/\/www.fsyougel.com\/wp-content\/uploads\/2026\/01\/Custom-Hot-Flame-Cat-Eye-Gel-Nail-Polish-Factory-5-300x300.webp 300w, https:\/\/www.fsyougel.com\/wp-content\/uploads\/2026\/01\/Custom-Hot-Flame-Cat-Eye-Gel-Nail-Polish-Factory-5-150x150.webp 150w, https:\/\/www.fsyougel.com\/wp-content\/uploads\/2026\/01\/Custom-Hot-Flame-Cat-Eye-Gel-Nail-Polish-Factory-5-768x768.webp 768w, https:\/\/www.fsyougel.com\/wp-content\/uploads\/2026\/01\/Custom-Hot-Flame-Cat-Eye-Gel-Nail-Polish-Factory-5-12x12.webp 12w, https:\/\/www.fsyougel.com\/wp-content\/uploads\/2026\/01\/Custom-Hot-Flame-Cat-Eye-Gel-Nail-Polish-Factory-5-1200x1200.webp 1200w, https:\/\/www.fsyougel.com\/wp-content\/uploads\/2026\/01\/Custom-Hot-Flame-Cat-Eye-Gel-Nail-Polish-Factory-5-600x600.webp 600w, https:\/\/www.fsyougel.com\/wp-content\/uploads\/2026\/01\/Custom-Hot-Flame-Cat-Eye-Gel-Nail-Polish-Factory-5-100x100.webp 100w\" sizes=\"(max-width: 1500px) 100vw, 1500px\" \/><\/figure>\n<\/div>\n<\/div>\n\n\n\n<div class=\"wp-block-columns is-layout-flex wp-container-core-columns-is-layout-9d6595d7 wp-block-columns-is-layout-flex\">\n<div class=\"wp-block-column is-layout-flow wp-block-column-is-layout-flow\">\n<figure class=\"wp-block-image size-full\"><img decoding=\"async\" width=\"1500\" height=\"1125\" src=\"https:\/\/www.fsyougel.com\/wp-content\/uploads\/2026\/01\/Custom-Hot-Flame-Cat-Eye-Gel-Nail-Polish-Factory-2.webp\" alt=\"Benutzerdefinierte hei\u00dfe Flamme Katze Auge Gel Nagellack Fabrik (2)\" class=\"wp-image-1573\" srcset=\"https:\/\/www.fsyougel.com\/wp-content\/uploads\/2026\/01\/Custom-Hot-Flame-Cat-Eye-Gel-Nail-Polish-Factory-2.webp 1500w, https:\/\/www.fsyougel.com\/wp-content\/uploads\/2026\/01\/Custom-Hot-Flame-Cat-Eye-Gel-Nail-Polish-Factory-2-300x225.webp 300w, https:\/\/www.fsyougel.com\/wp-content\/uploads\/2026\/01\/Custom-Hot-Flame-Cat-Eye-Gel-Nail-Polish-Factory-2-768x576.webp 768w, https:\/\/www.fsyougel.com\/wp-content\/uploads\/2026\/01\/Custom-Hot-Flame-Cat-Eye-Gel-Nail-Polish-Factory-2-16x12.webp 16w, https:\/\/www.fsyougel.com\/wp-content\/uploads\/2026\/01\/Custom-Hot-Flame-Cat-Eye-Gel-Nail-Polish-Factory-2-1200x900.webp 1200w, https:\/\/www.fsyougel.com\/wp-content\/uploads\/2026\/01\/Custom-Hot-Flame-Cat-Eye-Gel-Nail-Polish-Factory-2-600x450.webp 600w\" sizes=\"(max-width: 1500px) 100vw, 1500px\" \/><\/figure>\n<\/div>\n\n\n\n<div class=\"wp-block-column is-layout-flow wp-block-column-is-layout-flow\">\n<figure class=\"wp-block-image size-full\"><img decoding=\"async\" width=\"1374\" height=\"1026\" src=\"https:\/\/www.fsyougel.com\/wp-content\/uploads\/2026\/01\/Custom-Hot-Flame-Cat-Eye-Gel-Nail-Polish-2.webp\" alt=\"Individueller Hot Flame Cat Eye Gel-Nagellack (2)\" class=\"wp-image-1577\" srcset=\"https:\/\/www.fsyougel.com\/wp-content\/uploads\/2026\/01\/Custom-Hot-Flame-Cat-Eye-Gel-Nail-Polish-2.webp 1374w, https:\/\/www.fsyougel.com\/wp-content\/uploads\/2026\/01\/Custom-Hot-Flame-Cat-Eye-Gel-Nail-Polish-2-300x224.webp 300w, https:\/\/www.fsyougel.com\/wp-content\/uploads\/2026\/01\/Custom-Hot-Flame-Cat-Eye-Gel-Nail-Polish-2-768x573.webp 768w, https:\/\/www.fsyougel.com\/wp-content\/uploads\/2026\/01\/Custom-Hot-Flame-Cat-Eye-Gel-Nail-Polish-2-16x12.webp 16w, https:\/\/www.fsyougel.com\/wp-content\/uploads\/2026\/01\/Custom-Hot-Flame-Cat-Eye-Gel-Nail-Polish-2-1200x896.webp 1200w, https:\/\/www.fsyougel.com\/wp-content\/uploads\/2026\/01\/Custom-Hot-Flame-Cat-Eye-Gel-Nail-Polish-2-600x448.webp 600w\" sizes=\"(max-width: 1374px) 100vw, 1374px\" \/><\/figure>\n<\/div>\n<\/div>","protected":false},"excerpt":{"rendered":"<p data-start=\"398\" data-end=\"682\">Willkommen zum Kauf unserer benutzerdefinierten hei\u00dfen Flamme Katzenaugen Gel mit einem TPO-freie magnetische Formel und lebendige Flamme Katzenaugen Effekt. Factory-direct Lieferung mit wettbewerbsf\u00e4higen Gro\u00dfhandelspreisen, kostenlose Proben, stabile Qualit\u00e4t und zuverl\u00e4ssige OEM-Dienstleistungen f\u00fcr globale Nagelmarken und Salons.<\/p>\n<table border=\"0\" width=\"854\" cellspacing=\"0\" cellpadding=\"0\">\n<tbody>\n<tr>\n<td class=\"et3\" width=\"257\" height=\"44\">Marke<\/td>\n<td class=\"et3\" width=\"597\">YouGel<\/td>\n<\/tr>\n<tr>\n<td class=\"et4\" width=\"257\" height=\"44\">Modellnummer<\/td>\n<td class=\"et4\" width=\"597\">25CG01<\/td>\n<\/tr>\n<tr>\n<td class=\"et4\" width=\"257\" height=\"44\">Produkttyp<\/td>\n<td class=\"et4\" width=\"597\">UV\/LED-Gel-Politur zum Einweichen<\/td>\n<\/tr>\n<tr>\n<td class=\"et4\" width=\"257\" height=\"44\">Material<\/td>\n<td class=\"et4\" width=\"597\">Harz<\/td>\n<\/tr>\n<tr>\n<td class=\"et4\" width=\"257\" height=\"44\">Farbe<\/td>\n<td class=\"et4\" width=\"597\">12 Farben<\/td>\n<\/tr>\n<tr>\n<td class=\"et4\" width=\"257\" height=\"44\">Band<\/td>\n<td class=\"et4\" width=\"597\">15 ml<\/td>\n<\/tr>\n<tr>\n<td class=\"et4\" width=\"257\" height=\"44\">Sicherheit<\/td>\n<td class=\"et4\" width=\"597\">HEMA-frei, TPO-frei, ungiftig, MSDS verf\u00fcgbar<\/td>\n<\/tr>\n<tr>\n<td class=\"et4\" width=\"257\" height=\"44\">MOQ<\/td>\n<td class=\"et4\" width=\"597\">Niedriges MOQ<\/td>\n<\/tr>\n<tr>\n<td class=\"et4\" width=\"257\" height=\"44\">Kostenlose Probe<\/td>\n<td class=\"et4\" width=\"597\">Verf\u00fcgbar<\/td>\n<\/tr>\n<tr>\n<td class=\"et4\" width=\"257\" height=\"82\">Kundenspezifische Option<\/td>\n<td class=\"et4\" width=\"597\">OEM\/ODM-Dienste, kundenspezifische Logos, Etiketten und Verpackungen werden unterst\u00fctzt<\/td>\n<\/tr>\n<\/tbody>\n<\/table>\n<h2 class=\"brxe-heading\">Vom Gel Polish Hersteller<\/h2>\n<p><a href=\"https:\/\/www.fsyougel.com\/de\/\"><strong>YouGel<\/strong><\/a> ist ein vertrauensw\u00fcrdiger Hersteller von Gellacken, der hochwertige Gel-Basislacke anbietet, die f\u00fcr UV\/LED-N\u00e4gel geeignet sind. Unsere Produkte sind so konzipiert, dass sie sich problemlos auftragen lassen, lange halten und leicht einziehen.<\/p>","protected":false},"featured_media":1575,"comment_status":"closed","ping_status":"closed","template":"","meta":{"_acf_changed":false},"product_brand":[],"product_cat":[19,28,27],"product_tag":[],"class_list":{"0":"post-1563","1":"product","2":"type-product","3":"status-publish","4":"has-post-thumbnail","6":"product_cat-gel-polish-color-wholesale","7":"product_cat-cat-eye-gel-supplier","8":"product_cat-new-gel-polish-collection","10":"first","11":"instock","12":"shipping-taxable","13":"product-type-simple"},"acf":[],"_links":{"self":[{"href":"https:\/\/www.fsyougel.com\/de\/wp-json\/wp\/v2\/product\/1563","targetHints":{"allow":["GET"]}}],"collection":[{"href":"https:\/\/www.fsyougel.com\/de\/wp-json\/wp\/v2\/product"}],"about":[{"href":"https:\/\/www.fsyougel.com\/de\/wp-json\/wp\/v2\/types\/product"}],"replies":[{"embeddable":true,"href":"https:\/\/www.fsyougel.com\/de\/wp-json\/wp\/v2\/comments?post=1563"}],"wp:featuredmedia":[{"embeddable":true,"href":"https:\/\/www.fsyougel.com\/de\/wp-json\/wp\/v2\/media\/1575"}],"wp:attachment":[{"href":"https:\/\/www.fsyougel.com\/de\/wp-json\/wp\/v2\/media?parent=1563"}],"wp:term":[{"taxonomy":"product_brand","embeddable":true,"href":"https:\/\/www.fsyougel.com\/de\/wp-json\/wp\/v2\/product_brand?post=1563"},{"taxonomy":"product_cat","embeddable":true,"href":"https:\/\/www.fsyougel.com\/de\/wp-json\/wp\/v2\/product_cat?post=1563"},{"taxonomy":"product_tag","embeddable":true,"href":"https:\/\/www.fsyougel.com\/de\/wp-json\/wp\/v2\/product_tag?post=1563"}],"curies":[{"name":"wp","href":"https:\/\/api.w.org\/{rel}","templated":true}]}}