{"id":1602,"date":"2026-01-17T09:37:43","date_gmt":"2026-01-17T09:37:43","guid":{"rendered":"https:\/\/www.fsyougel.com\/?post_type=product&#038;p=1602"},"modified":"2026-01-17T09:58:18","modified_gmt":"2026-01-17T09:58:18","slug":"8-colors-fairy-cat-eye-gel-wholesale","status":"publish","type":"product","link":"https:\/\/www.fsyougel.com\/de\/produkt\/8-colors-fairy-cat-eye-gel-wholesale\/","title":{"rendered":"8 Farben Fairy Cat Eye Gel Gro\u00dfhandel, TPO-Free Nail Gel Polish Lieferant | YOUGEL"},"content":{"rendered":"<div class=\"wp-block-columns is-layout-flex wp-container-core-columns-is-layout-9d6595d7 wp-block-columns-is-layout-flex\">\n<div class=\"wp-block-column is-layout-flow wp-block-column-is-layout-flow\">\n<h2 class=\"wp-block-heading\">8 Farben Fairy Cat Eye Gel Gro\u00dfhandel Eigenschaften:<\/h2>\n\n\n\n<ul class=\"wp-block-list\">\n<li><strong>8-Farben-Feen-Katzenaugen-Serie:<\/strong> Mit sorgf\u00e4ltig ausgew\u00e4hlten weichen, vertr\u00e4umten Farben pr\u00e4sentiert diese Serie einen zarten und durchscheinenden Katzenaugen-Effekt. Der Gesamtstil ist leicht und raffiniert, was ihn bei Gro\u00dfhandelsk\u00e4ufern und Salonkunden beliebt macht.<\/li>\n\n\n\n<li><strong>Zarte und dynamische magnetische Wirkung:<\/strong> Hochwertiger magnetischer Puder wird gleichm\u00e4\u00dfig verteilt und erzeugt m\u00fchelos fokussierte, glatte Katzenaugenlinien. Benutzerfreundliche Bedienung und hohe Produktkonsistenz sind garantiert.<\/li>\n\n\n\n<li><strong>TPO-freie sichere Formel:<\/strong> Geruchsarm und sanft, erf\u00fcllt die Beschaffungsstandards f\u00fcr gesunde Nagelprodukte in vielen internationalen M\u00e4rkten, geeignet f\u00fcr den langfristigen kommerziellen Einsatz.<\/li>\n\n\n\n<li><strong>Starke Haftung, lang anhaltend und kein Abheben:<\/strong> Nach der Aush\u00e4rtung ist es stabil und verschlei\u00dffest und neigt nicht zum Verblassen oder Rei\u00dfen, was die Nachbesserungsrate und die Probleme nach dem Verkauf reduziert.<\/li>\n\n\n\n<li><strong>Factory Direct Supply, mehr wettbewerbsf\u00e4hige Gro\u00dfhandelspreise:<\/strong> Unsere eigene Produktionslinie unterst\u00fctzt eine stabile Versorgung der Gro\u00dfhandelskunden mit 8 Farben Katzenaugengel und hilft den Kunden, die Beschaffungskosten effektiv zu senken.<\/li>\n\n\n\n<li><strong>Kostenlose Musterpr\u00fcfung:<\/strong> Vor der Aufgabe von Gro\u00dfbestellungen k\u00f6nnen Muster angefordert werden, um Farben, magnetische Effekte und Texturen im Voraus zu best\u00e4tigen und eine sorgenfreie Beschaffung zu gew\u00e4hrleisten.<\/li>\n\n\n\n<li><strong>Flexible OEM-\/Anpassungsdienste<\/strong>: Unterst\u00fctzt die individuelle Anpassung von Flaschenform, Logo, Verpackung und Farbkombinationen und hilft Marken, eine differenzierte Fairy Cat Eye-Serie zu schaffen.<\/li>\n\n\n\n<li><strong>Multi-Channel-Anwendbarkeit:<\/strong> Geeignet f\u00fcr Nagelstudios, Markengro\u00dfhandel, E-Commerce und grenz\u00fcberschreitende Verk\u00e4ufe, mit hohem Wiederholungskaufpotenzial.<\/li>\n<\/ul>\n<\/div>\n\n\n\n<div class=\"wp-block-column is-layout-flow wp-block-column-is-layout-flow\">\n<figure class=\"wp-block-image size-full\"><img decoding=\"async\" width=\"1500\" height=\"1500\" src=\"https:\/\/www.fsyougel.com\/wp-content\/uploads\/2026\/01\/8-Colors-Fairy-Cat-Eye-Gel-Wholesale-Factory-Yougel-5.webp\" alt=\"8 Farben Fairy Cat Eye Gel Gro\u00dfhandel Fabrik - Yougel (5)\" class=\"wp-image-1583\" srcset=\"https:\/\/www.fsyougel.com\/wp-content\/uploads\/2026\/01\/8-Colors-Fairy-Cat-Eye-Gel-Wholesale-Factory-Yougel-5.webp 1500w, https:\/\/www.fsyougel.com\/wp-content\/uploads\/2026\/01\/8-Colors-Fairy-Cat-Eye-Gel-Wholesale-Factory-Yougel-5-300x300.webp 300w, https:\/\/www.fsyougel.com\/wp-content\/uploads\/2026\/01\/8-Colors-Fairy-Cat-Eye-Gel-Wholesale-Factory-Yougel-5-150x150.webp 150w, https:\/\/www.fsyougel.com\/wp-content\/uploads\/2026\/01\/8-Colors-Fairy-Cat-Eye-Gel-Wholesale-Factory-Yougel-5-768x768.webp 768w, https:\/\/www.fsyougel.com\/wp-content\/uploads\/2026\/01\/8-Colors-Fairy-Cat-Eye-Gel-Wholesale-Factory-Yougel-5-12x12.webp 12w, https:\/\/www.fsyougel.com\/wp-content\/uploads\/2026\/01\/8-Colors-Fairy-Cat-Eye-Gel-Wholesale-Factory-Yougel-5-1200x1200.webp 1200w, https:\/\/www.fsyougel.com\/wp-content\/uploads\/2026\/01\/8-Colors-Fairy-Cat-Eye-Gel-Wholesale-Factory-Yougel-5-600x600.webp 600w, https:\/\/www.fsyougel.com\/wp-content\/uploads\/2026\/01\/8-Colors-Fairy-Cat-Eye-Gel-Wholesale-Factory-Yougel-5-100x100.webp 100w\" sizes=\"(max-width: 1500px) 100vw, 1500px\" \/><\/figure>\n<\/div>\n<\/div>\n\n\n\n<div class=\"wp-block-columns is-layout-flex wp-container-core-columns-is-layout-9d6595d7 wp-block-columns-is-layout-flex\">\n<div class=\"wp-block-column is-layout-flow wp-block-column-is-layout-flow\">\n<figure class=\"wp-block-image size-full\"><img decoding=\"async\" width=\"1500\" height=\"1500\" src=\"https:\/\/www.fsyougel.com\/wp-content\/uploads\/2026\/01\/8-Colors-Fairy-Cat-Eye-Gel-Wholesale-Factory-Yougel-3.webp\" alt=\"8 Farben Fairy Cat Eye Gel Gro\u00dfhandel Fabrik - Yougel (3)\" class=\"wp-image-1581\" srcset=\"https:\/\/www.fsyougel.com\/wp-content\/uploads\/2026\/01\/8-Colors-Fairy-Cat-Eye-Gel-Wholesale-Factory-Yougel-3.webp 1500w, https:\/\/www.fsyougel.com\/wp-content\/uploads\/2026\/01\/8-Colors-Fairy-Cat-Eye-Gel-Wholesale-Factory-Yougel-3-300x300.webp 300w, https:\/\/www.fsyougel.com\/wp-content\/uploads\/2026\/01\/8-Colors-Fairy-Cat-Eye-Gel-Wholesale-Factory-Yougel-3-150x150.webp 150w, https:\/\/www.fsyougel.com\/wp-content\/uploads\/2026\/01\/8-Colors-Fairy-Cat-Eye-Gel-Wholesale-Factory-Yougel-3-768x768.webp 768w, https:\/\/www.fsyougel.com\/wp-content\/uploads\/2026\/01\/8-Colors-Fairy-Cat-Eye-Gel-Wholesale-Factory-Yougel-3-12x12.webp 12w, https:\/\/www.fsyougel.com\/wp-content\/uploads\/2026\/01\/8-Colors-Fairy-Cat-Eye-Gel-Wholesale-Factory-Yougel-3-1200x1200.webp 1200w, https:\/\/www.fsyougel.com\/wp-content\/uploads\/2026\/01\/8-Colors-Fairy-Cat-Eye-Gel-Wholesale-Factory-Yougel-3-600x600.webp 600w, https:\/\/www.fsyougel.com\/wp-content\/uploads\/2026\/01\/8-Colors-Fairy-Cat-Eye-Gel-Wholesale-Factory-Yougel-3-100x100.webp 100w\" sizes=\"(max-width: 1500px) 100vw, 1500px\" \/><\/figure>\n<\/div>\n\n\n\n<div class=\"wp-block-column is-layout-flow wp-block-column-is-layout-flow\">\n<figure class=\"wp-block-image size-full\"><img decoding=\"async\" width=\"1500\" height=\"1500\" src=\"https:\/\/www.fsyougel.com\/wp-content\/uploads\/2026\/01\/8-Colors-Fairy-Cat-Eye-Gel-Wholesale-Factory-Yougel-2.webp\" alt=\"8 Farben Fairy Cat Eye Gel Gro\u00dfhandel Fabrik - Yougel (2)\" class=\"wp-image-1580\" srcset=\"https:\/\/www.fsyougel.com\/wp-content\/uploads\/2026\/01\/8-Colors-Fairy-Cat-Eye-Gel-Wholesale-Factory-Yougel-2.webp 1500w, https:\/\/www.fsyougel.com\/wp-content\/uploads\/2026\/01\/8-Colors-Fairy-Cat-Eye-Gel-Wholesale-Factory-Yougel-2-300x300.webp 300w, https:\/\/www.fsyougel.com\/wp-content\/uploads\/2026\/01\/8-Colors-Fairy-Cat-Eye-Gel-Wholesale-Factory-Yougel-2-150x150.webp 150w, https:\/\/www.fsyougel.com\/wp-content\/uploads\/2026\/01\/8-Colors-Fairy-Cat-Eye-Gel-Wholesale-Factory-Yougel-2-768x768.webp 768w, https:\/\/www.fsyougel.com\/wp-content\/uploads\/2026\/01\/8-Colors-Fairy-Cat-Eye-Gel-Wholesale-Factory-Yougel-2-12x12.webp 12w, https:\/\/www.fsyougel.com\/wp-content\/uploads\/2026\/01\/8-Colors-Fairy-Cat-Eye-Gel-Wholesale-Factory-Yougel-2-1200x1200.webp 1200w, https:\/\/www.fsyougel.com\/wp-content\/uploads\/2026\/01\/8-Colors-Fairy-Cat-Eye-Gel-Wholesale-Factory-Yougel-2-600x600.webp 600w, https:\/\/www.fsyougel.com\/wp-content\/uploads\/2026\/01\/8-Colors-Fairy-Cat-Eye-Gel-Wholesale-Factory-Yougel-2-100x100.webp 100w\" sizes=\"(max-width: 1500px) 100vw, 1500px\" \/><\/figure>\n<\/div>\n<\/div>\n\n\n\n<p><\/p>","protected":false},"excerpt":{"rendered":"<p data-start=\"398\" data-end=\"682\">Willkommen zum Kauf unserer 8 Farben Fee Katzenaugen Gel Gro\u00dfhandel mit einem vertr\u00e4umten magnetischen Schimmer und TPO-freie sichere Formel. Factory-direct Gro\u00dfhandelspreise, kostenlose Proben, gleichbleibende Qualit\u00e4t und OEM-Unterst\u00fctzung f\u00fcr Salons und Nagelmarken weltweit.<\/p>\n<table border=\"0\" width=\"854\" cellspacing=\"0\" cellpadding=\"0\">\n<tbody>\n<tr>\n<td class=\"et3\" width=\"257\" height=\"44\">Marke<\/td>\n<td class=\"et3\" width=\"597\">YouGel<\/td>\n<\/tr>\n<tr>\n<td class=\"et4\" width=\"257\" height=\"44\">Modellnummer<\/td>\n<td class=\"et4\" width=\"597\">25CG01<\/td>\n<\/tr>\n<tr>\n<td class=\"et4\" width=\"257\" height=\"44\">Produkttyp<\/td>\n<td class=\"et4\" width=\"597\">UV\/LED-Gel-Politur zum Einweichen<\/td>\n<\/tr>\n<tr>\n<td class=\"et4\" width=\"257\" height=\"44\">Material<\/td>\n<td class=\"et4\" width=\"597\">Harz<\/td>\n<\/tr>\n<tr>\n<td class=\"et4\" width=\"257\" height=\"44\">Farbe<\/td>\n<td class=\"et4\" width=\"597\">8 Farben<\/td>\n<\/tr>\n<tr>\n<td class=\"et4\" width=\"257\" height=\"44\">Band<\/td>\n<td class=\"et4\" width=\"597\">15 ml<\/td>\n<\/tr>\n<tr>\n<td class=\"et4\" width=\"257\" height=\"44\">Sicherheit<\/td>\n<td class=\"et4\" width=\"597\">HEMA-frei, TPO-frei, ungiftig, MSDS verf\u00fcgbar<\/td>\n<\/tr>\n<tr>\n<td class=\"et4\" width=\"257\" height=\"44\">MOQ<\/td>\n<td class=\"et4\" width=\"597\">Niedriges MOQ<\/td>\n<\/tr>\n<tr>\n<td class=\"et4\" width=\"257\" height=\"44\">Kostenlose Probe<\/td>\n<td class=\"et4\" width=\"597\">Verf\u00fcgbar<\/td>\n<\/tr>\n<tr>\n<td class=\"et4\" width=\"257\" height=\"82\">Kundenspezifische Option<\/td>\n<td class=\"et4\" width=\"597\">OEM\/ODM-Dienste, kundenspezifische Logos, Etiketten und Verpackungen werden unterst\u00fctzt<\/td>\n<\/tr>\n<\/tbody>\n<\/table>\n<h2 class=\"brxe-heading\">Vom Gel Polish Hersteller<\/h2>\n<p><a href=\"https:\/\/www.fsyougel.com\/de\/\"><strong>YouGel<\/strong><\/a> ist ein vertrauensw\u00fcrdiger Hersteller von Gellacken, der hochwertige Gel-Basislacke anbietet, die f\u00fcr UV\/LED-N\u00e4gel geeignet sind. Unsere Produkte sind so konzipiert, dass sie sich problemlos auftragen lassen, lange halten und leicht einziehen.<\/p>","protected":false},"featured_media":1581,"comment_status":"closed","ping_status":"closed","template":"","meta":{"_acf_changed":false},"product_brand":[],"product_cat":[19,28,27],"product_tag":[],"class_list":{"0":"post-1602","1":"product","2":"type-product","3":"status-publish","4":"has-post-thumbnail","6":"product_cat-gel-polish-color-wholesale","7":"product_cat-cat-eye-gel-supplier","8":"product_cat-new-gel-polish-collection","10":"first","11":"instock","12":"shipping-taxable","13":"product-type-simple"},"acf":[],"_links":{"self":[{"href":"https:\/\/www.fsyougel.com\/de\/wp-json\/wp\/v2\/product\/1602","targetHints":{"allow":["GET"]}}],"collection":[{"href":"https:\/\/www.fsyougel.com\/de\/wp-json\/wp\/v2\/product"}],"about":[{"href":"https:\/\/www.fsyougel.com\/de\/wp-json\/wp\/v2\/types\/product"}],"replies":[{"embeddable":true,"href":"https:\/\/www.fsyougel.com\/de\/wp-json\/wp\/v2\/comments?post=1602"}],"wp:featuredmedia":[{"embeddable":true,"href":"https:\/\/www.fsyougel.com\/de\/wp-json\/wp\/v2\/media\/1581"}],"wp:attachment":[{"href":"https:\/\/www.fsyougel.com\/de\/wp-json\/wp\/v2\/media?parent=1602"}],"wp:term":[{"taxonomy":"product_brand","embeddable":true,"href":"https:\/\/www.fsyougel.com\/de\/wp-json\/wp\/v2\/product_brand?post=1602"},{"taxonomy":"product_cat","embeddable":true,"href":"https:\/\/www.fsyougel.com\/de\/wp-json\/wp\/v2\/product_cat?post=1602"},{"taxonomy":"product_tag","embeddable":true,"href":"https:\/\/www.fsyougel.com\/de\/wp-json\/wp\/v2\/product_tag?post=1602"}],"curies":[{"name":"wp","href":"https:\/\/api.w.org\/{rel}","templated":true}]}}