{"id":1654,"date":"2026-03-13T11:19:50","date_gmt":"2026-03-13T11:19:50","guid":{"rendered":"https:\/\/www.fsyougel.com\/?post_type=product&#038;p=1654"},"modified":"2026-03-13T11:30:57","modified_gmt":"2026-03-13T11:30:57","slug":"custom-15ml-gel-polish-colors","status":"publish","type":"product","link":"https:\/\/www.fsyougel.com\/de\/produkt\/custom-15ml-gel-polish-colors\/","title":{"rendered":"Benutzerdefinierte 15ml Gel-Lack Farben Lieferant, neue Ank\u00fcnfte 36 Farben Gel-Nagellack Fabrik"},"content":{"rendered":"<div class=\"wp-block-columns is-layout-flex wp-container-core-columns-is-layout-9d6595d7 wp-block-columns-is-layout-flex\">\n<div class=\"wp-block-column is-layout-flow wp-block-column-is-layout-flow\">\n<h2 class=\"wp-block-heading\">Gro\u00dfhandel Gel-Nagellackfarben Eigenschaften:<\/h2>\n\n\n\n<ul class=\"wp-block-list\">\n<li><strong>Neue 36-Farben-Kollektion:<\/strong> Jede Flasche enth\u00e4lt 15 ml reichhaltigen, gleichm\u00e4\u00dfig pigmentierten Gelpolish mit beliebten Farbt\u00f6nen wie Nude, Pink, Geleefarben und leuchtenden Farben, um die vielf\u00e4ltigen Bed\u00fcrfnisse von Salons und Markenkunden zu erf\u00fcllen, die einen Lieferanten f\u00fcr individuelle 15 ml Gelpolish-Farben suchen.<\/li>\n\n\n\n<li><strong>Glatt und leicht aufzutragen:<\/strong> Mit seiner feinen, geschmeidigen Textur gleitet der Lack auf, ohne zu klumpen oder zu klumpen, so dass er sowohl f\u00fcr Anf\u00e4nger als auch f\u00fcr professionelle Nageltechniker ideal ist, um schnell und effizient zu arbeiten.<\/li>\n\n\n\n<li><strong>Hohe Haftung und Dauerhaftigkeit:<\/strong> Nach der Aush\u00e4rtung ist das Finish stabil und resistent gegen Abheben, Rissbildung oder Verblassen, so dass ein lang anhaltender Glanz gew\u00e4hrleistet ist und der Bedarf an Ausbesserungen oder Problemen nach dem Kauf minimiert wird.<\/li>\n\n\n\n<li><strong>TPO-freie sichere Formel<\/strong>: Geruchsarme, sanfte Formulierung, die den internationalen Standards f\u00fcr gesunde Nagelpflege entspricht und auch bei langfristiger Anwendung keine Reizungen verursacht.<\/li>\n\n\n\n<li><strong>Factory Direct Supply mit erheblichen Preisvorteilen:<\/strong> Mit unseren eigenen Produktionslinien unterst\u00fctzen wir die Massenlieferung von kundenspezifischen 15-ml-Gelpoliturfarben und helfen den K\u00e4ufern, die Kosten zu kontrollieren und die Gewinnspanne zu erh\u00f6hen.<\/li>\n\n\n\n<li><strong>Kostenlose Muster verf\u00fcgbar:<\/strong> Fordern Sie Muster an, bevor Sie eine Bestellung aufgeben, um Farbe, Textur und Haftung zu pr\u00fcfen und einen sorgenfreien Kauf zu gew\u00e4hrleisten.<\/li>\n\n\n\n<li><strong>Starke OEM\/ODM-Anpassungsf\u00e4higkeiten:<\/strong> Wir unterst\u00fctzen die individuelle Anpassung von Flaschenformen, Logos, Verpackungen und Farbkombinationen und helfen Marken bei der schnellen Einf\u00fchrung exklusiver Kollektionen.<\/li>\n\n\n\n<li><strong>Geeignet f\u00fcr mehrere Kan\u00e4le:<\/strong> Ideal f\u00fcr Nagelstudios, Markengro\u00dfh\u00e4ndler, E-Commerce und den grenz\u00fcberschreitenden Verkauf. Mit hohen Wiederkaufsraten erleichtert es die Expansion in globale M\u00e4rkte.<\/li>\n<\/ul>\n<\/div>\n\n\n\n<div class=\"wp-block-column is-layout-flow wp-block-column-is-layout-flow\">\n<figure class=\"wp-block-image size-full\"><img decoding=\"async\" width=\"1500\" height=\"1500\" src=\"https:\/\/www.fsyougel.com\/wp-content\/uploads\/2026\/03\/Custom-15ml-Gel-Polish-Colors-Supplier-36-colors-6.webp\" alt=\"Benutzerdefinierte 15ml Gel Polish Farben Lieferanten - 36-Farben (6)\" class=\"wp-image-1660\" srcset=\"https:\/\/www.fsyougel.com\/wp-content\/uploads\/2026\/03\/Custom-15ml-Gel-Polish-Colors-Supplier-36-colors-6.webp 1500w, https:\/\/www.fsyougel.com\/wp-content\/uploads\/2026\/03\/Custom-15ml-Gel-Polish-Colors-Supplier-36-colors-6-300x300.webp 300w, https:\/\/www.fsyougel.com\/wp-content\/uploads\/2026\/03\/Custom-15ml-Gel-Polish-Colors-Supplier-36-colors-6-150x150.webp 150w, https:\/\/www.fsyougel.com\/wp-content\/uploads\/2026\/03\/Custom-15ml-Gel-Polish-Colors-Supplier-36-colors-6-768x768.webp 768w, https:\/\/www.fsyougel.com\/wp-content\/uploads\/2026\/03\/Custom-15ml-Gel-Polish-Colors-Supplier-36-colors-6-12x12.webp 12w, https:\/\/www.fsyougel.com\/wp-content\/uploads\/2026\/03\/Custom-15ml-Gel-Polish-Colors-Supplier-36-colors-6-1200x1200.webp 1200w, https:\/\/www.fsyougel.com\/wp-content\/uploads\/2026\/03\/Custom-15ml-Gel-Polish-Colors-Supplier-36-colors-6-600x600.webp 600w, https:\/\/www.fsyougel.com\/wp-content\/uploads\/2026\/03\/Custom-15ml-Gel-Polish-Colors-Supplier-36-colors-6-100x100.webp 100w\" sizes=\"(max-width: 1500px) 100vw, 1500px\" \/><\/figure>\n<\/div>\n<\/div>\n\n\n\n<div class=\"wp-block-columns is-layout-flex wp-container-core-columns-is-layout-9d6595d7 wp-block-columns-is-layout-flex\">\n<div class=\"wp-block-column is-layout-flow wp-block-column-is-layout-flow\">\n<figure class=\"wp-block-image size-full\"><img decoding=\"async\" width=\"2048\" height=\"2048\" src=\"https:\/\/www.fsyougel.com\/wp-content\/uploads\/2026\/03\/Custom-15ml-Gel-Polish-Colors-Supplier-36-colors-4.webp\" alt=\"Benutzerdefinierte 15ml Gel Polish Farben Lieferanten - 36-Farben (4)\" class=\"wp-image-1658\" srcset=\"https:\/\/www.fsyougel.com\/wp-content\/uploads\/2026\/03\/Custom-15ml-Gel-Polish-Colors-Supplier-36-colors-4.webp 2048w, https:\/\/www.fsyougel.com\/wp-content\/uploads\/2026\/03\/Custom-15ml-Gel-Polish-Colors-Supplier-36-colors-4-300x300.webp 300w, https:\/\/www.fsyougel.com\/wp-content\/uploads\/2026\/03\/Custom-15ml-Gel-Polish-Colors-Supplier-36-colors-4-150x150.webp 150w, https:\/\/www.fsyougel.com\/wp-content\/uploads\/2026\/03\/Custom-15ml-Gel-Polish-Colors-Supplier-36-colors-4-768x768.webp 768w, https:\/\/www.fsyougel.com\/wp-content\/uploads\/2026\/03\/Custom-15ml-Gel-Polish-Colors-Supplier-36-colors-4-12x12.webp 12w, https:\/\/www.fsyougel.com\/wp-content\/uploads\/2026\/03\/Custom-15ml-Gel-Polish-Colors-Supplier-36-colors-4-1200x1200.webp 1200w, https:\/\/www.fsyougel.com\/wp-content\/uploads\/2026\/03\/Custom-15ml-Gel-Polish-Colors-Supplier-36-colors-4-600x600.webp 600w, https:\/\/www.fsyougel.com\/wp-content\/uploads\/2026\/03\/Custom-15ml-Gel-Polish-Colors-Supplier-36-colors-4-100x100.webp 100w\" sizes=\"(max-width: 2048px) 100vw, 2048px\" \/><\/figure>\n<\/div>\n\n\n\n<div class=\"wp-block-column is-layout-flow wp-block-column-is-layout-flow\">\n<figure class=\"wp-block-image size-full\"><img decoding=\"async\" width=\"2048\" height=\"2048\" src=\"https:\/\/www.fsyougel.com\/wp-content\/uploads\/2026\/03\/Custom-15ml-Gel-Polish-Colors-Supplier-36-colors-2.webp\" alt=\"Benutzerdefinierte 15ml Gel Polish Farben Lieferanten - 36-Farben (2)\" class=\"wp-image-1656\" srcset=\"https:\/\/www.fsyougel.com\/wp-content\/uploads\/2026\/03\/Custom-15ml-Gel-Polish-Colors-Supplier-36-colors-2.webp 2048w, https:\/\/www.fsyougel.com\/wp-content\/uploads\/2026\/03\/Custom-15ml-Gel-Polish-Colors-Supplier-36-colors-2-300x300.webp 300w, https:\/\/www.fsyougel.com\/wp-content\/uploads\/2026\/03\/Custom-15ml-Gel-Polish-Colors-Supplier-36-colors-2-150x150.webp 150w, https:\/\/www.fsyougel.com\/wp-content\/uploads\/2026\/03\/Custom-15ml-Gel-Polish-Colors-Supplier-36-colors-2-768x768.webp 768w, https:\/\/www.fsyougel.com\/wp-content\/uploads\/2026\/03\/Custom-15ml-Gel-Polish-Colors-Supplier-36-colors-2-12x12.webp 12w, https:\/\/www.fsyougel.com\/wp-content\/uploads\/2026\/03\/Custom-15ml-Gel-Polish-Colors-Supplier-36-colors-2-1200x1200.webp 1200w, https:\/\/www.fsyougel.com\/wp-content\/uploads\/2026\/03\/Custom-15ml-Gel-Polish-Colors-Supplier-36-colors-2-600x600.webp 600w, https:\/\/www.fsyougel.com\/wp-content\/uploads\/2026\/03\/Custom-15ml-Gel-Polish-Colors-Supplier-36-colors-2-100x100.webp 100w\" sizes=\"(max-width: 2048px) 100vw, 2048px\" \/><\/figure>\n<\/div>\n<\/div>\n\n\n\n<p><\/p>","protected":false},"excerpt":{"rendered":"<p>Willkommen zum Kauf unserer benutzerdefinierten 15ml Gel-Politur-Farben Lieferanten mit 36 neuen Schattierungen mit glatten, lang anhaltende Formel. Factory-direct Lieferung mit wettbewerbsf\u00e4higen Gro\u00dfhandelspreisen, kostenlose Proben und professionelle OEM-Unterst\u00fctzung f\u00fcr Nagelstudios und globale Marken.<\/p>\n<table border=\"0\" width=\"854\" cellspacing=\"0\" cellpadding=\"0\">\n<tbody>\n<tr>\n<td width=\"257\" height=\"44\">Marke<\/td>\n<td width=\"597\">YouGel<\/td>\n<\/tr>\n<tr>\n<td width=\"257\" height=\"44\">Modellnummer<\/td>\n<td width=\"597\">S202<\/td>\n<\/tr>\n<tr>\n<td width=\"257\" height=\"44\">Produkttyp<\/td>\n<td width=\"597\">Eintauchende UV\/LED<\/td>\n<\/tr>\n<tr>\n<td width=\"257\" height=\"44\">Material<\/td>\n<td width=\"597\">Harz<\/td>\n<\/tr>\n<tr>\n<td width=\"257\" height=\"44\">Farbe<\/td>\n<td width=\"597\">\u00a036 Farben Optional<\/td>\n<\/tr>\n<tr>\n<td width=\"257\" height=\"44\">Band<\/td>\n<td width=\"597\">15ml<\/td>\n<\/tr>\n<tr>\n<td width=\"257\" height=\"44\">\n<p>Sicherheit<\/p>\n<\/td>\n<td width=\"597\">\n<p>HEMA-frei, TPO-frei, <span style=\"font-family: inherit; font-size: inherit;\">Ungiftig, MSDS verf\u00fcgbar<\/span><\/p>\n<\/td>\n<\/tr>\n<tr>\n<td width=\"257\" height=\"44\">MOQ<\/td>\n<td width=\"597\">Niedriges MOQ<\/td>\n<\/tr>\n<tr>\n<td width=\"257\" height=\"44\">Kostenlose Probe<\/td>\n<td width=\"597\">Verf\u00fcgbar<\/td>\n<\/tr>\n<tr>\n<td width=\"257\" height=\"82\">Kundenspezifische Option<\/td>\n<td width=\"597\">OEM\/ODM-Dienste, kundenspezifische Logos, Etiketten und Verpackungen werden unterst\u00fctzt<\/td>\n<\/tr>\n<\/tbody>\n<\/table>\n<h2 class=\"brxe-heading\">Vom Gel Polish Hersteller<\/h2>\n<p><a href=\"https:\/\/www.fsyougel.com\/de\/\"><span style=\"color: #ff99cc;\"><strong>YouGel<\/strong><\/span><\/a> ist ein vertrauensw\u00fcrdiger Hersteller von Gellacken, der hochwertige Gel-Basislacke anbietet, die f\u00fcr UV\/LED-N\u00e4gel geeignet sind. Unsere Produkte sind so konzipiert, dass sie sich problemlos auftragen lassen, lange halten und leicht einziehen.<\/p>","protected":false},"featured_media":1655,"comment_status":"closed","ping_status":"closed","template":"","meta":{"_acf_changed":false},"product_brand":[],"product_cat":[19,27],"product_tag":[],"class_list":{"0":"post-1654","1":"product","2":"type-product","3":"status-publish","4":"has-post-thumbnail","6":"product_cat-gel-polish-color-wholesale","7":"product_cat-new-gel-polish-collection","9":"first","10":"instock","11":"shipping-taxable","12":"product-type-simple"},"acf":[],"_links":{"self":[{"href":"https:\/\/www.fsyougel.com\/de\/wp-json\/wp\/v2\/product\/1654","targetHints":{"allow":["GET"]}}],"collection":[{"href":"https:\/\/www.fsyougel.com\/de\/wp-json\/wp\/v2\/product"}],"about":[{"href":"https:\/\/www.fsyougel.com\/de\/wp-json\/wp\/v2\/types\/product"}],"replies":[{"embeddable":true,"href":"https:\/\/www.fsyougel.com\/de\/wp-json\/wp\/v2\/comments?post=1654"}],"wp:featuredmedia":[{"embeddable":true,"href":"https:\/\/www.fsyougel.com\/de\/wp-json\/wp\/v2\/media\/1655"}],"wp:attachment":[{"href":"https:\/\/www.fsyougel.com\/de\/wp-json\/wp\/v2\/media?parent=1654"}],"wp:term":[{"taxonomy":"product_brand","embeddable":true,"href":"https:\/\/www.fsyougel.com\/de\/wp-json\/wp\/v2\/product_brand?post=1654"},{"taxonomy":"product_cat","embeddable":true,"href":"https:\/\/www.fsyougel.com\/de\/wp-json\/wp\/v2\/product_cat?post=1654"},{"taxonomy":"product_tag","embeddable":true,"href":"https:\/\/www.fsyougel.com\/de\/wp-json\/wp\/v2\/product_tag?post=1654"}],"curies":[{"name":"wp","href":"https:\/\/api.w.org\/{rel}","templated":true}]}}