{"id":1668,"date":"2026-03-14T02:08:10","date_gmt":"2026-03-14T02:08:10","guid":{"rendered":"https:\/\/www.fsyougel.com\/?post_type=product&#038;p=1668"},"modified":"2026-03-28T04:00:15","modified_gmt":"2026-03-28T04:00:15","slug":"oem-gel-nail-polish-colors-company","status":"publish","type":"product","link":"https:\/\/www.fsyougel.com\/de\/produkt\/oem-gel-nail-polish-colors-company\/","title":{"rendered":"OEM Gel Nagellack Farben Unternehmen, 36 Farben Neuank\u00f6mmlinge 15ml Gel Polish Factory"},"content":{"rendered":"<div class=\"wp-block-columns is-layout-flex wp-container-core-columns-is-layout-9d6595d7 wp-block-columns-is-layout-flex\">\n<div class=\"wp-block-column is-layout-flow wp-block-column-is-layout-flow\">\n<h2 class=\"wp-block-heading\">OEM Gel-Nagellack Farben Merkmale:<\/h2>\n\n\n\n<ul class=\"wp-block-list\">\n<li><strong>Neue 36-Farben-Trendkollektion:<\/strong> Eine kuratierte Auswahl an trendigen Farbt\u00f6nen, darunter Nude-, Rosa- und Geleefarben sowie klassische dunkle T\u00f6ne, ideal f\u00fcr Marken, die eine vielf\u00e4ltige Produktlinie aufbauen wollen. Dies ist eine beliebte Gro\u00dfhandelsserie von unserem OEM-Gel-Nagellack-Unternehmen.<\/li>\n\n\n\n<li><strong>15 ml Fassungsverm\u00f6gen in Profiqualit\u00e4t:<\/strong> Each bottle contains 15ml, ideal for high-frequency use in nail salons and brand retail sales, balancing practicality with excellent value.<\/li>\n\n\n\n<li><strong>Glatte und gleichm\u00e4\u00dfige Anwendung:<\/strong> Die Gelformel ist gleichm\u00e4\u00dfig und geschmeidig und l\u00e4sst sich ohne Verklumpen oder Anh\u00e4ufungen auftragen. Sie bietet eine hohe Farbintensit\u00e4t und erleichtert den Nageltechnikern das Auftragen.<\/li>\n\n\n\n<li><strong>Hohe Haftf\u00e4higkeit und Langlebigkeit: <\/strong>Die ausgeh\u00e4rtete Folie ist stabil, widerstandsf\u00e4hig gegen Abheben und Rissbildung und erh\u00e4lt eine lang anhaltende gl\u00e4nzende Oberfl\u00e4che, wodurch Probleme nach dem Verkauf minimiert werden.<\/li>\n\n\n\n<li><strong>Direkte Fabrik Gro\u00dfhandel Vorteile: <\/strong>As a professional OEM gel nail polish colors company, we possess mature production lines and stable production capacity, enabling us to offer competitive wholesale prices.<\/li>\n\n\n\n<li><strong>Unterst\u00fctzung f\u00fcr kostenlose Proben:<\/strong> Fordern Sie Muster an, bevor Sie eine Bestellung aufgeben, um Farbe, Textur und Haftung zu testen, und helfen Sie den K\u00e4ufern, Beschaffungsrisiken zu minimieren.<\/li>\n\n\n\n<li><strong>Starke OEM\/ODM-Anpassungsf\u00e4higkeiten: <\/strong>Wir unterst\u00fctzen die individuelle Anpassung von Flaschenformen, Logos, Verpackungen und Farbkombinationen, um Kunden bei der Erstellung exklusiver Markenkollektionen zu helfen.<\/li>\n\n\n\n<li><strong>Suitable for Multi-Channel Sales<\/strong>: Widely applicable to nail salons, brand wholesalers, e-commerce platforms, and cross-border markets, with strong market demand and repeat purchase potential.<\/li>\n<\/ul>\n<\/div>\n\n\n\n<div class=\"wp-block-column is-layout-flow wp-block-column-is-layout-flow\">\n<figure class=\"wp-block-image size-full\"><img decoding=\"async\" width=\"1500\" height=\"1500\" src=\"https:\/\/www.fsyougel.com\/wp-content\/uploads\/2026\/03\/OEM-Gel-Nail-Polish-Colors-Company-Yougel-4.webp\" alt=\"OEM Gel-Nagellack Farben Unternehmen - Yougel (4)\" class=\"wp-image-1672\" srcset=\"https:\/\/www.fsyougel.com\/wp-content\/uploads\/2026\/03\/OEM-Gel-Nail-Polish-Colors-Company-Yougel-4.webp 1500w, https:\/\/www.fsyougel.com\/wp-content\/uploads\/2026\/03\/OEM-Gel-Nail-Polish-Colors-Company-Yougel-4-300x300.webp 300w, https:\/\/www.fsyougel.com\/wp-content\/uploads\/2026\/03\/OEM-Gel-Nail-Polish-Colors-Company-Yougel-4-150x150.webp 150w, https:\/\/www.fsyougel.com\/wp-content\/uploads\/2026\/03\/OEM-Gel-Nail-Polish-Colors-Company-Yougel-4-768x768.webp 768w, https:\/\/www.fsyougel.com\/wp-content\/uploads\/2026\/03\/OEM-Gel-Nail-Polish-Colors-Company-Yougel-4-12x12.webp 12w, https:\/\/www.fsyougel.com\/wp-content\/uploads\/2026\/03\/OEM-Gel-Nail-Polish-Colors-Company-Yougel-4-1200x1200.webp 1200w, https:\/\/www.fsyougel.com\/wp-content\/uploads\/2026\/03\/OEM-Gel-Nail-Polish-Colors-Company-Yougel-4-600x600.webp 600w, https:\/\/www.fsyougel.com\/wp-content\/uploads\/2026\/03\/OEM-Gel-Nail-Polish-Colors-Company-Yougel-4-100x100.webp 100w\" sizes=\"(max-width: 1500px) 100vw, 1500px\" \/><\/figure>\n<\/div>\n<\/div>\n\n\n\n<div class=\"wp-block-columns is-layout-flex wp-container-core-columns-is-layout-9d6595d7 wp-block-columns-is-layout-flex\">\n<div class=\"wp-block-column is-layout-flow wp-block-column-is-layout-flow\">\n<figure class=\"wp-block-image size-full\"><img decoding=\"async\" width=\"1500\" height=\"1500\" src=\"https:\/\/www.fsyougel.com\/wp-content\/uploads\/2026\/03\/OEM-Gel-Nail-Polish-Colors-Company-Yougel-5.webp\" alt=\"OEM Gel-Nagellack Farben Unternehmen - Yougel (5)\" class=\"wp-image-1673\" srcset=\"https:\/\/www.fsyougel.com\/wp-content\/uploads\/2026\/03\/OEM-Gel-Nail-Polish-Colors-Company-Yougel-5.webp 1500w, https:\/\/www.fsyougel.com\/wp-content\/uploads\/2026\/03\/OEM-Gel-Nail-Polish-Colors-Company-Yougel-5-300x300.webp 300w, https:\/\/www.fsyougel.com\/wp-content\/uploads\/2026\/03\/OEM-Gel-Nail-Polish-Colors-Company-Yougel-5-150x150.webp 150w, https:\/\/www.fsyougel.com\/wp-content\/uploads\/2026\/03\/OEM-Gel-Nail-Polish-Colors-Company-Yougel-5-768x768.webp 768w, https:\/\/www.fsyougel.com\/wp-content\/uploads\/2026\/03\/OEM-Gel-Nail-Polish-Colors-Company-Yougel-5-12x12.webp 12w, https:\/\/www.fsyougel.com\/wp-content\/uploads\/2026\/03\/OEM-Gel-Nail-Polish-Colors-Company-Yougel-5-1200x1200.webp 1200w, https:\/\/www.fsyougel.com\/wp-content\/uploads\/2026\/03\/OEM-Gel-Nail-Polish-Colors-Company-Yougel-5-600x600.webp 600w, https:\/\/www.fsyougel.com\/wp-content\/uploads\/2026\/03\/OEM-Gel-Nail-Polish-Colors-Company-Yougel-5-100x100.webp 100w\" sizes=\"(max-width: 1500px) 100vw, 1500px\" \/><\/figure>\n<\/div>\n\n\n\n<div class=\"wp-block-column is-layout-flow wp-block-column-is-layout-flow\">\n<figure class=\"wp-block-image size-full\"><img decoding=\"async\" width=\"1500\" height=\"1500\" src=\"https:\/\/www.fsyougel.com\/wp-content\/uploads\/2026\/03\/OEM-Gel-Nail-Polish-Colors-Company-Yougel-2.webp\" alt=\"OEM Gel-Nagellack Farben Unternehmen - Yougel (2)\" class=\"wp-image-1670\" srcset=\"https:\/\/www.fsyougel.com\/wp-content\/uploads\/2026\/03\/OEM-Gel-Nail-Polish-Colors-Company-Yougel-2.webp 1500w, https:\/\/www.fsyougel.com\/wp-content\/uploads\/2026\/03\/OEM-Gel-Nail-Polish-Colors-Company-Yougel-2-300x300.webp 300w, https:\/\/www.fsyougel.com\/wp-content\/uploads\/2026\/03\/OEM-Gel-Nail-Polish-Colors-Company-Yougel-2-150x150.webp 150w, https:\/\/www.fsyougel.com\/wp-content\/uploads\/2026\/03\/OEM-Gel-Nail-Polish-Colors-Company-Yougel-2-768x768.webp 768w, https:\/\/www.fsyougel.com\/wp-content\/uploads\/2026\/03\/OEM-Gel-Nail-Polish-Colors-Company-Yougel-2-12x12.webp 12w, https:\/\/www.fsyougel.com\/wp-content\/uploads\/2026\/03\/OEM-Gel-Nail-Polish-Colors-Company-Yougel-2-1200x1200.webp 1200w, https:\/\/www.fsyougel.com\/wp-content\/uploads\/2026\/03\/OEM-Gel-Nail-Polish-Colors-Company-Yougel-2-600x600.webp 600w, https:\/\/www.fsyougel.com\/wp-content\/uploads\/2026\/03\/OEM-Gel-Nail-Polish-Colors-Company-Yougel-2-100x100.webp 100w\" sizes=\"(max-width: 1500px) 100vw, 1500px\" \/><\/figure>\n<\/div>\n<\/div>\n\n\n\n<p><\/p>","protected":false},"excerpt":{"rendered":"<p data-start=\"358\" data-end=\"556\">Willkommen zum Kauf unserer OEM-Gel-Nagellack-Farben Unternehmen mit 36 neuen 15ml Gel-Lack-Farben mit glatten, lang anhaltende Formel. Factory-direct Versorgung bietet wettbewerbsf\u00e4hige Gro\u00dfhandelspreise, kostenlose Proben, stabile Qualit\u00e4t und OEM-Unterst\u00fctzung f\u00fcr globale Nagelmarken und Salons.<\/p>\n<table border=\"0\" width=\"854\" cellspacing=\"0\" cellpadding=\"0\">\n<tbody>\n<tr>\n<td width=\"257\" height=\"44\">Marke<\/td>\n<td width=\"597\">YouGel<\/td>\n<\/tr>\n<tr>\n<td width=\"257\" height=\"44\">Modellnummer<\/td>\n<td width=\"597\">S202<\/td>\n<\/tr>\n<tr>\n<td width=\"257\" height=\"44\">Produkttyp<\/td>\n<td width=\"597\">Eintauchende UV\/LED<\/td>\n<\/tr>\n<tr>\n<td width=\"257\" height=\"44\">Material<\/td>\n<td width=\"597\">Harz<\/td>\n<\/tr>\n<tr>\n<td width=\"257\" height=\"44\">Farbe<\/td>\n<td width=\"597\">\u00a036 Farben Optional<\/td>\n<\/tr>\n<tr>\n<td width=\"257\" height=\"44\">Band<\/td>\n<td width=\"597\">15ml<\/td>\n<\/tr>\n<tr>\n<td width=\"257\" height=\"44\">\n<p>Sicherheit<\/p>\n<\/td>\n<td width=\"597\">\n<p>HEMA-frei, TPO-frei, <span style=\"font-family: inherit; font-size: inherit;\">Ungiftig, MSDS verf\u00fcgbar<\/span><\/p>\n<\/td>\n<\/tr>\n<tr>\n<td width=\"257\" height=\"44\">MOQ<\/td>\n<td width=\"597\">Niedriges MOQ<\/td>\n<\/tr>\n<tr>\n<td width=\"257\" height=\"44\">Kostenlose Probe<\/td>\n<td width=\"597\">Verf\u00fcgbar<\/td>\n<\/tr>\n<tr>\n<td width=\"257\" height=\"82\">Kundenspezifische Option<\/td>\n<td width=\"597\">OEM\/ODM-Dienste, kundenspezifische Logos, Etiketten und Verpackungen werden unterst\u00fctzt<\/td>\n<\/tr>\n<\/tbody>\n<\/table>\n<h2 class=\"brxe-heading\">Vom Gel Polish Hersteller<\/h2>\n<p><a href=\"https:\/\/www.fsyougel.com\/de\/\"><span style=\"color: #ff99cc;\"><strong>YouGel<\/strong><\/span><\/a> ist ein vertrauensw\u00fcrdiger Hersteller von Gellacken, der hochwertige Gel-Basislacke anbietet, die f\u00fcr UV\/LED-N\u00e4gel geeignet sind. Unsere Produkte sind so konzipiert, dass sie sich problemlos auftragen lassen, lange halten und leicht einziehen.<\/p>","protected":false},"featured_media":1674,"comment_status":"closed","ping_status":"closed","template":"","meta":{"_acf_changed":false},"product_brand":[],"product_cat":[19,27],"product_tag":[],"class_list":{"0":"post-1668","1":"product","2":"type-product","3":"status-publish","4":"has-post-thumbnail","6":"product_cat-gel-polish-color-wholesale","7":"product_cat-new-gel-polish-collection","9":"first","10":"instock","11":"shipping-taxable","12":"product-type-simple"},"acf":[],"_links":{"self":[{"href":"https:\/\/www.fsyougel.com\/de\/wp-json\/wp\/v2\/product\/1668","targetHints":{"allow":["GET"]}}],"collection":[{"href":"https:\/\/www.fsyougel.com\/de\/wp-json\/wp\/v2\/product"}],"about":[{"href":"https:\/\/www.fsyougel.com\/de\/wp-json\/wp\/v2\/types\/product"}],"replies":[{"embeddable":true,"href":"https:\/\/www.fsyougel.com\/de\/wp-json\/wp\/v2\/comments?post=1668"}],"wp:featuredmedia":[{"embeddable":true,"href":"https:\/\/www.fsyougel.com\/de\/wp-json\/wp\/v2\/media\/1674"}],"wp:attachment":[{"href":"https:\/\/www.fsyougel.com\/de\/wp-json\/wp\/v2\/media?parent=1668"}],"wp:term":[{"taxonomy":"product_brand","embeddable":true,"href":"https:\/\/www.fsyougel.com\/de\/wp-json\/wp\/v2\/product_brand?post=1668"},{"taxonomy":"product_cat","embeddable":true,"href":"https:\/\/www.fsyougel.com\/de\/wp-json\/wp\/v2\/product_cat?post=1668"},{"taxonomy":"product_tag","embeddable":true,"href":"https:\/\/www.fsyougel.com\/de\/wp-json\/wp\/v2\/product_tag?post=1668"}],"curies":[{"name":"wp","href":"https:\/\/api.w.org\/{rel}","templated":true}]}}