{"id":1675,"date":"2026-02-10T01:54:15","date_gmt":"2026-02-10T01:54:15","guid":{"rendered":"https:\/\/www.fsyougel.com\/?post_type=product&#038;p=1675"},"modified":"2026-03-16T08:34:43","modified_gmt":"2026-03-16T08:34:43","slug":"tpo-free-bulk-gel-polish-3000-colors","status":"publish","type":"product","link":"https:\/\/www.fsyougel.com\/de\/produkt\/tpo-free-bulk-gel-polish-3000-colors\/","title":{"rendered":"TPO-Free Bulk Gel Polish, 3000+ Farben Private Label Supply OEM\/ODM Nail Gel (1kg\/5kg\/Bulk)"},"content":{"rendered":"<div class=\"wp-block-columns is-layout-flex wp-container-core-columns-is-layout-9d6595d7 wp-block-columns-is-layout-flex\">\n<div class=\"wp-block-column is-layout-flow wp-block-column-is-layout-flow\">\n<h2 class=\"wp-block-heading\">TPO-Free Bulk Gel Polish Merkmale:<\/h2>\n\n\n\n<ul class=\"wp-block-list\">\n<li><strong>\u00dcber 3.000 Farboptionen:<\/strong> Wir bieten mehr als 3.000 trendige Farbnuancen an, die je nach Markttrend flexibel kombiniert werden k\u00f6nnen. So k\u00f6nnen unsere Kunden einzigartige TPO-Free-Gelpoliermittel-Produktlinien kreieren.<\/li>\n\n\n\n<li><strong>Gro\u00dfvolumige Rohstoffversorgung:<\/strong> Wir unterst\u00fctzen die Lieferung von 1 kg, 5 kg und Bulkware, die f\u00fcr die Markenproduktion, Abf\u00fcllung und OEM-Verarbeitung geeignet ist und die Beschaffung flexibler und effizienter macht.<\/li>\n\n\n\n<li><strong>TPO-freie sichere Formulierung<\/strong>: Verwendet ein sichereres Formulierungssystem mit geringerem Geruch und sanfteren Eigenschaften und erf\u00fcllt die weltweite Nachfrage nach gesunden Nagelpflegeprodukten.<\/li>\n\n\n\n<li><strong>Sanfte und gleichm\u00e4\u00dfige Anwendung<\/strong>: Das Gel hat eine stabile, gleichm\u00e4\u00dfige Textur mit hoher Farbausbeute. Es l\u00e4sst sich geschmeidig auftragen, ohne zu klumpen, und ist daher ideal f\u00fcr professionelle Salons und die Entwicklung von Markenprodukten.<\/li>\n\n\n\n<li><strong>Preisvorteil durch Factory-Direct<\/strong>: Als professioneller Hersteller bieten wir Direktpreise f\u00fcr TPO-Free-Gelpolitur in gro\u00dfen Mengen an, was erhebliche Kosteneinsparungen bei Gro\u00dfeink\u00e4ufen erm\u00f6glicht.<\/li>\n\n\n\n<li><strong>Unterst\u00fctzung f\u00fcr kostenlose Proben:<\/strong> Wir bieten Mustertests an, damit die Kunden Farbe, Textur und Qualit\u00e4t \u00fcberpr\u00fcfen k\u00f6nnen, bevor sie eine Gro\u00dfbestellung aufgeben, wodurch sich das Beschaffungsrisiko verringert.<\/li>\n\n\n\n<li><strong>Starke OEM\/ODM-Anpassungsf\u00e4higkeiten:<\/strong> Wir unterst\u00fctzen unsere Kunden bei Rezepturanpassungen, Farbentwicklung, Verpackungsdesign und Markenanpassung, damit sie ihre eigenen Produktlinien schnell einf\u00fchren k\u00f6nnen.<\/li>\n\n\n\n<li><strong>Geeignet f\u00fcr mehrere Marktkan\u00e4le<\/strong>: Weit verbreitet f\u00fcr die Herstellung von Eigenmarken, die Entwicklung von Salonprodukten, den E-Commerce-Verkauf und den grenz\u00fcberschreitenden Handel, mit gro\u00dfem Marktpotenzial.<\/li>\n<\/ul>\n<\/div>\n\n\n\n<div class=\"wp-block-column is-layout-flow wp-block-column-is-layout-flow\">\n<figure class=\"wp-block-image size-full\"><img decoding=\"async\" width=\"1500\" height=\"1500\" src=\"https:\/\/www.fsyougel.com\/wp-content\/uploads\/2026\/03\/TPO-Free-Bulk-Gel-Polish-5.webp\" alt=\"TPO-freies Gel-Poliermittel in loser Sch\u00fcttung (5)\" class=\"wp-image-1680\" srcset=\"https:\/\/www.fsyougel.com\/wp-content\/uploads\/2026\/03\/TPO-Free-Bulk-Gel-Polish-5.webp 1500w, https:\/\/www.fsyougel.com\/wp-content\/uploads\/2026\/03\/TPO-Free-Bulk-Gel-Polish-5-300x300.webp 300w, https:\/\/www.fsyougel.com\/wp-content\/uploads\/2026\/03\/TPO-Free-Bulk-Gel-Polish-5-150x150.webp 150w, https:\/\/www.fsyougel.com\/wp-content\/uploads\/2026\/03\/TPO-Free-Bulk-Gel-Polish-5-768x768.webp 768w, https:\/\/www.fsyougel.com\/wp-content\/uploads\/2026\/03\/TPO-Free-Bulk-Gel-Polish-5-12x12.webp 12w, https:\/\/www.fsyougel.com\/wp-content\/uploads\/2026\/03\/TPO-Free-Bulk-Gel-Polish-5-1200x1200.webp 1200w, https:\/\/www.fsyougel.com\/wp-content\/uploads\/2026\/03\/TPO-Free-Bulk-Gel-Polish-5-600x600.webp 600w, https:\/\/www.fsyougel.com\/wp-content\/uploads\/2026\/03\/TPO-Free-Bulk-Gel-Polish-5-100x100.webp 100w\" sizes=\"(max-width: 1500px) 100vw, 1500px\" \/><\/figure>\n<\/div>\n<\/div>","protected":false},"excerpt":{"rendered":"<p data-start=\"398\" data-end=\"682\">Willkommen beim Kauf unseres TPO-freien Gel-Lacks in gro\u00dfen Mengen mit \u00fcber 3000 Farboptionen (1kg\/5kg\/Bulk). Factory-direct Gro\u00dfhandelspreise, kostenlose Proben und professionelle OEM\/ODM Dienstleistungen f\u00fcr globale Nagelmarken und Salons.<\/p>\n<table border=\"0\" width=\"854\" cellspacing=\"0\" cellpadding=\"0\">\n<tbody>\n<tr>\n<td class=\"et3\" width=\"257\" height=\"44\">Marke<\/td>\n<td class=\"et3\" width=\"597\">YouGel<\/td>\n<\/tr>\n<tr>\n<td class=\"et4\" width=\"257\" height=\"44\">Modellnummer<\/td>\n<td class=\"et4\" width=\"597\">S202<\/td>\n<\/tr>\n<tr>\n<td class=\"et4\" width=\"257\" height=\"44\">Produkttyp<\/td>\n<td class=\"et4\" width=\"597\">UV\/LED-Gel-Politur zum Einweichen<\/td>\n<\/tr>\n<tr>\n<td class=\"et4\" width=\"257\" height=\"44\">Material<\/td>\n<td class=\"et4\" width=\"597\">Harz<\/td>\n<\/tr>\n<tr>\n<td class=\"et4\" width=\"257\" height=\"44\">Farbe<\/td>\n<td class=\"et4\" width=\"597\">3000+ Farben<\/td>\n<\/tr>\n<tr>\n<td class=\"et4\" width=\"257\" height=\"44\">Band<\/td>\n<td class=\"et4\" width=\"597\">1 kg\/5 kg\/20 kg<\/td>\n<\/tr>\n<tr>\n<td class=\"et4\" width=\"257\" height=\"44\">Sicherheit<\/td>\n<td class=\"et4\" width=\"597\">HEMA-frei, TPO-frei, ungiftig, MSDS verf\u00fcgbar<\/td>\n<\/tr>\n<tr>\n<td class=\"et4\" width=\"257\" height=\"44\">MOQ<\/td>\n<td class=\"et4\" width=\"597\">Niedriges MOQ<\/td>\n<\/tr>\n<tr>\n<td class=\"et4\" width=\"257\" height=\"44\">Kostenlose Probe<\/td>\n<td class=\"et4\" width=\"597\">Verf\u00fcgbar<\/td>\n<\/tr>\n<tr>\n<td class=\"et4\" width=\"257\" height=\"82\">Kundenspezifische Option<\/td>\n<td class=\"et4\" width=\"597\">OEM\/ODM-Dienste, kundenspezifische Logos, Etiketten und Verpackungen werden unterst\u00fctzt<\/td>\n<\/tr>\n<\/tbody>\n<\/table>\n<h2 class=\"brxe-heading\">Vom Gel Polish Hersteller<\/h2>\n<p><a href=\"https:\/\/www.fsyougel.com\/de\/\"><strong>YouGel<\/strong><\/a> ist ein vertrauensw\u00fcrdiger Hersteller von Gellacken, der hochwertige Gel-Basislacke anbietet, die f\u00fcr UV\/LED-N\u00e4gel geeignet sind. Unsere Produkte sind so konzipiert, dass sie sich problemlos auftragen lassen, lange halten und leicht einziehen.<\/p>","protected":false},"featured_media":1677,"comment_status":"closed","ping_status":"closed","template":"","meta":{"_acf_changed":false},"product_brand":[],"product_cat":[19],"product_tag":[],"class_list":{"0":"post-1675","1":"product","2":"type-product","3":"status-publish","4":"has-post-thumbnail","6":"product_cat-gel-polish-color-wholesale","8":"first","9":"instock","10":"shipping-taxable","11":"product-type-simple"},"acf":[],"_links":{"self":[{"href":"https:\/\/www.fsyougel.com\/de\/wp-json\/wp\/v2\/product\/1675","targetHints":{"allow":["GET"]}}],"collection":[{"href":"https:\/\/www.fsyougel.com\/de\/wp-json\/wp\/v2\/product"}],"about":[{"href":"https:\/\/www.fsyougel.com\/de\/wp-json\/wp\/v2\/types\/product"}],"replies":[{"embeddable":true,"href":"https:\/\/www.fsyougel.com\/de\/wp-json\/wp\/v2\/comments?post=1675"}],"wp:featuredmedia":[{"embeddable":true,"href":"https:\/\/www.fsyougel.com\/de\/wp-json\/wp\/v2\/media\/1677"}],"wp:attachment":[{"href":"https:\/\/www.fsyougel.com\/de\/wp-json\/wp\/v2\/media?parent=1675"}],"wp:term":[{"taxonomy":"product_brand","embeddable":true,"href":"https:\/\/www.fsyougel.com\/de\/wp-json\/wp\/v2\/product_brand?post=1675"},{"taxonomy":"product_cat","embeddable":true,"href":"https:\/\/www.fsyougel.com\/de\/wp-json\/wp\/v2\/product_cat?post=1675"},{"taxonomy":"product_tag","embeddable":true,"href":"https:\/\/www.fsyougel.com\/de\/wp-json\/wp\/v2\/product_tag?post=1675"}],"curies":[{"name":"wp","href":"https:\/\/api.w.org\/{rel}","templated":true}]}}