{"id":1681,"date":"2026-02-03T02:09:44","date_gmt":"2026-02-03T02:09:44","guid":{"rendered":"https:\/\/www.fsyougel.com\/?post_type=product&#038;p=1681"},"modified":"2026-03-16T08:34:33","modified_gmt":"2026-03-16T08:34:33","slug":"tpo-free-nail-gel-polish-bulk-supply","status":"publish","type":"product","link":"https:\/\/www.fsyougel.com\/de\/produkt\/tpo-free-nail-gel-polish-bulk-supply\/","title":{"rendered":"TPO-Free Nail Gel Polish Bulk Supply | OEM\/ODM Hersteller 3000+ Farben KG Paket"},"content":{"rendered":"<div class=\"wp-block-columns is-layout-flex wp-container-core-columns-is-layout-9d6595d7 wp-block-columns-is-layout-flex\">\n<div class=\"wp-block-column is-layout-flow wp-block-column-is-layout-flow\">\n<h2 class=\"wp-block-heading\">TPO-Free Nail Gel Polish Bulk Supply Eigenschaften:<\/h2>\n\n\n\n<ul class=\"wp-block-list\">\n<li><strong>\u00dcber 3.000 Farboptionen:<\/strong> Wir bieten mehr als 3.000 trendige Farbt\u00f6ne an, die flexibel kombiniert werden k\u00f6nnen, um der Marktnachfrage gerecht zu werden, und helfen unseren Kunden, eine vielf\u00e4ltige Produktlinie von TPO-freiem Nagellack in gro\u00dfen Mengen aufzubauen.<\/li>\n\n\n\n<li><strong>Gro\u00dfvolumige Lieferung in loser Sch\u00fcttung:<\/strong> Erh\u00e4ltlich in 1 kg-, 5 kg- und anderen Kilogramm-Verpackungsoptionen, geeignet f\u00fcr Markenabf\u00fcllungen, OEM-Produktion und Gro\u00dfeink\u00e4ufe, um die Anforderungen von Kunden aller Gr\u00f6\u00dfenordnungen zu erf\u00fcllen.<\/li>\n\n\n\n<li><strong>TPO-freie, sichere Formulierung:<\/strong> Verwendet ein sicheres, geruchsarmes und sanftes Nagelpflegesystem, das dem aktuellen internationalen Markttrend zu gesunden und umweltfreundlichen Nagelprodukten entspricht.<\/li>\n\n\n\n<li><strong>Glatte und stabile Gel-Textur: <\/strong>Das Gel hat eine feine, gleichm\u00e4\u00dfige Konsistenz, die sich reichhaltig und geschmeidig auftragen l\u00e4sst, ohne zu klumpen oder zu verlaufen, und eignet sich daher f\u00fcr professionelle Salons und die Produktentwicklung auf Markenebene.<\/li>\n\n\n\n<li><strong>Preisvorteil durch Factory-Direct<\/strong>: Als professioneller Hersteller bieten wir eine stabile Lieferung von TPO-Free Nagellack in loser Sch\u00fcttung zu wettbewerbsf\u00e4higen Fabrik Gro\u00dfhandelspreisen, die Kunden helfen, die Beschaffungskosten zu reduzieren.<\/li>\n\n\n\n<li><strong>Unterst\u00fctzung f\u00fcr kostenlose Proben:<\/strong> Wir bieten Mustertests an, damit unsere Kunden Farbe, Beschaffenheit und Qualit\u00e4t vor dem Gro\u00dfeinkauf \u00fcberpr\u00fcfen k\u00f6nnen und so das Beschaffungsrisiko minimieren.<\/li>\n\n\n\n<li><strong>OEM\/ODM-Anpassungsdienste: <\/strong>Wir unterst\u00fctzen unsere Kunden bei der Entwicklung von Farben, Rezepturanpassungen, Verpackungsdesign und der Erstellung eines individuellen Markenlogos und helfen ihnen so, schnell ihre eigene exklusive Nagelpflegemarke zu etablieren.<\/li>\n\n\n\n<li><strong>Geeignet f\u00fcr den Multi-Channel-Vertrieb:<\/strong> Ideal f\u00fcr die Herstellung von Eigenmarken, die Produktentwicklung in Nagelstudios, E-Commerce-Plattformen und grenz\u00fcberschreitende Handelsm\u00e4rkte mit starkem Marktwachstumspotenzial.<\/li>\n<\/ul>\n<\/div>\n\n\n\n<div class=\"wp-block-column is-layout-flow wp-block-column-is-layout-flow\">\n<figure class=\"wp-block-image size-full\"><img decoding=\"async\" width=\"1500\" height=\"1500\" src=\"https:\/\/www.fsyougel.com\/wp-content\/uploads\/2026\/03\/TPO-Free-Nail-Gel-Polish-Bulk-Supply-4.webp\" alt=\"TPO-Free Nail Gel Polish Bulk Supply (4)\" class=\"wp-image-1685\" srcset=\"https:\/\/www.fsyougel.com\/wp-content\/uploads\/2026\/03\/TPO-Free-Nail-Gel-Polish-Bulk-Supply-4.webp 1500w, https:\/\/www.fsyougel.com\/wp-content\/uploads\/2026\/03\/TPO-Free-Nail-Gel-Polish-Bulk-Supply-4-300x300.webp 300w, https:\/\/www.fsyougel.com\/wp-content\/uploads\/2026\/03\/TPO-Free-Nail-Gel-Polish-Bulk-Supply-4-150x150.webp 150w, https:\/\/www.fsyougel.com\/wp-content\/uploads\/2026\/03\/TPO-Free-Nail-Gel-Polish-Bulk-Supply-4-768x768.webp 768w, https:\/\/www.fsyougel.com\/wp-content\/uploads\/2026\/03\/TPO-Free-Nail-Gel-Polish-Bulk-Supply-4-12x12.webp 12w, https:\/\/www.fsyougel.com\/wp-content\/uploads\/2026\/03\/TPO-Free-Nail-Gel-Polish-Bulk-Supply-4-1200x1200.webp 1200w, https:\/\/www.fsyougel.com\/wp-content\/uploads\/2026\/03\/TPO-Free-Nail-Gel-Polish-Bulk-Supply-4-600x600.webp 600w, https:\/\/www.fsyougel.com\/wp-content\/uploads\/2026\/03\/TPO-Free-Nail-Gel-Polish-Bulk-Supply-4-100x100.webp 100w\" sizes=\"(max-width: 1500px) 100vw, 1500px\" \/><\/figure>\n<\/div>\n<\/div>","protected":false},"excerpt":{"rendered":"<p data-start=\"398\" data-end=\"682\">Willkommen zum Kauf unserer TPO-Free Nagel-Gel-Lack Bulk-Versorgung mit 3000 + Farboptionen und gro\u00dfe KG Verpackung. Factory-direct Gro\u00dfhandelspreise, kostenlose Proben, stabile Qualit\u00e4t und professionelle OEM \/ ODM Herstellung f\u00fcr globale Nagel Marken und Salons.<\/p>\n<table border=\"0\" width=\"854\" cellspacing=\"0\" cellpadding=\"0\">\n<tbody>\n<tr>\n<td class=\"et3\" width=\"257\" height=\"44\">Marke<\/td>\n<td class=\"et3\" width=\"597\">YouGel<\/td>\n<\/tr>\n<tr>\n<td class=\"et4\" width=\"257\" height=\"44\">Modellnummer<\/td>\n<td class=\"et4\" width=\"597\">S202<\/td>\n<\/tr>\n<tr>\n<td class=\"et4\" width=\"257\" height=\"44\">Produkttyp<\/td>\n<td class=\"et4\" width=\"597\">UV\/LED-Gel-Politur zum Einweichen<\/td>\n<\/tr>\n<tr>\n<td class=\"et4\" width=\"257\" height=\"44\">Material<\/td>\n<td class=\"et4\" width=\"597\">Harz<\/td>\n<\/tr>\n<tr>\n<td class=\"et4\" width=\"257\" height=\"44\">Farbe<\/td>\n<td class=\"et4\" width=\"597\">3000+ Farben<\/td>\n<\/tr>\n<tr>\n<td class=\"et4\" width=\"257\" height=\"44\">Band<\/td>\n<td class=\"et4\" width=\"597\">1 kg\/5 kg\/20 kg<\/td>\n<\/tr>\n<tr>\n<td class=\"et4\" width=\"257\" height=\"44\">Sicherheit<\/td>\n<td class=\"et4\" width=\"597\">HEMA-frei, TPO-frei, ungiftig, MSDS verf\u00fcgbar<\/td>\n<\/tr>\n<tr>\n<td class=\"et4\" width=\"257\" height=\"44\">MOQ<\/td>\n<td class=\"et4\" width=\"597\">Niedriges MOQ<\/td>\n<\/tr>\n<tr>\n<td class=\"et4\" width=\"257\" height=\"44\">Kostenlose Probe<\/td>\n<td class=\"et4\" width=\"597\">Verf\u00fcgbar<\/td>\n<\/tr>\n<tr>\n<td class=\"et4\" width=\"257\" height=\"82\">Kundenspezifische Option<\/td>\n<td class=\"et4\" width=\"597\">OEM\/ODM-Dienste, kundenspezifische Logos, Etiketten und Verpackungen werden unterst\u00fctzt<\/td>\n<\/tr>\n<\/tbody>\n<\/table>\n<h2 class=\"brxe-heading\">Vom Gel Polish Hersteller<\/h2>\n<p><a href=\"https:\/\/www.fsyougel.com\/de\/\"><strong>YouGel<\/strong><\/a> ist ein vertrauensw\u00fcrdiger Hersteller von Gellacken, der hochwertige Gel-Basislacke anbietet, die f\u00fcr UV\/LED-N\u00e4gel geeignet sind. Unsere Produkte sind so konzipiert, dass sie sich problemlos auftragen lassen, lange halten und leicht einziehen.<\/p>","protected":false},"featured_media":1683,"comment_status":"closed","ping_status":"closed","template":"","meta":{"_acf_changed":false},"product_brand":[],"product_cat":[19],"product_tag":[],"class_list":{"0":"post-1681","1":"product","2":"type-product","3":"status-publish","4":"has-post-thumbnail","6":"product_cat-gel-polish-color-wholesale","8":"first","9":"instock","10":"shipping-taxable","11":"product-type-simple"},"acf":[],"_links":{"self":[{"href":"https:\/\/www.fsyougel.com\/de\/wp-json\/wp\/v2\/product\/1681","targetHints":{"allow":["GET"]}}],"collection":[{"href":"https:\/\/www.fsyougel.com\/de\/wp-json\/wp\/v2\/product"}],"about":[{"href":"https:\/\/www.fsyougel.com\/de\/wp-json\/wp\/v2\/types\/product"}],"replies":[{"embeddable":true,"href":"https:\/\/www.fsyougel.com\/de\/wp-json\/wp\/v2\/comments?post=1681"}],"wp:featuredmedia":[{"embeddable":true,"href":"https:\/\/www.fsyougel.com\/de\/wp-json\/wp\/v2\/media\/1683"}],"wp:attachment":[{"href":"https:\/\/www.fsyougel.com\/de\/wp-json\/wp\/v2\/media?parent=1681"}],"wp:term":[{"taxonomy":"product_brand","embeddable":true,"href":"https:\/\/www.fsyougel.com\/de\/wp-json\/wp\/v2\/product_brand?post=1681"},{"taxonomy":"product_cat","embeddable":true,"href":"https:\/\/www.fsyougel.com\/de\/wp-json\/wp\/v2\/product_cat?post=1681"},{"taxonomy":"product_tag","embeddable":true,"href":"https:\/\/www.fsyougel.com\/de\/wp-json\/wp\/v2\/product_tag?post=1681"}],"curies":[{"name":"wp","href":"https:\/\/api.w.org\/{rel}","templated":true}]}}