{"id":1696,"date":"2026-02-06T03:08:30","date_gmt":"2026-02-06T03:08:30","guid":{"rendered":"https:\/\/www.fsyougel.com\/?post_type=product&#038;p=1696"},"modified":"2026-03-16T08:34:10","modified_gmt":"2026-03-16T08:34:10","slug":"15ml-vegan-gel-nail-polish-wholesale","status":"publish","type":"product","link":"https:\/\/www.fsyougel.com\/de\/produkt\/15ml-vegan-gel-nail-polish-wholesale\/","title":{"rendered":"15ML Veganer Gel-Nagellack Gro\u00dfhandel, TPO-freie Formel UV\/LED Esmalte Permanente Lieferant"},"content":{"rendered":"<div class=\"wp-block-columns is-layout-flex wp-container-core-columns-is-layout-9d6595d7 wp-block-columns-is-layout-flex\">\n<div class=\"wp-block-column is-layout-flow wp-block-column-is-layout-flow\">\n<h2 class=\"wp-block-heading\">15ML Veganer Gel-Nagellack Gro\u00dfhandel Eigenschaften:<\/h2>\n\n\n\n<ul class=\"wp-block-list\">\n<li><strong>Vegane Formel mit hoher Marktakzeptanz<\/strong>: Unser veganes Nagellack-Gro\u00dfhandelssortiment mit 15 ml enth\u00e4lt eine vegane Formulierung ohne tierische Inhaltsstoffe und entspricht damit den aktuellen Verbrauchertrends auf dem europ\u00e4ischen und amerikanischen Markt f\u00fcr umweltfreundliche und nachhaltige Sch\u00f6nheitsprodukte.<\/li>\n\n\n\n<li><strong>TPO-freie sichere Formel: <\/strong>Das Produkt ist mit einem sichereren TPO-freien Design formuliert, was zu einem geringeren Geruch und einem angenehmeren Benutzererlebnis f\u00fchrt, was es ideal f\u00fcr die Erstellung einer hochwertigen veganen 15ml-Gel-Nagellack-Gro\u00dfhandelsserie macht.<\/li>\n\n\n\n<li><strong>15mL hohe Kapazit\u00e4t, kosteng\u00fcnstige Verpackung:<\/strong> Die 15-ml-Standardflasche erf\u00fcllt die Anforderungen professioneller Nagelstudios an eine h\u00e4ufige Anwendung, eignet sich aber auch f\u00fcr den Markengro\u00dfhandel und E-Commerce-Kan\u00e4le, wodurch das Preis-Leistungs-Verh\u00e4ltnis des Produkts verbessert wird.<\/li>\n\n\n\n<li><strong>Stabile Aush\u00e4rtung mit UV\/LED-Lampen:<\/strong> Er ist sowohl mit UV- als auch mit LED-Nagellampen kompatibel, um eine schnelle Aush\u00e4rtung zu erm\u00f6glichen. Er liefert ein gleichm\u00e4\u00dfiges Finish und eine starke Haftung und sorgt so f\u00fcr lang anhaltende, gl\u00e4nzende Ergebnisse f\u00fcr unseren veganen 15mL-Gel-Nagellack im Gro\u00dfhandel.<\/li>\n\n\n\n<li><strong>Satte Farbe und gleichm\u00e4\u00dfiger Auftrag: <\/strong>Die Gelformel ist fein und geschmeidig mit hoher Farbs\u00e4ttigung. Sie l\u00e4sst sich gleichm\u00e4\u00dfig auftragen, ohne zu verlaufen, und ist daher ideal f\u00fcr professionelle Salons und die Produktentwicklung auf Markenebene.<\/li>\n\n\n\n<li><strong>Werksdirekte Preisgestaltung im Gro\u00dfhandel: <\/strong>Als der urspr\u00fcngliche Hersteller, bieten wir stabile Lieferkapazit\u00e4ten f\u00fcr die 15ml veganen Gel-Nagellack Gro\u00dfhandel und bieten wettbewerbsf\u00e4hige Fabrik-direkt Gro\u00dfhandelspreis.<\/li>\n\n\n\n<li><strong>Kostenlose Proben zum Testen: <\/strong>Damit unsere Kunden mit gutem Gewissen einkaufen k\u00f6nnen, bieten wir einen kostenlosen Probeservice an. Die Kunden k\u00f6nnen die Farbe, Textur und Qualit\u00e4t \u00fcberpr\u00fcfen, bevor sie eine Gro\u00dfbestellung aufgeben.<\/li>\n\n\n\n<li><strong>Geeignet f\u00fcr den Multi-Channel-Vertrieb: <\/strong>Unser veganer 15ml-Gel-Nagellack ist ideal f\u00fcr Markeninhaber, Gro\u00dfh\u00e4ndler, Nagelstudio-Ketten und grenz\u00fcberschreitende E-Commerce-Plattformen und bietet ein starkes Marktwachstumspotenzial.<\/li>\n<\/ul>\n<\/div>\n\n\n\n<div class=\"wp-block-column is-layout-flow wp-block-column-is-layout-flow\">\n<figure class=\"wp-block-image size-full\"><img decoding=\"async\" width=\"1500\" height=\"1500\" src=\"https:\/\/www.fsyougel.com\/wp-content\/uploads\/2026\/03\/15ML-Vegan-Gel-Nail-Polish-Wholesale-6.webp\" alt=\"15ML Veganer Gel-Nagellack Gro\u00dfhandel (6)\" class=\"wp-image-1702\" srcset=\"https:\/\/www.fsyougel.com\/wp-content\/uploads\/2026\/03\/15ML-Vegan-Gel-Nail-Polish-Wholesale-6.webp 1500w, https:\/\/www.fsyougel.com\/wp-content\/uploads\/2026\/03\/15ML-Vegan-Gel-Nail-Polish-Wholesale-6-300x300.webp 300w, https:\/\/www.fsyougel.com\/wp-content\/uploads\/2026\/03\/15ML-Vegan-Gel-Nail-Polish-Wholesale-6-150x150.webp 150w, https:\/\/www.fsyougel.com\/wp-content\/uploads\/2026\/03\/15ML-Vegan-Gel-Nail-Polish-Wholesale-6-768x768.webp 768w, https:\/\/www.fsyougel.com\/wp-content\/uploads\/2026\/03\/15ML-Vegan-Gel-Nail-Polish-Wholesale-6-12x12.webp 12w, https:\/\/www.fsyougel.com\/wp-content\/uploads\/2026\/03\/15ML-Vegan-Gel-Nail-Polish-Wholesale-6-1200x1200.webp 1200w, https:\/\/www.fsyougel.com\/wp-content\/uploads\/2026\/03\/15ML-Vegan-Gel-Nail-Polish-Wholesale-6-600x600.webp 600w, https:\/\/www.fsyougel.com\/wp-content\/uploads\/2026\/03\/15ML-Vegan-Gel-Nail-Polish-Wholesale-6-100x100.webp 100w\" sizes=\"(max-width: 1500px) 100vw, 1500px\" \/><\/figure>\n<\/div>\n<\/div>","protected":false},"excerpt":{"rendered":"<p data-start=\"398\" data-end=\"682\">Willkommen zum Kauf unserer 15ML veganen Gel-Nagellack Gro\u00dfhandel mit einer TPO-freie Formel und glatte UV\/LED h\u00e4rtende Leistung. Factory-direct Gro\u00dfhandelspreise, kostenlose Proben, und zuverl\u00e4ssige Versorgung f\u00fcr globale Nagel Marken, H\u00e4ndler und Salons.<\/p>\n<table border=\"0\" width=\"854\" cellspacing=\"0\" cellpadding=\"0\">\n<tbody>\n<tr>\n<td class=\"et3\" width=\"257\" height=\"44\">Marke<\/td>\n<td class=\"et3\" width=\"597\">YouGel<\/td>\n<\/tr>\n<tr>\n<td class=\"et4\" width=\"257\" height=\"44\">Modellnummer<\/td>\n<td class=\"et4\" width=\"597\">S202<\/td>\n<\/tr>\n<tr>\n<td class=\"et4\" width=\"257\" height=\"44\">Produkttyp<\/td>\n<td class=\"et4\" width=\"597\">UV\/LED-Gel-Politur zum Einweichen<\/td>\n<\/tr>\n<tr>\n<td class=\"et4\" width=\"257\" height=\"44\">Material<\/td>\n<td class=\"et4\" width=\"597\">Harz<\/td>\n<\/tr>\n<tr>\n<td class=\"et4\" width=\"257\" height=\"44\">Farbe<\/td>\n<td class=\"et4\" width=\"597\">3000+ Farben<\/td>\n<\/tr>\n<tr>\n<td class=\"et4\" width=\"257\" height=\"44\">Band<\/td>\n<td class=\"et4\" width=\"597\">15ml<\/td>\n<\/tr>\n<tr>\n<td class=\"et4\" width=\"257\" height=\"44\">Sicherheit<\/td>\n<td class=\"et4\" width=\"597\">HEMA-frei, TPO-frei, ungiftig, MSDS verf\u00fcgbar<\/td>\n<\/tr>\n<tr>\n<td class=\"et4\" width=\"257\" height=\"44\">MOQ<\/td>\n<td class=\"et4\" width=\"597\">Niedriges MOQ<\/td>\n<\/tr>\n<tr>\n<td class=\"et4\" width=\"257\" height=\"44\">Kostenlose Probe<\/td>\n<td class=\"et4\" width=\"597\">Verf\u00fcgbar<\/td>\n<\/tr>\n<tr>\n<td class=\"et4\" width=\"257\" height=\"82\">Kundenspezifische Option<\/td>\n<td class=\"et4\" width=\"597\">OEM\/ODM-Dienste, kundenspezifische Logos, Etiketten und Verpackungen werden unterst\u00fctzt<\/td>\n<\/tr>\n<\/tbody>\n<\/table>\n<h2 class=\"brxe-heading\">Vom Gel Polish Hersteller<\/h2>\n<p><a href=\"https:\/\/www.fsyougel.com\/de\/\"><strong>YouGel<\/strong><\/a> ist ein vertrauensw\u00fcrdiger Hersteller von Gellacken, der hochwertige Gel-Basislacke anbietet, die f\u00fcr UV\/LED-N\u00e4gel geeignet sind. Unsere Produkte sind so konzipiert, dass sie sich problemlos auftragen lassen, lange halten und leicht einziehen.<\/p>","protected":false},"featured_media":1699,"comment_status":"closed","ping_status":"closed","template":"","meta":{"_acf_changed":false},"product_brand":[],"product_cat":[19],"product_tag":[],"class_list":{"0":"post-1696","1":"product","2":"type-product","3":"status-publish","4":"has-post-thumbnail","6":"product_cat-gel-polish-color-wholesale","8":"first","9":"instock","10":"shipping-taxable","11":"product-type-simple"},"acf":[],"_links":{"self":[{"href":"https:\/\/www.fsyougel.com\/de\/wp-json\/wp\/v2\/product\/1696","targetHints":{"allow":["GET"]}}],"collection":[{"href":"https:\/\/www.fsyougel.com\/de\/wp-json\/wp\/v2\/product"}],"about":[{"href":"https:\/\/www.fsyougel.com\/de\/wp-json\/wp\/v2\/types\/product"}],"replies":[{"embeddable":true,"href":"https:\/\/www.fsyougel.com\/de\/wp-json\/wp\/v2\/comments?post=1696"}],"wp:featuredmedia":[{"embeddable":true,"href":"https:\/\/www.fsyougel.com\/de\/wp-json\/wp\/v2\/media\/1699"}],"wp:attachment":[{"href":"https:\/\/www.fsyougel.com\/de\/wp-json\/wp\/v2\/media?parent=1696"}],"wp:term":[{"taxonomy":"product_brand","embeddable":true,"href":"https:\/\/www.fsyougel.com\/de\/wp-json\/wp\/v2\/product_brand?post=1696"},{"taxonomy":"product_cat","embeddable":true,"href":"https:\/\/www.fsyougel.com\/de\/wp-json\/wp\/v2\/product_cat?post=1696"},{"taxonomy":"product_tag","embeddable":true,"href":"https:\/\/www.fsyougel.com\/de\/wp-json\/wp\/v2\/product_tag?post=1696"}],"curies":[{"name":"wp","href":"https:\/\/api.w.org\/{rel}","templated":true}]}}