{"id":1715,"date":"2026-03-16T06:13:10","date_gmt":"2026-03-16T06:13:10","guid":{"rendered":"https:\/\/www.fsyougel.com\/?post_type=product&#038;p=1715"},"modified":"2026-03-16T18:32:01","modified_gmt":"2026-03-16T18:32:01","slug":"magnetic-cat-eye-gel-factory","status":"publish","type":"product","link":"https:\/\/www.fsyougel.com\/de\/produkt\/magnetic-cat-eye-gel-factory\/","title":{"rendered":"Magnetisches Katzenaugengel Fabrik | Professionelle UV\/LED-Nagelgelversorgung"},"content":{"rendered":"<div class=\"wp-block-columns is-layout-flex wp-container-core-columns-is-layout-9d6595d7 wp-block-columns-is-layout-flex\">\n<div class=\"wp-block-column is-layout-flow wp-block-column-is-layout-flow\">\n<h2 class=\"wp-block-heading\">Gro\u00dfhandel Magnetic Cat Eye Gel Eigenschaften:<\/h2>\n\n\n\n<ul class=\"wp-block-list\">\n<li>Starker magnetischer Katzenaugen-Effekt mit hoher visueller Anziehungskraft: Als professioneller Hersteller von magnetischem Cat-Eye-Gel verf\u00fcgt unser Cat-Eye-Gel \u00fcber einen ausgepr\u00e4gten, dreidimensionalen magnetischen Schimmereffekt. Es erm\u00f6glicht die einfache Erstellung von trendigen Nageldesigns - wie z.B. Katzenaugen und Galaxie-Stile - mit Hilfe von Magneten, was es auf dem Markt sehr beliebt macht.<\/li>\n\n\n\n<li>UV\/LED Dual-Light Rapid Curing: Dieses Produkt aus unserer magnetischen Katzenaugen-Gelfabrik ist sowohl mit UV- als auch mit LED-Lampen kompatibel. Es h\u00e4rtet zuverl\u00e4ssig mit starker Haftung aus und bildet schnell ein lang anhaltendes, gl\u00e4nzendes Finish, wodurch es ideal f\u00fcr professionelle Nagelstudios und Markenprodukte ist.<\/li>\n\n\n\n<li>Glatte und feine Geltextur: Das Gel hat eine feine, glatte Textur mit ausgezeichneten selbstnivellierenden Eigenschaften. Es l\u00e4sst sich gleichm\u00e4\u00dfig auftragen, ohne abzusacken, was die Arbeit f\u00fcr die Nageltechniker erleichtert und die Effizienz erh\u00f6ht.<\/li>\n\n\n\n<li>Umfangreiche Farbauswahl und Unterst\u00fctzung f\u00fcr kundenspezifische Entwicklungen<\/li>\n\n\n\n<li>Wir bieten eine breite Palette an trendigen Cat-Eye-Farbschemata und unterst\u00fctzen OEM\/ODM-Kundenanpassungsdienste, einschlie\u00dflich Farbentwicklung, Flaschendesign, Logodruck und Verpackungsanpassung, und helfen unseren Kunden bei der Entwicklung einzigartiger Produktlinien.<\/li>\n\n\n\n<li>Hochgl\u00e4nzendes, lang anhaltendes Finish<\/li>\n\n\n\n<li>Nach dem Aush\u00e4rten sorgt das Gel f\u00fcr einen dreidimensionalen Glanz und einen tiefen visuellen Effekt, der nicht verblasst oder an Glanz verliert, was unsere magnetischen Katzenaugen-Gelprodukte auf dem Markt wettbewerbsf\u00e4higer macht.<\/li>\n\n\n\n<li>Werksdirekter Preisvorteil im Gro\u00dfhandel<\/li>\n\n\n\n<li>Als Hersteller, der seine Produkte direkt von der Quelle bezieht, verf\u00fcgen wir \u00fcber stabile Produktionslinien und gro\u00dfe Kapazit\u00e4ten, die es uns erm\u00f6glichen, \u00e4u\u00dferst wettbewerbsf\u00e4hige Gro\u00dfhandelspreise anzubieten.<\/li>\n\n\n\n<li>Kostenlose Muster zum Testen<\/li>\n\n\n\n<li>Damit die Kunden mit Zuversicht einkaufen k\u00f6nnen, bieten wir einen kostenlosen Probeservice an. Kunden k\u00f6nnen die magnetische Wirkung, Farbe und Textur \u00fcberpr\u00fcfen, bevor sie eine Gro\u00dfbestellung aufgeben.<\/li>\n\n\n\n<li><strong>Geeignet f\u00fcr globale Marken und Vertriebskan\u00e4le: <\/strong>Unsere magnetischen Cat-Eye-Gel-Produkte eignen sich f\u00fcr Markeninhaber, Gro\u00dfh\u00e4ndler, Nagelstudios und grenz\u00fcberschreitende E-Commerce-Plattformen mit starker Marktnachfrage und gro\u00dfem Absatzpotenzial.<\/li>\n<\/ul>\n<\/div>\n\n\n\n<div class=\"wp-block-column is-layout-flow wp-block-column-is-layout-flow\">\n<figure class=\"wp-block-image size-full\"><img decoding=\"async\" width=\"1500\" height=\"1789\" src=\"https:\/\/www.fsyougel.com\/wp-content\/uploads\/2026\/03\/Magnetic-Cat-Eye-Gel-Factory-1.webp\" alt=\"Magnetische Katzenaugen-Gel-Fabrik (1)\" class=\"wp-image-1716\" srcset=\"https:\/\/www.fsyougel.com\/wp-content\/uploads\/2026\/03\/Magnetic-Cat-Eye-Gel-Factory-1.webp 1500w, https:\/\/www.fsyougel.com\/wp-content\/uploads\/2026\/03\/Magnetic-Cat-Eye-Gel-Factory-1-252x300.webp 252w, https:\/\/www.fsyougel.com\/wp-content\/uploads\/2026\/03\/Magnetic-Cat-Eye-Gel-Factory-1-768x916.webp 768w, https:\/\/www.fsyougel.com\/wp-content\/uploads\/2026\/03\/Magnetic-Cat-Eye-Gel-Factory-1-10x12.webp 10w, https:\/\/www.fsyougel.com\/wp-content\/uploads\/2026\/03\/Magnetic-Cat-Eye-Gel-Factory-1-1200x1431.webp 1200w, https:\/\/www.fsyougel.com\/wp-content\/uploads\/2026\/03\/Magnetic-Cat-Eye-Gel-Factory-1-600x716.webp 600w\" sizes=\"(max-width: 1500px) 100vw, 1500px\" \/><\/figure>\n<\/div>\n<\/div>\n\n\n\n<div class=\"wp-block-columns is-layout-flex wp-container-core-columns-is-layout-9d6595d7 wp-block-columns-is-layout-flex\">\n<div class=\"wp-block-column is-layout-flow wp-block-column-is-layout-flow\">\n<figure class=\"wp-block-image size-full\"><img decoding=\"async\" width=\"1500\" height=\"1789\" src=\"https:\/\/www.fsyougel.com\/wp-content\/uploads\/2025\/08\/Fruit-Fantasia-Cat-Eye-Gel-Polish.webp\" alt=\"Fruit Fantasia Katzenaugen-Gel Polish\" class=\"wp-image-1036\" srcset=\"https:\/\/www.fsyougel.com\/wp-content\/uploads\/2025\/08\/Fruit-Fantasia-Cat-Eye-Gel-Polish.webp 1500w, https:\/\/www.fsyougel.com\/wp-content\/uploads\/2025\/08\/Fruit-Fantasia-Cat-Eye-Gel-Polish-252x300.webp 252w, https:\/\/www.fsyougel.com\/wp-content\/uploads\/2025\/08\/Fruit-Fantasia-Cat-Eye-Gel-Polish-768x916.webp 768w, https:\/\/www.fsyougel.com\/wp-content\/uploads\/2025\/08\/Fruit-Fantasia-Cat-Eye-Gel-Polish-10x12.webp 10w, https:\/\/www.fsyougel.com\/wp-content\/uploads\/2025\/08\/Fruit-Fantasia-Cat-Eye-Gel-Polish-1200x1431.webp 1200w, https:\/\/www.fsyougel.com\/wp-content\/uploads\/2025\/08\/Fruit-Fantasia-Cat-Eye-Gel-Polish-600x716.webp 600w\" sizes=\"(max-width: 1500px) 100vw, 1500px\" \/><\/figure>\n<\/div>\n\n\n\n<div class=\"wp-block-column is-layout-flow wp-block-column-is-layout-flow\">\n<figure class=\"wp-block-image size-full\"><img decoding=\"async\" width=\"1500\" height=\"1789\" src=\"https:\/\/www.fsyougel.com\/wp-content\/uploads\/2025\/08\/Fruit-Cat-Eye-Gel-Polish-Color.webp\" alt=\"Fruit Cat Eye Gel Polish Farbe\" class=\"wp-image-1035\" srcset=\"https:\/\/www.fsyougel.com\/wp-content\/uploads\/2025\/08\/Fruit-Cat-Eye-Gel-Polish-Color.webp 1500w, https:\/\/www.fsyougel.com\/wp-content\/uploads\/2025\/08\/Fruit-Cat-Eye-Gel-Polish-Color-252x300.webp 252w, https:\/\/www.fsyougel.com\/wp-content\/uploads\/2025\/08\/Fruit-Cat-Eye-Gel-Polish-Color-768x916.webp 768w, https:\/\/www.fsyougel.com\/wp-content\/uploads\/2025\/08\/Fruit-Cat-Eye-Gel-Polish-Color-10x12.webp 10w, https:\/\/www.fsyougel.com\/wp-content\/uploads\/2025\/08\/Fruit-Cat-Eye-Gel-Polish-Color-1200x1431.webp 1200w, https:\/\/www.fsyougel.com\/wp-content\/uploads\/2025\/08\/Fruit-Cat-Eye-Gel-Polish-Color-600x716.webp 600w\" sizes=\"(max-width: 1500px) 100vw, 1500px\" \/><\/figure>\n<\/div>\n<\/div>","protected":false},"excerpt":{"rendered":"<p>Willkommen zum Kauf unserer magnetischen Katzenaugengel-Fabrikprodukte mit starker magnetischer Wirkung und reibungsloser UV\/LED-H\u00e4rtung. Factory-direct Gro\u00dfhandelspreise, kostenlose Proben, und zuverl\u00e4ssige Versorgung f\u00fcr Nagel Marken und H\u00e4ndler.<\/p>\n<table border=\"0\" width=\"854\" cellspacing=\"0\" cellpadding=\"0\">\n<tbody>\n<tr>\n<td class=\"et3\" width=\"257\" height=\"44\">Marke<\/td>\n<td class=\"et3\" width=\"597\">YouGel<\/td>\n<\/tr>\n<tr>\n<td class=\"et4\" width=\"257\" height=\"44\">Modellnummer<\/td>\n<td class=\"et4\" width=\"597\">25CG01<\/td>\n<\/tr>\n<tr>\n<td class=\"et4\" width=\"257\" height=\"44\">Produkttyp<\/td>\n<td class=\"et4\" width=\"597\">UV\/LED-Gel-Politur zum Einweichen<\/td>\n<\/tr>\n<tr>\n<td class=\"et4\" width=\"257\" height=\"44\">Material<\/td>\n<td class=\"et4\" width=\"597\">Harz<\/td>\n<\/tr>\n<tr>\n<td class=\"et4\" width=\"257\" height=\"44\">Farbe<\/td>\n<td class=\"et4\" width=\"597\">16 Farben<\/td>\n<\/tr>\n<tr>\n<td class=\"et4\" width=\"257\" height=\"44\">Band<\/td>\n<td class=\"et4\" width=\"597\">8 ml<\/td>\n<\/tr>\n<tr>\n<td class=\"et4\" width=\"257\" height=\"44\">Sicherheit<\/td>\n<td class=\"et4\" width=\"597\">HEMA-frei, TPO-frei, ungiftig, MSDS verf\u00fcgbar<\/td>\n<\/tr>\n<tr>\n<td class=\"et4\" width=\"257\" height=\"44\">MOQ<\/td>\n<td class=\"et4\" width=\"597\">Niedriges MOQ<\/td>\n<\/tr>\n<tr>\n<td class=\"et4\" width=\"257\" height=\"44\">Kostenlose Probe<\/td>\n<td class=\"et4\" width=\"597\">Verf\u00fcgbar<\/td>\n<\/tr>\n<tr>\n<td class=\"et4\" width=\"257\" height=\"82\">Kundenspezifische Option<\/td>\n<td class=\"et4\" width=\"597\">OEM\/ODM-Dienste, kundenspezifische Logos, Etiketten und Verpackungen werden unterst\u00fctzt<\/td>\n<\/tr>\n<\/tbody>\n<\/table>\n<h2 class=\"brxe-heading\">Vom Gel Polish Hersteller<\/h2>\n<p><a href=\"https:\/\/www.fsyougel.com\/de\/\"><strong>YouGel<\/strong><\/a> ist ein vertrauensw\u00fcrdiger Hersteller von Gellacken, der hochwertige Gel-Basislacke anbietet, die f\u00fcr UV\/LED-N\u00e4gel geeignet sind. Unsere Produkte sind so konzipiert, dass sie sich problemlos auftragen lassen, lange halten und leicht einziehen.<\/p>","protected":false},"featured_media":1717,"comment_status":"closed","ping_status":"closed","template":"","meta":{"_acf_changed":false},"product_brand":[],"product_cat":[19,28],"product_tag":[],"class_list":{"0":"post-1715","1":"product","2":"type-product","3":"status-publish","4":"has-post-thumbnail","6":"product_cat-gel-polish-color-wholesale","7":"product_cat-cat-eye-gel-supplier","9":"first","10":"instock","11":"shipping-taxable","12":"product-type-simple"},"acf":[],"_links":{"self":[{"href":"https:\/\/www.fsyougel.com\/de\/wp-json\/wp\/v2\/product\/1715","targetHints":{"allow":["GET"]}}],"collection":[{"href":"https:\/\/www.fsyougel.com\/de\/wp-json\/wp\/v2\/product"}],"about":[{"href":"https:\/\/www.fsyougel.com\/de\/wp-json\/wp\/v2\/types\/product"}],"replies":[{"embeddable":true,"href":"https:\/\/www.fsyougel.com\/de\/wp-json\/wp\/v2\/comments?post=1715"}],"wp:featuredmedia":[{"embeddable":true,"href":"https:\/\/www.fsyougel.com\/de\/wp-json\/wp\/v2\/media\/1717"}],"wp:attachment":[{"href":"https:\/\/www.fsyougel.com\/de\/wp-json\/wp\/v2\/media?parent=1715"}],"wp:term":[{"taxonomy":"product_brand","embeddable":true,"href":"https:\/\/www.fsyougel.com\/de\/wp-json\/wp\/v2\/product_brand?post=1715"},{"taxonomy":"product_cat","embeddable":true,"href":"https:\/\/www.fsyougel.com\/de\/wp-json\/wp\/v2\/product_cat?post=1715"},{"taxonomy":"product_tag","embeddable":true,"href":"https:\/\/www.fsyougel.com\/de\/wp-json\/wp\/v2\/product_tag?post=1715"}],"curies":[{"name":"wp","href":"https:\/\/api.w.org\/{rel}","templated":true}]}}