{"id":1722,"date":"2026-03-16T18:32:33","date_gmt":"2026-03-16T18:32:33","guid":{"rendered":"https:\/\/www.fsyougel.com\/?post_type=product&#038;p=1722"},"modified":"2026-03-16T18:48:24","modified_gmt":"2026-03-16T18:48:24","slug":"bulk-fruit-cat-eye-gel-polish","status":"publish","type":"product","link":"https:\/\/www.fsyougel.com\/de\/produkt\/bulk-fruit-cat-eye-gel-polish\/","title":{"rendered":"Bulk Fruit Cat Eye Gel Polish, neuer magnetischer Nagellack Professional ODM Custom Nail Supplier"},"content":{"rendered":"<div class=\"wp-block-columns is-layout-flex wp-container-core-columns-is-layout-9d6595d7 wp-block-columns-is-layout-flex\">\n<div class=\"wp-block-column is-layout-flow wp-block-column-is-layout-flow\">\n<h2 class=\"wp-block-heading\">Bulk Fruit Cat Eye Gel Polish Eigenschaften:<\/h2>\n\n\n\n<ul class=\"wp-block-list\">\n<li><strong>Von Fr\u00fcchten inspirierte Cat-Eye-Effekte mit trendiger Ausstrahlung:<\/strong> Unser Bulk Fruit Cat Eye Gel Polish zeichnet sich durch leuchtende, von Fr\u00fcchten inspirierte Farben aus, die mit einem magnetischen Katzenaugeneffekt kombiniert werden. So entstehen dimensionale Licht- und Schattenverschiebungen, die Ihre Nageldesigns noch modischer und auff\u00e4lliger machen.<\/li>\n\n\n\n<li><strong>Starke magnetische Katzenaugen Visuelle Effekte<\/strong>: Als professioneller Hersteller enth\u00e4lt unser Bulk Fruit Cat Eye Gel Polish ausgepr\u00e4gte magnetische Partikel, die, wenn sie durch einen Magneten aktiviert werden, leicht eine Vielzahl von Katzenaugenmustern bilden, wie z.B. Galaxie- und Flie\u00dflichteffekte.<\/li>\n\n\n\n<li><strong>UV\/LED Dual-Light Schnellh\u00e4rtung: <\/strong>Dieses Produkt ist sowohl mit UV- als auch mit LED-Lampen kompatibel, h\u00e4rtet schnell aus und bietet eine starke Haftung, was eine effiziente und zuverl\u00e4ssige Leistung in professionellen Nagelstudios gew\u00e4hrleistet.<\/li>\n\n\n\n<li><strong>Glattes, fein strukturiertes Gel f\u00fcr einfache Anwendung:<\/strong> Das Gel hat eine feine, glatte Textur mit ausgezeichneten selbstnivellierenden Eigenschaften. Es l\u00e4sst sich gleichm\u00e4\u00dfig auftragen, ohne abzusacken, und hilft Nageltechnikern, m\u00fchelos exquisite Katzenaugen-Designs zu kreieren.<\/li>\n\n\n\n<li><strong>Unterst\u00fctzung der ODM-Markenanpassung:<\/strong> Wir bieten umfassende ODM-Dienstleistungen f\u00fcr Bulk Fruit Cat Eye Gel Polish, einschlie\u00dflich Farbentwicklung, Flaschenauswahl, Logodruck und Verpackungsdesign, um Kunden beim Aufbau ihrer eigenen unabh\u00e4ngigen Nagelmarken zu unterst\u00fctzen.<\/li>\n\n\n\n<li><strong>Werksdirekte Preisgestaltung im Gro\u00dfhandel: <\/strong>Als direkter Hersteller gew\u00e4hrleisten wir eine stabile Versorgung mit Bulk Fruit Cat Eye Gel Polish und bieten \u00e4u\u00dferst wettbewerbsf\u00e4hige Fabrik-Direkt-Gro\u00dfhandelspreise.<\/li>\n\n\n\n<li><strong>Kostenlose Muster zum Testen<\/strong>: Um den K\u00e4ufern zu helfen, das Beschaffungsrisiko zu minimieren, bieten wir kostenlose Mustertests an. Die Kunden k\u00f6nnen die Leistung und Qualit\u00e4t der Produkte \u00fcberpr\u00fcfen, bevor sie Gro\u00dfauftr\u00e4ge erteilen.<\/li>\n<\/ul>\n<\/div>\n\n\n\n<div class=\"wp-block-column is-layout-flow wp-block-column-is-layout-flow\">\n<figure class=\"wp-block-image size-full\"><img decoding=\"async\" width=\"1500\" height=\"1789\" src=\"https:\/\/www.fsyougel.com\/wp-content\/uploads\/2026\/03\/Bulk-Fruit-Cat-Eye-Gel-Polish-Supplier-3.webp\" alt=\"Bulk Fruit Cat Eye Gel Polish Lieferant (3)\" class=\"wp-image-1725\" srcset=\"https:\/\/www.fsyougel.com\/wp-content\/uploads\/2026\/03\/Bulk-Fruit-Cat-Eye-Gel-Polish-Supplier-3.webp 1500w, https:\/\/www.fsyougel.com\/wp-content\/uploads\/2026\/03\/Bulk-Fruit-Cat-Eye-Gel-Polish-Supplier-3-252x300.webp 252w, https:\/\/www.fsyougel.com\/wp-content\/uploads\/2026\/03\/Bulk-Fruit-Cat-Eye-Gel-Polish-Supplier-3-768x916.webp 768w, https:\/\/www.fsyougel.com\/wp-content\/uploads\/2026\/03\/Bulk-Fruit-Cat-Eye-Gel-Polish-Supplier-3-10x12.webp 10w, https:\/\/www.fsyougel.com\/wp-content\/uploads\/2026\/03\/Bulk-Fruit-Cat-Eye-Gel-Polish-Supplier-3-1200x1431.webp 1200w, https:\/\/www.fsyougel.com\/wp-content\/uploads\/2026\/03\/Bulk-Fruit-Cat-Eye-Gel-Polish-Supplier-3-600x716.webp 600w\" sizes=\"(max-width: 1500px) 100vw, 1500px\" \/><\/figure>\n<\/div>\n<\/div>","protected":false},"excerpt":{"rendered":"<p>Willkommen zum Kauf unserer Bulk Fruit Cat Eye Gel Polish mit leuchtenden, von Fr\u00fcchten inspirierten Farben und starken Magneteffekten. Fabrik-Direkt-Gro\u00dfhandelspreise, kostenlose Proben und professionelle ODM-Anpassung f\u00fcr Nagelmarken und H\u00e4ndler.<\/p>\n<table border=\"0\" width=\"854\" cellspacing=\"0\" cellpadding=\"0\">\n<tbody>\n<tr>\n<td class=\"et3\" width=\"257\" height=\"44\">Marke<\/td>\n<td class=\"et3\" width=\"597\">YouGel<\/td>\n<\/tr>\n<tr>\n<td class=\"et4\" width=\"257\" height=\"44\">Modellnummer<\/td>\n<td class=\"et4\" width=\"597\">25CG01<\/td>\n<\/tr>\n<tr>\n<td class=\"et4\" width=\"257\" height=\"44\">Produkttyp<\/td>\n<td class=\"et4\" width=\"597\">UV\/LED-Gel-Politur zum Einweichen<\/td>\n<\/tr>\n<tr>\n<td class=\"et4\" width=\"257\" height=\"44\">Material<\/td>\n<td class=\"et4\" width=\"597\">Harz<\/td>\n<\/tr>\n<tr>\n<td class=\"et4\" width=\"257\" height=\"44\">Farbe<\/td>\n<td class=\"et4\" width=\"597\">16 Farben<\/td>\n<\/tr>\n<tr>\n<td class=\"et4\" width=\"257\" height=\"44\">Band<\/td>\n<td class=\"et4\" width=\"597\">8 ml<\/td>\n<\/tr>\n<tr>\n<td class=\"et4\" width=\"257\" height=\"44\">Sicherheit<\/td>\n<td class=\"et4\" width=\"597\">HEMA-frei, TPO-frei, ungiftig, MSDS verf\u00fcgbar<\/td>\n<\/tr>\n<tr>\n<td class=\"et4\" width=\"257\" height=\"44\">MOQ<\/td>\n<td class=\"et4\" width=\"597\">Niedriges MOQ<\/td>\n<\/tr>\n<tr>\n<td class=\"et4\" width=\"257\" height=\"44\">Kostenlose Probe<\/td>\n<td class=\"et4\" width=\"597\">Verf\u00fcgbar<\/td>\n<\/tr>\n<tr>\n<td class=\"et4\" width=\"257\" height=\"82\">Kundenspezifische Option<\/td>\n<td class=\"et4\" width=\"597\">OEM\/ODM-Dienste, kundenspezifische Logos, Etiketten und Verpackungen werden unterst\u00fctzt<\/td>\n<\/tr>\n<\/tbody>\n<\/table>\n<h2 class=\"brxe-heading\">Vom Gel Polish Hersteller<\/h2>\n<p><a href=\"https:\/\/www.fsyougel.com\/de\/\"><strong>YouGel<\/strong><\/a> ist ein vertrauensw\u00fcrdiger Hersteller von Gellacken, der hochwertige Gel-Basislacke anbietet, die f\u00fcr UV\/LED-N\u00e4gel geeignet sind. Unsere Produkte sind so konzipiert, dass sie sich problemlos auftragen lassen, lange halten und leicht einziehen.<\/p>","protected":false},"featured_media":1726,"comment_status":"closed","ping_status":"closed","template":"","meta":{"_acf_changed":false},"product_brand":[],"product_cat":[19,28],"product_tag":[],"class_list":{"0":"post-1722","1":"product","2":"type-product","3":"status-publish","4":"has-post-thumbnail","6":"product_cat-gel-polish-color-wholesale","7":"product_cat-cat-eye-gel-supplier","9":"first","10":"instock","11":"shipping-taxable","12":"product-type-simple"},"acf":[],"_links":{"self":[{"href":"https:\/\/www.fsyougel.com\/de\/wp-json\/wp\/v2\/product\/1722","targetHints":{"allow":["GET"]}}],"collection":[{"href":"https:\/\/www.fsyougel.com\/de\/wp-json\/wp\/v2\/product"}],"about":[{"href":"https:\/\/www.fsyougel.com\/de\/wp-json\/wp\/v2\/types\/product"}],"replies":[{"embeddable":true,"href":"https:\/\/www.fsyougel.com\/de\/wp-json\/wp\/v2\/comments?post=1722"}],"wp:featuredmedia":[{"embeddable":true,"href":"https:\/\/www.fsyougel.com\/de\/wp-json\/wp\/v2\/media\/1726"}],"wp:attachment":[{"href":"https:\/\/www.fsyougel.com\/de\/wp-json\/wp\/v2\/media?parent=1722"}],"wp:term":[{"taxonomy":"product_brand","embeddable":true,"href":"https:\/\/www.fsyougel.com\/de\/wp-json\/wp\/v2\/product_brand?post=1722"},{"taxonomy":"product_cat","embeddable":true,"href":"https:\/\/www.fsyougel.com\/de\/wp-json\/wp\/v2\/product_cat?post=1722"},{"taxonomy":"product_tag","embeddable":true,"href":"https:\/\/www.fsyougel.com\/de\/wp-json\/wp\/v2\/product_tag?post=1722"}],"curies":[{"name":"wp","href":"https:\/\/api.w.org\/{rel}","templated":true}]}}