{"id":1737,"date":"2026-03-17T08:31:00","date_gmt":"2026-03-17T08:31:00","guid":{"rendered":"https:\/\/www.fsyougel.com\/?post_type=product&#038;p=1737"},"modified":"2026-03-17T08:42:36","modified_gmt":"2026-03-17T08:42:36","slug":"custom-disco-diamond-gel-for-nail-art","status":"publish","type":"product","link":"https:\/\/www.fsyougel.com\/de\/produkt\/custom-disco-diamond-gel-for-nail-art\/","title":{"rendered":"Kundenspezifisches Disco-Diamant-Gel f\u00fcr die Nagelkunst mit reflektierendem Effekt Eigenmarke TPO-frei"},"content":{"rendered":"<div class=\"wp-block-columns is-layout-flex wp-container-core-columns-is-layout-9d6595d7 wp-block-columns-is-layout-flex\">\n<div class=\"wp-block-column is-layout-flow wp-block-column-is-layout-flow\">\n<h2 class=\"wp-block-heading\">Custom Disco Diamond Gel Eigenschaften:<\/h2>\n\n\n\n<ul class=\"wp-block-list\">\n<li><strong>Hochgradig reflektierender Diamantenglitzereffekt mit auffallender optischer Wirkung: <\/strong>Unser ma\u00dfgefertigtes Disco-Diamant-Gel enth\u00e4lt hochgl\u00e4nzende, reflektierende Partikel, die unter Licht oder Blitzlicht einen intensiven Schimmereffekt erzeugen und einen schillernden \u201cDisco-Diamant\u201d-Manik\u00fcre-Look kreieren, der auf dem Markt sehr beliebt ist.<\/li>\n\n\n\n<li><strong>TPO-freie, sicherere und umweltfreundlichere Formel:<\/strong> Dieses ma\u00dfgefertigte Disco-Diamantgel verwendet eine TPO-freie Formulierung, was zu einer geringeren Geruchsbildung und einer sanfteren Behandlung der N\u00e4gel f\u00fchrt und den aktuellen Trends auf dem europ\u00e4ischen und amerikanischen Markt f\u00fcr gesunde und umweltfreundliche Nagelprodukte entspricht.<\/li>\n\n\n\n<li><strong>Glatte und feine Gel-Textur, leicht aufzutragen:<\/strong> Das Gel hat eine gleichm\u00e4\u00dfige, glatte Textur mit ausgezeichneter Verteilbarkeit und selbstnivellierenden Eigenschaften. Der Glitter wird gleichm\u00e4\u00dfig verteilt, ohne zu verklumpen oder sich aufzut\u00fcrmen, was es ideal f\u00fcr eine effiziente Anwendung durch professionelle Nageltechniker macht.<\/li>\n\n\n\n<li><strong>UV\/LED Dual-Light Schnellh\u00e4rtung:<\/strong> Dieses Produkt ist sowohl mit UV- als auch mit LED-Aush\u00e4rtungssystemen kompatibel und bietet eine schnelle Aush\u00e4rtung und starke Haftung, wodurch sich das Custom Disco Diamond Gel f\u00fcr Nagelstudios mit hohem Volumen eignet.<\/li>\n\n\n\n<li><strong>Unterst\u00fctzung bei der Anpassung von Eigenmarken: <\/strong>Wir bieten umfassende Anpassungsdienste f\u00fcr Custom Disco Diamond Gel, einschlie\u00dflich Farbanpassungen, Entwicklung von Glitzereffekten, Flaschendesign und Logodruck, und helfen unseren Kunden so beim Aufbau unverwechselbarer Marken.<\/li>\n\n\n\n<li><strong>Werksdirekter Preisvorteil im Gro\u00dfhandel<\/strong>: Als Direkthersteller verf\u00fcgen wir \u00fcber stabile Produktionskapazit\u00e4ten und eine ausgereifte Lieferkette, die es uns erm\u00f6glichen, unseren Kunden wettbewerbsf\u00e4higere Gro\u00dfhandelspreise anzubieten und die Beschaffungskosten zu senken.<\/li>\n\n\n\n<li><strong>Geeignet f\u00fcr Multi-Channel-Verkauf und Promotion: <\/strong>Das benutzerdefinierte Disco Diamond Gel eignet sich ideal f\u00fcr den Markenaufbau, E-Commerce-Plattformen, virale Aktionen in den sozialen Medien und den Einsatz in Nagelstudios und weist ein starkes Marktwachstumspotenzial auf.<\/li>\n<\/ul>\n<\/div>\n\n\n\n<div class=\"wp-block-column is-layout-flow wp-block-column-is-layout-flow\">\n<figure class=\"wp-block-image size-full\"><img decoding=\"async\" width=\"1500\" height=\"1500\" src=\"https:\/\/www.fsyougel.com\/wp-content\/uploads\/2026\/03\/Custom-Disco-Diamond-Gel-for-Nail-Art-11.webp\" alt=\"Individuelles Disco-Diamant-Gel f\u00fcr die Nagelkunst (11)\" class=\"wp-image-1748\" srcset=\"https:\/\/www.fsyougel.com\/wp-content\/uploads\/2026\/03\/Custom-Disco-Diamond-Gel-for-Nail-Art-11.webp 1500w, https:\/\/www.fsyougel.com\/wp-content\/uploads\/2026\/03\/Custom-Disco-Diamond-Gel-for-Nail-Art-11-300x300.webp 300w, https:\/\/www.fsyougel.com\/wp-content\/uploads\/2026\/03\/Custom-Disco-Diamond-Gel-for-Nail-Art-11-150x150.webp 150w, https:\/\/www.fsyougel.com\/wp-content\/uploads\/2026\/03\/Custom-Disco-Diamond-Gel-for-Nail-Art-11-768x768.webp 768w, https:\/\/www.fsyougel.com\/wp-content\/uploads\/2026\/03\/Custom-Disco-Diamond-Gel-for-Nail-Art-11-12x12.webp 12w, https:\/\/www.fsyougel.com\/wp-content\/uploads\/2026\/03\/Custom-Disco-Diamond-Gel-for-Nail-Art-11-1200x1200.webp 1200w, https:\/\/www.fsyougel.com\/wp-content\/uploads\/2026\/03\/Custom-Disco-Diamond-Gel-for-Nail-Art-11-600x600.webp 600w, https:\/\/www.fsyougel.com\/wp-content\/uploads\/2026\/03\/Custom-Disco-Diamond-Gel-for-Nail-Art-11-100x100.webp 100w\" sizes=\"(max-width: 1500px) 100vw, 1500px\" \/><\/figure>\n<\/div>\n<\/div>\n\n\n\n<div class=\"wp-block-columns is-layout-flex wp-container-core-columns-is-layout-9d6595d7 wp-block-columns-is-layout-flex\">\n<div class=\"wp-block-column is-layout-flow wp-block-column-is-layout-flow\">\n<figure class=\"wp-block-image size-full\"><img decoding=\"async\" width=\"1500\" height=\"992\" src=\"https:\/\/www.fsyougel.com\/wp-content\/uploads\/2026\/03\/Custom-Disco-Diamond-Gel-for-Nail-Art-1.webp\" alt=\"Individuelles Disco-Diamant-Gel f\u00fcr die Nailart (1)\" class=\"wp-image-1738\" srcset=\"https:\/\/www.fsyougel.com\/wp-content\/uploads\/2026\/03\/Custom-Disco-Diamond-Gel-for-Nail-Art-1.webp 1500w, https:\/\/www.fsyougel.com\/wp-content\/uploads\/2026\/03\/Custom-Disco-Diamond-Gel-for-Nail-Art-1-300x198.webp 300w, https:\/\/www.fsyougel.com\/wp-content\/uploads\/2026\/03\/Custom-Disco-Diamond-Gel-for-Nail-Art-1-768x508.webp 768w, https:\/\/www.fsyougel.com\/wp-content\/uploads\/2026\/03\/Custom-Disco-Diamond-Gel-for-Nail-Art-1-18x12.webp 18w, https:\/\/www.fsyougel.com\/wp-content\/uploads\/2026\/03\/Custom-Disco-Diamond-Gel-for-Nail-Art-1-1200x794.webp 1200w, https:\/\/www.fsyougel.com\/wp-content\/uploads\/2026\/03\/Custom-Disco-Diamond-Gel-for-Nail-Art-1-600x397.webp 600w\" sizes=\"(max-width: 1500px) 100vw, 1500px\" \/><\/figure>\n<\/div>\n<\/div>\n\n\n\n<p><\/p>","protected":false},"excerpt":{"rendered":"<p data-start=\"398\" data-end=\"682\">Willkommen zum Kauf unseres individuellen Disco-Diamantgels mit stark reflektierendem Glitzereffekt und TPO-freier Formel. Factory-direct Gro\u00dfhandelspreise, kostenlose Proben, und private Label Anpassung f\u00fcr Nagelmarken.<\/p>\n<table border=\"0\" width=\"854\" cellspacing=\"0\" cellpadding=\"0\">\n<tbody>\n<tr>\n<td class=\"et3\" width=\"257\" height=\"44\">Marke<\/td>\n<td class=\"et3\" width=\"597\">YouGel<\/td>\n<\/tr>\n<tr>\n<td class=\"et4\" width=\"257\" height=\"44\">Modellnummer<\/td>\n<td class=\"et4\" width=\"597\">DG01<\/td>\n<\/tr>\n<tr>\n<td class=\"et4\" width=\"257\" height=\"44\">Produkttyp<\/td>\n<td class=\"et4\" width=\"597\">UV\/LED-Gel-Politur zum Einweichen<\/td>\n<\/tr>\n<tr>\n<td class=\"et4\" width=\"257\" height=\"44\">Material<\/td>\n<td class=\"et4\" width=\"597\">Harz<\/td>\n<\/tr>\n<tr>\n<td class=\"et4\" width=\"257\" height=\"44\">Farbe<\/td>\n<td class=\"et4\" width=\"597\">29 Farben<\/td>\n<\/tr>\n<tr>\n<td class=\"et4\" width=\"257\" height=\"44\">Band<\/td>\n<td class=\"et4\" width=\"597\">15 ml<\/td>\n<\/tr>\n<tr>\n<td class=\"et4\" width=\"257\" height=\"44\">Sicherheit<\/td>\n<td class=\"et4\" width=\"597\">HEMA-frei, TPO-frei, ungiftig, MSDS verf\u00fcgbar<\/td>\n<\/tr>\n<tr>\n<td class=\"et4\" width=\"257\" height=\"44\">MOQ<\/td>\n<td class=\"et4\" width=\"597\">Niedriges MOQ<\/td>\n<\/tr>\n<tr>\n<td class=\"et4\" width=\"257\" height=\"44\">Kostenlose Probe<\/td>\n<td class=\"et4\" width=\"597\">Verf\u00fcgbar<\/td>\n<\/tr>\n<tr>\n<td class=\"et4\" width=\"257\" height=\"82\">Kundenspezifische Option<\/td>\n<td class=\"et4\" width=\"597\">OEM\/ODM-Dienste, kundenspezifische Logos, Etiketten und Verpackungen werden unterst\u00fctzt<\/td>\n<\/tr>\n<\/tbody>\n<\/table>\n<h2 class=\"brxe-heading\">Vom Gel Polish Hersteller<\/h2>\n<p><a href=\"https:\/\/www.fsyougel.com\/de\/\"><strong>YouGel<\/strong><\/a> ist ein vertrauensw\u00fcrdiger Hersteller von Gellacken, der hochwertige Gel-Basislacke anbietet, die f\u00fcr UV\/LED-N\u00e4gel geeignet sind. Unsere Produkte sind so konzipiert, dass sie sich problemlos auftragen lassen, lange halten und leicht einziehen.<\/p>","protected":false},"featured_media":1741,"comment_status":"closed","ping_status":"closed","template":"","meta":{"_acf_changed":false},"product_brand":[],"product_cat":[19],"product_tag":[],"class_list":{"0":"post-1737","1":"product","2":"type-product","3":"status-publish","4":"has-post-thumbnail","6":"product_cat-gel-polish-color-wholesale","8":"first","9":"instock","10":"shipping-taxable","11":"product-type-simple"},"acf":[],"_links":{"self":[{"href":"https:\/\/www.fsyougel.com\/de\/wp-json\/wp\/v2\/product\/1737","targetHints":{"allow":["GET"]}}],"collection":[{"href":"https:\/\/www.fsyougel.com\/de\/wp-json\/wp\/v2\/product"}],"about":[{"href":"https:\/\/www.fsyougel.com\/de\/wp-json\/wp\/v2\/types\/product"}],"replies":[{"embeddable":true,"href":"https:\/\/www.fsyougel.com\/de\/wp-json\/wp\/v2\/comments?post=1737"}],"wp:featuredmedia":[{"embeddable":true,"href":"https:\/\/www.fsyougel.com\/de\/wp-json\/wp\/v2\/media\/1741"}],"wp:attachment":[{"href":"https:\/\/www.fsyougel.com\/de\/wp-json\/wp\/v2\/media?parent=1737"}],"wp:term":[{"taxonomy":"product_brand","embeddable":true,"href":"https:\/\/www.fsyougel.com\/de\/wp-json\/wp\/v2\/product_brand?post=1737"},{"taxonomy":"product_cat","embeddable":true,"href":"https:\/\/www.fsyougel.com\/de\/wp-json\/wp\/v2\/product_cat?post=1737"},{"taxonomy":"product_tag","embeddable":true,"href":"https:\/\/www.fsyougel.com\/de\/wp-json\/wp\/v2\/product_tag?post=1737"}],"curies":[{"name":"wp","href":"https:\/\/api.w.org\/{rel}","templated":true}]}}