{"id":496,"date":"2025-08-17T18:08:11","date_gmt":"2025-08-17T18:08:11","guid":{"rendered":"https:\/\/www.fsyougel.com\/?post_type=product&#038;p=496"},"modified":"2025-08-18T01:21:30","modified_gmt":"2025-08-18T01:21:30","slug":"custom-base-coat-gel-15ml","status":"publish","type":"product","link":"https:\/\/www.fsyougel.com\/de\/produkt\/custom-base-coat-gel-15ml\/","title":{"rendered":"Custom Base Coat Gel 15ml Soak Off, OEM-Nagellack f\u00fcr den professionellen Einsatz"},"content":{"rendered":"<p><strong>Was ist eine Grundierung? <\/strong>Ein Unterlack ist die erste Schicht eines Nagelpflegeprodukts, die auf die N\u00e4gel aufgetragen wird. Er dient als sch\u00fctzende Barriere zwischen der Nailart und der Nagelplatte sowie als Basisschicht f\u00fcr farbigen Nagellack oder Gel. Er beugt wirksam Nagelverf\u00e4rbungen vor, st\u00e4rkt die Nageloberfl\u00e4che und bietet eine glatte, gleichm\u00e4\u00dfige Grundlage f\u00fcr den anschlie\u00dfenden Farbauftrag und sorgt so f\u00fcr eine l\u00e4nger anhaltende Nagelkunst, die weniger zum Absplittern neigt.<\/p>\n\n\n\n<div class=\"wp-block-columns is-layout-flex wp-container-core-columns-is-layout-9d6595d7 wp-block-columns-is-layout-flex\">\n<div class=\"wp-block-column is-layout-flow wp-block-column-is-layout-flow\">\n<h2 class=\"wp-block-heading\">Custom Base Coat Merkmale:<\/h2>\n\n\n\n<ul class=\"wp-block-list\">\n<li><strong>Mittlere Konsistenz<\/strong>: Diese kundenspezifische Grundierung hat eine mittlere Konsistenz, die ein gleichm\u00e4\u00dfiges Auftragen ohne Schlieren oder Unebenheiten erm\u00f6glicht.<\/li>\n\n\n\n<li><strong>Starke Adh\u00e4sion<\/strong>: Die starke Haftung sorgt daf\u00fcr, dass der OEM-Nagellack l\u00e4nger h\u00e4lt und nicht so leicht abbl\u00e4ttert.<\/li>\n\n\n\n<li><strong>Schutz der N\u00e4gel<\/strong>: Bildet eine Schutzschicht, die die Nagelplatte vor Farbpigmenten sch\u00fctzt.<\/li>\n\n\n\n<li><strong>Einfaches Abwaschen<\/strong>: Leicht abnehmbar, ohne \u00fcberm\u00e4\u00dfiges Aufrauen, daher bequem zu verwenden.<\/li>\n\n\n\n<li><strong>Leichter Geruch<\/strong>: Geruchsarme Formel f\u00fcr komfortablen Gebrauch, minimiert unangenehme Ger\u00fcche.<\/li>\n\n\n\n<li><strong>Langlebig<\/strong>: Lang anhaltende Leistung. Selbst Menschen mit d\u00fcnnen, br\u00fcchigen N\u00e4geln k\u00f6nnen mit dem Unterlack \u00fcber 21 Tage lang eine perfekte Manik\u00fcre aufrechterhalten, was ihn zur idealen Wahl f\u00fcr hochwertige individuelle Unterlacke macht.<\/li>\n\n\n\n<li><strong>Gute Flexibilit\u00e4t<\/strong>: Ausgezeichnete Elastizit\u00e4t, passt sich der nat\u00fcrlichen Kr\u00fcmmung des Nagels an und ist weniger anf\u00e4llig f\u00fcr Risse.<\/li>\n\n\n\n<li><strong>OEM-Anpassung<\/strong>: Unterst\u00fctzt OEM-Nagellackanpassung und erm\u00f6glicht den Druck von kundenspezifischen Etiketten, Logos und Verpackungen, um die Anforderungen professioneller Nagelmarken zu erf\u00fcllen.<\/li>\n<\/ul>\n<\/div>\n\n\n\n<div class=\"wp-block-column is-layout-flow wp-block-column-is-layout-flow\">\n<figure class=\"wp-block-image size-full\"><img decoding=\"async\" width=\"1500\" height=\"1500\" src=\"https:\/\/www.fsyougel.com\/wp-content\/uploads\/2025\/08\/Custom-Base-Coat-Features.webp\" alt=\"Merkmale der kundenspezifischen Grundierung\" class=\"wp-image-498\" srcset=\"https:\/\/www.fsyougel.com\/wp-content\/uploads\/2025\/08\/Custom-Base-Coat-Features.webp 1500w, https:\/\/www.fsyougel.com\/wp-content\/uploads\/2025\/08\/Custom-Base-Coat-Features-300x300.webp 300w, https:\/\/www.fsyougel.com\/wp-content\/uploads\/2025\/08\/Custom-Base-Coat-Features-150x150.webp 150w, https:\/\/www.fsyougel.com\/wp-content\/uploads\/2025\/08\/Custom-Base-Coat-Features-768x768.webp 768w, https:\/\/www.fsyougel.com\/wp-content\/uploads\/2025\/08\/Custom-Base-Coat-Features-1200x1200.webp 1200w, https:\/\/www.fsyougel.com\/wp-content\/uploads\/2025\/08\/Custom-Base-Coat-Features-600x600.webp 600w, https:\/\/www.fsyougel.com\/wp-content\/uploads\/2025\/08\/Custom-Base-Coat-Features-100x100.webp 100w\" sizes=\"(max-width: 1500px) 100vw, 1500px\" \/><\/figure>\n<\/div>\n<\/div>\n\n\n\n<div class=\"wp-block-columns is-layout-flex wp-container-core-columns-is-layout-9d6595d7 wp-block-columns-is-layout-flex\">\n<div class=\"wp-block-column is-layout-flow wp-block-column-is-layout-flow\">\n<figure class=\"wp-block-image size-full\"><img decoding=\"async\" width=\"920\" height=\"920\" src=\"https:\/\/www.fsyougel.com\/wp-content\/uploads\/2025\/08\/Custom-Base-Coat-Gel-15ml-Soak-Off-4.webp\" alt=\"Benutzerdefinierte Grundierung Gel 15ml Soak Off (4)\" class=\"wp-image-500\" srcset=\"https:\/\/www.fsyougel.com\/wp-content\/uploads\/2025\/08\/Custom-Base-Coat-Gel-15ml-Soak-Off-4.webp 920w, https:\/\/www.fsyougel.com\/wp-content\/uploads\/2025\/08\/Custom-Base-Coat-Gel-15ml-Soak-Off-4-300x300.webp 300w, https:\/\/www.fsyougel.com\/wp-content\/uploads\/2025\/08\/Custom-Base-Coat-Gel-15ml-Soak-Off-4-150x150.webp 150w, https:\/\/www.fsyougel.com\/wp-content\/uploads\/2025\/08\/Custom-Base-Coat-Gel-15ml-Soak-Off-4-768x768.webp 768w, https:\/\/www.fsyougel.com\/wp-content\/uploads\/2025\/08\/Custom-Base-Coat-Gel-15ml-Soak-Off-4-600x600.webp 600w, https:\/\/www.fsyougel.com\/wp-content\/uploads\/2025\/08\/Custom-Base-Coat-Gel-15ml-Soak-Off-4-100x100.webp 100w\" sizes=\"(max-width: 920px) 100vw, 920px\" \/><\/figure>\n<\/div>\n\n\n\n<div class=\"wp-block-column is-layout-flow wp-block-column-is-layout-flow\">\n<h2 class=\"wp-block-heading\">Verarbeitungshinweise f\u00fcr Base Coat<\/h2>\n\n\n\n<ul class=\"wp-block-list\">\n<li>N\u00e4gel reinigen: Reinigen Sie zun\u00e4chst die Nageloberfl\u00e4che gr\u00fcndlich, um \u00d6l und Staub zu entfernen.<\/li>\n\n\n\n<li>Unterlack auftragen: Nehmen Sie eine angemessene Menge des Unterlacks und tragen Sie ihn gleichm\u00e4\u00dfig auf die Nageloberfl\u00e4che auf, so dass er vollst\u00e4ndig bedeckt ist.<\/li>\n\n\n\n<li>UV\/LED-H\u00e4rtung: Legen Sie die beschichtete Basisschicht f\u00fcr 1-2 Minuten unter eine UV\/LED-Lampe (passen Sie die Zeit je nach Lampenst\u00e4rke an).<\/li>\n\n\n\n<li>Farbe auftragen: Nach dem Aush\u00e4rten tragen Sie den farbigen OEM-Nagellack auf. Bei mehreren Schichten, h\u00e4rten Sie jede Schicht einzeln aus.<\/li>\n\n\n\n<li>Pflege des Decklacks: Tragen Sie abschlie\u00dfend einen Decklack oder Glanz auf, um die Haltbarkeit und den Glanz zu erh\u00f6hen.<\/li>\n\n\n\n<li>Entfernungsmethode: Verwenden Sie die Einweichmethode zur einfachen Entfernung und vermeiden Sie \u00fcberm\u00e4\u00dfiges Polieren, um die Gesundheit der N\u00e4gel zu sch\u00fctzen.<\/li>\n<\/ul>\n<\/div>\n<\/div>","protected":false},"excerpt":{"rendered":"<p>15ml Custom Base Coat Gel Soak Off mit mittlerer Konsistenz und starker Haftkraft. Sch\u00fctzt die nat\u00fcrlichen N\u00e4gel, bietet lang anhaltenden Halt und l\u00e4sst sich leicht entfernen, ohne sie zu besch\u00e4digen. Perfekt f\u00fcr Salons und Kosmetikgesch\u00e4fte. OEM, kostenlose Muster und Fabrikpreise verf\u00fcgbar.<\/p>\n<table border=\"0\" width=\"854\" cellspacing=\"0\" cellpadding=\"0\">\n<tbody>\n<tr>\n<td width=\"257\" height=\"44\">Marke<\/td>\n<td width=\"597\">YouGel<\/td>\n<\/tr>\n<tr>\n<td width=\"257\" height=\"44\">Modellnummer<\/td>\n<td width=\"597\">BC01<\/td>\n<\/tr>\n<tr>\n<td width=\"257\" height=\"44\">Produkttyp<\/td>\n<td width=\"597\">Eintauchende UV\/LED<\/td>\n<\/tr>\n<tr>\n<td width=\"257\" height=\"44\">Material<\/td>\n<td width=\"597\">Harz<\/td>\n<\/tr>\n<tr>\n<td width=\"257\" height=\"44\">Farbe<\/td>\n<td width=\"597\">Klar\/ Optionale Farbe<\/td>\n<\/tr>\n<tr>\n<td width=\"257\" height=\"44\">Band<\/td>\n<td width=\"597\">15ml, 1kg<\/td>\n<\/tr>\n<tr>\n<td width=\"257\" height=\"44\">Sicherheit<\/td>\n<td width=\"597\">HEMA-frei, ungiftig, MSDS verf\u00fcgbar<\/td>\n<\/tr>\n<tr>\n<td width=\"257\" height=\"44\">MOQ<\/td>\n<td width=\"597\">Niedriges MOQ<\/td>\n<\/tr>\n<tr>\n<td width=\"257\" height=\"44\">Kostenlose Probe<\/td>\n<td width=\"597\">Verf\u00fcgbar<\/td>\n<\/tr>\n<tr>\n<td width=\"257\" height=\"82\">Kundenspezifische Option<\/td>\n<td width=\"597\">OEM\/ODM-Dienste, kundenspezifische Logos, Etiketten und Verpackungen werden unterst\u00fctzt<\/td>\n<\/tr>\n<\/tbody>\n<\/table>\n<h2 class=\"brxe-heading\">Vom Gel-Basislack-Hersteller<\/h2>\n<p>YouGel ist ein vertrauensw\u00fcrdiger Hersteller von Gel-Basislacken, der hochwertige, f\u00fcr UV\/LED-N\u00e4gel geeignete Gel-Basislacke anbietet. Unsere Produkte sind so konzipiert, dass sie reibungslos aufgetragen werden k\u00f6nnen, lange halten und leicht einziehen.<\/p>","protected":false},"featured_media":502,"comment_status":"closed","ping_status":"closed","template":"","meta":{"_acf_changed":false},"product_brand":[],"product_cat":[17],"product_tag":[],"class_list":{"0":"post-496","1":"product","2":"type-product","3":"status-publish","4":"has-post-thumbnail","6":"product_cat-wholesale-base-coat","8":"first","9":"instock","10":"shipping-taxable","11":"product-type-simple"},"acf":[],"_links":{"self":[{"href":"https:\/\/www.fsyougel.com\/de\/wp-json\/wp\/v2\/product\/496","targetHints":{"allow":["GET"]}}],"collection":[{"href":"https:\/\/www.fsyougel.com\/de\/wp-json\/wp\/v2\/product"}],"about":[{"href":"https:\/\/www.fsyougel.com\/de\/wp-json\/wp\/v2\/types\/product"}],"replies":[{"embeddable":true,"href":"https:\/\/www.fsyougel.com\/de\/wp-json\/wp\/v2\/comments?post=496"}],"wp:featuredmedia":[{"embeddable":true,"href":"https:\/\/www.fsyougel.com\/de\/wp-json\/wp\/v2\/media\/502"}],"wp:attachment":[{"href":"https:\/\/www.fsyougel.com\/de\/wp-json\/wp\/v2\/media?parent=496"}],"wp:term":[{"taxonomy":"product_brand","embeddable":true,"href":"https:\/\/www.fsyougel.com\/de\/wp-json\/wp\/v2\/product_brand?post=496"},{"taxonomy":"product_cat","embeddable":true,"href":"https:\/\/www.fsyougel.com\/de\/wp-json\/wp\/v2\/product_cat?post=496"},{"taxonomy":"product_tag","embeddable":true,"href":"https:\/\/www.fsyougel.com\/de\/wp-json\/wp\/v2\/product_tag?post=496"}],"curies":[{"name":"wp","href":"https:\/\/api.w.org\/{rel}","templated":true}]}}