{"id":505,"date":"2025-08-17T18:55:39","date_gmt":"2025-08-17T18:55:39","guid":{"rendered":"https:\/\/www.fsyougel.com\/?post_type=product&#038;p=505"},"modified":"2025-08-18T01:25:11","modified_gmt":"2025-08-18T01:25:11","slug":"clear-rubber-base-coat-supplier","status":"publish","type":"product","link":"https:\/\/www.fsyougel.com\/de\/produkt\/clear-rubber-base-coat-supplier\/","title":{"rendered":"Clear Rubber Base Coat Lieferant, neue Nagel Gel Lack Gro\u00dfhandel f\u00fcr Salon"},"content":{"rendered":"<div class=\"wp-block-columns is-layout-flex wp-container-core-columns-is-layout-9d6595d7 wp-block-columns-is-layout-flex\">\n<div class=\"wp-block-column is-layout-flow wp-block-column-is-layout-flow\">\n<h2 class=\"wp-block-heading\">Kundenspezifischer klarer Gummibasislack Merkmale:<\/h2>\n\n\n\n<ul class=\"wp-block-list\">\n<li><strong>Dickere Konsistenz<\/strong>: Das Nagellack-Gel ist dick und reichhaltig, was das gleichm\u00e4\u00dfige Auftragen erleichtert und Tropfen und Pinselspuren reduziert.<\/li>\n\n\n\n<li><strong>Hochviskos<\/strong>: Es bedeckt die Nageloberfl\u00e4che fest, verbessert die Haftung und verhindert das Abbl\u00e4ttern oder Abheben.<\/li>\n\n\n\n<li><strong>Superstark<\/strong>: Er ist haltbar und langanhaltend, verbessert den Schutz der N\u00e4gel und reduziert Br\u00fcche und Sch\u00e4den.<\/li>\n\n\n\n<li><strong>Hervorragende Adh\u00e4sion:<\/strong> Die transparente Gummibasisschicht haftet perfekt auf Naturn\u00e4geln und bietet eine solide Grundlage f\u00fcr farbigen Gellack.<\/li>\n\n\n\n<li><strong>Klarer Gummigrundlack<\/strong>: Nat\u00fcrliche Farbabgabe, geeignet f\u00fcr die Kombination mit verschiedenen Nagellackfarben.<\/li>\n\n\n\n<li><strong>Geringf\u00fcgig Geruch:<\/strong> Mild und reizarm, f\u00fcr eine angenehmere Nagelpflege.<\/li>\n\n\n\n<li><strong>Langlebig 50+ Tage: <\/strong>H\u00e4lt das gl\u00e4nzende Finish \u00fcber einen l\u00e4ngeren Zeitraum aufrecht, so dass weniger h\u00e4ufig nachgearbeitet werden muss und der Friseur Zeit spart.<\/li>\n\n\n\n<li><strong>Fabrikdirektlieferung &amp; niedrige Mindestbestellmenge<\/strong>: Kostenlose Muster, kosteng\u00fcnstige Gro\u00dfhandelsoptionen und bequeme, schnelle Lagerhaltung.<\/li>\n\n\n\n<li><strong>Lieferant f\u00fcr Gummibeschichtungen<\/strong>: Als professioneller Lieferant von Rubber Base Coat bieten wir Salons und Gro\u00dfh\u00e4ndlern direkt qualitativ hochwertiges Rubber Base Coat an, was eine stabile Versorgung und Preisvorteile gew\u00e4hrleistet.<\/li>\n<\/ul>\n<\/div>\n\n\n\n<div class=\"wp-block-column is-layout-flow wp-block-column-is-layout-flow\">\n<figure class=\"wp-block-image size-full\"><img decoding=\"async\" width=\"1500\" height=\"1500\" src=\"https:\/\/www.fsyougel.com\/wp-content\/uploads\/2025\/08\/OEM-Clear-Rubber-Base-Coat-Supplier-1.webp\" alt=\"OEM-Klarsicht-Gummi-Basisbeschichtung Lieferant (1)\" class=\"wp-image-510\" srcset=\"https:\/\/www.fsyougel.com\/wp-content\/uploads\/2025\/08\/OEM-Clear-Rubber-Base-Coat-Supplier-1.webp 1500w, https:\/\/www.fsyougel.com\/wp-content\/uploads\/2025\/08\/OEM-Clear-Rubber-Base-Coat-Supplier-1-300x300.webp 300w, https:\/\/www.fsyougel.com\/wp-content\/uploads\/2025\/08\/OEM-Clear-Rubber-Base-Coat-Supplier-1-150x150.webp 150w, https:\/\/www.fsyougel.com\/wp-content\/uploads\/2025\/08\/OEM-Clear-Rubber-Base-Coat-Supplier-1-768x768.webp 768w, https:\/\/www.fsyougel.com\/wp-content\/uploads\/2025\/08\/OEM-Clear-Rubber-Base-Coat-Supplier-1-1200x1200.webp 1200w, https:\/\/www.fsyougel.com\/wp-content\/uploads\/2025\/08\/OEM-Clear-Rubber-Base-Coat-Supplier-1-600x600.webp 600w, https:\/\/www.fsyougel.com\/wp-content\/uploads\/2025\/08\/OEM-Clear-Rubber-Base-Coat-Supplier-1-100x100.webp 100w\" sizes=\"(max-width: 1500px) 100vw, 1500px\" \/><\/figure>\n<\/div>\n<\/div>\n\n\n\n<div class=\"wp-block-columns is-layout-flex wp-container-core-columns-is-layout-9d6595d7 wp-block-columns-is-layout-flex\">\n<div class=\"wp-block-column is-layout-flow wp-block-column-is-layout-flow\">\n<figure class=\"wp-block-image size-full\"><img decoding=\"async\" width=\"920\" height=\"920\" src=\"https:\/\/www.fsyougel.com\/wp-content\/uploads\/2025\/08\/Custom-Base-Coat-Gel-15ml-Soak-Off-5.webp\" alt=\"Benutzerdefinierte Grundierung Gel 15ml Soak Off (5)\" class=\"wp-image-501\" srcset=\"https:\/\/www.fsyougel.com\/wp-content\/uploads\/2025\/08\/Custom-Base-Coat-Gel-15ml-Soak-Off-5.webp 920w, https:\/\/www.fsyougel.com\/wp-content\/uploads\/2025\/08\/Custom-Base-Coat-Gel-15ml-Soak-Off-5-300x300.webp 300w, https:\/\/www.fsyougel.com\/wp-content\/uploads\/2025\/08\/Custom-Base-Coat-Gel-15ml-Soak-Off-5-150x150.webp 150w, https:\/\/www.fsyougel.com\/wp-content\/uploads\/2025\/08\/Custom-Base-Coat-Gel-15ml-Soak-Off-5-768x768.webp 768w, https:\/\/www.fsyougel.com\/wp-content\/uploads\/2025\/08\/Custom-Base-Coat-Gel-15ml-Soak-Off-5-600x600.webp 600w, https:\/\/www.fsyougel.com\/wp-content\/uploads\/2025\/08\/Custom-Base-Coat-Gel-15ml-Soak-Off-5-100x100.webp 100w\" sizes=\"(max-width: 920px) 100vw, 920px\" \/><\/figure>\n<\/div>\n\n\n\n<div class=\"wp-block-column is-layout-flow wp-block-column-is-layout-flow\">\n<figure class=\"wp-block-image size-full\"><img decoding=\"async\" width=\"920\" height=\"920\" src=\"https:\/\/www.fsyougel.com\/wp-content\/uploads\/2025\/08\/Custom-Base-Coat-Gel-15ml-Soak-Off-4.webp\" alt=\"Benutzerdefinierte Grundierung Gel 15ml Soak Off (4)\" class=\"wp-image-500\" srcset=\"https:\/\/www.fsyougel.com\/wp-content\/uploads\/2025\/08\/Custom-Base-Coat-Gel-15ml-Soak-Off-4.webp 920w, https:\/\/www.fsyougel.com\/wp-content\/uploads\/2025\/08\/Custom-Base-Coat-Gel-15ml-Soak-Off-4-300x300.webp 300w, https:\/\/www.fsyougel.com\/wp-content\/uploads\/2025\/08\/Custom-Base-Coat-Gel-15ml-Soak-Off-4-150x150.webp 150w, https:\/\/www.fsyougel.com\/wp-content\/uploads\/2025\/08\/Custom-Base-Coat-Gel-15ml-Soak-Off-4-768x768.webp 768w, https:\/\/www.fsyougel.com\/wp-content\/uploads\/2025\/08\/Custom-Base-Coat-Gel-15ml-Soak-Off-4-600x600.webp 600w, https:\/\/www.fsyougel.com\/wp-content\/uploads\/2025\/08\/Custom-Base-Coat-Gel-15ml-Soak-Off-4-100x100.webp 100w\" sizes=\"(max-width: 920px) 100vw, 920px\" \/><\/figure>\n<\/div>\n\n\n\n<div class=\"wp-block-column is-layout-flow wp-block-column-is-layout-flow\">\n<figure class=\"wp-block-image size-full\"><img decoding=\"async\" width=\"920\" height=\"920\" src=\"https:\/\/www.fsyougel.com\/wp-content\/uploads\/2025\/08\/Base-Coat-Nail-Polish-Wholesale-3.webp\" alt=\"Grundierung Nagellack Gro\u00dfhandel (3)\" class=\"wp-image-497\" srcset=\"https:\/\/www.fsyougel.com\/wp-content\/uploads\/2025\/08\/Base-Coat-Nail-Polish-Wholesale-3.webp 920w, https:\/\/www.fsyougel.com\/wp-content\/uploads\/2025\/08\/Base-Coat-Nail-Polish-Wholesale-3-300x300.webp 300w, https:\/\/www.fsyougel.com\/wp-content\/uploads\/2025\/08\/Base-Coat-Nail-Polish-Wholesale-3-150x150.webp 150w, https:\/\/www.fsyougel.com\/wp-content\/uploads\/2025\/08\/Base-Coat-Nail-Polish-Wholesale-3-768x768.webp 768w, https:\/\/www.fsyougel.com\/wp-content\/uploads\/2025\/08\/Base-Coat-Nail-Polish-Wholesale-3-600x600.webp 600w, https:\/\/www.fsyougel.com\/wp-content\/uploads\/2025\/08\/Base-Coat-Nail-Polish-Wholesale-3-100x100.webp 100w\" sizes=\"(max-width: 920px) 100vw, 920px\" \/><\/figure>\n<\/div>\n<\/div>","protected":false},"excerpt":{"rendered":"<p>Klarer Gummigrundlack mit dicker, aber flexibler Textur und hoher Viskosit\u00e4t f\u00fcr einen reibungslosen Auftrag. Passt sich der Nagelplatte an, deckt Unebenheiten ab und sorgt f\u00fcr ein makelloses Finish. Kontaktieren Sie uns noch heute f\u00fcr ein Angebot!<\/p>\n<table border=\"0\" width=\"854\" cellspacing=\"0\" cellpadding=\"0\">\n<tbody>\n<tr>\n<td width=\"257\" height=\"44\">Marke<\/td>\n<td width=\"597\">YouGel<\/td>\n<\/tr>\n<tr>\n<td width=\"257\" height=\"44\">Modellnummer<\/td>\n<td width=\"597\">BC02<\/td>\n<\/tr>\n<tr>\n<td width=\"257\" height=\"44\">Produkttyp<\/td>\n<td width=\"597\">Eintauchende UV\/LED<\/td>\n<\/tr>\n<tr>\n<td width=\"257\" height=\"44\">Material<\/td>\n<td width=\"597\">Harz<\/td>\n<\/tr>\n<tr>\n<td width=\"257\" height=\"44\">Farbe<\/td>\n<td width=\"597\">Klar\/ Optionale Farbe<\/td>\n<\/tr>\n<tr>\n<td width=\"257\" height=\"44\">Band<\/td>\n<td width=\"597\">15ml, 1kg<\/td>\n<\/tr>\n<tr>\n<td width=\"257\" height=\"44\">Sicherheit<\/td>\n<td width=\"597\">HEMA-frei, ungiftig, MSDS verf\u00fcgbar<\/td>\n<\/tr>\n<tr>\n<td width=\"257\" height=\"44\">MOQ<\/td>\n<td width=\"597\">Niedriges MOQ<\/td>\n<\/tr>\n<tr>\n<td width=\"257\" height=\"44\">Kostenlose Probe<\/td>\n<td width=\"597\">Verf\u00fcgbar<\/td>\n<\/tr>\n<tr>\n<td width=\"257\" height=\"82\">Kundenspezifische Option<\/td>\n<td width=\"597\">OEM\/ODM-Dienste, kundenspezifische Logos, Etiketten und Verpackungen werden unterst\u00fctzt<\/td>\n<\/tr>\n<\/tbody>\n<\/table>\n<h2 class=\"brxe-heading\">Vom Gel-Basislack-Hersteller<\/h2>\n<p>YouGel ist ein vertrauensw\u00fcrdiger Hersteller von Gel-Basislacken, der hochwertige, f\u00fcr UV\/LED-N\u00e4gel geeignete Gel-Basislacke anbietet. Unsere Produkte sind so konzipiert, dass sie reibungslos aufgetragen werden k\u00f6nnen, lange halten und leicht einziehen.<\/p>","protected":false},"featured_media":511,"comment_status":"closed","ping_status":"closed","template":"","meta":{"_acf_changed":false},"product_brand":[],"product_cat":[17],"product_tag":[],"class_list":{"0":"post-505","1":"product","2":"type-product","3":"status-publish","4":"has-post-thumbnail","6":"product_cat-wholesale-base-coat","8":"first","9":"instock","10":"shipping-taxable","11":"product-type-simple"},"acf":[],"_links":{"self":[{"href":"https:\/\/www.fsyougel.com\/de\/wp-json\/wp\/v2\/product\/505","targetHints":{"allow":["GET"]}}],"collection":[{"href":"https:\/\/www.fsyougel.com\/de\/wp-json\/wp\/v2\/product"}],"about":[{"href":"https:\/\/www.fsyougel.com\/de\/wp-json\/wp\/v2\/types\/product"}],"replies":[{"embeddable":true,"href":"https:\/\/www.fsyougel.com\/de\/wp-json\/wp\/v2\/comments?post=505"}],"wp:featuredmedia":[{"embeddable":true,"href":"https:\/\/www.fsyougel.com\/de\/wp-json\/wp\/v2\/media\/511"}],"wp:attachment":[{"href":"https:\/\/www.fsyougel.com\/de\/wp-json\/wp\/v2\/media?parent=505"}],"wp:term":[{"taxonomy":"product_brand","embeddable":true,"href":"https:\/\/www.fsyougel.com\/de\/wp-json\/wp\/v2\/product_brand?post=505"},{"taxonomy":"product_cat","embeddable":true,"href":"https:\/\/www.fsyougel.com\/de\/wp-json\/wp\/v2\/product_cat?post=505"},{"taxonomy":"product_tag","embeddable":true,"href":"https:\/\/www.fsyougel.com\/de\/wp-json\/wp\/v2\/product_tag?post=505"}],"curies":[{"name":"wp","href":"https:\/\/api.w.org\/{rel}","templated":true}]}}