{"id":514,"date":"2025-08-17T19:54:37","date_gmt":"2025-08-17T19:54:37","guid":{"rendered":"https:\/\/www.fsyougel.com\/?post_type=product&#038;p=514"},"modified":"2025-08-18T01:23:16","modified_gmt":"2025-08-18T01:23:16","slug":"oem-color-base-coat-wholesale","status":"publish","type":"product","link":"https:\/\/www.fsyougel.com\/de\/produkt\/oem-color-base-coat-wholesale\/","title":{"rendered":"OEM\/ODM Gel-Nagelfarbe Grundierung, Gro\u00dfhandel Gel-Lack Lieferant f\u00fcr Salons"},"content":{"rendered":"<div class=\"wp-block-columns is-layout-flex wp-container-core-columns-is-layout-9d6595d7 wp-block-columns-is-layout-flex\">\n<div class=\"wp-block-column is-layout-flow wp-block-column-is-layout-flow\">\n<h2 class=\"wp-block-heading\">Custom Gel Nail Color Base Coat Eigenschaften:<\/h2>\n\n\n\n<ul class=\"wp-block-list\">\n<li><strong>Naturkautschuk<\/strong>: Eine gesunde und sichere Formel, die sanft und reizarm ist, kein HEMA enth\u00e4lt und die N\u00e4gel vor chemischen Sch\u00e4den sch\u00fctzt.<\/li>\n\n\n\n<li><strong>2-in-1 Basis &amp; Farbe:<\/strong> Spart Zeit und M\u00fche durch die Kombination von Unterlack und farbigem Nagellack in einem Schritt, was die Anwendung einfach und bequem macht.<\/li>\n\n\n\n<li><strong>Langanhaltender Glanz (30 Tage lang anhaltend):<\/strong> Verringert den Bedarf an h\u00e4ufigem Ausbessern, sorgt f\u00fcr lang anhaltende Nailart-Effekte und spart Zeit im Friseursalon.<\/li>\n\n\n\n<li><strong>Dickere Konsistenz<\/strong>: Dick und reichhaltig, l\u00e4uft nicht aus, l\u00e4sst sich leicht und gleichm\u00e4\u00dfig verteilen und deckt Unebenheiten der N\u00e4gel ab.<\/li>\n\n\n\n<li><strong>Hohe Adh\u00e4sion<\/strong>: Haftet stark an den N\u00e4geln und verhindert das Abbl\u00e4ttern oder Abheben.<\/li>\n\n\n\n<li><strong>Reiche Farbauswahl<\/strong>: Nat\u00fcrliche Farbabgabe, geeignet f\u00fcr verschiedene Nagellackkombinationen.<\/li>\n\n\n\n<li><strong>Fabrikdirektlieferung &amp; niedrige Mindestbestellmenge<\/strong>: Kostenlose Probe Erfahrung, kosteng\u00fcnstige Gro\u00dfhandel Farbe Grundierung, bequem und schnell auf Lager.<\/li>\n\n\n\n<li><strong>Gummigrundierung<\/strong>r: Professioneller Lieferant von Gel Farbe Basislack, die Gew\u00e4hrleistung einer stabilen Versorgung und Fabrik direkte Lieferung Preisvorteile.<\/li>\n<\/ul>\n<\/div>\n\n\n\n<div class=\"wp-block-column is-layout-flow wp-block-column-is-layout-flow\">\n<figure class=\"wp-block-image size-full\"><img decoding=\"async\" width=\"1500\" height=\"1500\" src=\"https:\/\/www.fsyougel.com\/wp-content\/uploads\/2025\/08\/Gel-Nail-Color-Base-Coat-Wholesale.webp\" alt=\"Gel-Nagelfarbe Grundierung Gro\u00dfhandel\" class=\"wp-image-520\" srcset=\"https:\/\/www.fsyougel.com\/wp-content\/uploads\/2025\/08\/Gel-Nail-Color-Base-Coat-Wholesale.webp 1500w, https:\/\/www.fsyougel.com\/wp-content\/uploads\/2025\/08\/Gel-Nail-Color-Base-Coat-Wholesale-300x300.webp 300w, https:\/\/www.fsyougel.com\/wp-content\/uploads\/2025\/08\/Gel-Nail-Color-Base-Coat-Wholesale-150x150.webp 150w, https:\/\/www.fsyougel.com\/wp-content\/uploads\/2025\/08\/Gel-Nail-Color-Base-Coat-Wholesale-768x768.webp 768w, https:\/\/www.fsyougel.com\/wp-content\/uploads\/2025\/08\/Gel-Nail-Color-Base-Coat-Wholesale-1200x1200.webp 1200w, https:\/\/www.fsyougel.com\/wp-content\/uploads\/2025\/08\/Gel-Nail-Color-Base-Coat-Wholesale-600x600.webp 600w, https:\/\/www.fsyougel.com\/wp-content\/uploads\/2025\/08\/Gel-Nail-Color-Base-Coat-Wholesale-100x100.webp 100w\" sizes=\"(max-width: 1500px) 100vw, 1500px\" \/><\/figure>\n<\/div>\n<\/div>\n\n\n\n<div class=\"wp-block-columns is-layout-flex wp-container-core-columns-is-layout-9d6595d7 wp-block-columns-is-layout-flex\">\n<div class=\"wp-block-column is-layout-flow wp-block-column-is-layout-flow\">\n<figure class=\"wp-block-image size-full\"><img decoding=\"async\" width=\"1500\" height=\"1500\" src=\"https:\/\/www.fsyougel.com\/wp-content\/uploads\/2025\/08\/Color-Base-Coat-Wholesale-4.webp\" alt=\"Farbe Grundierung Gro\u00dfhandel (4)\" class=\"wp-image-518\" srcset=\"https:\/\/www.fsyougel.com\/wp-content\/uploads\/2025\/08\/Color-Base-Coat-Wholesale-4.webp 1500w, https:\/\/www.fsyougel.com\/wp-content\/uploads\/2025\/08\/Color-Base-Coat-Wholesale-4-300x300.webp 300w, https:\/\/www.fsyougel.com\/wp-content\/uploads\/2025\/08\/Color-Base-Coat-Wholesale-4-150x150.webp 150w, https:\/\/www.fsyougel.com\/wp-content\/uploads\/2025\/08\/Color-Base-Coat-Wholesale-4-768x768.webp 768w, https:\/\/www.fsyougel.com\/wp-content\/uploads\/2025\/08\/Color-Base-Coat-Wholesale-4-1200x1200.webp 1200w, https:\/\/www.fsyougel.com\/wp-content\/uploads\/2025\/08\/Color-Base-Coat-Wholesale-4-600x600.webp 600w, https:\/\/www.fsyougel.com\/wp-content\/uploads\/2025\/08\/Color-Base-Coat-Wholesale-4-100x100.webp 100w\" sizes=\"(max-width: 1500px) 100vw, 1500px\" \/><\/figure>\n<\/div>\n\n\n\n<div class=\"wp-block-column is-layout-flow wp-block-column-is-layout-flow\">\n<figure class=\"wp-block-image size-full\"><img decoding=\"async\" width=\"1500\" height=\"1500\" src=\"https:\/\/www.fsyougel.com\/wp-content\/uploads\/2025\/08\/Color-Base-Coat-Wholesale-2.webp\" alt=\"Farbe Grundierung Gro\u00dfhandel (2)\" class=\"wp-image-516\" srcset=\"https:\/\/www.fsyougel.com\/wp-content\/uploads\/2025\/08\/Color-Base-Coat-Wholesale-2.webp 1500w, https:\/\/www.fsyougel.com\/wp-content\/uploads\/2025\/08\/Color-Base-Coat-Wholesale-2-300x300.webp 300w, https:\/\/www.fsyougel.com\/wp-content\/uploads\/2025\/08\/Color-Base-Coat-Wholesale-2-150x150.webp 150w, https:\/\/www.fsyougel.com\/wp-content\/uploads\/2025\/08\/Color-Base-Coat-Wholesale-2-768x768.webp 768w, https:\/\/www.fsyougel.com\/wp-content\/uploads\/2025\/08\/Color-Base-Coat-Wholesale-2-1200x1200.webp 1200w, https:\/\/www.fsyougel.com\/wp-content\/uploads\/2025\/08\/Color-Base-Coat-Wholesale-2-600x600.webp 600w, https:\/\/www.fsyougel.com\/wp-content\/uploads\/2025\/08\/Color-Base-Coat-Wholesale-2-100x100.webp 100w\" sizes=\"(max-width: 1500px) 100vw, 1500px\" \/><\/figure>\n<\/div>\n\n\n\n<div class=\"wp-block-column is-layout-flow wp-block-column-is-layout-flow\">\n<figure class=\"wp-block-image size-full\"><img decoding=\"async\" width=\"1500\" height=\"1500\" src=\"https:\/\/www.fsyougel.com\/wp-content\/uploads\/2025\/08\/Color-Base-Coat-Wholesale-3.webp\" alt=\"Farbe Grundierung Gro\u00dfhandel (3)\" class=\"wp-image-517\" srcset=\"https:\/\/www.fsyougel.com\/wp-content\/uploads\/2025\/08\/Color-Base-Coat-Wholesale-3.webp 1500w, https:\/\/www.fsyougel.com\/wp-content\/uploads\/2025\/08\/Color-Base-Coat-Wholesale-3-300x300.webp 300w, https:\/\/www.fsyougel.com\/wp-content\/uploads\/2025\/08\/Color-Base-Coat-Wholesale-3-150x150.webp 150w, https:\/\/www.fsyougel.com\/wp-content\/uploads\/2025\/08\/Color-Base-Coat-Wholesale-3-768x768.webp 768w, https:\/\/www.fsyougel.com\/wp-content\/uploads\/2025\/08\/Color-Base-Coat-Wholesale-3-1200x1200.webp 1200w, https:\/\/www.fsyougel.com\/wp-content\/uploads\/2025\/08\/Color-Base-Coat-Wholesale-3-600x600.webp 600w, https:\/\/www.fsyougel.com\/wp-content\/uploads\/2025\/08\/Color-Base-Coat-Wholesale-3-100x100.webp 100w\" sizes=\"(max-width: 1500px) 100vw, 1500px\" \/><\/figure>\n<\/div>\n\n\n\n<div class=\"wp-block-column is-layout-flow wp-block-column-is-layout-flow\">\n<figure class=\"wp-block-image size-full\"><img decoding=\"async\" width=\"1500\" height=\"1500\" src=\"https:\/\/www.fsyougel.com\/wp-content\/uploads\/2025\/08\/Color-Base-Coat-Wholesale-1.webp\" alt=\"Farbe Grundierung Gro\u00dfhandel (1)\" class=\"wp-image-515\" srcset=\"https:\/\/www.fsyougel.com\/wp-content\/uploads\/2025\/08\/Color-Base-Coat-Wholesale-1.webp 1500w, https:\/\/www.fsyougel.com\/wp-content\/uploads\/2025\/08\/Color-Base-Coat-Wholesale-1-300x300.webp 300w, https:\/\/www.fsyougel.com\/wp-content\/uploads\/2025\/08\/Color-Base-Coat-Wholesale-1-150x150.webp 150w, https:\/\/www.fsyougel.com\/wp-content\/uploads\/2025\/08\/Color-Base-Coat-Wholesale-1-768x768.webp 768w, https:\/\/www.fsyougel.com\/wp-content\/uploads\/2025\/08\/Color-Base-Coat-Wholesale-1-1200x1200.webp 1200w, https:\/\/www.fsyougel.com\/wp-content\/uploads\/2025\/08\/Color-Base-Coat-Wholesale-1-600x600.webp 600w, https:\/\/www.fsyougel.com\/wp-content\/uploads\/2025\/08\/Color-Base-Coat-Wholesale-1-100x100.webp 100w\" sizes=\"(max-width: 1500px) 100vw, 1500px\" \/><\/figure>\n<\/div>\n<\/div>","protected":false},"excerpt":{"rendered":"<p>Individueller Gel-Nagelfarbunterlack mit hochviskosem Naturkautschuk, HEMA-frei. Flexibel, leicht aufzutragen, h\u00e4lt bis zu 30 Tage, deckt Unebenheiten ab und sch\u00fctzt die N\u00e4gel. Direkt ab Werk, niedrige Mindestbestellmenge, kostenlose Muster, OEM und Eigenmarke erh\u00e4ltlich.<\/p>\n<table border=\"0\" width=\"854\" cellspacing=\"0\" cellpadding=\"0\">\n<tbody>\n<tr>\n<td width=\"257\" height=\"44\">Marke<\/td>\n<td width=\"597\">YouGel<\/td>\n<\/tr>\n<tr>\n<td width=\"257\" height=\"44\">Modellnummer<\/td>\n<td width=\"597\">RB01<\/td>\n<\/tr>\n<tr>\n<td width=\"257\" height=\"44\">Produkttyp<\/td>\n<td width=\"597\">Eintauchende UV\/LED<\/td>\n<\/tr>\n<tr>\n<td width=\"257\" height=\"44\">Material<\/td>\n<td width=\"597\">Harz<\/td>\n<\/tr>\n<tr>\n<td width=\"257\" height=\"44\">Farbe<\/td>\n<td width=\"597\">48 Farben<\/td>\n<\/tr>\n<tr>\n<td width=\"257\" height=\"44\">Band<\/td>\n<td width=\"597\">15ml, 1kg\/Zoll<\/td>\n<\/tr>\n<tr>\n<td width=\"257\" height=\"44\">Sicherheit<\/td>\n<td width=\"597\">HEMA-frei, ungiftig, MSDS verf\u00fcgbar<\/td>\n<\/tr>\n<tr>\n<td width=\"257\" height=\"44\">MOQ<\/td>\n<td width=\"597\">Niedriges MOQ<\/td>\n<\/tr>\n<tr>\n<td width=\"257\" height=\"44\">Kostenlose Probe<\/td>\n<td width=\"597\">Verf\u00fcgbar<\/td>\n<\/tr>\n<tr>\n<td width=\"257\" height=\"82\">Kundenspezifische Option<\/td>\n<td width=\"597\">OEM\/ODM-Dienste, kundenspezifische Logos, Etiketten und Verpackungen werden unterst\u00fctzt<\/td>\n<\/tr>\n<\/tbody>\n<\/table>\n<h2 class=\"brxe-heading\">Vom Gel-Basislack-Hersteller<\/h2>\n<p><strong>YouGel<\/strong> ist ein vertrauensw\u00fcrdiger Hersteller von Gel-Basislacken, der hochwertige, f\u00fcr UV\/LED-N\u00e4gel geeignete Gel-Basislacke anbietet. Unsere Produkte sind so konzipiert, dass sie reibungslos aufgetragen werden k\u00f6nnen, lange halten und leicht einziehen.<\/p>","protected":false},"featured_media":525,"comment_status":"closed","ping_status":"closed","template":"","meta":{"_acf_changed":false},"product_brand":[],"product_cat":[17],"product_tag":[],"class_list":{"0":"post-514","1":"product","2":"type-product","3":"status-publish","4":"has-post-thumbnail","6":"product_cat-wholesale-base-coat","8":"first","9":"instock","10":"shipping-taxable","11":"product-type-simple"},"acf":[],"_links":{"self":[{"href":"https:\/\/www.fsyougel.com\/de\/wp-json\/wp\/v2\/product\/514","targetHints":{"allow":["GET"]}}],"collection":[{"href":"https:\/\/www.fsyougel.com\/de\/wp-json\/wp\/v2\/product"}],"about":[{"href":"https:\/\/www.fsyougel.com\/de\/wp-json\/wp\/v2\/types\/product"}],"replies":[{"embeddable":true,"href":"https:\/\/www.fsyougel.com\/de\/wp-json\/wp\/v2\/comments?post=514"}],"wp:featuredmedia":[{"embeddable":true,"href":"https:\/\/www.fsyougel.com\/de\/wp-json\/wp\/v2\/media\/525"}],"wp:attachment":[{"href":"https:\/\/www.fsyougel.com\/de\/wp-json\/wp\/v2\/media?parent=514"}],"wp:term":[{"taxonomy":"product_brand","embeddable":true,"href":"https:\/\/www.fsyougel.com\/de\/wp-json\/wp\/v2\/product_brand?post=514"},{"taxonomy":"product_cat","embeddable":true,"href":"https:\/\/www.fsyougel.com\/de\/wp-json\/wp\/v2\/product_cat?post=514"},{"taxonomy":"product_tag","embeddable":true,"href":"https:\/\/www.fsyougel.com\/de\/wp-json\/wp\/v2\/product_tag?post=514"}],"curies":[{"name":"wp","href":"https:\/\/api.w.org\/{rel}","templated":true}]}}