{"id":538,"date":"2025-08-18T08:31:44","date_gmt":"2025-08-18T08:31:44","guid":{"rendered":"https:\/\/www.fsyougel.com\/?post_type=product&#038;p=538"},"modified":"2025-08-18T08:34:37","modified_gmt":"2025-08-18T08:34:37","slug":"velet-matte-top-coat-wholesale","status":"publish","type":"product","link":"https:\/\/www.fsyougel.com\/de\/produkt\/velet-matte-top-coat-wholesale\/","title":{"rendered":"Velet Matte Top Coat Gro\u00dfhandel 15ml HEMA frei Gel Nagellack Versorgung"},"content":{"rendered":"<div class=\"wp-block-columns is-layout-flex wp-container-core-columns-is-layout-9d6595d7 wp-block-columns-is-layout-flex\">\n<div class=\"wp-block-column is-layout-flow wp-block-column-is-layout-flow\">\n<h2 class=\"wp-block-heading\">Custom Velet Matte Top Coat Merkmale:<\/h2>\n\n\n\n<ul class=\"wp-block-list\">\n<li><strong>Premium Samtmatte Oberfl\u00e4che<\/strong> - Erzielen Sie ein glattes, nicht reflektierendes Aussehen mit unserem <strong>Velet Matte Top Coat Gro\u00dfhandel<\/strong>perfekt f\u00fcr professionelle Nagelstudios.<\/li>\n\n\n\n<li><strong>HEMA-freie Formel<\/strong> - Sicher und sanft zu Naturn\u00e4geln, ideal f\u00fcr alle Nageltypen, zur Verbesserung Ihrer <strong>Nagellackversorgung<\/strong> Angebote.<\/li>\n\n\n\n<li><strong>Langlebig und flexibel<\/strong> - Sorgt f\u00fcr ein splitterfreies Tragegef\u00fchl und erh\u00e4lt den samtig-matten Effekt die ganze Woche \u00fcber.<\/li>\n\n\n\n<li><strong>Einfache Anwendung<\/strong> - Die hochviskose Formel gleitet sanft \u00fcber die Nageloberfl\u00e4che und sorgt f\u00fcr eine makellose Deckkraft, die Ihr Aussehen verbessert. <strong>Nagellackversorgung<\/strong> Inventar.<\/li>\n\n\n\n<li><strong>Perfekt f\u00fcr Gro\u00dfbestellungen<\/strong> - Direkte Lieferung ab Werk erm\u00f6glicht <strong>Velet Matte Top Coat Gro\u00dfhandel<\/strong> Bestellungen mit niedrigem MOQ, OEM- und Eigenmarkenoptionen verf\u00fcgbar.<\/li>\n<\/ul>\n<\/div>\n\n\n\n<div class=\"wp-block-column is-layout-flow wp-block-column-is-layout-flow\">\n<figure class=\"wp-block-image size-full\"><img decoding=\"async\" width=\"1500\" height=\"1500\" src=\"https:\/\/www.fsyougel.com\/wp-content\/uploads\/2025\/08\/Velet-Matte-Top-Coat-Wholesale-2.webp\" alt=\"Velet Matte Top Coat Gro\u00dfhandel (2)\" class=\"wp-image-540\" srcset=\"https:\/\/www.fsyougel.com\/wp-content\/uploads\/2025\/08\/Velet-Matte-Top-Coat-Wholesale-2.webp 1500w, https:\/\/www.fsyougel.com\/wp-content\/uploads\/2025\/08\/Velet-Matte-Top-Coat-Wholesale-2-300x300.webp 300w, https:\/\/www.fsyougel.com\/wp-content\/uploads\/2025\/08\/Velet-Matte-Top-Coat-Wholesale-2-150x150.webp 150w, https:\/\/www.fsyougel.com\/wp-content\/uploads\/2025\/08\/Velet-Matte-Top-Coat-Wholesale-2-768x768.webp 768w, https:\/\/www.fsyougel.com\/wp-content\/uploads\/2025\/08\/Velet-Matte-Top-Coat-Wholesale-2-1200x1200.webp 1200w, https:\/\/www.fsyougel.com\/wp-content\/uploads\/2025\/08\/Velet-Matte-Top-Coat-Wholesale-2-600x600.webp 600w, https:\/\/www.fsyougel.com\/wp-content\/uploads\/2025\/08\/Velet-Matte-Top-Coat-Wholesale-2-100x100.webp 100w\" sizes=\"(max-width: 1500px) 100vw, 1500px\" \/><\/figure>\n<\/div>\n<\/div>\n\n\n\n<div class=\"wp-block-columns is-layout-flex wp-container-core-columns-is-layout-9d6595d7 wp-block-columns-is-layout-flex\">\n<div class=\"wp-block-column is-layout-flow wp-block-column-is-layout-flow\">\n<figure class=\"wp-block-image size-full\"><img decoding=\"async\" width=\"1500\" height=\"1500\" src=\"https:\/\/www.fsyougel.com\/wp-content\/uploads\/2025\/08\/Velet-Matte-Top-Coat-Wholesale-Manufacturer.webp\" alt=\"Velet Matte Top Coat Gro\u00dfhandel Hersteller\" class=\"wp-image-542\" srcset=\"https:\/\/www.fsyougel.com\/wp-content\/uploads\/2025\/08\/Velet-Matte-Top-Coat-Wholesale-Manufacturer.webp 1500w, https:\/\/www.fsyougel.com\/wp-content\/uploads\/2025\/08\/Velet-Matte-Top-Coat-Wholesale-Manufacturer-300x300.webp 300w, https:\/\/www.fsyougel.com\/wp-content\/uploads\/2025\/08\/Velet-Matte-Top-Coat-Wholesale-Manufacturer-150x150.webp 150w, https:\/\/www.fsyougel.com\/wp-content\/uploads\/2025\/08\/Velet-Matte-Top-Coat-Wholesale-Manufacturer-768x768.webp 768w, https:\/\/www.fsyougel.com\/wp-content\/uploads\/2025\/08\/Velet-Matte-Top-Coat-Wholesale-Manufacturer-1200x1200.webp 1200w, https:\/\/www.fsyougel.com\/wp-content\/uploads\/2025\/08\/Velet-Matte-Top-Coat-Wholesale-Manufacturer-600x600.webp 600w, https:\/\/www.fsyougel.com\/wp-content\/uploads\/2025\/08\/Velet-Matte-Top-Coat-Wholesale-Manufacturer-100x100.webp 100w\" sizes=\"(max-width: 1500px) 100vw, 1500px\" \/><\/figure>\n<\/div>\n\n\n\n<div class=\"wp-block-column is-layout-flow wp-block-column-is-layout-flow\">\n<figure class=\"wp-block-image size-full\"><img decoding=\"async\" width=\"1500\" height=\"1500\" src=\"https:\/\/www.fsyougel.com\/wp-content\/uploads\/2025\/08\/Velet-Matte-Top-Coat-Wholesale-Manufacturer-2.webp\" alt=\"Velet Matte Top Coat Gro\u00dfhandel Hersteller (2)\" class=\"wp-image-541\" srcset=\"https:\/\/www.fsyougel.com\/wp-content\/uploads\/2025\/08\/Velet-Matte-Top-Coat-Wholesale-Manufacturer-2.webp 1500w, https:\/\/www.fsyougel.com\/wp-content\/uploads\/2025\/08\/Velet-Matte-Top-Coat-Wholesale-Manufacturer-2-300x300.webp 300w, https:\/\/www.fsyougel.com\/wp-content\/uploads\/2025\/08\/Velet-Matte-Top-Coat-Wholesale-Manufacturer-2-150x150.webp 150w, https:\/\/www.fsyougel.com\/wp-content\/uploads\/2025\/08\/Velet-Matte-Top-Coat-Wholesale-Manufacturer-2-768x768.webp 768w, https:\/\/www.fsyougel.com\/wp-content\/uploads\/2025\/08\/Velet-Matte-Top-Coat-Wholesale-Manufacturer-2-1200x1200.webp 1200w, https:\/\/www.fsyougel.com\/wp-content\/uploads\/2025\/08\/Velet-Matte-Top-Coat-Wholesale-Manufacturer-2-600x600.webp 600w, https:\/\/www.fsyougel.com\/wp-content\/uploads\/2025\/08\/Velet-Matte-Top-Coat-Wholesale-Manufacturer-2-100x100.webp 100w\" sizes=\"(max-width: 1500px) 100vw, 1500px\" \/><\/figure>\n<\/div>\n<\/div>\n\n\n\n<div class=\"wp-block-columns is-layout-flex wp-container-core-columns-is-layout-9d6595d7 wp-block-columns-is-layout-flex\">\n<div class=\"wp-block-column is-layout-flow wp-block-column-is-layout-flow\">\n<figure class=\"wp-block-image size-full\"><img decoding=\"async\" width=\"1500\" height=\"1500\" src=\"https:\/\/www.fsyougel.com\/wp-content\/uploads\/2025\/08\/Velet-Matte-Top-Coat-Gel-Polish.webp\" alt=\"Velet Matte Top Coat Gel Polish\" class=\"wp-image-545\" srcset=\"https:\/\/www.fsyougel.com\/wp-content\/uploads\/2025\/08\/Velet-Matte-Top-Coat-Gel-Polish.webp 1500w, https:\/\/www.fsyougel.com\/wp-content\/uploads\/2025\/08\/Velet-Matte-Top-Coat-Gel-Polish-300x300.webp 300w, https:\/\/www.fsyougel.com\/wp-content\/uploads\/2025\/08\/Velet-Matte-Top-Coat-Gel-Polish-150x150.webp 150w, https:\/\/www.fsyougel.com\/wp-content\/uploads\/2025\/08\/Velet-Matte-Top-Coat-Gel-Polish-768x768.webp 768w, https:\/\/www.fsyougel.com\/wp-content\/uploads\/2025\/08\/Velet-Matte-Top-Coat-Gel-Polish-1200x1200.webp 1200w, https:\/\/www.fsyougel.com\/wp-content\/uploads\/2025\/08\/Velet-Matte-Top-Coat-Gel-Polish-600x600.webp 600w, https:\/\/www.fsyougel.com\/wp-content\/uploads\/2025\/08\/Velet-Matte-Top-Coat-Gel-Polish-100x100.webp 100w\" sizes=\"(max-width: 1500px) 100vw, 1500px\" \/><\/figure>\n<\/div>\n\n\n\n<div class=\"wp-block-column is-layout-flow wp-block-column-is-layout-flow\">\n<h2 class=\"wp-block-heading\">Samtmatter \u00dcberlack vs. gl\u00e4nzender \u00dcberlack - Hauptunterschiede f\u00fcr Nagellacke<\/h2>\n\n\n\n<p><strong>Oberfl\u00e4cheneffekte<\/strong><\/p>\n\n\n\n<ul class=\"wp-block-list\">\n<li>Velvet Matte Top Coat: Bietet ein mattes, samtiges Finish mit einem nicht reflektierenden Look f\u00fcr unaufdringliche Raffinesse.<\/li>\n\n\n\n<li>Gl\u00e4nzender Decklack: Bietet einen hochgl\u00e4nzenden Look mit starken Lichtreflexen und satter Farbs\u00e4ttigung.<\/li>\n<\/ul>\n\n\n\n<p><strong>Gef\u00fchl und Textur<\/strong><\/p>\n\n\n\n<ul class=\"wp-block-list\">\n<li>Samtmatter Decklack: Sorgt f\u00fcr ein samtweiches Gef\u00fchl mit einem wenig gl\u00e4nzenden Finish, das ein nat\u00fcrlicheres Aussehen verleiht.<\/li>\n\n\n\n<li>Gl\u00e4nzender \u00dcberlack: Liefert eine feuchte, glatte Textur, die die Farbe und den Glanz des Nagellacks hervorhebt.<\/li>\n<\/ul>\n\n\n\n<p><strong>Langlebigkeit und Schutz<\/strong><\/p>\n\n\n\n<p>Beide sch\u00fctzen den Lack vor Kratzern, Abbl\u00e4ttern und Verblassen, aber der matte Decklack muss sanft behandelt werden, um Reibung zu vermeiden, die ihn gl\u00e4nzend macht.<\/p>\n\n\n\n<p><strong>Styling-Tipps<\/strong><\/p>\n\n\n\n<ul class=\"wp-block-list\">\n<li>Samtmatter Top Coat: Allein getragen oder mit Verzierungen oder Pailletten f\u00fcr einen anderen Look.<\/li>\n\n\n\n<li>Glossy Top Coat: Ideal f\u00fcr dekorative Farbe und Glanz, oft kombiniert mit farbigem Nagellack und Kunst.<\/li>\n<\/ul>\n\n\n\n<p>Hier finden Sie weitere professionelle Decklacke, z. B. OEM- und Gro\u00dfhandelsanpassungen. <strong>Fordern Sie noch heute ein Angebot und Muster an, indem Sie uns kontaktieren!<\/strong><\/p>\n<\/div>\n<\/div>","protected":false},"excerpt":{"rendered":"<p>Premium 15ml <strong data-start=\"988\" data-end=\"1022\">Velet Matte Top Coat Gro\u00dfhandel<\/strong>HEMA-frei, glatt und lang anhaltend. Ideal f\u00fcr Salons und <strong data-start=\"1079\" data-end=\"1101\">Nagellackversorgung<\/strong>. Leicht anzubringen, OEM- und Gro\u00dfbestellungen m\u00f6glich. Kontaktieren Sie uns noch heute!<\/p>\n<table border=\"0\" width=\"854\" cellspacing=\"0\" cellpadding=\"0\">\n<tbody>\n<tr>\n<td width=\"257\" height=\"44\">Marke<\/td>\n<td width=\"597\">YouGel<\/td>\n<\/tr>\n<tr>\n<td width=\"257\" height=\"44\">Modellnummer<\/td>\n<td width=\"597\">MT01<\/td>\n<\/tr>\n<tr>\n<td width=\"257\" height=\"44\">Produkttyp<\/td>\n<td width=\"597\">Eintauchende UV\/LED<\/td>\n<\/tr>\n<tr>\n<td width=\"257\" height=\"44\">Material<\/td>\n<td width=\"597\">Harz<\/td>\n<\/tr>\n<tr>\n<td width=\"257\" height=\"44\">Farbe<\/td>\n<td width=\"597\">Klar\/ Optionale Farbe<\/td>\n<\/tr>\n<tr>\n<td width=\"257\" height=\"44\">Band<\/td>\n<td width=\"597\">15ml, 1kg<\/td>\n<\/tr>\n<tr>\n<td width=\"257\" height=\"44\">Sicherheit<\/td>\n<td width=\"597\">HEMA-frei, ungiftig, MSDS verf\u00fcgbar<\/td>\n<\/tr>\n<tr>\n<td width=\"257\" height=\"44\">MOQ<\/td>\n<td width=\"597\">Niedriges MOQ<\/td>\n<\/tr>\n<tr>\n<td width=\"257\" height=\"44\">Kostenlose Probe<\/td>\n<td width=\"597\">Verf\u00fcgbar<\/td>\n<\/tr>\n<tr>\n<td width=\"257\" height=\"82\">Kundenspezifische Option<\/td>\n<td width=\"597\">OEM\/ODM-Dienste, kundenspezifische Logos, Etiketten und Verpackungen werden unterst\u00fctzt<\/td>\n<\/tr>\n<\/tbody>\n<\/table>\n<h2 class=\"brxe-heading\">Vom Gel Top Coat Hersteller<\/h2>\n<p>YouGel ist ein zuverl\u00e4ssiger Hersteller von Gel-Topcoats, der hochwertige Gel-Basislacke f\u00fcr UV\/LED-N\u00e4gel anbietet. Unsere Produkte sind so konzipiert, dass sie reibungslos aufgetragen werden k\u00f6nnen, lange halten und leicht einziehen.<\/p>","protected":false},"featured_media":543,"comment_status":"closed","ping_status":"closed","template":"","meta":{"_acf_changed":false},"product_brand":[],"product_cat":[18],"product_tag":[],"class_list":{"0":"post-538","1":"product","2":"type-product","3":"status-publish","4":"has-post-thumbnail","6":"product_cat-top-coat-wholesale","8":"first","9":"instock","10":"shipping-taxable","11":"product-type-simple"},"acf":[],"_links":{"self":[{"href":"https:\/\/www.fsyougel.com\/de\/wp-json\/wp\/v2\/product\/538","targetHints":{"allow":["GET"]}}],"collection":[{"href":"https:\/\/www.fsyougel.com\/de\/wp-json\/wp\/v2\/product"}],"about":[{"href":"https:\/\/www.fsyougel.com\/de\/wp-json\/wp\/v2\/types\/product"}],"replies":[{"embeddable":true,"href":"https:\/\/www.fsyougel.com\/de\/wp-json\/wp\/v2\/comments?post=538"}],"wp:featuredmedia":[{"embeddable":true,"href":"https:\/\/www.fsyougel.com\/de\/wp-json\/wp\/v2\/media\/543"}],"wp:attachment":[{"href":"https:\/\/www.fsyougel.com\/de\/wp-json\/wp\/v2\/media?parent=538"}],"wp:term":[{"taxonomy":"product_brand","embeddable":true,"href":"https:\/\/www.fsyougel.com\/de\/wp-json\/wp\/v2\/product_brand?post=538"},{"taxonomy":"product_cat","embeddable":true,"href":"https:\/\/www.fsyougel.com\/de\/wp-json\/wp\/v2\/product_cat?post=538"},{"taxonomy":"product_tag","embeddable":true,"href":"https:\/\/www.fsyougel.com\/de\/wp-json\/wp\/v2\/product_tag?post=538"}],"curies":[{"name":"wp","href":"https:\/\/api.w.org\/{rel}","templated":true}]}}