{"id":546,"date":"2025-08-18T09:05:57","date_gmt":"2025-08-18T09:05:57","guid":{"rendered":"https:\/\/www.fsyougel.com\/?post_type=product&#038;p=546"},"modified":"2025-08-18T09:05:59","modified_gmt":"2025-08-18T09:05:59","slug":"blue-diamond-top-coat-bulk","status":"publish","type":"product","link":"https:\/\/www.fsyougel.com\/de\/produkt\/blue-diamond-top-coat-bulk\/","title":{"rendered":"Blue Diamond Top Coat Bulk, HEMA &amp; TPO Free Gel-Nagellack Versorgung"},"content":{"rendered":"<div class=\"wp-block-columns is-layout-flex wp-container-core-columns-is-layout-9d6595d7 wp-block-columns-is-layout-flex\">\n<div class=\"wp-block-column is-layout-flow wp-block-column-is-layout-flow\">\n<h2 class=\"wp-block-heading\">Bulk Blue Diamond Top Coat Eigenschaften:<\/h2>\n\n\n\n<ul class=\"wp-block-list\">\n<li><strong>Brillanter Diamantglanz<\/strong> - Erzielen Sie eine gl\u00e4nzende, reflektierende Oberfl\u00e4che mit unserem <strong>Blue Diamond Top Coat<\/strong>perfekt f\u00fcr professionelle Nagelstudios.<\/li>\n\n\n\n<li><strong style=\"color: initial;\">Nicht vergilbende Formel<\/strong><span style=\"color: initial;\">\u00a0- Sorgt f\u00fcr ein frisches und nat\u00fcrliches Aussehen der N\u00e4gel, ideal f\u00fcr langfristige\u00a0<\/span><strong style=\"color: initial;\">Verwendung von Nagellack<\/strong>.<\/li>\n\n\n\n<li><strong>Reibepulver Super Shine<\/strong> - Sorgt f\u00fcr einen ultra-gl\u00e4nzenden, spiegel\u00e4hnlichen Effekt, der jede Nagelfarbe zur Geltung bringt.<\/li>\n\n\n\n<li><strong>Strapazierf\u00e4hig &amp; Langlebig<\/strong> - Sch\u00fctzt die Nagelfarbe, ist resistent gegen Absplittern und h\u00e4lt den Glanz tagelang aufrecht, geeignet f\u00fcr Gro\u00dfbestellungen.<\/li>\n\n\n\n<li><strong>Sicher &amp; HEMA\/TPO-frei<\/strong> - Sanft zu Naturn\u00e4geln, f\u00fcr alle Nageltypen geeignet, f\u00fcr ein erstklassiges Finish in Salonqualit\u00e4t.<\/li>\n\n\n\n<li><strong>Gro\u00dfhandel &amp; OEM bereit<\/strong> - Direkt aus der Fabrik mit niedrigem MOQ, perfekt f\u00fcr <strong>Nagellackversorgung<\/strong> und Private Labeling.<\/li>\n<\/ul>\n<\/div>\n\n\n\n<div class=\"wp-block-column is-layout-flow wp-block-column-is-layout-flow\">\n<figure class=\"wp-block-image size-full\"><img decoding=\"async\" width=\"800\" height=\"800\" src=\"https:\/\/www.fsyougel.com\/wp-content\/uploads\/2025\/08\/Blue-Diamond-Top-Coat-Bulk.webp\" alt=\"Blue Diamond Top Coat Bulk\" class=\"wp-image-548\" srcset=\"https:\/\/www.fsyougel.com\/wp-content\/uploads\/2025\/08\/Blue-Diamond-Top-Coat-Bulk.webp 800w, https:\/\/www.fsyougel.com\/wp-content\/uploads\/2025\/08\/Blue-Diamond-Top-Coat-Bulk-300x300.webp 300w, https:\/\/www.fsyougel.com\/wp-content\/uploads\/2025\/08\/Blue-Diamond-Top-Coat-Bulk-150x150.webp 150w, https:\/\/www.fsyougel.com\/wp-content\/uploads\/2025\/08\/Blue-Diamond-Top-Coat-Bulk-768x768.webp 768w, https:\/\/www.fsyougel.com\/wp-content\/uploads\/2025\/08\/Blue-Diamond-Top-Coat-Bulk-600x600.webp 600w, https:\/\/www.fsyougel.com\/wp-content\/uploads\/2025\/08\/Blue-Diamond-Top-Coat-Bulk-100x100.webp 100w\" sizes=\"(max-width: 800px) 100vw, 800px\" \/><\/figure>\n<\/div>\n<\/div>\n\n\n\n<div class=\"wp-block-columns is-layout-flex wp-container-core-columns-is-layout-9d6595d7 wp-block-columns-is-layout-flex\">\n<div class=\"wp-block-column is-layout-flow wp-block-column-is-layout-flow\">\n<figure class=\"wp-block-image size-full\"><img decoding=\"async\" width=\"1667\" height=\"1667\" src=\"https:\/\/www.fsyougel.com\/wp-content\/uploads\/2025\/08\/Blue-Diamond-Top-Coat-Gel-Polish.webp\" alt=\"Blue Diamond Top Coat Gel Polish\" class=\"wp-image-549\" srcset=\"https:\/\/www.fsyougel.com\/wp-content\/uploads\/2025\/08\/Blue-Diamond-Top-Coat-Gel-Polish.webp 1667w, https:\/\/www.fsyougel.com\/wp-content\/uploads\/2025\/08\/Blue-Diamond-Top-Coat-Gel-Polish-300x300.webp 300w, https:\/\/www.fsyougel.com\/wp-content\/uploads\/2025\/08\/Blue-Diamond-Top-Coat-Gel-Polish-150x150.webp 150w, https:\/\/www.fsyougel.com\/wp-content\/uploads\/2025\/08\/Blue-Diamond-Top-Coat-Gel-Polish-768x768.webp 768w, https:\/\/www.fsyougel.com\/wp-content\/uploads\/2025\/08\/Blue-Diamond-Top-Coat-Gel-Polish-1200x1200.webp 1200w, https:\/\/www.fsyougel.com\/wp-content\/uploads\/2025\/08\/Blue-Diamond-Top-Coat-Gel-Polish-600x600.webp 600w, https:\/\/www.fsyougel.com\/wp-content\/uploads\/2025\/08\/Blue-Diamond-Top-Coat-Gel-Polish-100x100.webp 100w\" sizes=\"(max-width: 1667px) 100vw, 1667px\" \/><\/figure>\n<\/div>\n\n\n\n<div class=\"wp-block-column is-layout-flow wp-block-column-is-layout-flow\">\n<figure class=\"wp-block-image size-full\"><img decoding=\"async\" width=\"1667\" height=\"1667\" src=\"https:\/\/www.fsyougel.com\/wp-content\/uploads\/2025\/08\/Normal-Top-Coat-vs.-Blue-Diamond-Top-Coat.webp\" alt=\"Normaler Decklack vs. Blue Diamond Decklack\" class=\"wp-image-552\" srcset=\"https:\/\/www.fsyougel.com\/wp-content\/uploads\/2025\/08\/Normal-Top-Coat-vs.-Blue-Diamond-Top-Coat.webp 1667w, https:\/\/www.fsyougel.com\/wp-content\/uploads\/2025\/08\/Normal-Top-Coat-vs.-Blue-Diamond-Top-Coat-300x300.webp 300w, https:\/\/www.fsyougel.com\/wp-content\/uploads\/2025\/08\/Normal-Top-Coat-vs.-Blue-Diamond-Top-Coat-150x150.webp 150w, https:\/\/www.fsyougel.com\/wp-content\/uploads\/2025\/08\/Normal-Top-Coat-vs.-Blue-Diamond-Top-Coat-768x768.webp 768w, https:\/\/www.fsyougel.com\/wp-content\/uploads\/2025\/08\/Normal-Top-Coat-vs.-Blue-Diamond-Top-Coat-1200x1200.webp 1200w, https:\/\/www.fsyougel.com\/wp-content\/uploads\/2025\/08\/Normal-Top-Coat-vs.-Blue-Diamond-Top-Coat-600x600.webp 600w, https:\/\/www.fsyougel.com\/wp-content\/uploads\/2025\/08\/Normal-Top-Coat-vs.-Blue-Diamond-Top-Coat-100x100.webp 100w\" sizes=\"(max-width: 1667px) 100vw, 1667px\" \/><\/figure>\n<\/div>\n<\/div>","protected":false},"excerpt":{"rendered":"<p>15ml blauer Diamant-Gel-Decklack, HEMA- und TPO-frei, nicht vergilbend, mit Rub-Puder f\u00fcr Super-Glanz. Perfekt f\u00fcr Salons und Nagellackversorgung, Gro\u00df- und OEM-Bestellungen m\u00f6glich.<\/p>\n<table border=\"0\" width=\"854\" cellspacing=\"0\" cellpadding=\"0\">\n<tbody>\n<tr>\n<td width=\"257\" height=\"44\">Marke<\/td>\n<td width=\"597\">YouGel<\/td>\n<\/tr>\n<tr>\n<td width=\"257\" height=\"44\">Modellnummer<\/td>\n<td width=\"597\">TP11-HP<\/td>\n<\/tr>\n<tr>\n<td width=\"257\" height=\"44\">Produkttyp<\/td>\n<td width=\"597\">Eintauchende UV\/LED<\/td>\n<\/tr>\n<tr>\n<td width=\"257\" height=\"44\">Material<\/td>\n<td width=\"597\">Harz<\/td>\n<\/tr>\n<tr>\n<td width=\"257\" height=\"44\">Farbe<\/td>\n<td width=\"597\">Blau<\/td>\n<\/tr>\n<tr>\n<td width=\"257\" height=\"44\">Band<\/td>\n<td width=\"597\">15ml, 1kg<\/td>\n<\/tr>\n<tr>\n<td width=\"257\" height=\"44\">Sicherheit<\/td>\n<td width=\"597\">HEMA-frei, ungiftig, MSDS verf\u00fcgbar<\/td>\n<\/tr>\n<tr>\n<td width=\"257\" height=\"44\">MOQ<\/td>\n<td width=\"597\">Niedriges MOQ<\/td>\n<\/tr>\n<tr>\n<td width=\"257\" height=\"44\">Kostenlose Probe<\/td>\n<td width=\"597\">Verf\u00fcgbar<\/td>\n<\/tr>\n<tr>\n<td width=\"257\" height=\"82\">Kundenspezifische Option<\/td>\n<td width=\"597\">OEM\/ODM-Dienste, kundenspezifische Logos, Etiketten und Verpackungen werden unterst\u00fctzt<\/td>\n<\/tr>\n<\/tbody>\n<\/table>","protected":false},"featured_media":547,"comment_status":"closed","ping_status":"closed","template":"","meta":{"_acf_changed":false},"product_brand":[],"product_cat":[18],"product_tag":[],"class_list":{"0":"post-546","1":"product","2":"type-product","3":"status-publish","4":"has-post-thumbnail","6":"product_cat-top-coat-wholesale","8":"first","9":"instock","10":"shipping-taxable","11":"product-type-simple"},"acf":[],"_links":{"self":[{"href":"https:\/\/www.fsyougel.com\/de\/wp-json\/wp\/v2\/product\/546","targetHints":{"allow":["GET"]}}],"collection":[{"href":"https:\/\/www.fsyougel.com\/de\/wp-json\/wp\/v2\/product"}],"about":[{"href":"https:\/\/www.fsyougel.com\/de\/wp-json\/wp\/v2\/types\/product"}],"replies":[{"embeddable":true,"href":"https:\/\/www.fsyougel.com\/de\/wp-json\/wp\/v2\/comments?post=546"}],"wp:featuredmedia":[{"embeddable":true,"href":"https:\/\/www.fsyougel.com\/de\/wp-json\/wp\/v2\/media\/547"}],"wp:attachment":[{"href":"https:\/\/www.fsyougel.com\/de\/wp-json\/wp\/v2\/media?parent=546"}],"wp:term":[{"taxonomy":"product_brand","embeddable":true,"href":"https:\/\/www.fsyougel.com\/de\/wp-json\/wp\/v2\/product_brand?post=546"},{"taxonomy":"product_cat","embeddable":true,"href":"https:\/\/www.fsyougel.com\/de\/wp-json\/wp\/v2\/product_cat?post=546"},{"taxonomy":"product_tag","embeddable":true,"href":"https:\/\/www.fsyougel.com\/de\/wp-json\/wp\/v2\/product_tag?post=546"}],"curies":[{"name":"wp","href":"https:\/\/api.w.org\/{rel}","templated":true}]}}