{"id":553,"date":"2025-08-18T09:46:26","date_gmt":"2025-08-18T09:46:26","guid":{"rendered":"https:\/\/www.fsyougel.com\/?post_type=product&#038;p=553"},"modified":"2025-08-18T09:46:27","modified_gmt":"2025-08-18T09:46:27","slug":"tempered-glass-top-coat-supplier","status":"publish","type":"product","link":"https:\/\/www.fsyougel.com\/de\/produkt\/tempered-glass-top-coat-supplier\/","title":{"rendered":"Tempered Glass Top Coat Private Label No Wipe Gel Top Coat Lieferant"},"content":{"rendered":"<div class=\"wp-block-columns is-layout-flex wp-container-core-columns-is-layout-9d6595d7 wp-block-columns-is-layout-flex\">\n<div class=\"wp-block-column is-layout-flow wp-block-column-is-layout-flow\">\n<h2 class=\"wp-block-heading\">Gro\u00dfhandel geh\u00e4rtetes Glas Top CoatFeatures:<\/h2>\n\n\n\n<ul class=\"wp-block-list\">\n<li><strong>Spiegelglatter Hochglanz<\/strong> - Erzeugt ultra-gl\u00e4nzende, glasartige N\u00e4gel mit lang anhaltendem, reflektierendem Finish, perfekt f\u00fcr professionelle Salons und <strong>Gro\u00dfhandel geh\u00e4rtetes Glas Deckschicht<\/strong> Bestellungen.<\/li>\n\n\n\n<li><strong>Formel ohne Abwischen<\/strong> - Unkompliziertes Auftragen, spart Zeit und sorgt f\u00fcr eine gleichm\u00e4\u00dfige Abdeckung f\u00fcr jede <strong>Eigenmarken-Gel-Nagellack<\/strong> Projekt.<\/li>\n\n\n\n<li><strong>Langlebig und resistent gegen Sp\u00e4ne<\/strong> - Sch\u00fctzt die Nagelfarbe, sch\u00fctzt vor Kratzern und Absplittern und h\u00e4lt die N\u00e4gel wochenlang makellos.<\/li>\n\n\n\n<li><strong>Schnelle Aush\u00e4rtung &amp; einfache Entfernung<\/strong> - Schnelle Aush\u00e4rtung unter UV\/LED-Lampen und einfache Entfernung durch Einweichen ohne Besch\u00e4digung der nat\u00fcrlichen N\u00e4gel.<\/li>\n\n\n\n<li><strong>Eigenmarke und individuelles Branding<\/strong> - Vollst\u00e4ndig unterst\u00fctzt <strong>Eigenmarken-Gel-Nagellack<\/strong>, niedrige MOQ, OEM-Optionen f\u00fcr Salons und H\u00e4ndler.<\/li>\n\n\n\n<li><strong>Sicher und ungiftig<\/strong> - HEMA\/TPO-frei, sanft zu Naturn\u00e4geln, f\u00fcr alle Nageltypen geeignet, zur Verst\u00e4rkung Ihrer <strong>Gro\u00dfhandel geh\u00e4rtetes Glas Deckschicht<\/strong> Angebote.<\/li>\n\n\n\n<li><strong>Vielseitiger Einsatz<\/strong> - Funktioniert perfekt \u00fcber Gellack, Nailart oder Glitzerdesigns, um ein atemberaubendes, hochgl\u00e4nzendes Finish zu erzielen.<\/li>\n<\/ul>\n<\/div>\n\n\n\n<div class=\"wp-block-column is-layout-flow wp-block-column-is-layout-flow\">\n<figure class=\"wp-block-image size-full\"><img decoding=\"async\" width=\"1500\" height=\"1500\" src=\"https:\/\/www.fsyougel.com\/wp-content\/uploads\/2025\/08\/Tempered-Glass-Top-Coat-Wholesale.webp\" alt=\"Tempered Glass Top Coat Gro\u00dfhandel\" class=\"wp-image-559\" srcset=\"https:\/\/www.fsyougel.com\/wp-content\/uploads\/2025\/08\/Tempered-Glass-Top-Coat-Wholesale.webp 1500w, https:\/\/www.fsyougel.com\/wp-content\/uploads\/2025\/08\/Tempered-Glass-Top-Coat-Wholesale-300x300.webp 300w, https:\/\/www.fsyougel.com\/wp-content\/uploads\/2025\/08\/Tempered-Glass-Top-Coat-Wholesale-150x150.webp 150w, https:\/\/www.fsyougel.com\/wp-content\/uploads\/2025\/08\/Tempered-Glass-Top-Coat-Wholesale-768x768.webp 768w, https:\/\/www.fsyougel.com\/wp-content\/uploads\/2025\/08\/Tempered-Glass-Top-Coat-Wholesale-1200x1200.webp 1200w, https:\/\/www.fsyougel.com\/wp-content\/uploads\/2025\/08\/Tempered-Glass-Top-Coat-Wholesale-600x600.webp 600w, https:\/\/www.fsyougel.com\/wp-content\/uploads\/2025\/08\/Tempered-Glass-Top-Coat-Wholesale-100x100.webp 100w\" sizes=\"(max-width: 1500px) 100vw, 1500px\" \/><\/figure>\n<\/div>\n<\/div>\n\n\n\n<div class=\"wp-block-columns is-layout-flex wp-container-core-columns-is-layout-9d6595d7 wp-block-columns-is-layout-flex\">\n<div class=\"wp-block-column is-layout-flow wp-block-column-is-layout-flow\">\n<figure class=\"wp-block-image size-full\"><img decoding=\"async\" width=\"1500\" height=\"1500\" src=\"https:\/\/www.fsyougel.com\/wp-content\/uploads\/2025\/08\/Tempered-Glass-Top-Coat-Private-Label-1.webp\" alt=\"Tempered Glass Top Coat Private Label (1)\" class=\"wp-image-555\" srcset=\"https:\/\/www.fsyougel.com\/wp-content\/uploads\/2025\/08\/Tempered-Glass-Top-Coat-Private-Label-1.webp 1500w, https:\/\/www.fsyougel.com\/wp-content\/uploads\/2025\/08\/Tempered-Glass-Top-Coat-Private-Label-1-300x300.webp 300w, https:\/\/www.fsyougel.com\/wp-content\/uploads\/2025\/08\/Tempered-Glass-Top-Coat-Private-Label-1-150x150.webp 150w, https:\/\/www.fsyougel.com\/wp-content\/uploads\/2025\/08\/Tempered-Glass-Top-Coat-Private-Label-1-768x768.webp 768w, https:\/\/www.fsyougel.com\/wp-content\/uploads\/2025\/08\/Tempered-Glass-Top-Coat-Private-Label-1-1200x1200.webp 1200w, https:\/\/www.fsyougel.com\/wp-content\/uploads\/2025\/08\/Tempered-Glass-Top-Coat-Private-Label-1-600x600.webp 600w, https:\/\/www.fsyougel.com\/wp-content\/uploads\/2025\/08\/Tempered-Glass-Top-Coat-Private-Label-1-100x100.webp 100w\" sizes=\"(max-width: 1500px) 100vw, 1500px\" \/><\/figure>\n<\/div>\n\n\n\n<div class=\"wp-block-column is-layout-flow wp-block-column-is-layout-flow\">\n<figure class=\"wp-block-image size-full\"><img decoding=\"async\" width=\"1500\" height=\"1500\" src=\"https:\/\/www.fsyougel.com\/wp-content\/uploads\/2025\/08\/Custom-Tempered-Glass-Top-Coat.webp\" alt=\"Individuelle geh\u00e4rtete Glasdeckschicht\" class=\"wp-image-554\" srcset=\"https:\/\/www.fsyougel.com\/wp-content\/uploads\/2025\/08\/Custom-Tempered-Glass-Top-Coat.webp 1500w, https:\/\/www.fsyougel.com\/wp-content\/uploads\/2025\/08\/Custom-Tempered-Glass-Top-Coat-300x300.webp 300w, https:\/\/www.fsyougel.com\/wp-content\/uploads\/2025\/08\/Custom-Tempered-Glass-Top-Coat-150x150.webp 150w, https:\/\/www.fsyougel.com\/wp-content\/uploads\/2025\/08\/Custom-Tempered-Glass-Top-Coat-768x768.webp 768w, https:\/\/www.fsyougel.com\/wp-content\/uploads\/2025\/08\/Custom-Tempered-Glass-Top-Coat-1200x1200.webp 1200w, https:\/\/www.fsyougel.com\/wp-content\/uploads\/2025\/08\/Custom-Tempered-Glass-Top-Coat-600x600.webp 600w, https:\/\/www.fsyougel.com\/wp-content\/uploads\/2025\/08\/Custom-Tempered-Glass-Top-Coat-100x100.webp 100w\" sizes=\"(max-width: 1500px) 100vw, 1500px\" \/><\/figure>\n<\/div>\n<\/div>","protected":false},"excerpt":{"rendered":"<p data-start=\"92\" data-end=\"275\">15ml Gro\u00dfhandel geh\u00e4rtetes Glas Decklack, nicht wischen, ultra-gl\u00e4nzend, langlebig und Chip-resistent. Perfekt f\u00fcr Salons und Private Label Gel-Nagellack, OEM &amp; Gro\u00dfauftr\u00e4ge verf\u00fcgbar.<\/p>\n<table border=\"0\" width=\"854\" cellspacing=\"0\" cellpadding=\"0\">\n<tbody>\n<tr>\n<td width=\"257\" height=\"44\">Marke<\/td>\n<td width=\"597\">YouGel<\/td>\n<\/tr>\n<tr>\n<td width=\"257\" height=\"44\">Modellnummer<\/td>\n<td width=\"597\">TP02<\/td>\n<\/tr>\n<tr>\n<td width=\"257\" height=\"44\">Produkttyp<\/td>\n<td width=\"597\">Eintauchende UV\/LED<\/td>\n<\/tr>\n<tr>\n<td width=\"257\" height=\"44\">Material<\/td>\n<td width=\"597\">Harz<\/td>\n<\/tr>\n<tr>\n<td width=\"257\" height=\"44\">Farbe<\/td>\n<td width=\"597\">Klar<\/td>\n<\/tr>\n<tr>\n<td width=\"257\" height=\"44\">Band<\/td>\n<td width=\"597\">15ml, 1kg<\/td>\n<\/tr>\n<tr>\n<td width=\"257\" height=\"44\">Sicherheit<\/td>\n<td width=\"597\">HEMA-frei, ungiftig, MSDS verf\u00fcgbar<\/td>\n<\/tr>\n<tr>\n<td width=\"257\" height=\"44\">MOQ<\/td>\n<td width=\"597\">Niedriges MOQ<\/td>\n<\/tr>\n<tr>\n<td width=\"257\" height=\"44\">Kostenlose Probe<\/td>\n<td width=\"597\">Verf\u00fcgbar<\/td>\n<\/tr>\n<tr>\n<td width=\"257\" height=\"82\">Kundenspezifische Option<\/td>\n<td width=\"597\">OEM\/ODM-Dienste, kundenspezifische Logos, Etiketten und Verpackungen werden unterst\u00fctzt<\/td>\n<\/tr>\n<\/tbody>\n<\/table>\n<h2 class=\"brxe-heading\">Vom Gel Top Coat Hersteller<\/h2>\n<p>YouGel ist ein zuverl\u00e4ssiger Hersteller von Gel-Topcoats, der hochwertige Gel-Basislacke f\u00fcr UV\/LED-N\u00e4gel anbietet. Unsere Produkte sind so konzipiert, dass sie reibungslos aufgetragen werden k\u00f6nnen, lange halten und leicht einziehen.<\/p>","protected":false},"featured_media":558,"comment_status":"closed","ping_status":"closed","template":"","meta":{"_acf_changed":false},"product_brand":[],"product_cat":[18],"product_tag":[],"class_list":{"0":"post-553","1":"product","2":"type-product","3":"status-publish","4":"has-post-thumbnail","6":"product_cat-top-coat-wholesale","8":"first","9":"instock","10":"shipping-taxable","11":"product-type-simple"},"acf":[],"_links":{"self":[{"href":"https:\/\/www.fsyougel.com\/de\/wp-json\/wp\/v2\/product\/553","targetHints":{"allow":["GET"]}}],"collection":[{"href":"https:\/\/www.fsyougel.com\/de\/wp-json\/wp\/v2\/product"}],"about":[{"href":"https:\/\/www.fsyougel.com\/de\/wp-json\/wp\/v2\/types\/product"}],"replies":[{"embeddable":true,"href":"https:\/\/www.fsyougel.com\/de\/wp-json\/wp\/v2\/comments?post=553"}],"wp:featuredmedia":[{"embeddable":true,"href":"https:\/\/www.fsyougel.com\/de\/wp-json\/wp\/v2\/media\/558"}],"wp:attachment":[{"href":"https:\/\/www.fsyougel.com\/de\/wp-json\/wp\/v2\/media?parent=553"}],"wp:term":[{"taxonomy":"product_brand","embeddable":true,"href":"https:\/\/www.fsyougel.com\/de\/wp-json\/wp\/v2\/product_brand?post=553"},{"taxonomy":"product_cat","embeddable":true,"href":"https:\/\/www.fsyougel.com\/de\/wp-json\/wp\/v2\/product_cat?post=553"},{"taxonomy":"product_tag","embeddable":true,"href":"https:\/\/www.fsyougel.com\/de\/wp-json\/wp\/v2\/product_tag?post=553"}],"curies":[{"name":"wp","href":"https:\/\/api.w.org\/{rel}","templated":true}]}}